{"id":2,"date":"2017-10-15T19:12:22","date_gmt":"2017-10-15T19:12:22","guid":{"rendered":"https:\/\/casinoalto.com\/br\/?page_id=2"},"modified":"2025-04-02T17:29:38","modified_gmt":"2025-04-02T17:29:38","slug":"metodos-de-pago","status":"publish","type":"page","link":"https:\/\/staging.casinoalto.com\/br\/metodos-de-pago\/","title":{"rendered":"M\u00e9todos de pagamento"},"content":{"rendered":"<p>Depositar dinheiro com facilidade, rapidez e seguran\u00e7a \u00e9 uma das coisas mais importantes para o jogador de cassino online. Abaixo, voc\u00ea ver\u00e1 uma lista com as <strong>melhores maneiras de depositar e sacar dinheiro<\/strong> em um <a href=\"\/br\/casinos-online\/\">cassino online no Brasil<\/a>.<\/p>\n","protected":false},"excerpt":{"rendered":"<p>Depositar dinheiro com facilidade, rapidez e seguran\u00e7a \u00e9 uma das coisas mais importantes para o jogador de cassino online. Abaixo, voc\u00ea ver\u00e1 uma lista com as melhores maneiras de depositar e sacar dinheiro em um cassino online no Brasil.<\/p>\n","protected":false},"author":1,"featured_media":0,"parent":0,"menu_order":0,"comment_status":"closed","ping_status":"closed","template":"deposit-methods-style-1.php","meta":{"_acf_changed":false,"footnotes":""},"class_list":["post-2","page","type-page","status-publish","hentry"],"acf":[],"_links":{"self":[{"href":"https:\/\/staging.casinoalto.com\/br\/wp-json\/wp\/v2\/pages\/2","targetHints":{"allow":["GET"]}}],"collection":[{"href":"https:\/\/staging.casinoalto.com\/br\/wp-json\/wp\/v2\/pages"}],"about":[{"href":"https:\/\/staging.casinoalto.com\/br\/wp-json\/wp\/v2\/types\/page"}],"author":[{"embeddable":true,"href":"https:\/\/staging.casinoalto.com\/br\/wp-json\/wp\/v2\/users\/1"}],"replies":[{"embeddable":true,"href":"https:\/\/staging.casinoalto.com\/br\/wp-json\/wp\/v2\/comments?post=2"}],"version-history":[{"count":1,"href":"https:\/\/staging.casinoalto.com\/br\/wp-json\/wp\/v2\/pages\/2\/revisions"}],"predecessor-version":[{"id":10063107,"href":"https:\/\/staging.casinoalto.com\/br\/wp-json\/wp\/v2\/pages\/2\/revisions\/10063107"}],"wp:attachment":[{"href":"https:\/\/staging.casinoalto.com\/br\/wp-json\/wp\/v2\/media?parent=2"}],"curies":[{"name":"wp","href":"https:\/\/api.w.org\/{rel}","templated":true}]}}