{"id":10053878,"date":"2020-08-30T20:41:15","date_gmt":"2020-08-30T20:41:15","guid":{"rendered":"https:\/\/casinoalto.com\/cl\/?page_id=10053878"},"modified":"2026-01-24T17:22:00","modified_gmt":"2026-01-24T17:22:00","slug":"codigo-promocional-betobet","status":"publish","type":"page","link":"https:\/\/staging.casinoalto.com\/cl\/codigos\/codigo-promocional-betobet\/","title":{"rendered":"C\u00f3digo promocional de Betobet"},"content":{"rendered":"<p>Con una variedad mayor a los 600 juegos en l\u00ednea, <a href=\"\/cl\/casinos-online\/betobet\/\">Betobet casino confiable y seguro<\/a> es una opci\u00f3n interesante para todos los jugadores chilenos que son amantes de las apuestas, as\u00ed como para los que reci\u00e9n comienzan a adentrarse a este mundo con la ayuda de <a href=\"https:\/\/casinoalto.com\/cl\/\" target=\"_blank\" rel=\"noopener\">Casino Alto Chile<\/a>.<\/p>\n<p>Este casino est\u00e1 lejos de los grandes nombres del mercado, pero es una opci\u00f3n con una buena reputaci\u00f3n y con grandes servicios, suficiente para ponerse en la pelea con los <a href=\"https:\/\/casinoalto.com\/cl\/casinos-online\/\" target=\"_blank\" rel=\"noopener\">casinos m\u00e1s importantes de todo el pa\u00eds<\/a>.<\/p>\n<p>Betobet cuenta con una licencia otorgada por las autoridades de Cura\u00e7ao, aunque tambi\u00e9n tienen relaci\u00f3n con Chipre y Malta en cuanto a empresas reguladoras se refiere, aunque una de las partes m\u00e1s d\u00e9biles de este casino son los pocos m\u00e9todos de pago con los que cuentan.<\/p>\n<p>Su sitio web es seguro, con sistemas que protegen los datos personales de cada usuario, incluso para las <a href=\"https:\/\/casinoalto.com\/cl\/metodos-de-pago\/\" target=\"_blank\" rel=\"noopener\">formas de pago para el casino<\/a>. Adem\u00e1s, tienen al d\u00eda y actualizados todos los textos de t\u00e9rminos y condiciones para que los clientes sepan en todo momento y de primera mano el v\u00ednculo que aceptan tener al jugar en Betobet.<\/p>\n<p>El <a href=\"\/cl\/bonos-de-bienvenida\/\">bono de bienvenida para los nuevos jugadores<\/a> de Betobet es del <strong>100% en hasta 500 d\u00f3lares<\/strong>, una oportunidad dif\u00edcil de dejar pasar.<\/p>\n<p>Aqu\u00ed te decimos como obtener el bono:<\/p>\n<ul>\n<li>Reg\u00edstrate en la p\u00e1gina y completa tus datos a trav\u00e9s de nuestros enlaces<\/li>\n<li>Inicia sesi\u00f3n e introducir el c\u00f3digo promocional de Betobet casino <strong>WELCOME500<\/strong><\/li>\n<li>Realizar tu primer dep\u00f3sito en el casino<\/li>\n<li>Recibe tu bono de bienvenida de hasta 500 d\u00f3lares.<\/li>\n<\/ul>\n<p>Este bono de bienvenida solamente aplica para usuarios nuevos que se registren en el casino y realicen un primer dep\u00f3sito de m\u00ednimo 10 d\u00f3lares. Es importante que sepas que este bono caducar\u00e1 a los 21 d\u00edas de que fue entregado a tu cuenta.<\/p>\n<p>Para poder liberar las ganancias se debe apostar el valor del bono m\u00e1s el de la cantidad ingresada hasta 25 veces, mientras que la cantidad m\u00e1xima que se puede ganar es de 5 veces la cantidad del bono. Una vez completado, podr\u00e1s disponer de tu dinero cuando quieras.<\/p>\n<p>Hazte con el c\u00f3digo promocional de Betobet Casino, y podr\u00e1s conseguir esta suculenta recompensa para jugar a los mejores juegos de casino. Ruletas para jugar en l\u00ednea, blackjack para jugar la demo, cartas, slots y mucho m\u00e1s.<\/p>\n","protected":false},"excerpt":{"rendered":"<p>Con una variedad mayor a los 600 juegos en l\u00ednea, Betobet casino confiable y seguro es una opci\u00f3n interesante para todos los jugadores chilenos que son amantes de las apuestas, as\u00ed como para los que reci\u00e9n comienzan a adentrarse a este mundo con la ayuda de Casino Alto Chile. Este casino est\u00e1 lejos de los [&hellip;]<\/p>\n","protected":false},"author":11,"featured_media":0,"parent":152134,"menu_order":0,"comment_status":"closed","ping_status":"closed","template":"single_codigo.php","meta":{"_acf_changed":false,"footnotes":""},"class_list":["post-10053878","page","type-page","status-publish","hentry"],"acf":[],"_links":{"self":[{"href":"https:\/\/staging.casinoalto.com\/cl\/wp-json\/wp\/v2\/pages\/10053878","targetHints":{"allow":["GET"]}}],"collection":[{"href":"https:\/\/staging.casinoalto.com\/cl\/wp-json\/wp\/v2\/pages"}],"about":[{"href":"https:\/\/staging.casinoalto.com\/cl\/wp-json\/wp\/v2\/types\/page"}],"author":[{"embeddable":true,"href":"https:\/\/staging.casinoalto.com\/cl\/wp-json\/wp\/v2\/users\/11"}],"replies":[{"embeddable":true,"href":"https:\/\/staging.casinoalto.com\/cl\/wp-json\/wp\/v2\/comments?post=10053878"}],"version-history":[{"count":4,"href":"https:\/\/staging.casinoalto.com\/cl\/wp-json\/wp\/v2\/pages\/10053878\/revisions"}],"predecessor-version":[{"id":10063092,"href":"https:\/\/staging.casinoalto.com\/cl\/wp-json\/wp\/v2\/pages\/10053878\/revisions\/10063092"}],"up":[{"embeddable":true,"href":"https:\/\/staging.casinoalto.com\/cl\/wp-json\/wp\/v2\/pages\/152134"}],"wp:attachment":[{"href":"https:\/\/staging.casinoalto.com\/cl\/wp-json\/wp\/v2\/media?parent=10053878"}],"curies":[{"name":"wp","href":"https:\/\/api.w.org\/{rel}","templated":true}]}}