{"id":10054790,"date":"2021-01-14T20:14:09","date_gmt":"2021-01-14T20:14:09","guid":{"rendered":"https:\/\/casinoalto.com\/cl\/?page_id=10054790"},"modified":"2025-09-12T15:13:07","modified_gmt":"2025-09-12T15:13:07","slug":"codigo-promocional-fantasticbet","status":"publish","type":"page","link":"https:\/\/staging.casinoalto.com\/cl\/codigos\/codigo-promocional-fantasticbet\/","title":{"rendered":"C\u00f3digo promocional Fantasticbet"},"content":{"rendered":"<p><a href=\"\/cl\/casinos-online\/fantasticbet\/\">Un casino seguro como Fantasticbet<\/a> te da la bienvenida a su casino online de la mejor forma. El bono de bienvenida de este <a href=\"\/cl\/casinos-online\/\">casino online confiable en Argentina<\/a> <strong>te recompensa\u00a0tus tres primeros dep\u00f3sitos con bonos de hasta $1.000.000 de pesos chilenos.<\/strong><\/p>\n<p>Es decir, el <a href=\"https:\/\/casinoalto.com\/cl\/bonos-de-bienvenida\/\" target=\"_blank\" rel=\"noopener\">bono de bienvenida para nuevos jugadores<\/a> de Fantasticbet se divide en tres bonos:<\/p>\n<ul>\n<li>Bono por 1er dep\u00f3sito del 100% hasta $400.000<\/li>\n<li>Bono por 2do dep\u00f3sito del 100% hasta $300.000<\/li>\n<li>Bono por 3er dep\u00f3sito del 100% hasta $300.000<\/li>\n<\/ul>\n<p>Si lo que quieres es obtener esta promoci\u00f3n, tendr\u00e1s que ingresar a Fantasticbet a trav\u00e9s de nuestros enlaces y dirigirte a la secci\u00f3n de Bonos y seleccionar \u201cCasino\u201d.<\/p>\n<p>Aqu\u00ed encontrar\u00e1s el bono correspondiente al n\u00famero dep\u00f3sito que realizar\u00e1s (primer, segundo y tercer dep\u00f3sito). Tendr\u00e1s que hacer <strong>un dep\u00f3sito de hasta CLP$400.000 para el primero;<\/strong> adem\u00e1s de <strong>CLP$300.000 para el segundo<\/strong> y otros <strong>CLP$300.000 para el tercer dep\u00f3sito.<\/strong><\/p>\n<p>Una vez realizado el dep\u00f3sito\u00a0pulsa <strong>\u201cReclamar\u201d <\/strong>y recibir\u00e1s el bono de forma autom\u00e1tica.<\/p>\n<p><strong>Los usuarios con cuentas ya existentes no podr\u00e1n beneficiarse de esta<\/strong> <strong>promoci\u00f3n<\/strong>, ya que es v\u00e1lida \u00fanicamente para aquellos que se registren por primera vez. <strong>El dep\u00f3sito m\u00ednimo para acceder a esta promoci\u00f3n es $10.000 pesos chilenos<\/strong>, mientras que el m\u00e1ximo es por CLP$400.000.<\/p>\n<p>Para obtener los beneficios del bono de bienvenida de Fantasticbet, tienes que realizar tu primer dep\u00f3sito con una de las <a href=\"https:\/\/casinoalto.com\/cl\/metodos-de-pago\/\" target=\"_blank\" rel=\"noopener\">formas de pago para enviar dinero<\/a> en los 30 d\u00edas posteriores a la activaci\u00f3n del bono.\u00a0 <strong>Las ganancias m\u00e1ximas que puedes generar con el bono son de $400.000 pesos chilenos.<\/strong> Para retirar el dinero, deber\u00e1s apostar 40 veces el valor del bono.<\/p>\n<ul>\n<li>Por ejemplo: <strong>si depositas $100.000 y recibes $100.000 m\u00e1s, la apuesta m\u00ednima para poder realizar un primer retiro ser\u00e1 de $4.000.000.<\/strong><\/li>\n<\/ul>\n<p>El jugador no podr\u00e1 solicitar un retiro de dinero mientras el bono est\u00e9 activo. Los primeros cr\u00e9ditos apostados ser\u00e1n deducidos del bono, no de su dinero real.<\/p>\n<p>Podr\u00e1s apostar en todos los juegos salvo en los siguientes:<\/p>\n<ul>\n<li>Ruleta para jugar en l\u00ednea<\/a><\/li>\n<li>Sic Bo<\/li>\n<li>Craps<\/li>\n<li>Baccarat para jugar la demo<\/a><\/li>\n<li>Poker de mesa<\/li>\n<li>Casino War<\/li>\n<li>Red Dog<\/li>\n<\/ul>\n<p>Los dem\u00e1s juegos ayudan a liberar el bono con ciertos porcentajes, los cuales var\u00edan. Mir\u00e1 los consejos de <a href=\"https:\/\/casinoalto.com\/cl\/\" target=\"_blank\" rel=\"noopener\">Casino Alto Chile<\/a>.<\/p>\n","protected":false},"excerpt":{"rendered":"<p>Un casino seguro como Fantasticbet te da la bienvenida a su casino online de la mejor forma. El bono de bienvenida de este casino online confiable en Argentina te recompensa\u00a0tus tres primeros dep\u00f3sitos con bonos de hasta $1.000.000 de pesos chilenos. Es decir, el bono de bienvenida para nuevos jugadores de Fantasticbet se divide en [&hellip;]<\/p>\n","protected":false},"author":11,"featured_media":0,"parent":152134,"menu_order":0,"comment_status":"closed","ping_status":"closed","template":"single_codigo.php","meta":{"_acf_changed":false,"footnotes":""},"class_list":["post-10054790","page","type-page","status-publish","hentry"],"acf":[],"_links":{"self":[{"href":"https:\/\/staging.casinoalto.com\/cl\/wp-json\/wp\/v2\/pages\/10054790","targetHints":{"allow":["GET"]}}],"collection":[{"href":"https:\/\/staging.casinoalto.com\/cl\/wp-json\/wp\/v2\/pages"}],"about":[{"href":"https:\/\/staging.casinoalto.com\/cl\/wp-json\/wp\/v2\/types\/page"}],"author":[{"embeddable":true,"href":"https:\/\/staging.casinoalto.com\/cl\/wp-json\/wp\/v2\/users\/11"}],"replies":[{"embeddable":true,"href":"https:\/\/staging.casinoalto.com\/cl\/wp-json\/wp\/v2\/comments?post=10054790"}],"version-history":[{"count":4,"href":"https:\/\/staging.casinoalto.com\/cl\/wp-json\/wp\/v2\/pages\/10054790\/revisions"}],"predecessor-version":[{"id":10063053,"href":"https:\/\/staging.casinoalto.com\/cl\/wp-json\/wp\/v2\/pages\/10054790\/revisions\/10063053"}],"up":[{"embeddable":true,"href":"https:\/\/staging.casinoalto.com\/cl\/wp-json\/wp\/v2\/pages\/152134"}],"wp:attachment":[{"href":"https:\/\/staging.casinoalto.com\/cl\/wp-json\/wp\/v2\/media?parent=10054790"}],"curies":[{"name":"wp","href":"https:\/\/api.w.org\/{rel}","templated":true}]}}