{"id":10055175,"date":"2021-04-16T19:24:48","date_gmt":"2021-04-16T19:24:48","guid":{"rendered":"https:\/\/casinoalto.com\/cl\/?page_id=10055175"},"modified":"2026-01-24T17:29:18","modified_gmt":"2026-01-24T17:29:18","slug":"codigo-promocional-playuzu","status":"publish","type":"page","link":"https:\/\/staging.casinoalto.com\/cl\/codigos\/codigo-promocional-playuzu\/","title":{"rendered":"C\u00f3digo promocional PlayUZU"},"content":{"rendered":"<p>Hoy nos toca hablar sobre un <a href=\"https:\/\/casinoalto.com\/cl\/bonos-de-bienvenida\/\" target=\"_blank\" rel=\"noopener\">nuevo bono de bienvenida ao registrarse<\/a>, el cual podr\u00edamos calificar como uno de los m\u00e1s interesantes que encontraremos en el mercado de casinos online en Chile: el de <a href=\"\/cl\/casinos-online\/playuzu\/\">casino confiable como PlayUZU Casino<\/a>.<\/p>\n<p>Este <a href=\"https:\/\/casinoalto.com\/cl\/casinos-online\/\" target=\"_blank\" rel=\"noopener\">casino online seguro para jugar en 2025<\/a>, que entr\u00f3 en operaci\u00f3n en Chile en 2021, le ofrece a sus nuevos usuarios <strong>hasta 80 giros gratis con tan solo abrir una cuenta y realizar un primer dep\u00f3sito,<\/strong> los cuales se podr\u00e1n usar en su slot \u201cRich Wilde and the Book of Dead\u201d.<\/p>\n<p>Para ser acreedor a esta promoci\u00f3n, es necesario que la cantidad que deposites sea superior al m\u00ednimo establecido por PlayUZU, el cual est\u00e1 delimitado en CLP$7.000. Tambi\u00e9n que utilices el c\u00f3digo playUZU durante tu registro.<\/p>\n<p>Reg\u00edstrate en PlayUZU con un formulario de tres pasos, has tu primer dep\u00f3sito con el <a href=\"\/cl\/metodos-de-pago\/\">m\u00e9todo de pago para hacer pagos<\/a> de tu preferencia y, una vez hecho esto, recibir\u00e1s estos giros gratis en forma de bono acreditadas en tu cuenta.<\/p>\n<p>Una vez tengas el bono del c\u00f3digo promocional de PlayUZU Casino en tu poder, <strong>contar\u00e1s con 24 horas para usarlo<\/strong>, aunque lo m\u00e1s ventajoso es el hecho de que no tiene ning\u00fan rollover que cumplir y no vas a tener que liberar lo que ganes.<\/p>\n<p>Todo lo que consigas en el slot pasar\u00e1 de forma directa a tu cuenta de jugador en forma de dinero real, el cual podr\u00e1s retirar tan pronto como lo desees.<\/p>\n<p>Si quieres conocer m\u00e1s detalles acerca de esta interesante oferta de bienvenida con la que\u00a0<strong>podr\u00e1s acumular hasta 80 giros gratis solo por registrarte y realizar tu primer dep\u00f3sito<\/strong>, consulta la secci\u00f3n de t\u00e9rminos y condiciones o ponte en contacto con el\u00a0servicio de atenci\u00f3n al cliente de PlayUZU Casino.<\/p>\n<p>Esta promoci\u00f3n est\u00e1 disponible para aquellos jugadores que se registren por primera vez, aunque el casino online se reserva el derecho a modificarla o darla por finalizada cuando los considere oportuno.<\/p>\n<p>Es por mismo que te recomendamos que no pierdas esta gran oportunidad, para que aproveches el c\u00f3digo promocional de PlayUZU Casino y te diviertas en su extenso cat\u00e1logo de m\u00e1quinas tragamonedas y juegos. Mir\u00e1 los consejos de <a href=\"https:\/\/casinoalto.com\/cl\/\" target=\"_blank\" rel=\"noopener\">Casino Alto Chile<\/a>.<\/p>\n","protected":false},"excerpt":{"rendered":"<p>Hoy nos toca hablar sobre un nuevo bono de bienvenida ao registrarse, el cual podr\u00edamos calificar como uno de los m\u00e1s interesantes que encontraremos en el mercado de casinos online en Chile: el de casino confiable como PlayUZU Casino. Este casino online seguro para jugar en 2025, que entr\u00f3 en operaci\u00f3n en Chile en 2021, [&hellip;]<\/p>\n","protected":false},"author":11,"featured_media":0,"parent":152134,"menu_order":0,"comment_status":"closed","ping_status":"closed","template":"single_codigo.php","meta":{"_acf_changed":false,"footnotes":""},"class_list":["post-10055175","page","type-page","status-publish","hentry"],"acf":[],"_links":{"self":[{"href":"https:\/\/staging.casinoalto.com\/cl\/wp-json\/wp\/v2\/pages\/10055175","targetHints":{"allow":["GET"]}}],"collection":[{"href":"https:\/\/staging.casinoalto.com\/cl\/wp-json\/wp\/v2\/pages"}],"about":[{"href":"https:\/\/staging.casinoalto.com\/cl\/wp-json\/wp\/v2\/types\/page"}],"author":[{"embeddable":true,"href":"https:\/\/staging.casinoalto.com\/cl\/wp-json\/wp\/v2\/users\/11"}],"replies":[{"embeddable":true,"href":"https:\/\/staging.casinoalto.com\/cl\/wp-json\/wp\/v2\/comments?post=10055175"}],"version-history":[{"count":4,"href":"https:\/\/staging.casinoalto.com\/cl\/wp-json\/wp\/v2\/pages\/10055175\/revisions"}],"predecessor-version":[{"id":10063001,"href":"https:\/\/staging.casinoalto.com\/cl\/wp-json\/wp\/v2\/pages\/10055175\/revisions\/10063001"}],"up":[{"embeddable":true,"href":"https:\/\/staging.casinoalto.com\/cl\/wp-json\/wp\/v2\/pages\/152134"}],"wp:attachment":[{"href":"https:\/\/staging.casinoalto.com\/cl\/wp-json\/wp\/v2\/media?parent=10055175"}],"curies":[{"name":"wp","href":"https:\/\/api.w.org\/{rel}","templated":true}]}}