{"id":10060137,"date":"2020-09-21T12:58:26","date_gmt":"2020-09-21T12:58:26","guid":{"rendered":"https:\/\/casinoalto.com\/cl\/?page_id=10054171"},"modified":"2026-01-24T15:38:17","modified_gmt":"2026-01-24T15:38:17","slug":"codigo-promocional-1xbet","status":"publish","type":"page","link":"https:\/\/staging.casinoalto.com\/cl\/codigos\/codigo-promocional-1xbet\/","title":{"rendered":"C\u00f3digo Promocional 1XBET"},"content":{"rendered":"<p>El gran cat\u00e1logo de juegos con el que cuenta <a href=\"\/cl\/casinos-online\/1xbet\/\">un casino confiable como 1xbet<\/a> es una de las mejores opciones en el mercado para todos los amantes de los juegos de apuestas, pero lo es sobre todo para aquellos nuevos usuarios de estos sitios y que quieren incursionar en el mundo de los juegos de azar con mayor frecuencia.<\/p>\n<p>Este que es uno de los mejores <a href=\"\/cl\/casinos-online\/\">casinos en l\u00ednea del pa\u00eds<\/a> tiene su sede en Rusia y tiene presencia a nivel mundial gracias a la gran capacidad de personalizaci\u00f3n, el sitio web puede traducirse hasta a 43 idiomas. La oferta de 1xbet incluye apuestas deportivas y casino, adem\u00e1s de que cuenta con los m\u00e9todos de pago m\u00e1s sencillos y frecuentes como el mercado.<\/p>\n<p>1xbet cuenta con un dise\u00f1o sencillo, por lo que su uso es sencillo para todos aquellos que reci\u00e9n comienzan en los juegos de azar. Este sitio web cuenta con una licencia otorgada en Cura\u00e7ao, por lo que es un hecho que los datos personales y bancarios, as\u00ed como tu dinero estar\u00e1n seguros en este sitio web; otra cosa a destacar es que cuentan con aplicaci\u00f3n para smartphones, los links de descarga para Android y iOS puedes encontrarlos en la p\u00e1gina.<\/p>\n<p><strong>El bono de bienvenida de 1xbet consta de recibir hasta 1500 euros m\u00e1s un total de 150 giros en los juegos seleccionados por el casino, una oportunidad que no puedes dejar pasar y aqu\u00ed te decimos como obtener.<\/strong><\/p>\n<p><em>Pasos a seguir para obtener el bono:<\/em><\/p>\n<ul>\n<li>Reg\u00edstrate en la plataforma y completa todos tus datos a trav\u00e9s de nuestros enlaces.<\/li>\n<li>Realiza tu primer dep\u00f3sito a trav\u00e9s del c\u00f3digo promocional de 1xBet.<\/li>\n<li>Recibe el bono de bienvenida de hasta 1500 euros para casino.<\/li>\n<li>Dicha promoci\u00f3n ser\u00e1 ingresada de forma autom\u00e1tica en tu cuenta, una vez hecho el dep\u00f3sito.<\/li>\n<\/ul>\n<p>Para poder tener este <a href=\"\/cl\/bonos-de-bienvenida\/\">bono de bienvenida para nuevos jugadores<\/a>, primero tendr\u00e1s que crear una cuenta en 1xbet y tendr\u00e1s que hacer un primer dep\u00f3sito com uno de los <a href=\"https:\/\/casinoalto.com\/cl\/metodos-de-pago\/\" target=\"_blank\" rel=\"noopener\">m\u00e9todos de pago para el casino<\/a> de al menos 10 euros, despu\u00e9s de eso, la bonificaci\u00f3n se ingresar\u00e1 de manera autom\u00e1tica a tu cuenta.<\/p>\n<p>Las reglas que tiene 1xbet acerca de su bono son varias y si cumples con todas, no tendr\u00e1s ning\u00fan problema con conseguirla.<\/p>\n<p>El bono se ingresar\u00e1 solamente en las cuentas con los perfiles debidamente cumplidos, para recibir los giros gratis, el n\u00famero de tel\u00e9fono del usuario tiene que ser activado al momento de cumplir con el requisito de apuesta de bono.<\/p>\n<p>Los giros gratis solo se otorgar\u00e1n despu\u00e9s de que el bono de dep\u00f3sito hasta sido canjeado, los juegos en los que se pueden usar son:<\/p>\n<ul>\n<li>Primer dep\u00f3sito \u2013 Book of Gold: Classic<\/li>\n<li>Segundo dep\u00f3sito \u2013 Legend of Cleopatra<\/li>\n<li>Tercer dep\u00f3sito \u2013 Solar Queen<\/li>\n<li>Cuarto dep\u00f3sito \u2013 Imperial Fruits: 40 lines<\/li>\n<\/ul>\n<p>Para poder optar por los bonos de dep\u00f3sito <strong>se tiene que depositar m\u00ednimo 10 euros<\/strong> en el primer dep\u00f3sito y 15 euros del segundo al cuarto dep\u00f3sito.<\/p>\n<p>Las ganancias m\u00e1ximas que se pueden reclamar son de <strong>300 euros, 350 euros, 400 euros y 450 euros<\/strong>, respectivamente, en cuanto a los giros se repartir\u00e1n de manera cronol\u00f3gica en <strong>30 giros, 35 giros, 40 giros y 45 giros<\/strong>.<\/p>\n<p>Todos los bonos de dep\u00f3sito deben canjearse reinvirtiendo <strong>el importe del bono x35 veces en un plazo de 7 d\u00edas<\/strong>, cabe destacar que el importe de <strong>las apuestas no puede ser superior a 5 euros,<\/strong> al menos hasta que el bono no haya sido canjeado.<\/p>\n","protected":false},"excerpt":{"rendered":"<p>El gran cat\u00e1logo de juegos con el que cuenta un casino confiable como 1xbet es una de las mejores opciones en el mercado para todos los amantes de los juegos de apuestas, pero lo es sobre todo para aquellos nuevos usuarios de estos sitios y que quieren incursionar en el mundo de los juegos de [&hellip;]<\/p>\n","protected":false},"author":11,"featured_media":0,"parent":152134,"menu_order":0,"comment_status":"closed","ping_status":"closed","template":"single_codigo.php","meta":{"_acf_changed":false,"footnotes":""},"class_list":["post-10060137","page","type-page","status-publish","hentry"],"acf":[],"_links":{"self":[{"href":"https:\/\/staging.casinoalto.com\/cl\/wp-json\/wp\/v2\/pages\/10060137","targetHints":{"allow":["GET"]}}],"collection":[{"href":"https:\/\/staging.casinoalto.com\/cl\/wp-json\/wp\/v2\/pages"}],"about":[{"href":"https:\/\/staging.casinoalto.com\/cl\/wp-json\/wp\/v2\/types\/page"}],"author":[{"embeddable":true,"href":"https:\/\/staging.casinoalto.com\/cl\/wp-json\/wp\/v2\/users\/11"}],"replies":[{"embeddable":true,"href":"https:\/\/staging.casinoalto.com\/cl\/wp-json\/wp\/v2\/comments?post=10060137"}],"version-history":[{"count":4,"href":"https:\/\/staging.casinoalto.com\/cl\/wp-json\/wp\/v2\/pages\/10060137\/revisions"}],"predecessor-version":[{"id":10062963,"href":"https:\/\/staging.casinoalto.com\/cl\/wp-json\/wp\/v2\/pages\/10060137\/revisions\/10062963"}],"up":[{"embeddable":true,"href":"https:\/\/staging.casinoalto.com\/cl\/wp-json\/wp\/v2\/pages\/152134"}],"wp:attachment":[{"href":"https:\/\/staging.casinoalto.com\/cl\/wp-json\/wp\/v2\/media?parent=10060137"}],"curies":[{"name":"wp","href":"https:\/\/api.w.org\/{rel}","templated":true}]}}