{"id":10060194,"date":"2020-03-04T12:01:48","date_gmt":"2020-03-04T12:01:48","guid":{"rendered":"https:\/\/casinoalto.com\/cl\/?page_id=152084"},"modified":"2026-01-22T01:58:22","modified_gmt":"2026-01-22T01:58:22","slug":"codigo-promocional-spin-casino","status":"publish","type":"page","link":"https:\/\/staging.casinoalto.com\/cl\/codigos\/codigo-promocional-spin-casino\/","title":{"rendered":"C\u00f3digo promocional Spin Casino"},"content":{"rendered":"<p>En operaci\u00f3n desde 2001, <a href=\"\/cl\/casinos-online\/spin-casino\/\">un casino confianle como Spin Casino<\/a> ofrece m\u00e1s de 450 juegos y la experiencia de sentirte con los mismos beneficios que se dan en un casino f\u00edsico. Su principal meta es que el jugador disfrute de sus actividades a la par de que se sienta en un ambiente seguro y confiable para apostar desde cualquier dispositivo: laptop, PC, Smartphone o tablet.<\/p>\n<p>Tambi\u00e9n se ha ganado una buena reputaci\u00f3n entre los clientes gracias a la calidad de sus juegos, su atractivo jackpot, el programa de fidelidad para su clientela frecuente y los mejores <a href=\"\/cl\/metodos-de-pago\/\">m\u00e9todos de dep\u00f3sito para hacer pagos<\/a>\u00a0para recargar las cuentas, al facilitar las transacciones a trav\u00e9s de tarjetas de cr\u00e9dito, d\u00e9bito, prepago y billeteras electr\u00f3nicas, por mencionar algunas.<\/p>\n<p>El <a href=\"https:\/\/casinoalto.com\/cl\/bonos-de-bienvenida\/\" target=\"_blank\" rel=\"noopener\">bono de bienvenida para nuevos jugadores<\/a> de Spin Casino es la mejor opci\u00f3n para iniciar a jugar en este sitio, al estar dividido en cuatro partes. Los nuevos usuarios del operador pueden conseguir hasta CLP$720.000 y 160 <em>free spins<\/em>.<\/p>\n<ul>\n<li>Dep\u00f3sito 1: 40 Giros Gratis + bono 100% hasta CLP$ 180,000.<\/li>\n<li>Dep\u00f3sito 2: 40 Giros Gratis + bono 100% hasta CLP$ 180,000.<\/li>\n<li>Dep\u00f3sito 3: 40 Giros Gratis + bono 100% hasta CLP$ 180,000.<\/li>\n<li>Dep\u00f3sito 4: 40 Giros Gratis + bono 100% hasta CLP$ 180,000.<\/li>\n<\/ul>\n<p>Esta promoci\u00f3n es v\u00e1lida \u00fanicamente para usuarios nuevos y no puede ser utilizada en conjunto con ninguna otra de las que ofrece Spin Casino. <strong>Para solicitarla, el cliente cuenta con hasta siete d\u00edas posteriores a su registro<\/strong> y, en caso de superar la fecha l\u00edmite, el bono de bienvenida dejar\u00e1 de estar disponible, consider\u00e1ndose perdido a\u00fan si existen otras promociones posteriores. No pierdas esta opci\u00f3n que te da el c\u00f3digo promocional de Spin Casino.<\/p>\n<p><em>Pasos a seguir para obtener la promoci\u00f3n de bienvenida de Spin Casino:<\/em><\/p>\n<ul>\n<li>Reg\u00edstrate en el sitio oficial de Spin Casino a trav\u00e9s de nuestros enlaces.<\/li>\n<li>Escribe tus datos de identificaci\u00f3n y acepta los t\u00e9rminos generales y la pol\u00edtica de privacidad.<\/li>\n<li>Realiza un dep\u00f3sito m\u00ednimo con las <a href=\"https:\/\/casinoalto.com\/cl\/bonos-de-bienvenida\/\" target=\"_blank\" rel=\"noopener\">formas de pago para casinos<\/a> de CLP$3.000 para recibir el bono de bienvenida de Spin Casino.<\/li>\n<li>Este puede llegar a ser hasta de CLP$180,000.<\/li>\n<li>Sigue depositando y <strong>acumula hasta CLP$720.000 con tus cuatro primeros dep\u00f3sitos<\/strong>.<\/li>\n<\/ul>\n<p>En caso que el cliente abra m\u00faltiples cuentas, no podr\u00e1 calificar al bono de bienvenida en cada cuenta. Este y cualquier otra promoci\u00f3n estar\u00e1n disponibles solo una vez por jugador y\/o ambiente en que se compartan computadoras y\/o por direcci\u00f3n de email, por lo que la oferta tampoco es transferible.<\/p>\n<p>Para <strong>retirar las ganancias obtenidas en un juego, deber\u00e1s cumplir el requisito de juego m\u00ednimo de 35 veces el bono<\/strong>. Cualquier ganancia atribuida a la parte de dinero en efectivo del balance de la cuenta puede retirarse en cualquier momento, siempre y cuando se cumplan todos estos t\u00e9rminos y condiciones.<\/p>\n<p>Apostar en todos los juegos participantes contribuir\u00e1 a cumplir con el requisito de juego m\u00ednimo; sin embargo, el porcentaje del bono de registro que se apueste en ciertos juegos, puede variar, incluso existen algunos juegos excluidos de estas reglas.<\/p>\n<p>Si apuestas en los juegos excluidos antes de cumplir con los requisitos de juego m\u00ednimo, existe la posibilidad de que el casino conserve el derecho de anular cualquier ganancia obtenida en dichos juegos, y todo a su entera discreci\u00f3n.<\/p>\n<p>El c\u00f3digo promocional de Spin Casino te ofrece una excelente oportunidad de arrancar tu aventura con un bono de bienvenida a la altura de los mejores jugadores. Aprov\u00e9chalo y que la suerte te acompa\u00f1e. Mir\u00e1 los consejos de <a href=\"https:\/\/casinoalto.com\/cl\/\" target=\"_blank\" rel=\"noopener\">Casino Alto Chile<\/a>.<\/p>\n","protected":false},"excerpt":{"rendered":"<p>En operaci\u00f3n desde 2001, un casino confianle como Spin Casino ofrece m\u00e1s de 450 juegos y la experiencia de sentirte con los mismos beneficios que se dan en un casino f\u00edsico. Su principal meta es que el jugador disfrute de sus actividades a la par de que se sienta en un ambiente seguro y confiable [&hellip;]<\/p>\n","protected":false},"author":6,"featured_media":0,"parent":152134,"menu_order":0,"comment_status":"closed","ping_status":"closed","template":"single_codigo.php","meta":{"_acf_changed":false,"footnotes":""},"class_list":["post-10060194","page","type-page","status-publish","hentry"],"acf":[],"_links":{"self":[{"href":"https:\/\/staging.casinoalto.com\/cl\/wp-json\/wp\/v2\/pages\/10060194","targetHints":{"allow":["GET"]}}],"collection":[{"href":"https:\/\/staging.casinoalto.com\/cl\/wp-json\/wp\/v2\/pages"}],"about":[{"href":"https:\/\/staging.casinoalto.com\/cl\/wp-json\/wp\/v2\/types\/page"}],"author":[{"embeddable":true,"href":"https:\/\/staging.casinoalto.com\/cl\/wp-json\/wp\/v2\/users\/6"}],"replies":[{"embeddable":true,"href":"https:\/\/staging.casinoalto.com\/cl\/wp-json\/wp\/v2\/comments?post=10060194"}],"version-history":[{"count":5,"href":"https:\/\/staging.casinoalto.com\/cl\/wp-json\/wp\/v2\/pages\/10060194\/revisions"}],"predecessor-version":[{"id":10063085,"href":"https:\/\/staging.casinoalto.com\/cl\/wp-json\/wp\/v2\/pages\/10060194\/revisions\/10063085"}],"up":[{"embeddable":true,"href":"https:\/\/staging.casinoalto.com\/cl\/wp-json\/wp\/v2\/pages\/152134"}],"wp:attachment":[{"href":"https:\/\/staging.casinoalto.com\/cl\/wp-json\/wp\/v2\/media?parent=10060194"}],"curies":[{"name":"wp","href":"https:\/\/api.w.org\/{rel}","templated":true}]}}