{"id":10060195,"date":"2020-03-18T12:34:25","date_gmt":"2020-03-18T12:34:25","guid":{"rendered":"https:\/\/casinoalto.com\/cl\/?page_id=152089"},"modified":"2026-01-22T16:43:09","modified_gmt":"2026-01-22T16:43:09","slug":"codigo-promocional-888-casino","status":"publish","type":"page","link":"https:\/\/staging.casinoalto.com\/cl\/codigos\/codigo-promocional-888-casino\/","title":{"rendered":"C\u00f3digo promocional 888 Casino"},"content":{"rendered":"<p>En esta ocasi\u00f3n os traemos\u00a0un nuevo bono de bienvenida de lo m\u00e1s llamativo, el que ofrece\u00a0<a href=\"\/cl\/casinos-online\/888\/\">un casino seguro como 888 Casino<\/a>.<\/p>\n<p>Este casino, perteneciente a la empresa radicada en Gibraltar 888 Holdings y que funciona desde 1997, pone al alcance de sus nuevos usuarios\u00a0<strong>hasta 200 d\u00f3lares por realizar un primer dep\u00f3sito con ellos, <\/strong>por el simple hecho de depositar en su web. \u00bfQuieres saber qu\u00e9 pasos seguir y cu\u00e1les son las condiciones de esta promoci\u00f3n? No pierdas detalle del resto del art\u00edculo de <a href=\"https:\/\/casinoalto.com\/cl\/\" target=\"_blank\" rel=\"noopener\">Casino Alto<\/a>.<\/p>\n<p><em>Pasos a seguir para conseguir la promoci\u00f3n:<\/em><\/p>\n<ul>\n<li>Registrarte en 888 Casino a trav\u00e9s de\u00a0<a href=\"\/cl\/888\/\">nuestros enlaces<\/a><\/li>\n<li>Realiza un primer dep\u00f3sito con las <a href=\"https:\/\/casinoalto.com\/cl\/metodos-de-pago\/\" target=\"_blank\" rel=\"noopener\">formas de pago para casino<\/a> usando el c\u00f3digo promocional<\/li>\n<li>Pulsa el bot\u00f3n \u201cSolicita tu bono\u201d en el mail que recibir\u00e1s de 888 Casino<\/li>\n<li>El bono ser\u00e1 acreditado en tu cuenta<\/li>\n<\/ul>\n<p>La promoci\u00f3n est\u00e1 vigente actualmente y no tiene fecha oficial de finalizaci\u00f3n, aunque como es habitual el casino se reserva el derecho de cambiarla o darla por finalizada cuando considere oportuno. Por ello te animamos a que no pierdas esta buena oportunidad, e inicies tu trayecto con el c\u00f3digo promocional de 888 Casino.<\/p>\n<p>La oferta consiste en que 888 te da\u00a0<strong>un bono del 100% del valor de tu primer dep\u00f3sito<\/strong>, con un m\u00e1ximo de 200 d\u00f3lares. Es decir, si decides empezar con un ingreso inicial de 100 d\u00f3lares, ellos te dan otros 100 extra por la promoci\u00f3n.<\/p>\n<p>El proceso para recibir esta cantidad extra en tu cuenta es muy sencillo. Inicia sesi\u00f3n con tu usuario en 888 Casino y realiza tu primer dep\u00f3sito en uno de los <a href=\"https:\/\/casinoalto.com\/cl\/casinos-online\/\" target=\"_blank\" rel=\"noopener\">mejores sitios de casino en l\u00ednea de Chile<\/a>.<\/p>\n<p>Despu\u00e9s de esto recibir\u00e1s en el correo electr\u00f3nico que hayas indicado al darte de alta un mail de confirmaci\u00f3n de dep\u00f3sito, en el que aparecer\u00e1 el enlace<strong>\u00a0\u201cSolicita tu bono\u201d<\/strong>. Deber\u00e1s hacer clic ah\u00ed en un plazo m\u00e1ximo de 24 horas tras la recepci\u00f3n del correo, y de forma inmediata tendr\u00e1s ese efectivo extra en forma de bono con el que disfrutar con el cat\u00e1logo de juegos de 888.<\/p>\n<p>Es importante se\u00f1alar que, una vez tengas el bono del c\u00f3digo promocional de 888 en tu poder,\u00a0<strong>dispondr\u00e1s de 90 d\u00edas para usarlo<\/strong>\u00a0y liberar tanto la cantidad del bono como las posibles ganancias generadas. Un total de un mes durante el que deber\u00e1s cumplir con los requisitos de rollover, o cantidad de apuesta m\u00ednima, para retirar ese dinero de tu cuenta.<\/p>\n<p>Este ser\u00e1 de 30 veces la cantidad del bono recibido. Por ejemplo, si recibes un bono por primer dep\u00f3sito de 50 d\u00f3lares, deber\u00e1s apostar un total de 1500 d\u00f3lares para poder liberarlo. Debes tener en cuenta que <strong>no todos los juegos tienen la misma contribuci\u00f3n a este rollover<\/strong>, siendo del 100% en el caso de las\u00a0tragaperras, 20% los juegos de\u00a0ruleta para jugar la demo\u00a0(excepto ruleta en vivo) y 10% para\u00a0<a href=\"\/cl\/casino-en-vivo\/ruleta\/\">ruleta en vivo gratis en la demo<\/a>, todas las modalidades de\u00a0blackjack para jugar la demo\u00a0y los juegos de poker.<\/p>\n<p>Si quieres conocer m\u00e1s detalles acerca de esta espectacular promoci\u00f3n de bienvenida con la que\u00a0<strong>podr\u00e1s acumular hasta 200 d\u00f3lares <\/strong><strong>solo por registrarte y realizar tu primer dep\u00f3sito<\/strong>, consulta la secci\u00f3n de t\u00e9rminos y condiciones o ponte en contacto con el\u00a0servicio de atenci\u00f3n al usuario de 888 Casino.<\/p>\n<p>Debes saber que, si eres usuario VIP de 888, puedes estar sujeto a unas condiciones diferentes para <a href=\"https:\/\/casinoalto.com\/cl\/bonos-de-bienvenida\/\" target=\"_blank\" rel=\"noopener\">ofertas y promociones para nuevos jugadores<\/a>. No pierdas esta oportunidad y juega y disfruta con uno de los casinos de referencia a nivel mundial.<\/p>\n","protected":false},"excerpt":{"rendered":"<p>En esta ocasi\u00f3n os traemos\u00a0un nuevo bono de bienvenida de lo m\u00e1s llamativo, el que ofrece\u00a0un casino seguro como 888 Casino. Este casino, perteneciente a la empresa radicada en Gibraltar 888 Holdings y que funciona desde 1997, pone al alcance de sus nuevos usuarios\u00a0hasta 200 d\u00f3lares por realizar un primer dep\u00f3sito con ellos, por el [&hellip;]<\/p>\n","protected":false},"author":6,"featured_media":0,"parent":152134,"menu_order":0,"comment_status":"closed","ping_status":"closed","template":"single_codigo.php","meta":{"_acf_changed":false,"footnotes":""},"class_list":["post-10060195","page","type-page","status-publish","hentry"],"acf":[],"_links":{"self":[{"href":"https:\/\/staging.casinoalto.com\/cl\/wp-json\/wp\/v2\/pages\/10060195","targetHints":{"allow":["GET"]}}],"collection":[{"href":"https:\/\/staging.casinoalto.com\/cl\/wp-json\/wp\/v2\/pages"}],"about":[{"href":"https:\/\/staging.casinoalto.com\/cl\/wp-json\/wp\/v2\/types\/page"}],"author":[{"embeddable":true,"href":"https:\/\/staging.casinoalto.com\/cl\/wp-json\/wp\/v2\/users\/6"}],"replies":[{"embeddable":true,"href":"https:\/\/staging.casinoalto.com\/cl\/wp-json\/wp\/v2\/comments?post=10060195"}],"version-history":[{"count":4,"href":"https:\/\/staging.casinoalto.com\/cl\/wp-json\/wp\/v2\/pages\/10060195\/revisions"}],"predecessor-version":[{"id":10063086,"href":"https:\/\/staging.casinoalto.com\/cl\/wp-json\/wp\/v2\/pages\/10060195\/revisions\/10063086"}],"up":[{"embeddable":true,"href":"https:\/\/staging.casinoalto.com\/cl\/wp-json\/wp\/v2\/pages\/152134"}],"wp:attachment":[{"href":"https:\/\/staging.casinoalto.com\/cl\/wp-json\/wp\/v2\/media?parent=10060195"}],"curies":[{"name":"wp","href":"https:\/\/api.w.org\/{rel}","templated":true}]}}