{"id":10060197,"date":"2020-03-04T12:36:43","date_gmt":"2020-03-04T12:36:43","guid":{"rendered":"https:\/\/casinoalto.com\/cl\/?page_id=152098"},"modified":"2025-05-15T11:42:07","modified_gmt":"2025-05-15T11:42:07","slug":"codigo-promocional-royal-vegas-casino","status":"publish","type":"page","link":"https:\/\/staging.casinoalto.com\/cl\/codigos\/codigo-promocional-royal-vegas-casino\/","title":{"rendered":"C\u00f3digo promocional Royal Vegas Casino"},"content":{"rendered":"<p>Dentro de los casinos en l\u00ednea, <a href=\"\/cl\/casinos-online\/royal-vegas-casino\/\">un casino confiable como Royal Vegas<\/a> es una de las mejores opciones para comenzar en el mundo de las apuestas y los juegos de azar en los <a href=\"https:\/\/casinoalto.com\/cl\/casinos-online\/\" target=\"_blank\" rel=\"noopener\">mejores sitios de casino del pa\u00eds<\/a>. Sus or\u00edgenes datan del a\u00f1o 2000, como parte de la empresa Digimedia Ltd., cuya sede se encuentra en Malta. Desde 2018, sus licencias y requisitos legales est\u00e1n en orden, bajo el cobijo de la Autoridad del Juego de Malta.<\/p>\n<p>Preocupados por la seguridad de sus clientes y la fiabilidad de sus juegos, Royal Vegas cuenta con las certificaciones necesarias para brindar confianza a sus usuarios, y poder ofrecer este c\u00f3digo promocional sin problema.<\/p>\n<p>Entre tantas promociones exclusivas para sus miembros m\u00e1s fieles, el bono de bienvenida de Royal Vegas Casino destaca como uno de los m\u00e1s atractivos, considerado incluso bono high roller, al estar dividido entre los primeros cuatro dep\u00f3sitos realizados, con el ofrecimiento del 100 por ciento de tu ingreso como extra. La <strong>cantidad m\u00e1xima a ganar es de US$300 por cada ingreso, por lo que se puede llegar a la suma de $1200 por la suma de los cuatro dep\u00f3sitos<\/strong>.<\/p>\n<p><em>Aqu\u00ed te decimos todo lo que necesitas saber de este bono de bienvenida de Royal Vegas:<\/em><\/p>\n<ul>\n<li>Ingresa a la plataforma de Royal Vegas a trav\u00e9s de nuestros enlaces.<\/li>\n<li>Crea una cuenta y realiza un primer dep\u00f3sito con las <a href=\"https:\/\/casinoalto.com\/cl\/metodos-de-pago\/\" target=\"_blank\" rel=\"noopener\">opciones de pago para jugar<\/a>.<\/li>\n<li>Con el c\u00f3digo promocional de Royal Vegas Casino conseguir\u00e1s tu bono.<\/li>\n<\/ul>\n<p>El bono de bienvenida de Royal Vegas acepta un m\u00e1ximo de cuatro dep\u00f3sitos con su respectiva bonificaci\u00f3n, las cuales se abonar\u00e1n autom\u00e1ticamente en la cuenta de Royal Vegas.<\/p>\n<p>Contar\u00e1s con hasta <strong>siete d\u00edas desde tu fecha de registro para solicitar el bono de bienvenida de Royal Vegas<\/strong>. Pasado ese tiempo l\u00edmite, el bono de registro ya no se encontrar\u00e1 disponible, si bien otras promociones posteriores s\u00ed lo estar\u00e1n. La oferta no es transferible.<\/p>\n<p>El Bono de bienvenida se acreditar\u00e1 autom\u00e1ticamente en tu cuenta de bono luego de un dep\u00f3sito exitoso de US$10 o m\u00e1s. En este caso, las unidades monetarias son los d\u00f3lares estadounidenses y ser\u00e1n elegidos previamente en tu registro.<\/p>\n<p>En caso que abras m\u00faltiples cuentas, no podr\u00e1s calificar al <a href=\"\/cl\/bonos-de-bienvenida\/\">bono de registro de casino<\/a> en cada cuenta, al tratarse de una promoci\u00f3n disponible solo una vez por jugador y\/o ambiente en que se compartan computadoras y\/o por direcci\u00f3n de email.<\/p>\n<p>Una vez recibido el bono de registro, deber\u00e1s cumplir con los requisitos m\u00ednimos de juego adicionales (roll-over). <strong>Deber\u00e1s jugarla 50 veces (x50) antes de poder retirar las ganancias obtenidas<\/strong> con la porci\u00f3n de dinero en bono del balance (Requisito de juego m\u00ednimo).<\/p>\n<p>Una vez cumplido con dicho requisito en el primer bono de bienvenida, podr\u00e1s retirar tu saldo en efectivo en cualquier momento.<\/p>\n<p>La oferta de bonificaci\u00f3n vence en el momento de retirar las ganancias. No podr\u00e1s retirar ning\u00fan monto de tu cuenta hasta que hayas completado los requisitos de juego m\u00ednimo o apostado todos los fondos de tu cuenta de bono.<\/p>\n<p>En caso de que se presente alguna controversia, la decisi\u00f3n de la direcci\u00f3n del Casino ser\u00e1 definitiva. Royal Vegas se reserva el derecho de terminar o enmendar esta promoci\u00f3n en cualquier momento sin aviso previo.<\/p>\n<p>Aunque muchos puedan considerar que el dise\u00f1o de su sitio web es sencillo, la facilidad de su navegaci\u00f3n y su perfecto funcionamiento en dispositivos m\u00f3viles y de escritorio lo hacen una plataforma ideal. Los smartphones tambi\u00e9n son tomados en cuenta, con apps tanto para el sistema Android\u00a0 como iOs, convirti\u00e9ndose en un casino en l\u00ednea que puede disfrutarse desde pr\u00e1cticamente cualquier lugar.<\/p>\n<p>Si te lo sigues pensando, no dudes m\u00e1s y juega con el c\u00f3digo promocional de Royal Vegas Casino. Revis\u00e1 las recomendaciones de <a href=\"https:\/\/casinoalto.com\/cl\/\" target=\"_blank\" rel=\"noopener\">Casino Alto Chile<\/a>.<\/p>\n","protected":false},"excerpt":{"rendered":"<p>Dentro de los casinos en l\u00ednea, un casino confiable como Royal Vegas es una de las mejores opciones para comenzar en el mundo de las apuestas y los juegos de azar en los mejores sitios de casino del pa\u00eds. Sus or\u00edgenes datan del a\u00f1o 2000, como parte de la empresa Digimedia Ltd., cuya sede se [&hellip;]<\/p>\n","protected":false},"author":6,"featured_media":0,"parent":152134,"menu_order":0,"comment_status":"closed","ping_status":"closed","template":"single_codigo.php","meta":{"_acf_changed":false,"footnotes":""},"class_list":["post-10060197","page","type-page","status-publish","hentry"],"acf":[],"_links":{"self":[{"href":"https:\/\/staging.casinoalto.com\/cl\/wp-json\/wp\/v2\/pages\/10060197","targetHints":{"allow":["GET"]}}],"collection":[{"href":"https:\/\/staging.casinoalto.com\/cl\/wp-json\/wp\/v2\/pages"}],"about":[{"href":"https:\/\/staging.casinoalto.com\/cl\/wp-json\/wp\/v2\/types\/page"}],"author":[{"embeddable":true,"href":"https:\/\/staging.casinoalto.com\/cl\/wp-json\/wp\/v2\/users\/6"}],"replies":[{"embeddable":true,"href":"https:\/\/staging.casinoalto.com\/cl\/wp-json\/wp\/v2\/comments?post=10060197"}],"version-history":[{"count":3,"href":"https:\/\/staging.casinoalto.com\/cl\/wp-json\/wp\/v2\/pages\/10060197\/revisions"}],"predecessor-version":[{"id":10063015,"href":"https:\/\/staging.casinoalto.com\/cl\/wp-json\/wp\/v2\/pages\/10060197\/revisions\/10063015"}],"up":[{"embeddable":true,"href":"https:\/\/staging.casinoalto.com\/cl\/wp-json\/wp\/v2\/pages\/152134"}],"wp:attachment":[{"href":"https:\/\/staging.casinoalto.com\/cl\/wp-json\/wp\/v2\/media?parent=10060197"}],"curies":[{"name":"wp","href":"https:\/\/api.w.org\/{rel}","templated":true}]}}