{"id":10061634,"date":"2022-05-31T19:52:37","date_gmt":"2022-05-31T19:52:37","guid":{"rendered":"https:\/\/casinoalto.com\/cl\/?page_id=10061634"},"modified":"2026-01-22T01:42:45","modified_gmt":"2026-01-22T01:42:45","slug":"codigo-promocional-national-casino","status":"publish","type":"page","link":"https:\/\/staging.casinoalto.com\/cl\/codigos\/codigo-promocional-national-casino\/","title":{"rendered":"C\u00f3digo Promocional National Casino"},"content":{"rendered":"<p>Para aquellos jugadores que buscan opciones nuevas dentro del mercado de los casinos online, <a href=\"\/cl\/casinos-online\/national-casino\/\">un casino seguro National Casino<\/a> es una que puede parecerte interesante, ya que pese a que es de reciente lanzamiento, ofrece un servicio que podr\u00e1 parecerle atractivo a todos, desde el principiante hasta el que ya tiene experiencia.<\/p>\n<p>El principal atractivo de este <a href=\"\/cl\/casinos-online\/\">casino online seguro y confiable<\/a> radica en su gran cantidad de juegos disponibles. Las <strong>m\u00e1quinas tragamonedas<\/strong> brillan como la estelar de National Casino, con m\u00e1s de 1000 opciones con las que podr\u00e1s divertirte.<\/p>\n<p>Pero si los slots no son lo tuyo, tambi\u00e9n podr\u00e1s divertirte con sus <strong>25 tipos de blackjack, 58 ruletas diferentes, 800 opciones de baccarat<\/strong> (una de las m\u00e1s amplias en el mercado) y <strong>61 versiones de p\u00f3ker<\/strong>. En ese sentido, National Casino cumple y muy bien con lo que promete.<\/p>\n<p>Si lo que quieres es darle una oportunidad a National Casino, una excelente opci\u00f3n es aprovechar su <a href=\"https:\/\/casinoalto.com\/cl\/bonos-de-bienvenida\/\" target=\"_blank\" rel=\"noopener\">bono por tu primer dep\u00f3sito<\/a>, con el que podr\u00e1s recibir hasta <strong>$100,000 CLP<\/strong><strong>\u00a0y cien giros gratis, estos \u00faltimos para el juego Avalon: The Lost Kingdom.<\/strong><\/p>\n<p>Este casino online ofrece una atractiva promoci\u00f3n para sus clientes nuevos, quienes solo necesitan crear una cuenta (porque los usuarios que ya ten\u00edan no pueden ser acreedores a la promoci\u00f3n), en la que deber\u00e1n proporcionar datos de identificaci\u00f3n y de contacto (tel\u00e9fono celular y correo electr\u00f3nico, por ejemplo).<\/p>\n<p>Una vez que se crea una cuenta en National Casino, <strong>se tiene que hacer un dep\u00f3sito de por lo menos $20,000 CLP<\/strong> para activar este bono, el cual te ser\u00e1 acreditado en tu cuenta y deber\u00e1 verse reflejado. Revis\u00e1 las <a href=\"https:\/\/casinoalto.com\/cl\/metodos-de-pago\/\" target=\"_blank\" rel=\"noopener\">opciones de pago para hacer dep\u00f3sitos<\/a>.<\/p>\n<p>Adem\u00e1s, los primeros\u00a0<strong>50 giros tambi\u00e9n se ver\u00e1n en tu cuenta una vez que hayas realizado tu dep\u00f3sito<\/strong>, en tanto\u00a0<strong>el resto de los giros gratis te ser\u00e1n acreditados despu\u00e9s de 24 horas.<\/strong><\/p>\n<p>Para liberar las ganancias del bono de bienvenida de National Casino, tendr\u00e1s que cumplir con los t\u00e9rminos de condiciones, entre los que se encuentran <strong>el requisito de apuesta (rollover) del bono de bienvenida de National Casino, el cual qued\u00f3 establecido en x40, <\/strong>mientras que la apuesta m\u00e1xima est\u00e1 en $5,000 CLP.<\/p>\n<p>Sin embargo, la promoci\u00f3n no termina ah\u00ed, porque el casino online te da otro bono por tu segundo dep\u00f3sito. La din\u00e1mica es similar para el segundo bono de bienvenida, solo que en este la retribuci\u00f3n es del 50% hasta 200.000 pesos chilenos y 50 giros gratis.<\/p>\n<p>En este sentido, debemos reconocer que National Casino nos ofrece un bono de bienvenida interesante para su servicio, porque la cantidad es competitiva (se encuentra dentro del rango en el mercado chileno), aunque <strong>es cierto que para algunos el requisito de apuesta x40 puede parecer un poco alto.<\/strong><\/p>\n<p>Fuera de ello, creemos que es una promoci\u00f3n interesante y que podr\u00e1s aprovechar bien para conocer m\u00e1s sobre el servicio que encontrar\u00e1s en National Casino, as\u00ed como en otras opciones listadas por <a href=\"https:\/\/casinoalto.com\/cl\/\" target=\"_blank\" rel=\"noopener\">Casino Alto Chile<\/a>.<\/p>\n","protected":false},"excerpt":{"rendered":"<p>Para aquellos jugadores que buscan opciones nuevas dentro del mercado de los casinos online, un casino seguro National Casino es una que puede parecerte interesante, ya que pese a que es de reciente lanzamiento, ofrece un servicio que podr\u00e1 parecerle atractivo a todos, desde el principiante hasta el que ya tiene experiencia. El principal atractivo [&hellip;]<\/p>\n","protected":false},"author":11,"featured_media":0,"parent":152134,"menu_order":0,"comment_status":"closed","ping_status":"closed","template":"single_codigo.php","meta":{"_acf_changed":false,"footnotes":""},"class_list":["post-10061634","page","type-page","status-publish","hentry"],"acf":[],"_links":{"self":[{"href":"https:\/\/staging.casinoalto.com\/cl\/wp-json\/wp\/v2\/pages\/10061634","targetHints":{"allow":["GET"]}}],"collection":[{"href":"https:\/\/staging.casinoalto.com\/cl\/wp-json\/wp\/v2\/pages"}],"about":[{"href":"https:\/\/staging.casinoalto.com\/cl\/wp-json\/wp\/v2\/types\/page"}],"author":[{"embeddable":true,"href":"https:\/\/staging.casinoalto.com\/cl\/wp-json\/wp\/v2\/users\/11"}],"replies":[{"embeddable":true,"href":"https:\/\/staging.casinoalto.com\/cl\/wp-json\/wp\/v2\/comments?post=10061634"}],"version-history":[{"count":5,"href":"https:\/\/staging.casinoalto.com\/cl\/wp-json\/wp\/v2\/pages\/10061634\/revisions"}],"predecessor-version":[{"id":10063083,"href":"https:\/\/staging.casinoalto.com\/cl\/wp-json\/wp\/v2\/pages\/10061634\/revisions\/10063083"}],"up":[{"embeddable":true,"href":"https:\/\/staging.casinoalto.com\/cl\/wp-json\/wp\/v2\/pages\/152134"}],"wp:attachment":[{"href":"https:\/\/staging.casinoalto.com\/cl\/wp-json\/wp\/v2\/media?parent=10061634"}],"curies":[{"name":"wp","href":"https:\/\/api.w.org\/{rel}","templated":true}]}}