{"id":10061993,"date":"2022-08-24T16:14:53","date_gmt":"2022-08-24T16:14:53","guid":{"rendered":"https:\/\/casinoalto.com\/cl\/?page_id=10061993"},"modified":"2026-03-04T17:45:03","modified_gmt":"2026-03-04T17:45:03","slug":"codigo-promocional-betway-casino","status":"publish","type":"page","link":"https:\/\/staging.casinoalto.com\/cl\/codigos\/codigo-promocional-betway-casino\/","title":{"rendered":"C\u00f3digo Promocional Betway Casino"},"content":{"rendered":"<p>Para saber elegir adecuadamente el\u00a0<a href=\"\/cl\/casinos-online\/\">casino online seguro y confiable<\/a> que mejor se adapte a nuestras necesidades es importante valorar muchas cosas. Lo principal es la cantidad de juegos con la que cuente, la atenci\u00f3n al cliente que brinden o la seguridad que pueda dar a los usuarios, con la ayuda de <a href=\"https:\/\/casinoalto.com\/cl\/\" target=\"_blank\" rel=\"noopener\">Casino Alto<\/a>.<\/p>\n<p>Sin embargo, hay algo que puede ser a\u00fan m\u00e1s determinante que son las <a href=\"https:\/\/casinoalto.com\/cl\/bonos-de-bienvenida\/\" target=\"_blank\" rel=\"noopener\">ofertas y promociones para nuevos jugadores<\/a>. Las que surgen en forma de bonos de bienvenida son especialmente importantes y por eso es que presentamos este c\u00f3digo promocional de <a href=\"\/cl\/casinos-online\/betway-casino\/\">un casino seguro como Betway Casino<\/a>, basado en su promo para nuevos usuarios. Con este vas a poder conseguir hasta 1.000 d\u00f3lares por realizar un primer dep\u00f3sito.<\/p>\n<p><em>Pasos a seguir para conseguir la promoci\u00f3n:<\/em><\/p>\n<ul>\n<li>Reg\u00edstrate en Betway Casino a trav\u00e9s de uno de nuestros enlaces.<\/li>\n<li>Utiliza el c\u00f3digo promocional de Betway Casino.<\/li>\n<li>Realiza un dep\u00f3sito com las <a href=\"https:\/\/casinoalto.com\/cl\/metodos-de-pago\/\" target=\"_blank\" rel=\"noopener\">formas para hacer pagos<\/a> de la cantidad que prefieras.<\/li>\n<li>El bono por valor del 100% de tu primer ingreso ser\u00e1 acreditado en tu cuenta, del 25% por el segundo y del 50% por el tercero.<\/li>\n<\/ul>\n<p>La oferta solo est\u00e1 disponible para nuevos clientes. Lo mejor es que si quieres iniciarte en el mundillo del juego en l\u00ednea te sumes a esta gran oportunidad.<\/p>\n<p>La promo de Betway Casino incluye un\u00a0<strong>bono del 100% del valor de tu primer dep\u00f3sito hasta un m\u00e1ximo de 250 d\u00f3lares estadounidenses<\/strong>. Eso quiere decir que si ingresas 200 d\u00f3lares pesos te llevar\u00e1s otros 200 extra en forma de bono solo por haber utilizado este c\u00f3digo promocional de Betway Casino y haber realizado ese primer dep\u00f3sito.<\/p>\n<p>El segundo bono es del 25% hasta 250$, por lo que si ingresaras 100$ te adjudicar\u00edan 25$ para jugar. Y el tercer bonus es del 50% hasta 500$, de los que si depositas 200$ te llevas 100% para ti.<\/p>\n<p>El bono tiene una\u00a0<strong>caducidad de 7 d\u00edas<\/strong>. Una vez que concluya esa fecha, todas las ganancias que queden por liberar ser\u00e1n canceladas. Y es que el bono contiene un\u00a0<strong>rollover (cantidad de apuesta m\u00ednima) a liberar de 50 veces la cuant\u00eda del mismo<\/strong>.<\/p>\n<p>Por tanto, si te has hecho con un bono de 500 d\u00f3lares en total, deber\u00e1s jugar una cantidad total de 25.000 d\u00f3lares en los juegos que m\u00e1s te gusten de Betway Casino. Aunque hay que tener en cuenta que hay algunos juegos que no contar\u00e1n para la liberaci\u00f3n del bono y no todos contribuyen de la misma manera a cumplir los requisitos de apuesta.<\/p>\n<p>En este caso, las\u00a0tragamonedas\u00a0y juegos de sal\u00f3n contribuyen en un 100%, los juegos de\u00a0ruleta para jugar en l\u00ednea,\u00a0blackjack para jugar la demo\u00a0y p\u00f3ker lo hacen en un 8%, y otras variedades como\u00a0Baccarat gratis en la demo, Blackjack cl\u00e1sico,\u00a0craps\u00a0o\u00a0Sic Bo\u00a0no podr\u00e1n utilizarse para esta promoci\u00f3n.<\/p>\n<p>Adem\u00e1s, la oferta no es acumulable junto a ninguna otra de las existentes en el <a href=\"https:\/\/casinoalto.com\/cl\/casinos-online\/\" target=\"_blank\" rel=\"noopener\">casino online seguro y confiable<\/a>, por lo que si decides apuntarte a ella ser\u00e1 para utilizarla de forma exclusiva.<\/p>\n<p>En total\u00a0<strong>hasta 1.000 d\u00f3lares americanos<\/strong>, una forma muy buena de empezar a jugar con el c\u00f3digo promocional de Betway Casino. Si te surge cualquier tipo de duda puedes revisar la secci\u00f3n de t\u00e9rminos y condiciones en el sitio web del operador o ponerte en contacto con el servicio de atenci\u00f3n al cliente. El juego te est\u00e1 esperando, as\u00ed que no le hagas esperar.<\/p>\n","protected":false},"excerpt":{"rendered":"<p>Para saber elegir adecuadamente el\u00a0casino online seguro y confiable que mejor se adapte a nuestras necesidades es importante valorar muchas cosas. Lo principal es la cantidad de juegos con la que cuente, la atenci\u00f3n al cliente que brinden o la seguridad que pueda dar a los usuarios, con la ayuda de Casino Alto. Sin embargo, [&hellip;]<\/p>\n","protected":false},"author":11,"featured_media":0,"parent":152134,"menu_order":0,"comment_status":"closed","ping_status":"closed","template":"single_codigo.php","meta":{"_acf_changed":false,"footnotes":""},"class_list":["post-10061993","page","type-page","status-publish","hentry"],"acf":[],"_links":{"self":[{"href":"https:\/\/staging.casinoalto.com\/cl\/wp-json\/wp\/v2\/pages\/10061993","targetHints":{"allow":["GET"]}}],"collection":[{"href":"https:\/\/staging.casinoalto.com\/cl\/wp-json\/wp\/v2\/pages"}],"about":[{"href":"https:\/\/staging.casinoalto.com\/cl\/wp-json\/wp\/v2\/types\/page"}],"author":[{"embeddable":true,"href":"https:\/\/staging.casinoalto.com\/cl\/wp-json\/wp\/v2\/users\/11"}],"replies":[{"embeddable":true,"href":"https:\/\/staging.casinoalto.com\/cl\/wp-json\/wp\/v2\/comments?post=10061993"}],"version-history":[{"count":6,"href":"https:\/\/staging.casinoalto.com\/cl\/wp-json\/wp\/v2\/pages\/10061993\/revisions"}],"predecessor-version":[{"id":10063111,"href":"https:\/\/staging.casinoalto.com\/cl\/wp-json\/wp\/v2\/pages\/10061993\/revisions\/10063111"}],"up":[{"embeddable":true,"href":"https:\/\/staging.casinoalto.com\/cl\/wp-json\/wp\/v2\/pages\/152134"}],"wp:attachment":[{"href":"https:\/\/staging.casinoalto.com\/cl\/wp-json\/wp\/v2\/media?parent=10061993"}],"curies":[{"name":"wp","href":"https:\/\/api.w.org\/{rel}","templated":true}]}}