{"id":10062125,"date":"2023-04-14T17:03:03","date_gmt":"2023-04-14T17:03:03","guid":{"rendered":"https:\/\/casinoalto.com\/cl\/?page_id=10062125"},"modified":"2026-01-22T01:23:01","modified_gmt":"2026-01-22T01:23:01","slug":"codigo-promocional-tonybet","status":"publish","type":"page","link":"https:\/\/staging.casinoalto.com\/cl\/codigos\/codigo-promocional-tonybet\/","title":{"rendered":"C\u00f3digo promocional Tonybet"},"content":{"rendered":"<p>Una gran manera de comenzar a probar un casino online es a trav\u00e9s de un <a href=\"\/cl\/bonos-de-bienvenida\/\">bono de bienvenida al registrarse<\/a>, ya que se te<\/p>\n<p>da una bonificaci\u00f3n para que pongas a prueba sus juegos y trates de ver si este es el servicio que te conviene o no, con la ayuda completa de <a href=\"https:\/\/casinoalto.com\/cl\/\" target=\"_blank\" rel=\"noopener\">Casino Alto Chile<\/a>.<\/p>\n<p>En el caso de Tonybet, este operador cuenta con bono de bienvenida que<strong> recompensa tus primeros dos dep\u00f3sitos al 100 por ciento por hasta $275.000 CLP <\/strong>y con el que tambi\u00e9n te dar\u00e1n <strong>150 giros gratis. <\/strong>Ser\u00e1 necesario elegir la <a href=\"https:\/\/casinoalto.com\/cl\/metodos-de-pago\/\" target=\"_blank\" rel=\"noopener\">opci\u00f3n de pago para depositar dinero en el casino<\/a>.<strong><br \/>\n<\/strong><\/p>\n<p>Lo \u00fanico que debes hacer es ingresar a <a href=\"\/cl\/casinos-online\/tonybet\/\">Tonybet casino seguro y confiable<\/a> y registrarte por primera vez en su plataforma, ya que es una promoci\u00f3n exclusiva para usuarios nuevos de la plataforma, por lo que aquellos que ya tienen historia en el casino online no podr\u00e1n participar.<\/p>\n<p>El dep\u00f3sito m\u00ednimo para ambos bonos es de CLP$5.000. Cabe destacar que el porcentaje de la recompensa depender\u00e1 del monto pagado; aqu\u00ed te mostramos las cantidades:<\/p>\n<p><strong>Primer dep\u00f3sito<\/strong><\/p>\n<ul>\n<li>De CLP$5.000 a CLP$50.000: 100% del dep\u00f3sito y 25 giros gratis.<\/li>\n<li>De CLP$50.000 a CLP$100.000: 100% del dep\u00f3sito y 50 giros gratis.<\/li>\n<li>De CLP$100.000 a CLP$200.000: 100% del dep\u00f3sito y 100 giros gratis.<\/li>\n<\/ul>\n<p><strong>Segundo dep\u00f3sito<\/strong><\/p>\n<ul>\n<li>De CLP$5.000 a CLP$50.000: 75% del dep\u00f3sito y 25 giros gratis.<\/li>\n<li>De CLP$50.000 a CLP$100.000: 75% del dep\u00f3sito y 50 giros gratis.<\/li>\n<\/ul>\n<p>Todas las ganancias obtenidas con la ayuda de tiros gratis tienen un requisito de apuesta de 35x. <strong>Las ganancias m\u00e1ximas que se pagar\u00e1n ser\u00e1n de $45,000 CLP.<\/strong> Para retirar ganancias de tu cuenta de Tonybet, debes estar verificado y tambi\u00e9n realizar un dep\u00f3sito m\u00ednimo.<\/p>\n<p><strong>La apuesta m\u00e1xima con un bono activo es de $4,500 CLP.<\/strong> En caso de que superes la apuesta m\u00e1xima cuando el bono est\u00e1 activo, se te podr\u00eda cancelar el bono, de acuerdo con las pol\u00edticas establecidas por Tonybet.<\/p>\n<p>Los bonos de bienvenida de <a href=\"\/cl\/casinos-online\/\">casino online seguro para jugar<\/a> deben apostarse al menos 35 veces antes de que puedas retirar las ganancias recibidas a trav\u00e9s de ellos. No debes olvidar que <strong>contar\u00e1s con 30 d\u00edas para utilizar este bono<\/strong>, o de lo contrario se puede vencer y con ello todas las ganancias que generes durante su uso.<\/p>\n<p>Las apuestas en tragamonedas contribuyen en un 100% a los requisitos de apuestas de bonificaci\u00f3n (excepto en los juegos que se enumeran a continuaci\u00f3n). Los juegos de mesa, los juegos de compra de bonificaci\u00f3n y los juegos con crupier en vivo no cuentan para los requisitos de apuesta de bonificaci\u00f3n.<\/p>\n<p>Hay una serie de juegos que est\u00e1n excluidos de la oferta de promoci\u00f3n de bonificaci\u00f3n, rev\u00edsalos en Tonybet.<\/p>\n","protected":false},"excerpt":{"rendered":"<p>Una gran manera de comenzar a probar un casino online es a trav\u00e9s de un bono de bienvenida al registrarse, ya que se te da una bonificaci\u00f3n para que pongas a prueba sus juegos y trates de ver si este es el servicio que te conviene o no, con la ayuda completa de Casino Alto [&hellip;]<\/p>\n","protected":false},"author":11,"featured_media":0,"parent":152134,"menu_order":0,"comment_status":"closed","ping_status":"closed","template":"single_codigo.php","meta":{"_acf_changed":false,"footnotes":""},"class_list":["post-10062125","page","type-page","status-publish","hentry"],"acf":[],"_links":{"self":[{"href":"https:\/\/staging.casinoalto.com\/cl\/wp-json\/wp\/v2\/pages\/10062125","targetHints":{"allow":["GET"]}}],"collection":[{"href":"https:\/\/staging.casinoalto.com\/cl\/wp-json\/wp\/v2\/pages"}],"about":[{"href":"https:\/\/staging.casinoalto.com\/cl\/wp-json\/wp\/v2\/types\/page"}],"author":[{"embeddable":true,"href":"https:\/\/staging.casinoalto.com\/cl\/wp-json\/wp\/v2\/users\/11"}],"replies":[{"embeddable":true,"href":"https:\/\/staging.casinoalto.com\/cl\/wp-json\/wp\/v2\/comments?post=10062125"}],"version-history":[{"count":6,"href":"https:\/\/staging.casinoalto.com\/cl\/wp-json\/wp\/v2\/pages\/10062125\/revisions"}],"predecessor-version":[{"id":10063081,"href":"https:\/\/staging.casinoalto.com\/cl\/wp-json\/wp\/v2\/pages\/10062125\/revisions\/10063081"}],"up":[{"embeddable":true,"href":"https:\/\/staging.casinoalto.com\/cl\/wp-json\/wp\/v2\/pages\/152134"}],"wp:attachment":[{"href":"https:\/\/staging.casinoalto.com\/cl\/wp-json\/wp\/v2\/media?parent=10062125"}],"curies":[{"name":"wp","href":"https:\/\/api.w.org\/{rel}","templated":true}]}}