{"id":10062781,"date":"2024-09-20T18:38:21","date_gmt":"2024-09-20T18:38:21","guid":{"rendered":"https:\/\/casinoalto.com\/cl\/?page_id=10062781"},"modified":"2025-05-11T20:55:07","modified_gmt":"2025-05-11T20:55:07","slug":"codigo-promocional-megawin","status":"publish","type":"page","link":"https:\/\/staging.casinoalto.com\/cl\/codigos\/codigo-promocional-megawin\/","title":{"rendered":"C\u00f3digo Promocional Megawin"},"content":{"rendered":"<p>Cuando hablamos del <a href=\"\/cl\/casinos-online\/megawin\/\">casino online confiable como Megawin<\/a> lo hacemos de un casino que cuenta con promociones muy atractivas y que cambian constantemente.<\/p>\n<p>Actualmente tienen una promoci\u00f3n que consta del 300% en hasta $3000 d\u00f3lares, un bono de bienvenida bastante bueno para los apostadores de Chile, con la ayuda de <a href=\"https:\/\/casinoalto.com\/cl\/\" target=\"_blank\" rel=\"noopener\">Casino Alto<\/a>.<\/p>\n<p>Este <a href=\"\/cl\/casinos-online\/\">casino en l\u00ednea chileno<\/a> tiene una p\u00e1gina atractiva, sencilla e intuitiva con la que es f\u00e1cil jugar, aunque quiz\u00e1 su principal conflicto es que se paga en d\u00f3lares, mostrando poca adaptabilidad al mercado.<\/p>\n<p>Adem\u00e1s de tener altos m\u00e9todos de seguridad su adaptaci\u00f3n m\u00f3vil es muy diferente, pues no cuenta con una app como tal, sino con un c\u00f3digo QR en el que accedes para entrar a la zona m\u00f3vil.<\/p>\n<p><strong>El bono de bienvenida de Megawin consta de recibir hasta 3000 d\u00f3lares m\u00e1s un total de 100 giros en los juegos seleccionados por el casino, una oportunidad que no puedes dejar pasar y aqu\u00ed te decimos como obtener.<\/strong><\/p>\n<p><em>Pasos a seguir para obtener el bono:<\/em><\/p>\n<ul>\n<li>Reg\u00edstrate en la plataforma y completa todos tus datos a trav\u00e9s de nuestros enlaces.<\/li>\n<li>Realiza tu primer dep\u00f3sito ao eligir la <a href=\"https:\/\/casinoalto.com\/cl\/metodos-de-pago\/\" target=\"_blank\" rel=\"noopener\">forma de pago en el casino<\/a> a trav\u00e9s del c\u00f3digo promocional de Megawin.<\/li>\n<li>Recibe el <a href=\"https:\/\/casinoalto.com\/cl\/bonos-de-bienvenida\/\" target=\"_blank\" rel=\"noopener\">bono de bienvenida para nuevos jugadores<\/a> de hasta 1500 euros para casino.<\/li>\n<li>Dicha promoci\u00f3n ser\u00e1 ingresada de forma autom\u00e1tica en tu cuenta, una vez hecho el dep\u00f3sito.<\/li>\n<\/ul>\n<p>Una vez que haces apuesta en alguno de los juegos de Megawin, el dinero se va a extraer del saldo de tu cuenta y una vez que ese llegue a tu final, comienza a tomarse el saldo del bono para .<\/p>\n<p>Debes saber que puedes retirar el dinero de tus ganancias hasta que cumples con <strong>un rollover de x50<\/strong>. Un ejemplo es que si recibes un bono de 100 d\u00f3lares podr\u00edas retirarlo cuando hayas apostado 5000 d\u00f3lares.<\/p>\n<p>La excelente noticia es que adem\u00e1s cuentas con un regalo de 100 tiradas gratuitas. La mala noticia es que para conocer los juegos en los que puede usarse tendr\u00e1s que registrarte.<\/p>\n","protected":false},"excerpt":{"rendered":"<p>Cuando hablamos del casino online confiable como Megawin lo hacemos de un casino que cuenta con promociones muy atractivas y que cambian constantemente. Actualmente tienen una promoci\u00f3n que consta del 300% en hasta $3000 d\u00f3lares, un bono de bienvenida bastante bueno para los apostadores de Chile, con la ayuda de Casino Alto. Este casino en [&hellip;]<\/p>\n","protected":false},"author":11,"featured_media":0,"parent":152134,"menu_order":0,"comment_status":"closed","ping_status":"closed","template":"single_codigo.php","meta":{"_acf_changed":false,"footnotes":""},"class_list":["post-10062781","page","type-page","status-publish","hentry"],"acf":[],"_links":{"self":[{"href":"https:\/\/staging.casinoalto.com\/cl\/wp-json\/wp\/v2\/pages\/10062781","targetHints":{"allow":["GET"]}}],"collection":[{"href":"https:\/\/staging.casinoalto.com\/cl\/wp-json\/wp\/v2\/pages"}],"about":[{"href":"https:\/\/staging.casinoalto.com\/cl\/wp-json\/wp\/v2\/types\/page"}],"author":[{"embeddable":true,"href":"https:\/\/staging.casinoalto.com\/cl\/wp-json\/wp\/v2\/users\/11"}],"replies":[{"embeddable":true,"href":"https:\/\/staging.casinoalto.com\/cl\/wp-json\/wp\/v2\/comments?post=10062781"}],"version-history":[{"count":6,"href":"https:\/\/staging.casinoalto.com\/cl\/wp-json\/wp\/v2\/pages\/10062781\/revisions"}],"predecessor-version":[{"id":10062988,"href":"https:\/\/staging.casinoalto.com\/cl\/wp-json\/wp\/v2\/pages\/10062781\/revisions\/10062988"}],"up":[{"embeddable":true,"href":"https:\/\/staging.casinoalto.com\/cl\/wp-json\/wp\/v2\/pages\/152134"}],"wp:attachment":[{"href":"https:\/\/staging.casinoalto.com\/cl\/wp-json\/wp\/v2\/media?parent=10062781"}],"curies":[{"name":"wp","href":"https:\/\/api.w.org\/{rel}","templated":true}]}}