{"id":10062832,"date":"2025-04-08T09:59:07","date_gmt":"2025-04-08T09:59:07","guid":{"rendered":"https:\/\/casinoalto.com\/cl\/?page_id=10062832"},"modified":"2026-01-27T15:42:48","modified_gmt":"2026-01-27T15:42:48","slug":"codigo-promocional-betsson","status":"publish","type":"page","link":"https:\/\/staging.casinoalto.com\/cl\/codigos\/codigo-promocional-betsson\/","title":{"rendered":"C\u00f3digo Promocional Betsson"},"content":{"rendered":"<p>Dentro de las amplias posibilidades a la hora de elegir un casino online para empezar a jugar, hay que tener en cuenta muchos aspectos. Desde el cat\u00e1logo de juegos buscando los que m\u00e1s nos interesen, pasando por sus <a href=\"https:\/\/casinoalto.com\/cl\/metodos-de-pago\/\" target=\"_blank\" rel=\"noopener\">opciones de pago para hacer dep\u00f3sitos<\/a>, atenci\u00f3n al cliente o seguridad.<\/p>\n<p>Otro de los motivos a estudiar detenidamente son las ofertas y promociones, en especial en forma de\u00a0<a href=\"\/cl\/bonos-de-bienvenida\/\">bonos de bienvenida para los nuevos usuarios<\/a>. Y en este campo te traemos el espectacular c\u00f3digo promocional de\u00a0<a href=\"\/cl\/casinos-online\/betsson\/\">Betsson en l\u00ednea casino confiable<\/a>, que ofrece\u00a0<strong>hasta $400,000 CLP por realizar tu primer dep\u00f3sito<\/strong>\u00a0con ellos en casino y casino en vivo, adem\u00e1s de un <strong>extra de hasta 200 tiradas gratis<\/strong>.<\/p>\n<p><em>Pasos a seguir para conseguir la promoci\u00f3n:<\/em><\/p>\n<ul>\n<li>Reg\u00edstrate en Betsson a trav\u00e9s de\u00a0nuestros enlaces.<\/li>\n<li>Realiza un dep\u00f3sito de por lo menos $10,000 CLP en casino o en casino en vivo.<\/li>\n<li>Activa el bono de bienvenida y verifica tu cuenta correctamente.<\/li>\n<li>Por cada $10,000 \/ $50,000 CLP jugados, se acreditar\u00e1n en tu cuenta $500 CLP de bono.<\/li>\n<\/ul>\n<p>La oferta concreta de Betsson es un\u00a0<strong>bono de tu primer dep\u00f3sito hasta un m\u00e1ximo de $400,000 CLP + 200 tiradas gratuitas para slots seleccionadas.<\/strong><\/p>\n<p>Es decir, si ingresas $10,000 CLP en tu cuenta y apuestas $10,000 CLP en casino y $50,000 CLP en casino en vivo, te llevar\u00e1s $1,000 CLP como bono ($500 CLP de cada secci\u00f3n). Puedes repetir este proceso hasta 400 veces en cada caso para llevarte $200,000 CLP en cada apartado y completar esos $400,000 CLP.<\/p>\n<p>Este bono tiene una\u00a0<strong>duraci\u00f3n de quince d\u00edas\u00a0<\/strong>para cumplir con los t\u00e9rminos y condiciones. Pasada esa fecha, si no has liberado el dinero m\u00e1s las posibles ganancias quedar\u00e1 anulado. Para poder llevar a cabo la retirada del efectivo, el bono de casino tiene un <strong>rollover (cantidad de apuesta m\u00ednima) de una vez la cuant\u00eda de este<\/strong>.<\/p>\n<p>Es decir, si has recibido por ejemplo un bono de primer ingreso de $1,000 CLP, deber\u00e1s jugar un total de $500 CLP en juegos de tragamonedas y otros $500 CLP en juegos de casino en vivo para liberarlo.<\/p>\n<p>Por su parte, los giros gratuitos son utilizables durante los tres d\u00edas siguientes a su obtenci\u00f3n y los beneficios que se obtengan con ellos se convierten en dinero de bono con un rollover de 25 veces la cuant\u00eda de las ganancias. Su obtenci\u00f3n depende de la cantidad del primer ingreso seg\u00fan los siguientes criterios:<\/p>\n<ul>\n<li>Gana 10 jugadas gratis, si depositas entre $10.000-24.999.<\/li>\n<li>Gana 30 jugadas gratis, si depositas entre $25.000-49.999.<\/li>\n<li>Gana 50 jugadas gratis, si depositas entre $50.000-99.999.<\/li>\n<li>Gana 100 jugadas gratis, si depositas entre $100.000-199.999.<\/li>\n<li>Gana 200 jugadas gratis, si depositas desde $200.000.<\/li>\n<\/ul>\n<p>Esta promoci\u00f3n no es acumulable con otras disponibles en el\u00a0<a href=\"\/cl\/casinos-online\/\">casino online seguro para los chilenos<\/a>, por lo que deber\u00e1s hacer uso de ella y rentabilizar tu ingreso de forma exclusiva.<\/p>\n<p>No olvides que el sistema tomara primero tu saldo real y despu\u00e9s tu saldo de bono. Adem\u00e1s, las apuestas hechas con saldo real contaran para cumplir el rollover del bono.<\/p>\n<p>Las ganancias obtenidas con saldo de bono servir\u00e1n \u00fanicamente para cumplir con el rollover. Esto quiere decir que todas las ganancias obtenidas con saldo de bono ser\u00e1n retiradas una vez el bono sea liberado o expire, como otras opciones listadas por <a href=\"https:\/\/casinoalto.com\/cl\/\" target=\"_blank\" rel=\"noopener\">Casino Alto<\/a>.<\/p>\n","protected":false},"excerpt":{"rendered":"<p>Dentro de las amplias posibilidades a la hora de elegir un casino online para empezar a jugar, hay que tener en cuenta muchos aspectos. Desde el cat\u00e1logo de juegos buscando los que m\u00e1s nos interesen, pasando por sus opciones de pago para hacer dep\u00f3sitos, atenci\u00f3n al cliente o seguridad. Otro de los motivos a estudiar [&hellip;]<\/p>\n","protected":false},"author":18,"featured_media":0,"parent":152134,"menu_order":0,"comment_status":"closed","ping_status":"closed","template":"single_codigo.php","meta":{"_acf_changed":false,"footnotes":""},"class_list":["post-10062832","page","type-page","status-publish","hentry"],"acf":[],"_links":{"self":[{"href":"https:\/\/staging.casinoalto.com\/cl\/wp-json\/wp\/v2\/pages\/10062832","targetHints":{"allow":["GET"]}}],"collection":[{"href":"https:\/\/staging.casinoalto.com\/cl\/wp-json\/wp\/v2\/pages"}],"about":[{"href":"https:\/\/staging.casinoalto.com\/cl\/wp-json\/wp\/v2\/types\/page"}],"author":[{"embeddable":true,"href":"https:\/\/staging.casinoalto.com\/cl\/wp-json\/wp\/v2\/users\/18"}],"replies":[{"embeddable":true,"href":"https:\/\/staging.casinoalto.com\/cl\/wp-json\/wp\/v2\/comments?post=10062832"}],"version-history":[{"count":3,"href":"https:\/\/staging.casinoalto.com\/cl\/wp-json\/wp\/v2\/pages\/10062832\/revisions"}],"predecessor-version":[{"id":10062980,"href":"https:\/\/staging.casinoalto.com\/cl\/wp-json\/wp\/v2\/pages\/10062832\/revisions\/10062980"}],"up":[{"embeddable":true,"href":"https:\/\/staging.casinoalto.com\/cl\/wp-json\/wp\/v2\/pages\/152134"}],"wp:attachment":[{"href":"https:\/\/staging.casinoalto.com\/cl\/wp-json\/wp\/v2\/media?parent=10062832"}],"curies":[{"name":"wp","href":"https:\/\/api.w.org\/{rel}","templated":true}]}}