{"id":141095,"date":"2019-01-10T10:12:06","date_gmt":"2019-01-10T10:12:06","guid":{"rendered":"https:\/\/casinoalto.com\/?page_id=141095"},"modified":"2026-03-23T18:06:43","modified_gmt":"2026-03-23T18:06:43","slug":"casinos-sin-deposito","status":"publish","type":"page","link":"https:\/\/staging.casinoalto.com\/cl\/casinos-sin-deposito\/","title":{"rendered":"Bonos de casino sin dep\u00f3sito"},"content":{"rendered":"<p>En esta p\u00e1gina de <a href=\"https:\/\/casinoalto.com\/cl\/\" target=\"_blank\" rel=\"noopener\">Casino Alto Chile<\/a> encontrar\u00e1s la siguiente informaci\u00f3n:<\/p>\n<ul>\n<li>Una lista completa de los casinos online que regalan dinero sin dep\u00f3sito en Chile<\/li>\n<li>Ventajas y desventajas de los bonos sin dep\u00f3sito<\/li>\n<li>Los tipos de bonos gratis para casino que puedes conseguir<\/li>\n<li>Las posibilidades de ganar dinero real con estos bonos sin dep\u00f3sito<\/li>\n<\/ul>\n<p><strong><em>En estos momentos no tenemos ning\u00fan casino en Chile que ofrezca la opci\u00f3n de conseguir un bono gratis sin dep\u00f3sito. <\/em><\/strong><\/p>\n<p><strong><em>Estos casinos s\u00ed tienen bonos de regalo para el primer dep\u00f3sito que hagas:<br \/>\n<\/em><\/strong><\/p>\n<div id=\"ez-toc-container\" class=\"ez-toc-v2_0_82_2 counter-hierarchy ez-toc-counter ez-toc-custom ez-toc-container-direction\">\n<p class=\"ez-toc-title\" style=\"cursor:inherit\">Tabla de contenidos<\/p>\n<label for=\"ez-toc-cssicon-toggle-item-69d693406796e\" class=\"ez-toc-cssicon-toggle-label\"><span class=\"\"><span class=\"eztoc-hide\" style=\"display:none;\">Toggle<\/span><span class=\"ez-toc-icon-toggle-span\"><svg style=\"fill: #999;color:#999\" xmlns=\"http:\/\/www.w3.org\/2000\/svg\" class=\"list-377408\" width=\"20px\" height=\"20px\" viewBox=\"0 0 24 24\" fill=\"none\"><path d=\"M6 6H4v2h2V6zm14 0H8v2h12V6zM4 11h2v2H4v-2zm16 0H8v2h12v-2zM4 16h2v2H4v-2zm16 0H8v2h12v-2z\" fill=\"currentColor\"><\/path><\/svg><svg style=\"fill: #999;color:#999\" class=\"arrow-unsorted-368013\" xmlns=\"http:\/\/www.w3.org\/2000\/svg\" width=\"10px\" height=\"10px\" viewBox=\"0 0 24 24\" version=\"1.2\" baseProfile=\"tiny\"><path d=\"M18.2 9.3l-6.2-6.3-6.2 6.3c-.2.2-.3.4-.3.7s.1.5.3.7c.2.2.4.3.7.3h11c.3 0 .5-.1.7-.3.2-.2.3-.5.3-.7s-.1-.5-.3-.7zM5.8 14.7l6.2 6.3 6.2-6.3c.2-.2.3-.5.3-.7s-.1-.5-.3-.7c-.2-.2-.4-.3-.7-.3h-11c-.3 0-.5.1-.7.3-.2.2-.3.5-.3.7s.1.5.3.7z\"\/><\/svg><\/span><\/span><\/label><input type=\"checkbox\"  id=\"ez-toc-cssicon-toggle-item-69d693406796e\" checked aria-label=\"Alternar\" \/><nav><ul class='ez-toc-list ez-toc-list-level-1 ' ><li class='ez-toc-page-1 ez-toc-heading-level-2'><a class=\"ez-toc-link ez-toc-heading-1\" href=\"https:\/\/staging.casinoalto.com\/cl\/casinos-sin-deposito\/#%C2%BFQue-son-los-bonos-sin-deposito\" >\u00bfQu\u00e9 son los bonos sin dep\u00f3sito?<\/a><\/li><li class='ez-toc-page-1 ez-toc-heading-level-2'><a class=\"ez-toc-link ez-toc-heading-2\" href=\"https:\/\/staging.casinoalto.com\/cl\/casinos-sin-deposito\/#%C2%BFComo-puedo-conseguir-estos-bonos\" >\u00bfC\u00f3mo puedo conseguir estos bonos?<\/a><ul class='ez-toc-list-level-3' ><li class='ez-toc-heading-level-3'><a class=\"ez-toc-link ez-toc-heading-3\" href=\"https:\/\/staging.casinoalto.com\/cl\/casinos-sin-deposito\/#Bonos-de-casino-por-registro\" >Bonos de casino por registro<\/a><\/li><li class='ez-toc-page-1 ez-toc-heading-level-3'><a class=\"ez-toc-link ez-toc-heading-4\" href=\"https:\/\/staging.casinoalto.com\/cl\/casinos-sin-deposito\/#-Bonos-gratis-para-Tragaperras\" >\u00a0 Bonos gratis para Tragaperras<\/a><\/li><li class='ez-toc-page-1 ez-toc-heading-level-3'><a class=\"ez-toc-link ez-toc-heading-5\" href=\"https:\/\/staging.casinoalto.com\/cl\/casinos-sin-deposito\/#-Bonos-gratis-para-Ruleta\" >\u00a0 Bonos gratis para Ruleta<\/a><\/li><\/ul><\/li><li class='ez-toc-page-1 ez-toc-heading-level-2'><a class=\"ez-toc-link ez-toc-heading-6\" href=\"https:\/\/staging.casinoalto.com\/cl\/casinos-sin-deposito\/#%C2%BFPuedo-ganar-dinero-real-con-mi-bono-sin-deposito\" >\u00bfPuedo ganar dinero real con mi bono sin dep\u00f3sito?<\/a><\/li><li class='ez-toc-page-1 ez-toc-heading-level-2'><a class=\"ez-toc-link ez-toc-heading-7\" href=\"https:\/\/staging.casinoalto.com\/cl\/casinos-sin-deposito\/#%C2%BFCuantos-bonos-de-casino-por-registro-puedo-obtener\" >\u00bfCu\u00e1ntos bonos de casino por registro\u00a0puedo obtener?<\/a><\/li><li class='ez-toc-page-1 ez-toc-heading-level-2'><a class=\"ez-toc-link ez-toc-heading-8\" href=\"https:\/\/staging.casinoalto.com\/cl\/casinos-sin-deposito\/#%C2%BFCual-es-la-diferencia-con-otro-tipo-de-bonos\" >\u00bfCu\u00e1l es la diferencia con otro tipo de bonos?<\/a><\/li><li class='ez-toc-page-1 ez-toc-heading-level-2'><a class=\"ez-toc-link ez-toc-heading-9\" href=\"https:\/\/staging.casinoalto.com\/cl\/casinos-sin-deposito\/#Ventajas-y-desventajas-de-los-bonos-de-casino-sin-deposito\" >Ventajas y desventajas de los bonos de casino sin dep\u00f3sito<\/a><ul class='ez-toc-list-level-3' ><li class='ez-toc-heading-level-3'><a class=\"ez-toc-link ez-toc-heading-10\" href=\"https:\/\/staging.casinoalto.com\/cl\/casinos-sin-deposito\/#Ventajas\" >Ventajas<\/a><\/li><li class='ez-toc-page-1 ez-toc-heading-level-3'><a class=\"ez-toc-link ez-toc-heading-11\" href=\"https:\/\/staging.casinoalto.com\/cl\/casinos-sin-deposito\/#Desventajas\" >Desventajas<\/a><\/li><\/ul><\/li><\/ul><\/nav><\/div>\n<h2><span class=\"ez-toc-section\" id=\"%C2%BFQue-son-los-bonos-sin-deposito\"><\/span>\u00bfQu\u00e9 son los bonos sin dep\u00f3sito?<span class=\"ez-toc-section-end\"><\/span><\/h2>\n<p>Los bonos de casino sin dep\u00f3sito son <a href=\"https:\/\/casinoalto.com\/cl\/bonos-de-bienvenida\/\" target=\"_blank\" rel=\"noopener\">premios para nuevos jugadores de casino<\/a> totalmente gratuitos. Los mejores casinos online de Chile ofrecen una recompensa por el hecho de completar el registro, sin necesidad de realizar ingresos o dep\u00f3sitos, algo que puede ayudar a captar a los jugadores que reci\u00e9n se han acercado al mundo de los juegos de azar.<\/p>\n<p>Para obtener los mejores bonos sin dep\u00f3sito, es necesario que realices el registro en el casino online de tu preferencia.\u00a0A la hora de realizar el registro, adem\u00e1s de todos tus datos personales que incluyen nombres y apellidos, fecha de nacimiento, direcci\u00f3n y otros datos de contacto, tambi\u00e9n se te pedir\u00e1 una cuenta o tarjeta bancaria v\u00e1lida, no te asustes ante esta solicitud, es completamente normal y seguro esta solicitud, ser\u00e1 a trav\u00e9s de estos datos la forma de depositar dinero a tu cuenta.<\/p>\n<p>Es importante destacar que tus datos bancarios e informaci\u00f3n personal estar\u00e1 seguro, los casinos que aqu\u00ed te recomendamos tienen los mejores m\u00e9todos de encriptaci\u00f3n para proteger la informaci\u00f3n.<\/p>\n<p>Tampoco te preocupes por la existencia de alg\u00fan primer cobro, ya que estos casinos que regalan dinero sin dep\u00f3sito no te cobrar\u00e1n nada de forma autom\u00e1tica. Es un paso necesario para recibir tu bono gratuito, posteriormente, cuando liberes o te termines el dinero del bono, ah\u00ed s\u00ed ser\u00e1 necesario comenzar a realizar tus primeros dep\u00f3sitos si deseas seguir jugando.<\/p>\n<h2><span class=\"ez-toc-section\" id=\"%C2%BFComo-puedo-conseguir-estos-bonos\"><\/span>\u00bfC\u00f3mo puedo conseguir estos bonos?<span class=\"ez-toc-section-end\"><\/span><\/h2>\n<p>En esta p\u00e1gina te explicaremos todo acerca de los bonos sin dep\u00f3sito, la forma en la que puedes obtener cada uno de ellos, su funcionamiento y muchos otros detalles que te van a ayudar a entender el mundo de los <a href=\"https:\/\/casinoalto.com\/cl\/casinos-online\/\" target=\"_blank\" rel=\"noopener\">casinos online m\u00e1s populares de Chile<\/a>.<\/p>\n<p>Si eres uno de los nuevos jugadores en uno de los casinos en l\u00ednea que rese\u00f1amos en nuestro sitio web, podr\u00e1s darte cuenta que hay un sinf\u00edn de bonificaciones, probablemente los mejores bonos son aquellos en los que nos enfocaremos aqu\u00ed \u00bfPor qu\u00e9? porque no es necesario invertir nada para comenzar a jugar.<\/p>\n<p>Lo que usualmente se debe hacer es simplemente abrir una cuenta, seguir todos los pasos y comenzar a jugar con la variedad de bonos gratuitos que encontrar\u00e1s en los casinos.<\/p>\n<p>\u00bfTe preguntas cu\u00e1les son estos bonos? Es muy sencillo, existen los giros gratis, que usualmente funcionan en algunos juegos ya seleccionados y tienen cierto valor cada uno, obviamente tienen un rollover para poder liberar el bono.<\/p>\n<p>Es importante destacar que estos giros gratis tambi\u00e9n tienen un par de vertientes: pueden ser para las m\u00e1quinas tragamonedas o para las ruletas, m\u00e1s adelante te hablaremos de las condiciones de cada una de ellas para que lo comprendas mucho mejor.<\/p>\n<p>Tambi\u00e9n te hablaremos de esos sitios web con los que solamente tu registro te valdr\u00e1 para tener una cuant\u00eda con la que podr\u00e1s aprender a jugar en los mejores juegos de azar, algo que te ayudar\u00e1 a sentirte c\u00f3modo antes de aventurarte a utilizar tu dinero al ciento por ciento.<\/p>\n<h3><span class=\"ez-toc-section\" id=\"Bonos-de-casino-por-registro\"><\/span>Bonos de casino por registro<span class=\"ez-toc-section-end\"><\/span><\/h3>\n<p>Estos bonos suelen ser catalogados como una estrategia de marketing m\u00e1s directa para captar a nuevos jugadores, ya sea que reci\u00e9n comiencen su andar por el mundo de los juegos de azar, o que est\u00e9n cambiando de sitio web para jugar.<\/p>\n<p>Como su nombre lo indica, son promociones dirigidas a usuarios nuevos que se registren por primera vez en el casino de su elecci\u00f3n, aunque no todos cuentan con esta clase de bonificaciones. Bastar\u00e1 con completar satisfactoriamente el proceso de inscripci\u00f3n en el casino online para recibir en tu cuenta la cantidad ofertada.<\/p>\n<p>Rellenar los campos con tu informaci\u00f3n personal y en ocasiones bancaria ser\u00e1 todo lo necesario para comenzar con la diversi\u00f3n en esta clase de sitios web.<\/p>\n<p>Es importante se\u00f1alar que estos bonos siempre traen consigo una serie de condiciones espec\u00edficas a cumplir y que podr\u00e1s encontrar directamente en los t\u00e9rminos y condiciones de la p\u00e1gina o bien, en nuestras rese\u00f1as. Adem\u00e1s de las propias del registro, las ganancias suelen estar limitadas a unas cantidades fijas, tienen una fecha espec\u00edfica de caducidad y todos traen consigo un rollover.<\/p>\n<p>Esto b\u00e1sicamente quiere decir que tiene una cantidad de d\u00edas para hacer v\u00e1lidos los beneficios, hay un monto m\u00e1ximo de retirada (espec\u00edficamente en las ganancias con la bonificaci\u00f3n) y el dinero del bono propiamente, se debe apostar una cierta cantidad de ocasiones para poder hacer el retiro de las ganancias correspondientes.<\/p>\n<p>Dicho en otras palabras, el rollover es la cantidad de veces que deber\u00e1s apostar la cuant\u00eda del bono para poder liberar tanto este como los beneficios generados con el juego.<\/p>\n<p>Asimismo, tambi\u00e9n pueden estar limitados a una serie de juegos espec\u00edficos, o bien permitir probar todo el cat\u00e1logo del casino online.<\/p>\n<h3><span class=\"ez-toc-section\" id=\"-Bonos-gratis-para-Tragaperras\"><\/span><img loading=\"lazy\" decoding=\"async\" class=\"alignnone wp-image-147694\" src=\"\/cl\/wp-content\/uploads\/sites\/5\/2017\/08\/003-gambler.webp\" alt=\"slots\" width=\"50\" height=\"50\" \/>\u00a0 Bonos gratis para Tragaperras<span class=\"ez-toc-section-end\"><\/span><\/h3>\n<p>Son los m\u00e1s comunes, ya sea de forma temporal o como promoci\u00f3n fija en cualquier casino online. Ofrecen un bono v\u00e1lido para jugar a las tragamonedas online, ya sea en forma de dinero o directamente como tiradas gratuitas.<\/p>\n<p>Lo m\u00e1s habitual es que los juegos en los que se pueden hacer uso de ellas, ya est\u00e9n marcados por el sitio web, as\u00ed que es muy importante leer los t\u00e9rminos y condiciones para que sepas d\u00f3nde comenzar a familiarizarte con los slots.<\/p>\n<p>Al igual que en el anterior caso, siempre conllevan unas caracter\u00edsticas especiales con respecto a su validez (limitada la amplia mayor\u00eda de veces a un m\u00e1ximo de una semana), ganancias m\u00e1ximas (que suelen estar fijadas en funci\u00f3n al bono de regalo), y rollover para la liberaci\u00f3n del dinero.<\/p>\n<p>En los bonos de casino para slots, el rollover suele estar fijado sobre las ganancias generadas por las propias tiradas, y no en funci\u00f3n al bono en s\u00ed.<\/p>\n<h3><span class=\"ez-toc-section\" id=\"-Bonos-gratis-para-Ruleta\"><\/span><img loading=\"lazy\" decoding=\"async\" class=\"alignnone wp-image-147693\" src=\"\/cl\/wp-content\/uploads\/sites\/5\/2017\/08\/004-roulette.webp\" alt=\"ruleta\" width=\"50\" height=\"50\" \/>\u00a0 Bonos gratis para Ruleta<span class=\"ez-toc-section-end\"><\/span><\/h3>\n<p>No son tan comunes, aunque tambi\u00e9n existen en forma de promoci\u00f3n temporal en determinados momentos. Con estos recibir\u00e1s un bono de casino para jugar gratis a los juegos de ruleta.<\/p>\n<p>Pueden ser en forma de dinero, o como apuestas gratuitas para usar directamente en las mesas. Ruleta americana para jugar en l\u00ednea, francesa, europea&#8230; Si lo tuyo es la ruleta, estos bonos son ideales.<\/p>\n<p>Estos bonos tienen una caducidad definida, llevan marcada la cantidad de veces que deber\u00e1s apostar el propio bono o las ganancias generadas para poder liberarlas (tambi\u00e9n llamado rollover o playthrough) y siempre tendr\u00e1n unos l\u00edmites de ganancias.<\/p>\n<h2><span class=\"ez-toc-section\" id=\"%C2%BFPuedo-ganar-dinero-real-con-mi-bono-sin-deposito\"><\/span>\u00bfPuedo ganar dinero real con mi bono sin dep\u00f3sito?<span class=\"ez-toc-section-end\"><\/span><\/h2>\n<p>La respuesta es s\u00ed, puedes conseguir dinero real con los bonos gratis de casino, para ello es importante hacer caso a lo que te hemos mencionado a lo largo de este texto: debes de cumplir las condiciones del bono y solamente podr\u00e1s obtener un monto m\u00e1ximo, esto \u00faltimo depende obviamente de los t\u00e9rminos y condiciones de cada una de las casas.<\/p>\n<p>Puedes pensar que, al ser un &#8220;regalo&#8221; por el simple hecho de registrarte o aprovechar una promoci\u00f3n, el casino no te ofrecer\u00e1 la opci\u00f3n de conseguir dinero real a trav\u00e9s de esto.<\/p>\n<p>Nada m\u00e1s lejos de la realidad. Cumpliendo las condiciones de liberaci\u00f3n concretas de la promoci\u00f3n podr\u00e1s retirar tus ganancias y disfrutar de ese dinero fuera del casino online.<\/p>\n<p>Las casas de juego utilizan estas promociones para atraer jugadores a modo de publicidad. Siempre que se trate de casinos online legales en Chile no tienes que preocuparte por nada, si consigues ganancias las podr\u00e1s retirar.<\/p>\n<h2><span class=\"ez-toc-section\" id=\"%C2%BFCuantos-bonos-de-casino-por-registro-puedo-obtener\"><\/span>\u00bfCu\u00e1ntos bonos de casino por registro\u00a0puedo obtener?<span class=\"ez-toc-section-end\"><\/span><\/h2>\n<p>Podr\u00e1s conseguir un bono de casino gratis por registro.<\/p>\n<p>Al ser por registro, solo est\u00e1 permitido un registro por usuario\/IP, por lo que solo podr\u00e1s disfrutarlo la primera vez al darte de alta en el casino online. Estos comprobar\u00e1n a conciencia los datos que aportes, as\u00ed que no intentes col\u00e1rsela porque se dar\u00e1n cuenta y te quedar\u00e1s sin tu recompensa.<\/p>\n<p>Sin embargo, s\u00ed podr\u00e1s disfrutar todas las veces que quieras de los bonos gratis ofertados en promociones temporales, tales como los bonos gratis de slots, ruleta o blackjack. Estos, que aparecen cada cierto tiempo, no tienen limitaciones m\u00e1s de all\u00e1 de la duraci\u00f3n.<\/p>\n<p>Adem\u00e1s, al ser eventos temporales fijados por los casinos a su antojo, tendr\u00e1n una duraci\u00f3n delimitada durante la que conseguirlos, en la mayor\u00eda de casos de 7 d\u00edas.<\/p>\n<p>Por ello deber\u00e1s estar atento a toda la actualidad que te ofrecemos en <em>CasinoAlto<\/em> al respecto de las promociones de casino, para no perderte ninguna y estar al d\u00eda.<\/p>\n<h2><span class=\"ez-toc-section\" id=\"%C2%BFCual-es-la-diferencia-con-otro-tipo-de-bonos\"><\/span>\u00bfCu\u00e1l es la diferencia con otro tipo de bonos?<span class=\"ez-toc-section-end\"><\/span><\/h2>\n<p>La principal diferencia es que otra clase de bonificaciones tienen como un requisito indispensable realizar un primer dep\u00f3sito, mismo que tiene ciertas caracter\u00edsticas. Lo m\u00e1s habitual es que te ofrezcan un porcentaje hasta una cantidad m\u00e1xima, por ejemplo, el 100 por ciento de bonificaci\u00f3n en hasta 20 mil pesos chilenos, esto querr\u00eda decir que podr\u00edas comenzar a jugar hasta con 40 mil pesos chilenos.<\/p>\n<p>Usualmente, para esta clase de promociones de bienvenida, al jugador nuevo le solicitar\u00e1n un primer dep\u00f3sito con un importe m\u00ednimo, por ejemplo, 5 mil pesos chilenos, y en caso de que justo deposites el m\u00ednimo, podr\u00edas arrancar con los 10 mil pesos del ejemplo.<\/p>\n<p>Obviamente las cifras que hemos mencionado con anterioridad solamente han sido usadas de manera ilustrativa y nada tienen que ver con las cuant\u00edas que cada uno de los casinos haya decidido como su promoci\u00f3n de bienvenida.<\/p>\n<h2><span class=\"ez-toc-section\" id=\"Ventajas-y-desventajas-de-los-bonos-de-casino-sin-deposito\"><\/span>Ventajas y desventajas de los bonos de casino sin dep\u00f3sito<span class=\"ez-toc-section-end\"><\/span><\/h2>\n<p>Ahora que ya conoces qu\u00e9 son, c\u00f3mo funcionan, qu\u00e9 tipos hay y otros detalles de estos bonos, llega el momento de decidir. \u00bfDe verdad son rentables? \u00bfEs buena idea utilizar este tipo de bonos?<\/p>\n<p>En este apartado te contaremos un poco acerca de los pros y los contras que existen en los casinos sin dep\u00f3sito, de tal manera que puedas tomar la mejor decisi\u00f3n en torno a esta clase de oferta.<\/p>\n<p>Al final, lo m\u00e1s importante es que t\u00fa quedes convencido de que tomar\u00e1s la mejor opci\u00f3n y te sentir\u00e1s completamente a gusto y contento con el casino en el que comiences a jugar, al final, los bonos son solamente una manera de atraerte, pero todo a su alrededor es importante para elegir.<\/p>\n<h3><span class=\"ez-toc-section\" id=\"Ventajas\"><\/span>Ventajas<span class=\"ez-toc-section-end\"><\/span><\/h3>\n<ul>\n<li><strong>Fiabilidad.\u00a0<\/strong>En <em>CasinoAlto<\/em> siempre te ofrecemos las mejores ofertas de casinos online totalmente fiables y seguros. Con los bonos por dep\u00f3sito o los bonos gratis no \u00edbamos a ser menos, por lo que puedes confiar en todo lo que veas sin temor a enga\u00f1os.<\/li>\n<li><strong>El hecho de ser gratis.<\/strong>\u00a0A todo el mundo le gusta recibir cosas sin tener que dar dinero a cambio, punto a favor.<\/li>\n<li><strong>Probar juegos sin riesgo.\u00a0<\/strong>Si alg\u00fan juego concreto te llama la atenci\u00f3n, quieres perfeccionar tu estrategia o simplemente deseas ir probando, los bonos gratuitos son tu mejor opci\u00f3n ya que podr\u00e1s hacerlo sin arriesgar nada.<\/li>\n<li><strong>Conseguir beneficios sin invertir.\u00a0<\/strong>Es cierto que, al estar limitadas, las ganancias nunca ser\u00e1n estratosf\u00e9ricas. Pero tienes la oportunidad de conseguir algo de dinero si juegas bien tus bazas sin realizar ingresos ni gastar tus fondos.<\/li>\n<li><strong>Acceso a otras ventajas<\/strong>. En la mayor\u00eda de ocasiones, junto a los bonos de bienvenida sin dep\u00f3sito podr\u00e1s hacerte con otros bonos promocionales una vez realices tu primer dep\u00f3sito, dependiendo tambi\u00e9n de la <a href=\"https:\/\/casinoalto.com\/cl\/metodos-de-pago\/\" target=\"_blank\" rel=\"noopener\">forma de pago elegida para el casino<\/a>.<\/li>\n<\/ul>\n<h3><span class=\"ez-toc-section\" id=\"Desventajas\"><\/span>Desventajas<span class=\"ez-toc-section-end\"><\/span><\/h3>\n<ul>\n<li><strong>Altas condiciones de liberaci\u00f3n<\/strong>. Es la gran contra, el rollover. Salvo contadas excepciones, suelen llevar consigo unas altas condiciones de apuesta que obligan a jugar bastante dinero para retirar los beneficios.<\/li>\n<li><strong>Fecha de caducidad<\/strong>. Esta circunstancia no es exclusiva de los bonos sin dep\u00f3sito, pero estos en concreto suelen tener un margen muy peque\u00f1o para ser utilizados, habitualmente de 30 d\u00edas. Tenlo muy en cuenta para no perderlos.<\/li>\n<li><strong>Beneficios limitados<\/strong>. Como es l\u00f3gico, no puedes conseguir ganancias infinitas. Si la suerte est\u00e1 de tu parte con los bonos gratis, los beneficios estar\u00e1n limitados a una cantidad concreta que no suele ser demasiado alta.<\/li>\n<\/ul>\n","protected":false},"excerpt":{"rendered":"<p>En esta p\u00e1gina de Casino Alto Chile encontrar\u00e1s la siguiente informaci\u00f3n: Una lista completa de los casinos online que regalan dinero sin dep\u00f3sito en Chile Ventajas y desventajas de los bonos sin dep\u00f3sito Los tipos de bonos gratis para casino que puedes conseguir Las posibilidades de ganar dinero real con estos bonos sin dep\u00f3sito En [&hellip;]<\/p>\n","protected":false},"author":18,"featured_media":0,"parent":0,"menu_order":0,"comment_status":"closed","ping_status":"closed","template":"page-casinos.php","meta":{"_acf_changed":false,"footnotes":""},"class_list":["post-141095","page","type-page","status-publish","hentry"],"acf":[],"_links":{"self":[{"href":"https:\/\/staging.casinoalto.com\/cl\/wp-json\/wp\/v2\/pages\/141095","targetHints":{"allow":["GET"]}}],"collection":[{"href":"https:\/\/staging.casinoalto.com\/cl\/wp-json\/wp\/v2\/pages"}],"about":[{"href":"https:\/\/staging.casinoalto.com\/cl\/wp-json\/wp\/v2\/types\/page"}],"author":[{"embeddable":true,"href":"https:\/\/staging.casinoalto.com\/cl\/wp-json\/wp\/v2\/users\/18"}],"replies":[{"embeddable":true,"href":"https:\/\/staging.casinoalto.com\/cl\/wp-json\/wp\/v2\/comments?post=141095"}],"version-history":[{"count":7,"href":"https:\/\/staging.casinoalto.com\/cl\/wp-json\/wp\/v2\/pages\/141095\/revisions"}],"predecessor-version":[{"id":10063115,"href":"https:\/\/staging.casinoalto.com\/cl\/wp-json\/wp\/v2\/pages\/141095\/revisions\/10063115"}],"wp:attachment":[{"href":"https:\/\/staging.casinoalto.com\/cl\/wp-json\/wp\/v2\/media?parent=141095"}],"curies":[{"name":"wp","href":"https:\/\/api.w.org\/{rel}","templated":true}]}}