{"id":10060596,"date":"2022-07-22T21:22:25","date_gmt":"2022-07-22T21:22:25","guid":{"rendered":"https:\/\/casinoalto.com\/co\/?page_id=10060596"},"modified":"2026-01-22T02:49:10","modified_gmt":"2026-01-22T02:49:10","slug":"codigo-promocional-betsson","status":"publish","type":"page","link":"https:\/\/staging.casinoalto.com\/co\/codigos\/codigo-promocional-betsson\/","title":{"rendered":"C\u00f3digo promocional Betsson"},"content":{"rendered":"<p>Dentro de las amplias posibilidades a la hora de elegir un <a href=\"https:\/\/casinoalto.com\/co\/casinos-online\/\" target=\"_blank\" rel=\"noopener\">casino online seguro y confiable para empezar a jugar<\/a>, hay que tener en cuenta muchos aspectos. Desde el cat\u00e1logo de juegos buscando los que m\u00e1s nos interesen, pasando por sus opciones de pago, atenci\u00f3n al cliente o seguridad.<\/p>\n<p>Otro de los motivos a estudiar detenidamente son las ofertas y promociones, en especial en forma de\u00a0<a href=\"\/co\/bonos-de-bienvenida\/\">bonos de bienvenida para nuevos usuarios<\/a>. Y en este campo te traemos el espectacular c\u00f3digo promocional de\u00a0<a href=\"\/co\/casinos-online\/betsson\/\">un casino confiable como Betsson<\/a>, que ofrece\u00a0<strong>hasta $1,000,000 COP por realizar tu primer dep\u00f3sito<\/strong>\u00a0con ellos en casino y casino en vivo, adem\u00e1s de un <strong>reembolso del 50% en Aviator y Spaceman<\/strong>.<\/p>\n<p><em>Pasos a seguir para conseguir la promoci\u00f3n:<\/em><\/p>\n<ul>\n<li>Reg\u00edstrate en Betsson a trav\u00e9s de\u00a0nuestros enlaces.<\/li>\n<li>Realiza un dep\u00f3sito con las <a href=\"https:\/\/casinoalto.com\/co\/metodos-de-pago\/\" target=\"_blank\" rel=\"noopener\">formas de pago para el casino<\/a> de por lo menos $50,000 COP en casino o $250,000 COP en casino en vivo.<\/li>\n<li>Activa el bono de bienvenida y verifica tu cuenta correctamente.<\/li>\n<li>Por cada $50,000 \/ $250,000 COP jugados, se acreditar\u00e1n en tu cuenta $5,000 COP de bono.<\/li>\n<\/ul>\n<p>La oferta concreta de Betsson es un\u00a0<strong>bono de tu primer dep\u00f3sito hasta un m\u00e1ximo de $1,000,000 COP + reembolso del 50% en Aviator y Spaceman<\/strong>, lo que hace de este bono uno de los m\u00e1s ventajosos ofrecidos por los casinos rese\u00f1ados por <a href=\"https:\/\/casinoalto.com\/co\/\" target=\"_blank\" rel=\"noopener\">Casino Alto Colombia<\/a>.<\/p>\n<p>Es decir, si ingresas y apuestas $50,000 COP en casino y $250,000 COP en casino en vivo, te llevar\u00e1s $10,000 COP como bono ($5,000 COP de cada secci\u00f3n). Puedes repetir este proceso hasta 100 veces en cada caso para llevarte $500,000 COP en cada apartado y completar ese $1,000,000 COP.<\/p>\n<p>Este bono tiene una\u00a0<strong>duraci\u00f3n de siete d\u00edas\u00a0<\/strong>para cumplir con los t\u00e9rminos y condiciones. Pasada esa fecha, si no has liberado el dinero m\u00e1s las posibles ganancias quedar\u00e1 anulado. Para poder llevar a cabo la retirada del efectivo, el bono de casino tiene un <strong>rollover (cantidad de apuesta m\u00ednima) de una vez la cuant\u00eda de este<\/strong>, mientras que el bono de reembolso lo tiene de cinco veces.<\/p>\n<p>Es decir, si has recibido por ejemplo un bono de primer ingreso de $100,000 COP, deber\u00e1s jugar un total de $50,000 COP en juegos de tragamonedas y otros $50,000 COP en juegos de casino en vivo para liberarlo. Si adem\u00e1s has a\u00f1adido $4,000 COP de reembolso en Aviator y Spaceman, deber\u00e1s apostar $20,000 COP m\u00e1s en ellos.<\/p>\n<p>Esta promoci\u00f3n no es acumulable con otras disponibles en el\u00a0casino online, por lo que deber\u00e1s hacer uso de ella y rentabilizar tu ingreso de forma exclusiva.<\/p>\n<p>El monto liberado del bono de bienvenida de Betsson\u00a0<strong>ser\u00e1 de un m\u00e1ximo de la cuant\u00eda total del bono<\/strong>, es decir, si retiras tu dinero durante la actividad el bono ser\u00e1 eliminado autom\u00e1ticamente.<\/p>\n<p>No olvides que el sistema tomara primero tu saldo real y despu\u00e9s tu saldo de bono. Adem\u00e1s, las apuestas hechas con saldo real contaran para cumplir el rollover del bono.<\/p>\n<p>Las ganancias obtenidas con saldo de bono servir\u00e1n \u00fanicamente para cumplir con el rollover. Esto quiere decir que todas las ganancias obtenidas con saldo de bono ser\u00e1n retiradas una vez el bono sea liberado o expire.<\/p>\n","protected":false},"excerpt":{"rendered":"<p>Dentro de las amplias posibilidades a la hora de elegir un casino online seguro y confiable para empezar a jugar, hay que tener en cuenta muchos aspectos. Desde el cat\u00e1logo de juegos buscando los que m\u00e1s nos interesen, pasando por sus opciones de pago, atenci\u00f3n al cliente o seguridad. Otro de los motivos a estudiar [&hellip;]<\/p>\n","protected":false},"author":6,"featured_media":0,"parent":152134,"menu_order":0,"comment_status":"closed","ping_status":"closed","template":"single_codigo.php","meta":{"_acf_changed":false,"footnotes":""},"class_list":["post-10060596","page","type-page","status-publish","hentry"],"acf":[],"_links":{"self":[{"href":"https:\/\/staging.casinoalto.com\/co\/wp-json\/wp\/v2\/pages\/10060596","targetHints":{"allow":["GET"]}}],"collection":[{"href":"https:\/\/staging.casinoalto.com\/co\/wp-json\/wp\/v2\/pages"}],"about":[{"href":"https:\/\/staging.casinoalto.com\/co\/wp-json\/wp\/v2\/types\/page"}],"author":[{"embeddable":true,"href":"https:\/\/staging.casinoalto.com\/co\/wp-json\/wp\/v2\/users\/6"}],"replies":[{"embeddable":true,"href":"https:\/\/staging.casinoalto.com\/co\/wp-json\/wp\/v2\/comments?post=10060596"}],"version-history":[{"count":7,"href":"https:\/\/staging.casinoalto.com\/co\/wp-json\/wp\/v2\/pages\/10060596\/revisions"}],"predecessor-version":[{"id":10061262,"href":"https:\/\/staging.casinoalto.com\/co\/wp-json\/wp\/v2\/pages\/10060596\/revisions\/10061262"}],"up":[{"embeddable":true,"href":"https:\/\/staging.casinoalto.com\/co\/wp-json\/wp\/v2\/pages\/152134"}],"wp:attachment":[{"href":"https:\/\/staging.casinoalto.com\/co\/wp-json\/wp\/v2\/media?parent=10060596"}],"curies":[{"name":"wp","href":"https:\/\/api.w.org\/{rel}","templated":true}]}}