{"id":135082,"date":"2016-11-13T17:21:43","date_gmt":"2016-11-13T17:21:43","guid":{"rendered":"http:\/\/localhost:8000\/?page_id=2"},"modified":"2026-03-23T18:07:02","modified_gmt":"2026-03-23T18:07:02","slug":"bonos-de-bienvenida","status":"publish","type":"page","link":"https:\/\/staging.casinoalto.com\/co\/bonos-de-bienvenida\/","title":{"rendered":"Bonos"},"content":{"rendered":"<p><div id=\"allBonoCasino\" class=\"space-companies-archive-items box-100 relative casas-home-custom\" style=\"margin: 0;\"><div class=\"space-casinos-3-archive-item box-100 relative\">\n\t\t\t\t\t<div class=\"space-casinos-3-archive-item-ins relative\">\n\t\t\t\t\t\t<div class=\"space-casinos-3-archive-item-logo box-25 relative\">\n\t\t\t\t\t\t\t<div class=\"space-casinos-3-archive-item-logo-ins box-100 text-center relative\">\n\t\t\t\t\t\t\t\t<a href=\"https:\/\/staging.casinoalto.com\/co\/casinos-online\/betsson\/\" title=\"Betsson\">\n\t\t\t\t\t\t\t\t\t<img decoding=\"async\" class=\"skip-lazy\" src=\"https:\/\/staging.casinoalto.com\/co\/wp-content\/uploads\/sites\/6\/2022\/07\/betsson-logo.webp\" alt=\"Betsson\">\n\t\t\t\t\t\t\t\t<\/a>\n\t\t\t\t\t\t\t\t<span class=\"print-title-casa\">Betsson<\/span>\n\t\t\t\t\t\t\t<\/div>\n\t\t\t\t\t\t\t<div class=\"mobileStars space-casinos-3-archive-item-rating-ins box-100 text-center relative\">\n\t\t\t\t\t\t\t<p style=\"line-height:1;margin:0;font-size: 0.75rem;padding: 0;color: #7f8c8d;\">Valoraci\u00f3n del Casino<\/p>\n\t\t\t\t\t\t\t<div class=\"space-casinos-3-archive-item-rating-box relative\">\n\t\t\t\t\t\t\t\t<span class=\"rankgin_casa\">4.7<\/span><span class=\"rankginB_casa\">\/ 5<\/span><div class=\"star-rating\"><span class=\"screen-reader-text\">4,7 rating<\/span><div class=\"star star-full\" aria-hidden=\"true\"><\/div><div class=\"star star-full\" aria-hidden=\"true\"><\/div><div class=\"star star-full\" aria-hidden=\"true\"><\/div><div class=\"star star-full\" aria-hidden=\"true\"><\/div><div class=\"star star-half\" aria-hidden=\"true\"><\/div><\/div>\n\t\t\t\t\t\t\t<\/div>\n\t\t\t\t\t\t\t<\/div>\n\t\t\t\t\t\t<\/div>\n\t\t\t\t\t\t<div class=\"space-casinos-3-archive-item-terms box-50 relative\">\n\t\t\t\t\t\t\t<div class=\"space-casinos-3-archive-item-terms-ins box-100 relative\"><strong>Bono de COP$1.000.000<\/strong><span class=\"bono_adicional\">+50% cashback en juegos exclusivos<\/span><span class=\"extracto_casino\">Betsson es un casino sueco que lleva mucho a\u00f1os en el mercado del juego y que destaca tanto por su servicio de soporte como por el buen funcionamiento de sus juegos online.<\/span><br>\n\t\t\t\t\t\t\t\t<div class=\"seccion-categorias-casino\">\n\t\t\t\t\t\t\t\t\t<div class=\"categoria-casino\">Dep. Min<span>COP$50.000<\/span><\/div>\n\t\t\t\t\t\t\t\t\t<div class=\"categoria-casino\">Porcentaje<span>10%<\/span><\/div>\n\t\t\t\t\t\t\t\t\t<div class=\"categoria-casino\">Rollover<span>x1<\/span><\/div>\n\t\t\t\t\t\t\t\t\t<div class=\"categoria-casino\">Vigencia<span>7 d\u00edas<\/span><\/div>\n\t\t\t\t\t\t\t\t\t<div class=\"categoria-casino\">Codigo<span>No tiene<\/span><\/div>\n\t\t\t\t\t\t\t\t<\/div>\n\t\t\t\t\t\t\t<\/div>\n\t\t\t\t\t\t<\/div>\n\t\t\t\t\t\t<div class=\"space-casinos-3-archive-item-rating box-10 relative\" style=\"justify-content: center;\">\n\t\t\t\t\t\t\t<div class=\"space-casinos-3-archive-item-rating-ins box-100 text-center relative\">\n\t\t\t\t\t\t\t\t<p style=\"line-height:1;margin:0;font-size: 0.75rem;padding: 0;color: #7f8c8d;\">Valoraci\u00f3n del Casino<\/p>\n\t\t\t\t\t\t\t\t<div class=\"space-casinos-3-archive-item-rating-box relative\"><span class=\"rankgin_casa\">4.7<\/span><span class=\"rankginB_casa\"> \/ 5<\/span><div class=\"star-rating\"><span class=\"screen-reader-text\">4,7 rating<\/span><div class=\"star star-full\" aria-hidden=\"true\"><\/div><div class=\"star star-full\" aria-hidden=\"true\"><\/div><div class=\"star star-full\" aria-hidden=\"true\"><\/div><div class=\"star star-full\" aria-hidden=\"true\"><\/div><div class=\"star star-half\" aria-hidden=\"true\"><\/div><\/div><\/div>\n\t\t\t\t\t\t\t<\/div>\n\t\t\t\t\t\t<\/div>\n\t\t\t\t\t\t<div class=\"space-casinos-3-archive-item-button box-20 relative\" style=\"flex-direction: column;\">\n\t\t\t\t\t\t\t<div class=\"space-casinos-3-archive-item-button-ins box-75 text-center relative\">\n\n\t\t\t\t\t\t\t\t<a class=\" cta_casino \" href=\"https:\/\/casinoalto.com\/ir\/betsson-co\/\" title=\"Apostar ya\" rel=\"nofollow noopener\" data-trackers=\"\" data-casino-id=\"10060592\" style=\"cursor:pointer;color: #fff !important;text-decoration: none;box-shadow: none;\" target=\"_blank\"> Apostar ya<i class=\"fas fa-solid fa-angles-right\" style=\"padding: 0 10px;font-size: 0.9rem;\"><\/i>\n\t\t\t\t\t\t\t\t<\/a>\n\t\t\t\t\t\t\t<\/div>\n\t\t\t\t\t\t<\/div>\n\t\t\t\t\t\t\n\t\t\t\t\t<\/div>\n\t\t\t\t<\/div><div class=\"space-casinos-3-archive-item box-100 relative\">\n\t\t\t\t\t<div class=\"space-casinos-3-archive-item-ins relative\">\n\t\t\t\t\t\t<div class=\"space-casinos-3-archive-item-logo box-25 relative\">\n\t\t\t\t\t\t\t<div class=\"space-casinos-3-archive-item-logo-ins box-100 text-center relative\">\n\t\t\t\t\t\t\t\t<a href=\"https:\/\/staging.casinoalto.com\/co\/casinos-online\/luckia\/\" title=\"Luckia\">\n\t\t\t\t\t\t\t\t\t<img decoding=\"async\" class=\"skip-lazy\" src=\"https:\/\/staging.casinoalto.com\/co\/wp-content\/uploads\/sites\/6\/2020\/03\/Luckia-Casino.webp\" alt=\"Luckia\">\n\t\t\t\t\t\t\t\t<\/a>\n\t\t\t\t\t\t\t\t<span class=\"print-title-casa\">Luckia<\/span>\n\t\t\t\t\t\t\t<\/div>\n\t\t\t\t\t\t\t<div class=\"mobileStars space-casinos-3-archive-item-rating-ins box-100 text-center relative\">\n\t\t\t\t\t\t\t<p style=\"line-height:1;margin:0;font-size: 0.75rem;padding: 0;color: #7f8c8d;\">Valoraci\u00f3n del Casino<\/p>\n\t\t\t\t\t\t\t<div class=\"space-casinos-3-archive-item-rating-box relative\">\n\t\t\t\t\t\t\t\t<span class=\"rankgin_casa\">4.9<\/span><span class=\"rankginB_casa\">\/ 5<\/span><div class=\"star-rating\"><span class=\"screen-reader-text\">4,9 rating<\/span><div class=\"star star-full\" aria-hidden=\"true\"><\/div><div class=\"star star-full\" aria-hidden=\"true\"><\/div><div class=\"star star-full\" aria-hidden=\"true\"><\/div><div class=\"star star-full\" aria-hidden=\"true\"><\/div><div class=\"star star-half\" aria-hidden=\"true\"><\/div><\/div>\n\t\t\t\t\t\t\t<\/div>\n\t\t\t\t\t\t\t<\/div>\n\t\t\t\t\t\t<\/div>\n\t\t\t\t\t\t<div class=\"space-casinos-3-archive-item-terms box-50 relative\">\n\t\t\t\t\t\t\t<div class=\"space-casinos-3-archive-item-terms-ins box-100 relative\"><strong>Bono de COP$250.000<\/strong><span class=\"extracto_casino\">M\u00e1s all\u00e1 de los locales f\u00edsicos que posee en Colombia y que avalan su gran experiencia, Luckia cuenta con un casino amplio y perfectamente adaptado a peque\u00f1as pantallas.<\/span><br>\n\t\t\t\t\t\t\t\t<div class=\"seccion-categorias-casino\">\n\t\t\t\t\t\t\t\t\t<div class=\"categoria-casino\">Dep. Min<span>COP$5.000<\/span><\/div>\n\t\t\t\t\t\t\t\t\t<div class=\"categoria-casino\">Porcentaje<span>100%<\/span><\/div>\n\t\t\t\t\t\t\t\t\t<div class=\"categoria-casino\">Rollover<span>x30<\/span><\/div>\n\t\t\t\t\t\t\t\t\t<div class=\"categoria-casino\">Vigencia<span>7 d\u00edas<\/span><\/div>\n\t\t\t\t\t\t\t\t\t<div class=\"categoria-casino\">Codigo<span>No hay<\/span><\/div>\n\t\t\t\t\t\t\t\t<\/div>\n\t\t\t\t\t\t\t<\/div>\n\t\t\t\t\t\t<\/div>\n\t\t\t\t\t\t<div class=\"space-casinos-3-archive-item-rating box-10 relative\" style=\"justify-content: center;\">\n\t\t\t\t\t\t\t<div class=\"space-casinos-3-archive-item-rating-ins box-100 text-center relative\">\n\t\t\t\t\t\t\t\t<p style=\"line-height:1;margin:0;font-size: 0.75rem;padding: 0;color: #7f8c8d;\">Valoraci\u00f3n del Casino<\/p>\n\t\t\t\t\t\t\t\t<div class=\"space-casinos-3-archive-item-rating-box relative\"><span class=\"rankgin_casa\">4.9<\/span><span class=\"rankginB_casa\"> \/ 5<\/span><div class=\"star-rating\"><span class=\"screen-reader-text\">4,9 rating<\/span><div class=\"star star-full\" aria-hidden=\"true\"><\/div><div class=\"star star-full\" aria-hidden=\"true\"><\/div><div class=\"star star-full\" aria-hidden=\"true\"><\/div><div class=\"star star-full\" aria-hidden=\"true\"><\/div><div class=\"star star-half\" aria-hidden=\"true\"><\/div><\/div><\/div>\n\t\t\t\t\t\t\t<\/div>\n\t\t\t\t\t\t<\/div>\n\t\t\t\t\t\t<div class=\"space-casinos-3-archive-item-button box-20 relative\" style=\"flex-direction: column;\">\n\t\t\t\t\t\t\t<div class=\"space-casinos-3-archive-item-button-ins box-75 text-center relative\">\n\n\t\t\t\t\t\t\t\t<a class=\" cta_casino \" href=\"https:\/\/casinoalto.com\/ir\/luckia-co\/\" title=\"Apostar ya\" rel=\"nofollow noopener\" data-trackers=\"\" data-casino-id=\"152209\" style=\"cursor:pointer;color: #fff !important;text-decoration: none;box-shadow: none;\" target=\"_blank\"> Apostar ya<i class=\"fas fa-solid fa-angles-right\" style=\"padding: 0 10px;font-size: 0.9rem;\"><\/i>\n\t\t\t\t\t\t\t\t<\/a>\n\t\t\t\t\t\t\t<\/div>\n\t\t\t\t\t\t<\/div>\n\t\t\t\t\t\t\n\t\t\t\t\t<\/div>\n\t\t\t\t<\/div><div class=\"space-casinos-3-archive-item box-100 relative\">\n\t\t\t\t\t<div class=\"space-casinos-3-archive-item-ins relative\">\n\t\t\t\t\t\t<div class=\"space-casinos-3-archive-item-logo box-25 relative\">\n\t\t\t\t\t\t\t<div class=\"space-casinos-3-archive-item-logo-ins box-100 text-center relative\">\n\t\t\t\t\t\t\t\t<a href=\"https:\/\/staging.casinoalto.com\/co\/casinos-online\/codere-casino\/\" title=\"Codere Casino\">\n\t\t\t\t\t\t\t\t\t<img decoding=\"async\" class=\"skip-lazy\" src=\"https:\/\/staging.casinoalto.com\/co\/wp-content\/uploads\/sites\/6\/2020\/03\/codere.webp\" alt=\"Codere Casino\">\n\t\t\t\t\t\t\t\t<\/a>\n\t\t\t\t\t\t\t\t<span class=\"print-title-casa\">Codere Casino<\/span>\n\t\t\t\t\t\t\t<\/div>\n\t\t\t\t\t\t\t<div class=\"mobileStars space-casinos-3-archive-item-rating-ins box-100 text-center relative\">\n\t\t\t\t\t\t\t<p style=\"line-height:1;margin:0;font-size: 0.75rem;padding: 0;color: #7f8c8d;\">Valoraci\u00f3n del Casino<\/p>\n\t\t\t\t\t\t\t<div class=\"space-casinos-3-archive-item-rating-box relative\">\n\t\t\t\t\t\t\t\t<span class=\"rankgin_casa\">4.8<\/span><span class=\"rankginB_casa\">\/ 5<\/span><div class=\"star-rating\"><span class=\"screen-reader-text\">4,8 rating<\/span><div class=\"star star-full\" aria-hidden=\"true\"><\/div><div class=\"star star-full\" aria-hidden=\"true\"><\/div><div class=\"star star-full\" aria-hidden=\"true\"><\/div><div class=\"star star-full\" aria-hidden=\"true\"><\/div><div class=\"star star-half\" aria-hidden=\"true\"><\/div><\/div>\n\t\t\t\t\t\t\t<\/div>\n\t\t\t\t\t\t\t<\/div>\n\t\t\t\t\t\t<\/div>\n\t\t\t\t\t\t<div class=\"space-casinos-3-archive-item-terms box-50 relative\">\n\t\t\t\t\t\t\t<div class=\"space-casinos-3-archive-item-terms-ins box-100 relative\"><strong>Bono de COP$100.000<\/strong><span class=\"extracto_casino\">Codere trae para los jugadores colombianos todo su arsenal de apuestas en l\u00ednea con la misma cercan\u00eda y garant\u00edas que ofrece en sus locales f\u00edsicos repartidos por todo el pa\u00eds.<\/span><br>\n\t\t\t\t\t\t\t\t<div class=\"seccion-categorias-casino\">\n\t\t\t\t\t\t\t\t\t<div class=\"categoria-casino\">Dep. Min<span>COP$20.000<\/span><\/div>\n\t\t\t\t\t\t\t\t\t<div class=\"categoria-casino\">Porcentaje<span>100%<\/span><\/div>\n\t\t\t\t\t\t\t\t\t<div class=\"categoria-casino\">Rollover<span>x35<\/span><\/div>\n\t\t\t\t\t\t\t\t\t<div class=\"categoria-casino\">Vigencia<span>7 d\u00edas<\/span><\/div>\n\t\t\t\t\t\t\t\t\t<div class=\"categoria-casino\">Codigo<span>CASINOALTO<\/span><\/div>\n\t\t\t\t\t\t\t\t<\/div>\n\t\t\t\t\t\t\t<\/div>\n\t\t\t\t\t\t<\/div>\n\t\t\t\t\t\t<div class=\"space-casinos-3-archive-item-rating box-10 relative\" style=\"justify-content: center;\">\n\t\t\t\t\t\t\t<div class=\"space-casinos-3-archive-item-rating-ins box-100 text-center relative\">\n\t\t\t\t\t\t\t\t<p style=\"line-height:1;margin:0;font-size: 0.75rem;padding: 0;color: #7f8c8d;\">Valoraci\u00f3n del Casino<\/p>\n\t\t\t\t\t\t\t\t<div class=\"space-casinos-3-archive-item-rating-box relative\"><span class=\"rankgin_casa\">4.8<\/span><span class=\"rankginB_casa\"> \/ 5<\/span><div class=\"star-rating\"><span class=\"screen-reader-text\">4,8 rating<\/span><div class=\"star star-full\" aria-hidden=\"true\"><\/div><div class=\"star star-full\" aria-hidden=\"true\"><\/div><div class=\"star star-full\" aria-hidden=\"true\"><\/div><div class=\"star star-full\" aria-hidden=\"true\"><\/div><div class=\"star star-half\" aria-hidden=\"true\"><\/div><\/div><\/div>\n\t\t\t\t\t\t\t<\/div>\n\t\t\t\t\t\t<\/div>\n\t\t\t\t\t\t<div class=\"space-casinos-3-archive-item-button box-20 relative\" style=\"flex-direction: column;\">\n\t\t\t\t\t\t\t<div class=\"space-casinos-3-archive-item-button-ins box-75 text-center relative\">\n\n\t\t\t\t\t\t\t\t<a class=\" cta_casino \" href=\"https:\/\/casinoalto.com\/ir\/codere-co\/\" title=\"Apostar ya\" rel=\"nofollow noopener\" data-trackers=\"\" data-casino-id=\"10059742\" style=\"cursor:pointer;color: #fff !important;text-decoration: none;box-shadow: none;\" target=\"_blank\"> Apostar ya<i class=\"fas fa-solid fa-angles-right\" style=\"padding: 0 10px;font-size: 0.9rem;\"><\/i>\n\t\t\t\t\t\t\t\t<\/a>\n\t\t\t\t\t\t\t<\/div>\n\t\t\t\t\t\t<\/div>\n\t\t\t\t\t\t\n\t\t\t\t\t<\/div>\n\t\t\t\t<\/div><div class=\"space-casinos-3-archive-item box-100 relative\">\n\t\t\t\t\t<div class=\"space-casinos-3-archive-item-ins relative\">\n\t\t\t\t\t\t<div class=\"space-casinos-3-archive-item-logo box-25 relative\">\n\t\t\t\t\t\t\t<div class=\"space-casinos-3-archive-item-logo-ins box-100 text-center relative\">\n\t\t\t\t\t\t\t\t<a href=\"https:\/\/staging.casinoalto.com\/co\/casinos-online\/sportium\/\" title=\"Sportium\">\n\t\t\t\t\t\t\t\t\t<img decoding=\"async\" class=\"skip-lazy\" src=\"https:\/\/staging.casinoalto.com\/co\/wp-content\/uploads\/sites\/6\/2020\/03\/sportium-casino.webp\" alt=\"Sportium\">\n\t\t\t\t\t\t\t\t<\/a>\n\t\t\t\t\t\t\t\t<span class=\"print-title-casa\">Sportium<\/span>\n\t\t\t\t\t\t\t<\/div>\n\t\t\t\t\t\t\t<div class=\"mobileStars space-casinos-3-archive-item-rating-ins box-100 text-center relative\">\n\t\t\t\t\t\t\t<p style=\"line-height:1;margin:0;font-size: 0.75rem;padding: 0;color: #7f8c8d;\">Valoraci\u00f3n del Casino<\/p>\n\t\t\t\t\t\t\t<div class=\"space-casinos-3-archive-item-rating-box relative\">\n\t\t\t\t\t\t\t\t<span class=\"rankgin_casa\">4.6<\/span><span class=\"rankginB_casa\">\/ 5<\/span><div class=\"star-rating\"><span class=\"screen-reader-text\">4,6 rating<\/span><div class=\"star star-full\" aria-hidden=\"true\"><\/div><div class=\"star star-full\" aria-hidden=\"true\"><\/div><div class=\"star star-full\" aria-hidden=\"true\"><\/div><div class=\"star star-full\" aria-hidden=\"true\"><\/div><div class=\"star star-half\" aria-hidden=\"true\"><\/div><\/div>\n\t\t\t\t\t\t\t<\/div>\n\t\t\t\t\t\t\t<\/div>\n\t\t\t\t\t\t<\/div>\n\t\t\t\t\t\t<div class=\"space-casinos-3-archive-item-terms box-50 relative\">\n\t\t\t\t\t\t\t<div class=\"space-casinos-3-archive-item-terms-ins box-100 relative\"><strong>Bono de COP$20.000<\/strong><span class=\"extracto_casino\">Si hay una marca en el mercado colombiano conocida por su casa de apuestas deportivas y sus locales f\u00edsicos de juego ese es Sportium, en el que sobresale su cercan\u00eda y dise\u00f1o.<\/span><br>\n\t\t\t\t\t\t\t\t<div class=\"seccion-categorias-casino\">\n\t\t\t\t\t\t\t\t\t<div class=\"categoria-casino\">Dep. Min<span>COP$20.000<\/span><\/div>\n\t\t\t\t\t\t\t\t\t<div class=\"categoria-casino\">Porcentaje<span>100%<\/span><\/div>\n\t\t\t\t\t\t\t\t\t<div class=\"categoria-casino\">Rollover<span>x25<\/span><\/div>\n\t\t\t\t\t\t\t\t\t<div class=\"categoria-casino\">Vigencia<span>15 d\u00edas<\/span><\/div>\n\t\t\t\t\t\t\t\t\t<div class=\"categoria-casino\">Codigo<span>No hay<\/span><\/div>\n\t\t\t\t\t\t\t\t<\/div>\n\t\t\t\t\t\t\t<\/div>\n\t\t\t\t\t\t<\/div>\n\t\t\t\t\t\t<div class=\"space-casinos-3-archive-item-rating box-10 relative\" style=\"justify-content: center;\">\n\t\t\t\t\t\t\t<div class=\"space-casinos-3-archive-item-rating-ins box-100 text-center relative\">\n\t\t\t\t\t\t\t\t<p style=\"line-height:1;margin:0;font-size: 0.75rem;padding: 0;color: #7f8c8d;\">Valoraci\u00f3n del Casino<\/p>\n\t\t\t\t\t\t\t\t<div class=\"space-casinos-3-archive-item-rating-box relative\"><span class=\"rankgin_casa\">4.6<\/span><span class=\"rankginB_casa\"> \/ 5<\/span><div class=\"star-rating\"><span class=\"screen-reader-text\">4,6 rating<\/span><div class=\"star star-full\" aria-hidden=\"true\"><\/div><div class=\"star star-full\" aria-hidden=\"true\"><\/div><div class=\"star star-full\" aria-hidden=\"true\"><\/div><div class=\"star star-full\" aria-hidden=\"true\"><\/div><div class=\"star star-half\" aria-hidden=\"true\"><\/div><\/div><\/div>\n\t\t\t\t\t\t\t<\/div>\n\t\t\t\t\t\t<\/div>\n\t\t\t\t\t\t<div class=\"space-casinos-3-archive-item-button box-20 relative\" style=\"flex-direction: column;\">\n\t\t\t\t\t\t\t<div class=\"space-casinos-3-archive-item-button-ins box-75 text-center relative\">\n\n\t\t\t\t\t\t\t\t<a class=\" cta_casino \" href=\"https:\/\/casinoalto.com\/ir\/sportium-co\/\" title=\"Apostar ya\" rel=\"nofollow noopener\" data-trackers=\"\" data-casino-id=\"10059756\" style=\"cursor:pointer;color: #fff !important;text-decoration: none;box-shadow: none;\" target=\"_blank\"> Apostar ya<i class=\"fas fa-solid fa-angles-right\" style=\"padding: 0 10px;font-size: 0.9rem;\"><\/i>\n\t\t\t\t\t\t\t\t<\/a>\n\t\t\t\t\t\t\t<\/div>\n\t\t\t\t\t\t<\/div>\n\t\t\t\t\t\t\n\t\t\t\t\t<\/div>\n\t\t\t\t<\/div><\/div><br \/>\nEn esta p\u00e1gina de <a href=\"https:\/\/casinoalto.com\/co\/\" target=\"_blank\" rel=\"noopener\">Casino Alto Colombia<\/a> encontrar\u00e1s la siguiente informaci\u00f3n:<\/p>\n<ul>\n<li>Una lista con los mejores bonos de bienvenida de los\u00a0<a href=\"\/co\/casinos-online\/\">casinos online colombianos<\/a><\/li>\n<li>Los tipos de bonos de casino que puedes conseguir al registrarte y depositar<\/li>\n<li>Las condiciones generales de este tipo de bonificaciones de los casinos online<\/li>\n<\/ul>\n<p><strong>*El bono de Codere es exclusivo para uso en apuestas deportivas.<\/strong><\/p>\n<p><strong><em>Todos los bonos de la tabla son por realizar el primer dep\u00f3sito en cada uno de los casinos.<\/em><\/strong><\/p>\n<p>Los bonos de bienvenida son una estrategia de marketing muy arraigada en el mundo de los casinos online.<\/p>\n<p>Consisten en el ofrecimiento de un dinero, que no suele ser dinero real reembolsable, con el que el jugador puede comenzar su andadura y probar los distintos juegos que el casino online ofrece.<\/p>\n<p>En mayor o menor medida, casi todas las casas tienen alg\u00fan presente preparado para los reci\u00e9n llegados.<\/p>\n<div id=\"ez-toc-container\" class=\"ez-toc-v2_0_82_2 counter-hierarchy ez-toc-counter ez-toc-custom ez-toc-container-direction\">\n<p class=\"ez-toc-title\" style=\"cursor:inherit\">Tabla de contenidos<\/p>\n<label for=\"ez-toc-cssicon-toggle-item-69d679e031159\" class=\"ez-toc-cssicon-toggle-label\"><span class=\"\"><span class=\"eztoc-hide\" style=\"display:none;\">Toggle<\/span><span class=\"ez-toc-icon-toggle-span\"><svg style=\"fill: #999;color:#999\" xmlns=\"http:\/\/www.w3.org\/2000\/svg\" class=\"list-377408\" width=\"20px\" height=\"20px\" viewBox=\"0 0 24 24\" fill=\"none\"><path d=\"M6 6H4v2h2V6zm14 0H8v2h12V6zM4 11h2v2H4v-2zm16 0H8v2h12v-2zM4 16h2v2H4v-2zm16 0H8v2h12v-2z\" fill=\"currentColor\"><\/path><\/svg><svg style=\"fill: #999;color:#999\" class=\"arrow-unsorted-368013\" xmlns=\"http:\/\/www.w3.org\/2000\/svg\" width=\"10px\" height=\"10px\" viewBox=\"0 0 24 24\" version=\"1.2\" baseProfile=\"tiny\"><path d=\"M18.2 9.3l-6.2-6.3-6.2 6.3c-.2.2-.3.4-.3.7s.1.5.3.7c.2.2.4.3.7.3h11c.3 0 .5-.1.7-.3.2-.2.3-.5.3-.7s-.1-.5-.3-.7zM5.8 14.7l6.2 6.3 6.2-6.3c.2-.2.3-.5.3-.7s-.1-.5-.3-.7c-.2-.2-.4-.3-.7-.3h-11c-.3 0-.5.1-.7.3-.2.2-.3.5-.3.7s.1.5.3.7z\"\/><\/svg><\/span><\/span><\/label><input type=\"checkbox\"  id=\"ez-toc-cssicon-toggle-item-69d679e031159\" checked aria-label=\"Toggle\" \/><nav><ul class='ez-toc-list ez-toc-list-level-1 ' ><li class='ez-toc-page-1 ez-toc-heading-level-2'><a class=\"ez-toc-link ez-toc-heading-1\" href=\"https:\/\/staging.casinoalto.com\/co\/bonos-de-bienvenida\/#Tipos-de-bonos-de-bienvenida\" >Tipos de bonos de bienvenida<\/a><ul class='ez-toc-list-level-3' ><li class='ez-toc-heading-level-3'><a class=\"ez-toc-link ez-toc-heading-2\" href=\"https:\/\/staging.casinoalto.com\/co\/bonos-de-bienvenida\/#Bonos-de-regalo-por-registro\" >Bonos de regalo por registro<\/a><\/li><li class='ez-toc-page-1 ez-toc-heading-level-3'><a class=\"ez-toc-link ez-toc-heading-3\" href=\"https:\/\/staging.casinoalto.com\/co\/bonos-de-bienvenida\/#Bonos-tras-el-primer-deposito\" >Bonos tras el primer dep\u00f3sito<\/a><\/li><\/ul><\/li><li class='ez-toc-page-1 ez-toc-heading-level-2'><a class=\"ez-toc-link ez-toc-heading-4\" href=\"https:\/\/staging.casinoalto.com\/co\/bonos-de-bienvenida\/#Condiciones-de-los-bonos\" >Condiciones de los bonos<\/a><\/li><\/ul><\/nav><\/div>\n<h2><span class=\"ez-toc-section\" id=\"Tipos-de-bonos-de-bienvenida\"><\/span>Tipos de bonos de bienvenida<span class=\"ez-toc-section-end\"><\/span><\/h2>\n<h3><span class=\"ez-toc-section\" id=\"Bonos-de-regalo-por-registro\"><\/span>Bonos de regalo por registro<span class=\"ez-toc-section-end\"><\/span><\/h3>\n<p>No son todos los que se atreven con este tipo de regalos, ya que implica que, a cambio tan solo de haberse registrado (introduciendo datos v\u00e1lidos para ello) ya van a contar con un bono de dinero para jugar.<\/p>\n<p>Son sin duda los m\u00e1s llamativos y dan la oportunidad al jugador de tomar contacto sin sentir que est\u00e1 arriesgando a\u00fan dinero. Puedes consultar los <a href=\"\/co\/casinos-sin-deposito\/\">casinos que ofrecen bonos de regalo<\/a>.<\/p>\n<h3><span class=\"ez-toc-section\" id=\"Bonos-tras-el-primer-deposito\"><\/span>Bonos tras el primer dep\u00f3sito<span class=\"ez-toc-section-end\"><\/span><\/h3>\n<p>Estos bonos son los m\u00e1s habituales, consisten en que, a cambio de un importe m\u00ednimo de dep\u00f3sito inicial tras el registro del nuevo usuario, se entregue un porcentaje del mismo en forma de bono regalo.<\/p>\n<p>Las casas determinan para ello un dep\u00f3sito m\u00ednimo (COP$10.000 suele ser la cantidad m\u00e1s veces encontrada) a cambio del cual se reparten porcentajes de la cantidad depositada (el 50%, el 100%, el 200%&#8230;). Se establece, eso s\u00ed, una cantidad m\u00e1xima de bono a entregar.<\/p>\n<p>En algunos casinos el bono de bienvenida se ofrece en forma de paquete, premiando as\u00ed no s\u00f3lo el primero de los dep\u00f3sitos, sino tambi\u00e9n algunos de los subsiguientes. Parece una estrategia acertada puesto que as\u00ed incentiva al jugador a realizar dep\u00f3sitos consecutivos en un plazo determinado de tiempo.<\/p>\n<h2><span class=\"ez-toc-section\" id=\"Condiciones-de-los-bonos\"><\/span>Condiciones de los bonos<span class=\"ez-toc-section-end\"><\/span><\/h2>\n<p>Los bonos responden a una premisa fundamental: sirven para jugar, pero no son dinero real, retirable.<\/p>\n<p>Partiendo de esta base es de suponer que, si con ellos consigui\u00e9semos beneficios jugando (imagina que consigues un jackpot o bote progresivo), habr\u00edas de cumplir con una serie de requisitos para poderlo retirar.<\/p>\n<p>A este conjunto de requisitos previos al retiro de los beneficios de un bono se les llama <strong>&#8220;requisitos de liberaci\u00f3n&#8221; o &#8220;rollover&#8221;<\/strong>.<\/p>\n<p>Normalmente implican varios extremos:<\/p>\n<ul>\n<li>Habr\u00e1s de poner en juego una cantidad en dinero real elegindo un de los <a href=\"https:\/\/casinoalto.com\/co\/metodos-de-pago\/\" target=\"_blank\" rel=\"noopener\">m\u00e9todos de pago para depositar<\/a> calculada aplicando un multiplicador al bono obtenido o a \u00e9ste + el dep\u00f3sito inicial. Si has obtenido un bono de AR$50 y las condiciones de liberaci\u00f3n implicaran poner en juego \u00e9ste 20 veces, deber\u00edas jugar 50*20=AR$1000 de dinero real antes de poder hacer una retirada.<\/li>\n<li>No retires dinero de la cuenta hasta que se hayan cumplido los requisitos, ya que esto anular\u00eda las ganancias obtenidas.<\/li>\n<li>Estate atento a los plazos: tanto la utilizaci\u00f3n del bono como el periodo durante el que se puede liberar son limitados, aunque se suele dar tiempo suficiente.<\/li>\n<li>Hay que tener en cuenta que no todos los juegos van a servirte igual a la hora de liberar un bono. Esto significa que si est\u00e1s jugando para liberar un bono, quiz\u00e1 a la cantidad apostada en un juego le tengas que aplicar un coeficiente menor que 1 (multiplicar por 0,25, por ejemplo). Esto es debido a la diferencia de riesgos que se asumen con unos juegos o con otros. El caso m\u00e1s evidente es el de la ruleta para jugar en l\u00ednea, en la que dependiendo del tipo de apuesta que realices puedes contribuir de manera muy distinta a la liberaci\u00f3n del bono.<\/li>\n<\/ul>\n<p>&nbsp;<\/p>\n","protected":false},"excerpt":{"rendered":"<p>En esta p\u00e1gina de Casino Alto Colombia encontrar\u00e1s la siguiente informaci\u00f3n: Una lista con los mejores bonos de bienvenida de los\u00a0casinos online colombianos Los tipos de bonos de casino que puedes conseguir al registrarte y depositar Las condiciones generales de este tipo de bonificaciones de los casinos online *El bono de Codere es exclusivo para [&hellip;]<\/p>\n","protected":false},"author":1,"featured_media":0,"parent":0,"menu_order":0,"comment_status":"closed","ping_status":"closed","template":"bono-templeate.php","meta":{"_acf_changed":false,"footnotes":""},"class_list":["post-135082","page","type-page","status-publish","hentry"],"acf":[],"_links":{"self":[{"href":"https:\/\/staging.casinoalto.com\/co\/wp-json\/wp\/v2\/pages\/135082","targetHints":{"allow":["GET"]}}],"collection":[{"href":"https:\/\/staging.casinoalto.com\/co\/wp-json\/wp\/v2\/pages"}],"about":[{"href":"https:\/\/staging.casinoalto.com\/co\/wp-json\/wp\/v2\/types\/page"}],"author":[{"embeddable":true,"href":"https:\/\/staging.casinoalto.com\/co\/wp-json\/wp\/v2\/users\/1"}],"replies":[{"embeddable":true,"href":"https:\/\/staging.casinoalto.com\/co\/wp-json\/wp\/v2\/comments?post=135082"}],"version-history":[{"count":4,"href":"https:\/\/staging.casinoalto.com\/co\/wp-json\/wp\/v2\/pages\/135082\/revisions"}],"predecessor-version":[{"id":10061312,"href":"https:\/\/staging.casinoalto.com\/co\/wp-json\/wp\/v2\/pages\/135082\/revisions\/10061312"}],"wp:attachment":[{"href":"https:\/\/staging.casinoalto.com\/co\/wp-json\/wp\/v2\/media?parent=135082"}],"curies":[{"name":"wp","href":"https:\/\/api.w.org\/{rel}","templated":true}]}}