{"id":151352,"date":"2019-05-03T16:52:13","date_gmt":"2019-05-03T16:52:13","guid":{"rendered":"https:\/\/casinoalto.com\/co\/?page_id=151352"},"modified":"2024-04-11T02:09:36","modified_gmt":"2024-04-11T02:09:36","slug":"sobre-nosotros","status":"publish","type":"page","link":"https:\/\/staging.casinoalto.com\/co\/sobre-nosotros\/","title":{"rendered":"Sobre nosotros"},"content":{"rendered":"<p>Habitualmente un jugador de casino online, ya sea experimentado o amateur, necesita de la mejor informaci\u00f3n para tomar decisiones a la hora de jugar y poner en juego su dinero.<\/p>\n<p>No es un asunto f\u00e1cil, ya que las posibilidades son inmensas. Por eso, en <a href=\"\/\">Casino Alto<\/a> creemos que el elemento fundamental eres t\u00fa. Somos una web hecha por personas y, lo que es m\u00e1s importante, para personas.<\/p>\n<p>Ante todo, creemos que los lectores como t\u00fa sois la base de este proyecto, y ponemos nuestro empe\u00f1o y dedicaci\u00f3n en haceros llegar la mejor informaci\u00f3n sobre casinos online disponible, as\u00ed como los mejores juegos gratis para que puedas practicar.<\/p>\n<p>Para ello contamos con una amplia experiencia en el sector y trabajadores altamente cualificados para ofrecer las mejores garant\u00edas de calidad.<\/p>\n<h2>Propiedad de Buen Paso Media<\/h2>\n<p>La web Casino Alto pertenece y est\u00e1 gestionada por <a href=\"https:\/\/buenpasomedia.com\/\" target=\"_blank\" rel=\"noopener\">Buen Paso Media<\/a>, una agencia de marketing digital especializada en igaming que cuenta con empleados en varios pa\u00edses.<\/p>\n<ul>\n<li><strong>Nombre de la compa\u00f1\u00eda<\/strong>: Buen Paso Media T\/A Leon Digital Marketing Ltd<\/li>\n<li><strong>Direcci\u00f3n<\/strong>: 310 Stafford Road, Croydon, Surrey, CR0 4NH (U.K.)<\/li>\n<li><strong>Companies House Registration<\/strong> No. 10699118<\/li>\n<li><strong>VAT Number<\/strong>: GB270922603<\/li>\n<li><strong>Contacto<\/strong>: hola @ buenpasomedia.com<\/li>\n<\/ul>\n<h2>Equipo<\/h2>\n<p>Aunque la web de Casino Alto tiene mucha gente detr\u00e1s de su creaci\u00f3n, desarrollo y contenido, en la actualidad son varias las personas que se encargan de que todo funcione como debe.<\/p>\n<div class=\"space-page-content-wrap relative contenido-miembro loop-members\"><div class=\"contetn-member-item space-casino-header-logo-title box-100 relative\">\n\t\t\t\t\t<div class=\"space-casino-header-logo-box relative\">\n\t\t\t\t\t\t<img decoding=\"async\" class=\"img-member skip-lazy\" src=\"https:\/\/staging.casinoalto.com\/co\/wp-content\/uploads\/sites\/6\/2023\/11\/antonio-definitiva.webp\" alt=\"Antonio Caro\">\n\t\t\t\t\t<\/div>\n\t\t\t\t\t<div class=\"space-page-desc-member\">\n\t\t\t\t\t\t<div class=\"space-casino-header-title-box relative\">\n\t\t\t\t\t\t\t<div class=\"space-casino-header-title-box-ins box-100 relative\">\n\t\t\t\t\t\t\t\t<div class=\"space-contet-heading\" style=\"align-items: center;\">\n\t\t\t\t\t\t\t\t\t<a href=\"https:\/\/staging.casinoalto.com\/co\/sobre-nosotros\/antonio-caro\/\"><p class=\"name-member\" style=\"padding: initial;\">Antonio Caro<\/p><\/a>\n\t\t\t\t\t\t\t\t\t<div class=\"redesSociales-member\">\n\t\t\t\t\t\t\t\t\t\t\n\t\t\t\t\t\t\t\t\t\t<a style=\"text-decoration: none;\" href=\"https:\/\/twitter.com\/antoninonin__\" target=\"_blank\" rel=\"noreferrer noopener\"><img loading=\"lazy\" decoding=\"async\" class=\"skip-lazy size-full redesSocialesMember\" src=\"\/wp-content\/uploads\/2023\/11\/twitter-x-logo.png.webp\" width=\"25\" height=\"25\" \/><\/a>\n\t\t\t\t\t\t\t\t\t<\/div>\n\t\t\t\t\t\t\t\t\t<p class=\"puesto-member box-100\">Editor<\/p>\n\t\t\t\t\t\t\t\t<\/div>\n\t\t\t\t\t\t\t<\/div>\n\t\t\t\t\t\t<\/div>\n\t\t\t\t\t\t<div class=\"content-desc-member\">\n\t\t\t\t\t\t\t<p>Desde 2018 he ido vinculando mi labor profesional con el mundo del igaming y eso me ha permitido formar parte del cartel de redactores y editores de casinoalto.com. Mi mayor capacidad es recolectar informaci\u00f3n y presentarla frente al internauta. Esto ha llamado la atenci\u00f3n de otros medios como casinosonline.bet, mejorbingoonline.com, mejorcasinonline.mx o casinoonlineperu.net, en los que he ido descubriendo todos los detalles acerca de los casinos online de medio mundo.<\/p>\n\t\t\t\t\t\t<\/div>\n\t\t\t\t\t<\/div>\n\t\t\t\t<\/div><div class=\"contetn-member-item space-casino-header-logo-title box-100 relative\">\n\t\t\t\t\t<div class=\"space-casino-header-logo-box relative\">\n\t\t\t\t\t\t<img decoding=\"async\" class=\"img-member skip-lazy\" src=\"https:\/\/staging.casinoalto.com\/co\/wp-content\/uploads\/sites\/6\/2023\/11\/humberto-ok.webp\" alt=\"Humberto Fern\u00e1ndez\">\n\t\t\t\t\t<\/div>\n\t\t\t\t\t<div class=\"space-page-desc-member\">\n\t\t\t\t\t\t<div class=\"space-casino-header-title-box relative\">\n\t\t\t\t\t\t\t<div class=\"space-casino-header-title-box-ins box-100 relative\">\n\t\t\t\t\t\t\t\t<div class=\"space-contet-heading\" style=\"align-items: center;\">\n\t\t\t\t\t\t\t\t\t<a href=\"https:\/\/staging.casinoalto.com\/co\/sobre-nosotros\/humberto-fernandez\/\"><p class=\"name-member\" style=\"padding: initial;\">Humberto Fern\u00e1ndez<\/p><\/a>\n\t\t\t\t\t\t\t\t\t<div class=\"redesSociales-member\">\n\t\t\t\t\t\t\t\t\t\t<a style=\"text-decoration: none;\" href=\"https:\/\/es.linkedin.com\/in\/humberto-f-843943160\" target=\"_blank\" rel=\"noreferrer noopener\"><img loading=\"lazy\" decoding=\"async\" class=\"skip-lazy size-full redesSocialesMember\" src=\"\/wp-content\/uploads\/2022\/06\/linkedin.png\" width=\"25\" height=\"25\" \/><\/a>\n\t\t\t\t\t\t\t\t\t\t\n\t\t\t\t\t\t\t\t\t<\/div>\n\t\t\t\t\t\t\t\t\t<p class=\"puesto-member box-100\">Editor jefe<\/p>\n\t\t\t\t\t\t\t\t<\/div>\n\t\t\t\t\t\t\t<\/div>\n\t\t\t\t\t\t<\/div>\n\t\t\t\t\t\t<div class=\"content-desc-member\">\n\t\t\t\t\t\t\t<p>Editor jefe y revisor en casinoalto.com desde su lanzamiento, me encargo de que todo el contenido est\u00e9 actualizado y sea \u00fatil para el usuario. Llevo ligado al mundo del iGaming desde 2016 y colaboro con otros proyectos del sector sobre casinos online, apuestas deportivas, poker y bingo. Mi pasi\u00f3n siempre ha sido el mundo del deporte, y encontr\u00e9 la forma de unirlo a la que ahora es mi pasi\u00f3n profesional, dedicarme al an\u00e1lisis, mejora y optimizaci\u00f3n de los sitios en los que trabajo relacionados con el deporte y el ocio.<\/p>\n\t\t\t\t\t\t<\/div>\n\t\t\t\t\t<\/div>\n\t\t\t\t<\/div><div class=\"contetn-member-item space-casino-header-logo-title box-100 relative\">\n\t\t\t\t\t<div class=\"space-casino-header-logo-box relative\">\n\t\t\t\t\t\t<img decoding=\"async\" class=\"img-member skip-lazy\" src=\"https:\/\/staging.casinoalto.com\/co\/wp-content\/uploads\/sites\/6\/2023\/11\/lenin-definitiva.webp\" alt=\"Lenin Pati\u00f1o\">\n\t\t\t\t\t<\/div>\n\t\t\t\t\t<div class=\"space-page-desc-member\">\n\t\t\t\t\t\t<div class=\"space-casino-header-title-box relative\">\n\t\t\t\t\t\t\t<div class=\"space-casino-header-title-box-ins box-100 relative\">\n\t\t\t\t\t\t\t\t<div class=\"space-contet-heading\" style=\"align-items: center;\">\n\t\t\t\t\t\t\t\t\t<a href=\"https:\/\/staging.casinoalto.com\/co\/sobre-nosotros\/lenin-patino\/\"><p class=\"name-member\" style=\"padding: initial;\">Lenin Pati\u00f1o<\/p><\/a>\n\t\t\t\t\t\t\t\t\t<div class=\"redesSociales-member\">\n\t\t\t\t\t\t\t\t\t\t\n\t\t\t\t\t\t\t\t\t\t<a style=\"text-decoration: none;\" href=\"https:\/\/twitter.com\/LeninP100?t=UyifHGXMio5FVwFXUlOcbw&amp;s=09\" target=\"_blank\" rel=\"noreferrer noopener\"><img loading=\"lazy\" decoding=\"async\" class=\"skip-lazy size-full redesSocialesMember\" src=\"\/wp-content\/uploads\/2023\/11\/twitter-x-logo.png.webp\" width=\"25\" height=\"25\" \/><\/a>\n\t\t\t\t\t\t\t\t\t<\/div>\n\t\t\t\t\t\t\t\t\t<p class=\"puesto-member box-100\">Editor<\/p>\n\t\t\t\t\t\t\t\t<\/div>\n\t\t\t\t\t\t\t<\/div>\n\t\t\t\t\t\t<\/div>\n\t\t\t\t\t\t<div class=\"content-desc-member\">\n\t\t\t\t\t\t\t<p>Desde hace cuatro a\u00f1os, trabajo como redactor y editor en p\u00e1ginas especializadas en iGaming: Casinos Online, Mejor Casino Online y Casas de Apuestas, aparte de Casino Alto. Mis conocimientos sobre juegos de azar van m\u00e1s all\u00e1 de un pa\u00eds, porque he creado contenido para varias naciones latinoamericanas. Los casinos y las apuestas no son solo mi trabajo, sino tambi\u00e9n una diversi\u00f3n. Adem\u00e1s he trabajado en otros medios como Publ\u00edmetro M\u00e9xico o Milenio Diario.<\/p>\n\t\t\t\t\t\t<\/div>\n\t\t\t\t\t<\/div>\n\t\t\t\t<\/div><div class=\"contetn-member-item space-casino-header-logo-title box-100 relative\">\n\t\t\t\t\t<div class=\"space-casino-header-logo-box relative\">\n\t\t\t\t\t\t<img decoding=\"async\" class=\"img-member skip-lazy\" src=\"https:\/\/staging.casinoalto.com\/co\/wp-content\/uploads\/sites\/6\/2026\/02\/image-1.jpeg\" alt=\"Mariano Velloso\">\n\t\t\t\t\t<\/div>\n\t\t\t\t\t<div class=\"space-page-desc-member\">\n\t\t\t\t\t\t<div class=\"space-casino-header-title-box relative\">\n\t\t\t\t\t\t\t<div class=\"space-casino-header-title-box-ins box-100 relative\">\n\t\t\t\t\t\t\t\t<div class=\"space-contet-heading\" style=\"align-items: center;\">\n\t\t\t\t\t\t\t\t\t<a href=\"https:\/\/staging.casinoalto.com\/co\/sobre-nosotros\/mariano-velloso\/\"><p class=\"name-member\" style=\"padding: initial;\">Mariano Velloso<\/p><\/a>\n\t\t\t\t\t\t\t\t\t<div class=\"redesSociales-member\">\n\t\t\t\t\t\t\t\t\t\t\n\t\t\t\t\t\t\t\t\t\t\n\t\t\t\t\t\t\t\t\t<\/div>\n\t\t\t\t\t\t\t\t\t<p class=\"puesto-member box-100\">Redactor<\/p>\n\t\t\t\t\t\t\t\t<\/div>\n\t\t\t\t\t\t\t<\/div>\n\t\t\t\t\t\t<\/div>\n\t\t\t\t\t\t<div class=\"content-desc-member\">\n\t\t\t\t\t\t\t<p>Periodista especializado en apuestas deportivas y juegos de azar por Internet. Con sus amplios conocimientos, se mueve con soltura por el cambiante mundo de los juegos en l\u00ednea y ofrece comentarios perspicaces sobre tendencias, legislaci\u00f3n y avances tecnol\u00f3gicos. Se especializa en redacci\u00f3n y copywriting, adem\u00e1s de idear y ejecutar piezas audiovisuales para para responder a las din\u00e1micas del mercado actual. Actu\u00f3 para distintos medios de alrededor del mundo antes de unirse a casinoalto.com.<\/p>\n\t\t\t\t\t\t<\/div>\n\t\t\t\t\t<\/div>\n\t\t\t\t<\/div><div class=\"contetn-member-item space-casino-header-logo-title box-100 relative\">\n\t\t\t\t\t<div class=\"space-casino-header-logo-box relative\">\n\t\t\t\t\t\t<img decoding=\"async\" class=\"img-member skip-lazy\" src=\"https:\/\/staging.casinoalto.com\/co\/wp-content\/uploads\/sites\/6\/2023\/11\/michel-definitiva.webp\" alt=\"M\u00edchel Cruz\">\n\t\t\t\t\t<\/div>\n\t\t\t\t\t<div class=\"space-page-desc-member\">\n\t\t\t\t\t\t<div class=\"space-casino-header-title-box relative\">\n\t\t\t\t\t\t\t<div class=\"space-casino-header-title-box-ins box-100 relative\">\n\t\t\t\t\t\t\t\t<div class=\"space-contet-heading\" style=\"align-items: center;\">\n\t\t\t\t\t\t\t\t\t<a href=\"https:\/\/staging.casinoalto.com\/co\/sobre-nosotros\/michel-cruz\/\"><p class=\"name-member\" style=\"padding: initial;\">M\u00edchel Cruz<\/p><\/a>\n\t\t\t\t\t\t\t\t\t<div class=\"redesSociales-member\">\n\t\t\t\t\t\t\t\t\t\t<a style=\"text-decoration: none;\" href=\"https:\/\/www.linkedin.com\/in\/michel-cruz-4a29b4178\/\" target=\"_blank\" rel=\"noreferrer noopener\"><img loading=\"lazy\" decoding=\"async\" class=\"skip-lazy size-full redesSocialesMember\" src=\"\/wp-content\/uploads\/2022\/06\/linkedin.png\" width=\"25\" height=\"25\" \/><\/a>\n\t\t\t\t\t\t\t\t\t\t<a style=\"text-decoration: none;\" href=\"https:\/\/twitter.com\/CruzPopper16\" target=\"_blank\" rel=\"noreferrer noopener\"><img loading=\"lazy\" decoding=\"async\" class=\"skip-lazy size-full redesSocialesMember\" src=\"\/wp-content\/uploads\/2023\/11\/twitter-x-logo.png.webp\" width=\"25\" height=\"25\" \/><\/a>\n\t\t\t\t\t\t\t\t\t<\/div>\n\t\t\t\t\t\t\t\t\t<p class=\"puesto-member box-100\">Editor<\/p>\n\t\t\t\t\t\t\t\t<\/div>\n\t\t\t\t\t\t\t<\/div>\n\t\t\t\t\t\t<\/div>\n\t\t\t\t\t\t<div class=\"content-desc-member\">\n\t\t\t\t\t\t\t<p>Redactor en Casino Alto, con experiencia en el mundo del iGaming desde febrero de 2020, en donde incursion\u00e9 para hablar sobre los juegos de azar y su situaci\u00f3n en Am\u00e9rica Latina. Siempre he tenido el empe\u00f1o y dedicaci\u00f3n de revisar los casinos online m\u00e1s importantes y analizar de forma minuciosa y eficiente sus ventajas y puntos que pueden mejorar, con el fin de que nuestros amables lectores tengan los recursos necesarios para elegir el casino de su preferencia. Adem\u00e1s soy reportero en Milenio Diario y colaboro con otros sitios webs relacionados con las apuestas online.<\/p>\n\t\t\t\t\t\t<\/div>\n\t\t\t\t\t<\/div>\n\t\t\t\t<\/div><div class=\"contetn-member-item space-casino-header-logo-title box-100 relative\">\n\t\t\t\t\t<div class=\"space-casino-header-logo-box relative\">\n\t\t\t\t\t\t<img decoding=\"async\" class=\"img-member skip-lazy\" src=\"https:\/\/staging.casinoalto.com\/co\/wp-content\/uploads\/sites\/6\/2026\/02\/profile.jpg\" alt=\"Ricardo Cr\u00easpo\">\n\t\t\t\t\t<\/div>\n\t\t\t\t\t<div class=\"space-page-desc-member\">\n\t\t\t\t\t\t<div class=\"space-casino-header-title-box relative\">\n\t\t\t\t\t\t\t<div class=\"space-casino-header-title-box-ins box-100 relative\">\n\t\t\t\t\t\t\t\t<div class=\"space-contet-heading\" style=\"align-items: center;\">\n\t\t\t\t\t\t\t\t\t<a href=\"https:\/\/staging.casinoalto.com\/co\/sobre-nosotros\/ricardo-crespo\/\"><p class=\"name-member\" style=\"padding: initial;\">Ricardo Cr\u00easpo<\/p><\/a>\n\t\t\t\t\t\t\t\t\t<div class=\"redesSociales-member\">\n\t\t\t\t\t\t\t\t\t\t\n\t\t\t\t\t\t\t\t\t\t\n\t\t\t\t\t\t\t\t\t<\/div>\n\t\t\t\t\t\t\t\t\t<p class=\"puesto-member box-100\">Editor jefe<\/p>\n\t\t\t\t\t\t\t\t<\/div>\n\t\t\t\t\t\t\t<\/div>\n\t\t\t\t\t\t<\/div>\n\t\t\t\t\t\t<div class=\"content-desc-member\">\n\t\t\t\t\t\t\t<p>Periodista con una d\u00e9cada de experiencia, especializado en el din\u00e1mico \u00e1mbito de los juegos de azar, las apuestas deportivas y los casinos online. Desde 2020, ha analizado las complejidades e innovaciones del sector, ofreciendo an\u00e1lisis y comentarios especializados a los lectores. Con amplios conocimientos, navega por el panorama en constante evoluci\u00f3n de los juegos en l\u00ednea, proporcionando valiosas perspectivas sobre tendencias, regulaciones y avances tecnol\u00f3gicos.<\/p>\n\t\t\t\t\t\t<\/div>\n\t\t\t\t\t<\/div>\n\t\t\t\t<\/div><div class=\"contetn-member-item space-casino-header-logo-title box-100 relative\">\n\t\t\t\t\t<div class=\"space-casino-header-logo-box relative\">\n\t\t\t\t\t\t<img decoding=\"async\" class=\"img-member skip-lazy\" src=\"https:\/\/staging.casinoalto.com\/co\/wp-content\/uploads\/sites\/6\/2023\/11\/yael-definitiva.webp\" alt=\"Yael Rueda\">\n\t\t\t\t\t<\/div>\n\t\t\t\t\t<div class=\"space-page-desc-member\">\n\t\t\t\t\t\t<div class=\"space-casino-header-title-box relative\">\n\t\t\t\t\t\t\t<div class=\"space-casino-header-title-box-ins box-100 relative\">\n\t\t\t\t\t\t\t\t<div class=\"space-contet-heading\" style=\"align-items: center;\">\n\t\t\t\t\t\t\t\t\t<a href=\"https:\/\/staging.casinoalto.com\/co\/sobre-nosotros\/yael-rueda\/\"><p class=\"name-member\" style=\"padding: initial;\">Yael Rueda<\/p><\/a>\n\t\t\t\t\t\t\t\t\t<div class=\"redesSociales-member\">\n\t\t\t\t\t\t\t\t\t\t<a style=\"text-decoration: none;\" href=\"https:\/\/www.linkedin.com\/in\/yael-rueda-084814260\/\" target=\"_blank\" rel=\"noreferrer noopener\"><img loading=\"lazy\" decoding=\"async\" class=\"skip-lazy size-full redesSocialesMember\" src=\"\/wp-content\/uploads\/2022\/06\/linkedin.png\" width=\"25\" height=\"25\" \/><\/a>\n\t\t\t\t\t\t\t\t\t\t\n\t\t\t\t\t\t\t\t\t<\/div>\n\t\t\t\t\t\t\t\t\t<p class=\"puesto-member box-100\">Editor<\/p>\n\t\t\t\t\t\t\t\t<\/div>\n\t\t\t\t\t\t\t<\/div>\n\t\t\t\t\t\t<\/div>\n\t\t\t\t\t\t<div class=\"content-desc-member\">\n\t\t\t\t\t\t\t<p>Redactor y analista de Casino alto, colaborando tambi\u00e9n en casinosonline.bet y mejorcasinoonline.mx. Soy de ese tipo de escritores que siempre busca contar una historia a trav\u00e9s de entrevistas. Llevo ligado al mundo del juego en l\u00ednea desde julio del 2020, convirti\u00e9ndome en un especialista en el an\u00e1lisis de casinos online y casas de apuestas. Compagino esto con mi actividad period\u00edstica en el peri\u00f3dico ESTO de M\u00e9xico, cubriendo informaci\u00f3n deportiva y de actividades de ocio.<\/p>\n\t\t\t\t\t\t<\/div>\n\t\t\t\t\t<\/div>\n\t\t\t\t<\/div><\/div><script type=\"application\/ld+json\">{\"@context\": \"http:\/\/schema.org\",\"@type\": \"Organization\",\"employee\": [{\"@type\": \"Person\",\"name\": \"Antonio Caro\",\"image\": \"https:\/\/staging.casinoalto.com\/co\/wp-content\/uploads\/sites\/6\/2023\/11\/antonio-definitiva.webp\",\"sameAs\": \"https:\/\/twitter.com\/antoninonin__\",\"jobTitle\": \"Editor\"},{\"@type\": \"Person\",\"name\": \"Humberto Fern\u00e1ndez\",\"image\": \"https:\/\/staging.casinoalto.com\/co\/wp-content\/uploads\/sites\/6\/2023\/11\/humberto-ok.webp\",\"sameAs\": \"https:\/\/es.linkedin.com\/in\/humberto-f-843943160\",\"jobTitle\": \"Editor jefe\"},{\"@type\": \"Person\",\"name\": \"Lenin Pati\u00f1o\",\"image\": \"https:\/\/staging.casinoalto.com\/co\/wp-content\/uploads\/sites\/6\/2023\/11\/lenin-definitiva.webp\",\"sameAs\": \"https:\/\/twitter.com\/LeninP100?t=UyifHGXMio5FVwFXUlOcbw&s=09\",\"jobTitle\": \"Editor\"},{\"@type\": \"Person\",\"name\": \"Mariano Velloso\",\"image\": \"https:\/\/staging.casinoalto.com\/co\/wp-content\/uploads\/sites\/6\/2026\/02\/image-1.jpeg\",\"jobTitle\": \"Redactor\"},{\"@type\": \"Person\",\"name\": \"M\u00edchel Cruz\",\"image\": \"https:\/\/staging.casinoalto.com\/co\/wp-content\/uploads\/sites\/6\/2023\/11\/michel-definitiva.webp\",\"sameAs\": [\"https:\/\/twitter.com\/CruzPopper16\",\"https:\/\/www.linkedin.com\/in\/michel-cruz-4a29b4178\/\"],\"jobTitle\": \"Editor\"},{\"@type\": \"Person\",\"name\": \"Ricardo Cr\u00easpo\",\"image\": \"https:\/\/staging.casinoalto.com\/co\/wp-content\/uploads\/sites\/6\/2026\/02\/profile.jpg\",\"jobTitle\": \"Editor jefe\"},{\"@type\": \"Person\",\"name\": \"Yael Rueda\",\"image\": \"https:\/\/staging.casinoalto.com\/co\/wp-content\/uploads\/sites\/6\/2023\/11\/yael-definitiva.webp\",\"sameAs\": \"https:\/\/www.linkedin.com\/in\/yael-rueda-084814260\/\",\"jobTitle\": \"Editor\"}]}<\/script>\n<h2>Historia<\/h2>\n<p>Casino Alto nace con la idea de convertirse en una herramienta para cualquier jugador online que necesite informaci\u00f3n detallada acerca de los mejores casinos online de Espa\u00f1a.<\/p>\n<p>El equipo de Casino Alto est\u00e1 compuesto por personas con <strong>m\u00e1s de 10 a\u00f1os de experiencia en el sector del iGaming y del gambling<\/strong>, trabajando activamente en ello desde 2007, apostando siempre por la calidad y la dedicaci\u00f3n, creyendo en lo que hacemos al 100%.<\/p>\n<p>Durante este trayecto nuestro equipo ha trabajado para empresas de renombre internacional como <strong>Ladbrokes Coral, The Stars Group y Rank Group<\/strong> entre otros muchos.<\/p>\n<p>Todo el conocimiento acumulado durante a\u00f1os con este tipo de empresas qued\u00f3 plasmado aqu\u00ed, en Casino Alto, con un crecimiento continuo gracias al duro trabajo y a un n\u00famero de usuarios que no ha parado de unirse e interesarse desde el lanzamiento.<\/p>\n<h2>Nuestro objetivo<\/h2>\n<p>El primer y \u00faltimo objetivo es ofrecer la mejor informaci\u00f3n a los usuarios para que puedan jugar seguros en internet.<\/p>\n<p>Tratamos de hacer unos an\u00e1lisis lo m\u00e1s completos y exhaustivos posibles de los casinos online que trabajan con nosotros, totalmente transparentes, independientes y objetivos.<\/p>\n<p>Para ello realizamos un amplio proceso de comunicaci\u00f3n con el casino online, experimentamos nosotros mismos con el casino y buscamos en cada rinc\u00f3n cualquier informaci\u00f3n, tanto positiva como negativa, que pueda ser de utilidad para el usuario.<\/p>\n<p>No nos guardamos nada en el tintero. Lo que lees es todo lo que hay, sin excusas.<\/p>\n<h2>Para el usuario<\/h2>\n<p>Por ello, adem\u00e1s de los an\u00e1lisis, ofrecemos informaci\u00f3n extra de alto inter\u00e9s como los bonos de bienvenida, los bonos sin dep\u00f3sito o las posibilidades de jugar al casino en vivo entre varias secciones m\u00e1s.<\/p>\n<p>Pero no solo de casinos online vive Casino Alto. Otra de nuestras ideas era ayudar a toda persona que necesitara de informaci\u00f3n sobre reglas de distintos juegos de casino.<\/p>\n<p>En este empe\u00f1o construimos desde cero una extensa secci\u00f3n sobre reglas, con m\u00e1s de 40 reglas explicadas al detalle. A su lado, la secci\u00f3n de estrategia, para convertir a los usuarios en expertos de la ruleta y el blackjack, dos de los juegos de casino m\u00e1s representativos.<\/p>\n<p>Y para poner todo esto en pr\u00e1ctica una lista con m\u00e1s de un centenar de juegos gratis (ruletas, cartas, poker, slots\u2026), en los que no es necesario ning\u00fan tipo de descarga o registro.<\/p>\n","protected":false},"excerpt":{"rendered":"<p>Habitualmente un jugador de casino online, ya sea experimentado o amateur, necesita de la mejor informaci\u00f3n para tomar decisiones a la hora de jugar y poner en juego su dinero. No es un asunto f\u00e1cil, ya que las posibilidades son inmensas. Por eso, en Casino Alto creemos que el elemento fundamental eres t\u00fa. Somos una [&hellip;]<\/p>\n","protected":false},"author":6,"featured_media":0,"parent":0,"menu_order":0,"comment_status":"closed","ping_status":"closed","template":"team_2.php","meta":{"_acf_changed":false,"footnotes":""},"class_list":["post-151352","page","type-page","status-publish","hentry"],"acf":[],"_links":{"self":[{"href":"https:\/\/staging.casinoalto.com\/co\/wp-json\/wp\/v2\/pages\/151352","targetHints":{"allow":["GET"]}}],"collection":[{"href":"https:\/\/staging.casinoalto.com\/co\/wp-json\/wp\/v2\/pages"}],"about":[{"href":"https:\/\/staging.casinoalto.com\/co\/wp-json\/wp\/v2\/types\/page"}],"author":[{"embeddable":true,"href":"https:\/\/staging.casinoalto.com\/co\/wp-json\/wp\/v2\/users\/6"}],"replies":[{"embeddable":true,"href":"https:\/\/staging.casinoalto.com\/co\/wp-json\/wp\/v2\/comments?post=151352"}],"version-history":[{"count":5,"href":"https:\/\/staging.casinoalto.com\/co\/wp-json\/wp\/v2\/pages\/151352\/revisions"}],"predecessor-version":[{"id":10061050,"href":"https:\/\/staging.casinoalto.com\/co\/wp-json\/wp\/v2\/pages\/151352\/revisions\/10061050"}],"wp:attachment":[{"href":"https:\/\/staging.casinoalto.com\/co\/wp-json\/wp\/v2\/media?parent=151352"}],"curies":[{"name":"wp","href":"https:\/\/api.w.org\/{rel}","templated":true}]}}