{"id":152319,"date":"2020-03-30T18:17:38","date_gmt":"2020-03-30T18:17:38","guid":{"rendered":"https:\/\/casinoalto.com\/co\/?page_id=152319"},"modified":"2026-01-20T17:33:20","modified_gmt":"2026-01-20T17:33:20","slug":"codigo-promocional-luckia-casino","status":"publish","type":"page","link":"https:\/\/staging.casinoalto.com\/co\/codigos\/codigo-promocional-luckia-casino\/","title":{"rendered":"C\u00f3digo promocional Luckia Casino"},"content":{"rendered":"<p>Uno de los casinos referencia de car\u00e1cter internacional en Colombia como Luckia tiene disponible para todos sus nuevos usuarios un <strong>gran bono de bienvenida<\/strong>. Este, que podr\u00e1s usar en el ampl\u00edsimo cat\u00e1logo de slots de\u00a0<a href=\"\/co\/casinos-online\/luckia\/\">un casino confiable como Luckia Casino<\/a>, as\u00ed como en sus juegos de cartas y ruletas, est\u00e1 disponible una vez completes tu registro. Mira los consejos de <a href=\"https:\/\/casinoalto.com\/co\/\" target=\"_blank\" rel=\"noopener\">Casino Alto<\/a>.<\/p>\n<p><em>Pasos a seguir para conseguir la promoci\u00f3n:<\/em><\/p>\n<ul>\n<li>Reg\u00edstrate en Luckia Casino a trav\u00e9s de nuestros enlaces.<\/li>\n<li>Realiza un dep\u00f3sito de al menos 5.000 pesos eligiendo uno de los <a href=\"https:\/\/casinoalto.com\/co\/metodos-de-pago\/\" target=\"_blank\" rel=\"noopener\">m\u00e9todos para depositar en el casino<\/a>.<\/li>\n<li>Recuerda marcar la casilla &#8220;Bono de Bienvenida Casino&#8221; para poder recibir el bono.<\/li>\n<li>Dispondr\u00e1s de 7 d\u00edas para aceptarlo, siendo del 100% de la cuant\u00eda que hayas ingresado.<\/li>\n<li>Entonces el bono de como m\u00e1ximo COP$250.000 ser\u00e1 acreditado en tu cuenta.<\/li>\n<\/ul>\n<p>Esta oferta est\u00e1 vigente hasta las 23:59 del 31 de diciembre de 2024. Por lo que si te lo est\u00e1s pensando, te aconsejamos no tardar mucho en decidirte, en especial por lo alto de la cantidad que ofrecen.<\/p>\n<p>Y es que <strong>Luckia ofrece el 100% de tu primer ingreso, hasta un m\u00e1ximo de 150.000 pesos <\/strong>en forma de <a href=\"\/co\/bonos-de-bienvenida\/\">bono de bienvenida de casino<\/a>. Es decir, si ingresas 5.000 pesos (cantidad m\u00ednima permitida para poder aprovecharte de la promoci\u00f3n) recibir\u00e1s otros 5.000 pesos como recompensa. Para recibir el m\u00e1ximo, esos 150.000 pesos, tendr\u00e1s que depositar otros 150.000 en tu cuenta en el primer ingreso.<\/p>\n<p>Eso no es todo, ya que por tu segundo y tercer dep\u00f3sito podr\u00e1s recibir 50.000 pesos colombianos respectivamente (se te recompensar\u00e1 con el 50% de lo que ingreses, a diferencia del 100% que era el primer dep\u00f3sito). En total podr\u00e1s conseguir 250.000 pesos como bonos de bienvenida para jugar en el casino de Luckia, todo ello a trav\u00e9s de su c\u00f3digo promocional.<\/p>\n<p>Adem\u00e1s Luckia, si eres de los que apuesta fuerte y quiere aprovechar hasta el \u00faltimo peso de la totalidad del bono, tiene disponible el <strong>Luckia VIP Club<\/strong> con muchas ventajas exclusivas.<\/p>\n<p>Para hacerte con el bono a trav\u00e9s del c\u00f3digo promocional de Luckia deber\u00e1s registrarte a trav\u00e9s de nuestros enlaces, y en el momento de realizar el primer dep\u00f3sito seleccionar la opci\u00f3n <strong>&#8220;Bono de Bienvenida Casino&#8221;<\/strong>. Hecho el ingreso con esta casilla marcada, dispondr\u00e1s de <strong>7 d\u00edas para activar el bono de bienvenida<\/strong> y empezar a utilizarlo.<\/p>\n<p>Una vez activado deber\u00e1s usar primero el dinero ingresado por ti, para pasar despu\u00e9s al del bono promocional de Luckia.<\/p>\n<p>Este bono de casino tiene unas <strong>condiciones espec\u00edficas de liberaci\u00f3n<\/strong> como el resto, lo que se conoce como rollover. Esto es la cantidad de veces que tendr\u00e1s que jugar la cuant\u00eda del bono antes de poder retirarlo junto con las ganancias que hayas podido generar.<\/p>\n<p>En este caso <strong>el rollover es de 30 veces el bono que recibas<\/strong>. Por tanto, si decides hacer un ingreso de 10.000 pesos recibir\u00e1s los mismo como compensaci\u00f3n, una condici\u00f3n com\u00fan en los <a href=\"https:\/\/casinoalto.com\/co\/casinos-online\/\" target=\"_blank\" rel=\"noopener\">casinos en l\u00ednea confiables de Colombia<\/a>.<\/p>\n<p>Para liberarlo junto a los beneficios deber\u00e1s jugar un total de 100.000 pesos colombianos. Es una cuant\u00eda ciertamente alta en comparaci\u00f3n con otras opciones del mercado de casinos, pero llamativa por su alta cantidad.<\/p>\n<p>Como detalle extra importante, debes saber que <strong>cuentan al 100% todas las apuestas<\/strong> que hagas en cualquier juego, a excepci\u00f3n de las apuestas a punto y banca en baccarat para jugar en l\u00ednea, y en ruleta para jugar la demo si cubres m\u00e1s de 25 n\u00fameros.<\/p>\n<p>\u00bfTe gusta apostar fuerte y jugar alto? Entonces este es tu bono perfecto, todo a trav\u00e9s del c\u00f3digo promocional de Luckia. Si lo tuyo es jugar m\u00e1s relajado por pura diversi\u00f3n, tambi\u00e9n tendr\u00e1s una buena alternativa adem\u00e1s de otras promociones extras.<\/p>\n","protected":false},"excerpt":{"rendered":"<p>Uno de los casinos referencia de car\u00e1cter internacional en Colombia como Luckia tiene disponible para todos sus nuevos usuarios un gran bono de bienvenida. Este, que podr\u00e1s usar en el ampl\u00edsimo cat\u00e1logo de slots de\u00a0un casino confiable como Luckia Casino, as\u00ed como en sus juegos de cartas y ruletas, est\u00e1 disponible una vez completes tu [&hellip;]<\/p>\n","protected":false},"author":6,"featured_media":0,"parent":152134,"menu_order":0,"comment_status":"closed","ping_status":"closed","template":"single_codigo.php","meta":{"_acf_changed":false,"footnotes":""},"class_list":["post-152319","page","type-page","status-publish","hentry"],"acf":[],"_links":{"self":[{"href":"https:\/\/staging.casinoalto.com\/co\/wp-json\/wp\/v2\/pages\/152319","targetHints":{"allow":["GET"]}}],"collection":[{"href":"https:\/\/staging.casinoalto.com\/co\/wp-json\/wp\/v2\/pages"}],"about":[{"href":"https:\/\/staging.casinoalto.com\/co\/wp-json\/wp\/v2\/types\/page"}],"author":[{"embeddable":true,"href":"https:\/\/staging.casinoalto.com\/co\/wp-json\/wp\/v2\/users\/6"}],"replies":[{"embeddable":true,"href":"https:\/\/staging.casinoalto.com\/co\/wp-json\/wp\/v2\/comments?post=152319"}],"version-history":[{"count":5,"href":"https:\/\/staging.casinoalto.com\/co\/wp-json\/wp\/v2\/pages\/152319\/revisions"}],"predecessor-version":[{"id":10061313,"href":"https:\/\/staging.casinoalto.com\/co\/wp-json\/wp\/v2\/pages\/152319\/revisions\/10061313"}],"up":[{"embeddable":true,"href":"https:\/\/staging.casinoalto.com\/co\/wp-json\/wp\/v2\/pages\/152134"}],"wp:attachment":[{"href":"https:\/\/staging.casinoalto.com\/co\/wp-json\/wp\/v2\/media?parent=152319"}],"curies":[{"name":"wp","href":"https:\/\/api.w.org\/{rel}","templated":true}]}}