{"id":152322,"date":"2020-03-29T07:25:06","date_gmt":"2020-03-29T07:25:06","guid":{"rendered":"https:\/\/casinoalto.com\/co\/?page_id=152322"},"modified":"2026-01-23T19:41:05","modified_gmt":"2026-01-23T19:41:05","slug":"codigo-promocional-codere","status":"publish","type":"page","link":"https:\/\/staging.casinoalto.com\/co\/codigos\/codigo-promocional-codere\/","title":{"rendered":"C\u00f3digo promocional Codere"},"content":{"rendered":"<p>En el negocio de las apuestas y el casino online, <a href=\"\/co\/casinos-online\/codere-casino\/\">un casino seguro como Codere<\/a> brilla por su presencia dentro y fuera de Colombia. Este operador de juegos, con funcionamiento en pa\u00edses como Espa\u00f1a, Argentina, Italia, Panam\u00e1, M\u00e9xico y Uruguay, comenz\u00f3 a cotizar en la bolsa de Madrid a partir de 2007 y se convirti\u00f3 en uno de los preferidos de los jugadores. Mira los consejos de <a href=\"https:\/\/casinoalto.com\/co\/\" target=\"_blank\" rel=\"noopener\">Casino Alto Colombia<\/a>.<\/p>\n<p>Terminales de juego, bingos, salas de apuestas, casinos, hip\u00f3dromos y juego online son algunos de los servicios ofrecidos por esta casa de apuestas, que presume en su pagina un convenio oficial con el Real Madrid, uno de los equipos de f\u00fatbol m\u00e1s poderosos y seguidos a nivel mundial.<\/p>\n<p>Si te est\u00e1s convenciendo y quieres conocer el <a href=\"\/co\/bonos-de-bienvenida\/\">bono de bienvenida para nuevos jugadores<\/a> ofrecido desde el <strong>c\u00f3digo promocional de Codere, de hasta COP$100.000<\/strong>, debes continuar leyendo.<\/p>\n<p><em>Pasos a seguir para tener la promoci\u00f3n de bienvenida de Codere:<\/em><\/p>\n<ul>\n<li>Utiliza nuestros enlaces para registrarte en Codere.<\/li>\n<li>Elige una de las <a href=\"https:\/\/casinoalto.com\/co\/metodos-de-pago\/\" target=\"_blank\" rel=\"noopener\">opciones de dep\u00f3sito para el casino<\/a>.<\/li>\n<li>Realiza un dep\u00f3sito de por lo menos 20.000 pesos para poner en marcha el c\u00f3digo promoci\u00f3n de Codere.<\/li>\n<li>Tienes la posibilidad de multiplicar al 100% tu primer dep\u00f3sito hasta por un m\u00e1ximo de COP$100.000.<\/li>\n<li>Este bono es exclusivo para casino, y no es v\u00e1lido para apuestas.<\/li>\n<\/ul>\n<p>Esta promoci\u00f3n de bienvenida de Codere est\u00e1 disponible desde el 26 de julio de 2021, siendo <strong>v\u00e1lida \u00fanicamente para residentes en Colombia mayores de 18 a\u00f1os<\/strong> y que se hayan registrado por primera vez en el sitio codere.com.co, trat\u00e1ndose de un bono de car\u00e1cter privado, por lo que no resulta compatible con ninguna otra promoci\u00f3n.<\/p>\n<p>La promoci\u00f3n no puede ser compartida con ninguna otra persona, por lo que no se puede participar en este bono, a menos de que se haya abierto correctamente una cuenta.<\/p>\n<p>La oferta de bienvenida es del <strong>100% de tu primer dep\u00f3sito por hasta 100.000 pesos para casino<\/strong>, que ser\u00e1 a\u00f1adido autom\u00e1ticamente al saldo de bonificaciones para apostar. Este detalle es importante, y es que el bono de Codere es exclusivo para casino y no cuenta para apuestas.<\/p>\n<p>El requisito de apuesta relativo a la bonificaci\u00f3n de bienvenida referida al c\u00f3digo promocional para Codere es apostar la cantidad en concepto de bonificaci\u00f3n, es decir, <strong>deber\u00e1s cumplir con un rollover de al menos x35 sobre la cuant\u00eda que recibas en forma de bono<\/strong>. Este requisito debe completarse en un plazo de m\u00e1ximo 7 d\u00edas; pues de lo contrario, tanto la bonificaci\u00f3n como las ganancias obtenidas caducar\u00e1n.<\/p>\n<p>Cualquier dep\u00f3sito que est\u00e9 sujeto a bonificaci\u00f3n se mantendr\u00e1 como efectivo de disponibilidad limitada mientras dure la bonificaci\u00f3n, raz\u00f3n por la que el cliente no podr\u00e1 retirar este dep\u00f3sito hasta que cumpla el requisito de apuesta.<\/p>\n<p>En caso de que el requisito de apuesta de la bonificaci\u00f3n no se satisfaga correctamente, no se podr\u00e1n retirar ni la bonificaci\u00f3n completa ni las ganancias pendientes. Cuando se complete el requisito de apuesta, la cantidad de la bonificaci\u00f3n se canjear\u00e1 y todas las ganancias se transferir\u00e1n al saldo de retirada.<\/p>\n<p>\u00bfA\u00fan tienes dudas? Utiliza el c\u00f3digo de Codere y empieza en este famoso <a href=\"https:\/\/casinoalto.com\/co\/casinos-online\/\" target=\"_blank\" rel=\"noopener\">casino online con las mejores condiciones<\/a>, con el bono de bienvenida de hasta 100.000 pesos gratis.<\/p>\n","protected":false},"excerpt":{"rendered":"<p>En el negocio de las apuestas y el casino online, un casino seguro como Codere brilla por su presencia dentro y fuera de Colombia. Este operador de juegos, con funcionamiento en pa\u00edses como Espa\u00f1a, Argentina, Italia, Panam\u00e1, M\u00e9xico y Uruguay, comenz\u00f3 a cotizar en la bolsa de Madrid a partir de 2007 y se convirti\u00f3 [&hellip;]<\/p>\n","protected":false},"author":6,"featured_media":0,"parent":152134,"menu_order":0,"comment_status":"closed","ping_status":"closed","template":"single_codigo.php","meta":{"_acf_changed":false,"footnotes":""},"class_list":["post-152322","page","type-page","status-publish","hentry"],"acf":[],"_links":{"self":[{"href":"https:\/\/staging.casinoalto.com\/co\/wp-json\/wp\/v2\/pages\/152322","targetHints":{"allow":["GET"]}}],"collection":[{"href":"https:\/\/staging.casinoalto.com\/co\/wp-json\/wp\/v2\/pages"}],"about":[{"href":"https:\/\/staging.casinoalto.com\/co\/wp-json\/wp\/v2\/types\/page"}],"author":[{"embeddable":true,"href":"https:\/\/staging.casinoalto.com\/co\/wp-json\/wp\/v2\/users\/6"}],"replies":[{"embeddable":true,"href":"https:\/\/staging.casinoalto.com\/co\/wp-json\/wp\/v2\/comments?post=152322"}],"version-history":[{"count":5,"href":"https:\/\/staging.casinoalto.com\/co\/wp-json\/wp\/v2\/pages\/152322\/revisions"}],"predecessor-version":[{"id":10061211,"href":"https:\/\/staging.casinoalto.com\/co\/wp-json\/wp\/v2\/pages\/152322\/revisions\/10061211"}],"up":[{"embeddable":true,"href":"https:\/\/staging.casinoalto.com\/co\/wp-json\/wp\/v2\/pages\/152134"}],"wp:attachment":[{"href":"https:\/\/staging.casinoalto.com\/co\/wp-json\/wp\/v2\/media?parent=152322"}],"curies":[{"name":"wp","href":"https:\/\/api.w.org\/{rel}","templated":true}]}}