{"id":152361,"date":"2020-03-30T18:17:41","date_gmt":"2020-03-30T18:17:41","guid":{"rendered":"https:\/\/casinoalto.com\/co\/?page_id=152361"},"modified":"2026-01-22T02:32:42","modified_gmt":"2026-01-22T02:32:42","slug":"codigo-promocional-sportium","status":"publish","type":"page","link":"https:\/\/staging.casinoalto.com\/co\/codigos\/codigo-promocional-sportium\/","title":{"rendered":"C\u00f3digo promocional Sportium"},"content":{"rendered":"<p>En Casino Alto os traemos una nueva promoci\u00f3n de bienvenida, en esta ocasi\u00f3n del <a href=\"\/co\/casinos-online\/sportium\/\">casino confiable como Sportium<\/a>. Esta casa de apuestas y casino, formada por dos compa\u00f1\u00edas con una amplia trayectoria en el mundo de los juegos como Cirsa y Ladbrokes Coral Group, ofrece a sus nuevos usuarios un espectacular bono para arrancar con ellos en Colombia.<\/p>\n<p>En total <strong>podr\u00e1s llevarte 20.000 pesos<\/strong>\u00a0solo por registrarte a trav\u00e9s del c\u00f3digo promocional de Sportium disponible en <a href=\"https:\/\/casinoalto.com\/co\/\" target=\"_blank\" rel=\"noopener\">Casino Alto<\/a> y realizar el primer dep\u00f3sito efectivo. Este bono por registro es exclusivo para usuarios de casinoalto.com.<\/p>\n<p><em>Pasos a seguir para conseguir esta promoci\u00f3n:<\/em><\/p>\n<ul>\n<li>Reg\u00edstrate en Sportium a trav\u00e9s de nuestros enlaces;<\/li>\n<li>En el formulario de registro introduce el c\u00f3digo promocional <strong>CASINOALTO;<\/strong><\/li>\n<li>Haz tu primer dep\u00f3sito de 20.000 pesos con una de las <a href=\"https:\/\/casinoalto.com\/co\/metodos-de-pago\/\" target=\"_blank\" rel=\"noopener\">formas de pago del casino<\/a> para recibir el 100% de lo ingresado;<\/li>\n<li>Pulsa la opci\u00f3n &#8220;Adquirir bono&#8221; que aparecer\u00e1 en la pantalla;<\/li>\n<li>El bono ser\u00e1 acreditado en tu cuenta<em>.<\/em><\/li>\n<\/ul>\n<p>Esta promoci\u00f3n est\u00e1 vigente de forma indefinida en Sportium, aunque el casino se reserva la opci\u00f3n de realizar modificaciones o cancelarla cuando considere oportuno. Nuestro consejo es que, si tienes la intenci\u00f3n de animarte a jugar con Sportium, no dejes pasar demasiado el tiempo y te animes a adquirir esta excelente oferta.<\/p>\n<p>Y es que <strong>te ofrecen un 100% del valor de tu primer dep\u00f3sito de COP$20.000<\/strong>.\u00a0\u00bfSuculenta recompensa verdad? Pues sacar provecho de ella es muy f\u00e1cil.<\/p>\n<p>Una de las condiciones de este bono es que, cuando empieces a jugar, se usar\u00e1 en primer lugar el dinero ingresado por ti, para apostar despu\u00e9s el del bono con el que te ha obsequiado Sportium Colombia.<\/p>\n<p>Este <strong>caduca en 7 d\u00edas naturales<\/strong> desde su recepci\u00f3n, por lo que tendr\u00e1s una semana para cumplir con los requisitos de retirada del dinero as\u00ed como de sus ganancias. Si no cumples ese plazo, perder\u00e1s el bono de bienvenida adem\u00e1s de los posibles beneficios que hayas generado durante tus partidas, estando esas<strong> ganancias obtenidas limitadas a 200.000 pesos <\/strong>como m\u00e1ximo. El rollover, o cantidad de apuestas m\u00ednimas necesarias para retirar el dinero, ser\u00e1 de<strong> 25 veces la cuant\u00eda del bono<\/strong>.<\/p>\n<p>Debes tener en cuenta que <strong>no todos los juegos contribuyen de la misma forma a cumplir estos requisitos<\/strong>, haci\u00e9ndolo en un 100% las tragamonedas, un 25% los juegos de ruleta para jugar la demo siempre que tus apuestas cubran menos del 40% de la mesa, otro 25% Punto y Banca para jugar en l\u00ednea y, de nuevo, un 25% los juegos de blackjack gratis en la demo (menos las modalidades Surrender y Pontoon, que no cuentan).<\/p>\n<p>Si tienes cualquier tipo de pregunta, podr\u00e1s resolverlas entrando en la secci\u00f3n de t\u00e9rminos y condiciones del casino y de los bonos, o bien poni\u00e9ndote en contacto con el servicio de atenci\u00f3n al cliente de Sportium.<\/p>\n<p>Una forma inmejorable de empezar a jugar a tus juegos de casino favoritos, con <strong>20.000 pesos como recompensa<\/strong> solo por registrarte con el c\u00f3digo promocional de Sportium fde <em>Casino Alto<\/em> y depositar en uno de los <a href=\"https:\/\/casinoalto.com\/co\/casinos-online\/\" target=\"_blank\" rel=\"noopener\">mejores casinos del pa\u00eds colombiano<\/a>.<\/p>\n","protected":false},"excerpt":{"rendered":"<p>En Casino Alto os traemos una nueva promoci\u00f3n de bienvenida, en esta ocasi\u00f3n del casino confiable como Sportium. Esta casa de apuestas y casino, formada por dos compa\u00f1\u00edas con una amplia trayectoria en el mundo de los juegos como Cirsa y Ladbrokes Coral Group, ofrece a sus nuevos usuarios un espectacular bono para arrancar con [&hellip;]<\/p>\n","protected":false},"author":6,"featured_media":0,"parent":152134,"menu_order":0,"comment_status":"closed","ping_status":"closed","template":"single_codigo.php","meta":{"_acf_changed":false,"footnotes":""},"class_list":["post-152361","page","type-page","status-publish","hentry"],"acf":[],"_links":{"self":[{"href":"https:\/\/staging.casinoalto.com\/co\/wp-json\/wp\/v2\/pages\/152361","targetHints":{"allow":["GET"]}}],"collection":[{"href":"https:\/\/staging.casinoalto.com\/co\/wp-json\/wp\/v2\/pages"}],"about":[{"href":"https:\/\/staging.casinoalto.com\/co\/wp-json\/wp\/v2\/types\/page"}],"author":[{"embeddable":true,"href":"https:\/\/staging.casinoalto.com\/co\/wp-json\/wp\/v2\/users\/6"}],"replies":[{"embeddable":true,"href":"https:\/\/staging.casinoalto.com\/co\/wp-json\/wp\/v2\/comments?post=152361"}],"version-history":[{"count":7,"href":"https:\/\/staging.casinoalto.com\/co\/wp-json\/wp\/v2\/pages\/152361\/revisions"}],"predecessor-version":[{"id":10061316,"href":"https:\/\/staging.casinoalto.com\/co\/wp-json\/wp\/v2\/pages\/152361\/revisions\/10061316"}],"up":[{"embeddable":true,"href":"https:\/\/staging.casinoalto.com\/co\/wp-json\/wp\/v2\/pages\/152134"}],"wp:attachment":[{"href":"https:\/\/staging.casinoalto.com\/co\/wp-json\/wp\/v2\/media?parent=152361"}],"curies":[{"name":"wp","href":"https:\/\/api.w.org\/{rel}","templated":true}]}}