{"id":10060137,"date":"2020-09-21T12:58:26","date_gmt":"2020-09-21T12:58:26","guid":{"rendered":"https:\/\/casinoalto.com\/cl\/?page_id=10054171"},"modified":"2026-01-24T15:38:15","modified_gmt":"2026-01-24T15:38:15","slug":"codigo-promocional-1xbet","status":"publish","type":"page","link":"https:\/\/staging.casinoalto.com\/ec\/codigos\/codigo-promocional-1xbet\/","title":{"rendered":"C\u00f3digo Promocional 1XBET"},"content":{"rendered":"<p>Para saber elegir adecuadamente uno de los <a href=\"\/ec\/casinos-online\/\">casinos en l\u00ednea que operan en Ecuador<\/a>\u00a0que mejor se adapte a nuestras necesidades es importante valorar muchas cosas. Lo principal es la cantidad de juegos con la que cuente, la atenci\u00f3n al cliente que brinden o la seguridad que pueda dar a los usuarios.<\/p>\n<p>Sin embargo, hay algo que puede ser a\u00fan m\u00e1s determinante que son las ofertas y promociones. Las que surgen en forma de bonos de bienvenida son especialmente importantes y por eso es que presentamos este c\u00f3digo promocional de <a href=\"\/ec\/casinos-online\/1xbet\/\">una casa fiable como 1xbet Casino<\/a>, basado en su promo para nuevos usuarios.<\/p>\n<p>Con este c\u00f3digo exclusivo ofrecido por <a href=\"https:\/\/casinoalto.com\/ec\/\" target=\"_blank\" rel=\"noopener\">Casino Alto<\/a>, vas a poder conseguir hasta 1500 d\u00f3lares y 150 tiradas gratuitas por realizar hasta cuatro primeros dep\u00f3sitos.<\/p>\n<p><em>Pasos a seguir para conseguir la promoci\u00f3n:<\/em><\/p>\n<ul>\n<li>Reg\u00edstrate en 1xbet Casino a trav\u00e9s de uno de nuestros enlaces.<\/li>\n<li>Utiliza el c\u00f3digo promocional de 1xbet Casino.<\/li>\n<li>Realiza un primer dep\u00f3sito de al menos 10 d\u00f3lares y otros tres m\u00e1s por valor de 15 d\u00f3lares, con uno de los <a href=\"https:\/\/casinoalto.com\/ec\/metodos-de-pago\/\" target=\"_blank\" rel=\"noopener\">m\u00e9todos de pagos disponibles en Ecuador<\/a>.<\/li>\n<li>Selecciona el bono en la ventana de dep\u00f3sito.<\/li>\n<li>El bono ser\u00e1 acreditado en tu cuenta.<\/li>\n<\/ul>\n<p>La oferta est\u00e1 disponible\u00a0para todos los clientes nuevos que se sumen al casino de 1xbet. Lo mejor es que si quieres iniciarte en el mundillo del juego en l\u00ednea te sumes a esta gran oportunidad.<\/p>\n<p>La promo de 1xbet Casino incluye <strong>cuatro bonos por los primeros cuatro dep\u00f3sitos y con los que puedes conseguir hasta un m\u00e1ximo de 1750 d\u00f3lares m\u00e1s 150 tiradas gratis<\/strong>. El primer bono es del 100% hasta $350 y 30 tiradas, el segundo es del 50% hasta 400$ y 35 tiradas, el tercer es del 25% hasta $450 y 40 tiradas, y el cuarto del 25% hasta $550 y 45 tiradas.<\/p>\n<p>El bono tiene una\u00a0<strong>caducidad de 30 d\u00edas<\/strong>. Una vez que concluya esa fecha, todas las ganancias que queden por liberar ser\u00e1n canceladas. Y es que el bono contiene un\u00a0<strong>rollover (cantidad de apuesta m\u00ednima) a liberar de 35 veces la cuant\u00eda del mismo<\/strong>.<\/p>\n<p>En este caso, las tragamonedas contribuyen en un 100%, los juegos del casino en vivo en un 15%, los de poker en un 10%, los juegos de blackjack en l\u00ednea, juegos de baccarat online en la demo, videopoker, pontoon, beat me y punto banco lo hacen en un 5%, y otras variedades como juegos de ruleta online o\u00a0juegos alternativos como Sic Bo\u00a0no podr\u00e1n utilizarse para esta promoci\u00f3n.<\/p>\n<p>Adem\u00e1s, la oferta no es acumulable junto a ninguna otra de las existentes en el casino online, por lo que si decides apuntarte a ella ser\u00e1 para utilizarla de forma exclusiva.<\/p>\n<p>El bono 1xBet es sin duda uno de los mejores <a href=\"https:\/\/casinoalto.com\/ec\/bonos-de-bienvenida\/\" target=\"_blank\" rel=\"noopener\">bonos de casino que se ofrecen en Ecuador<\/a>; en total <strong>hasta 1500 d\u00f3lares y 150 tiradas gratis<\/strong>, una forma muy buena de empezar a jugar con el c\u00f3digo promocional de 1xbet Casino. Si te surge cualquier tipo de duda puedes revisar la secci\u00f3n de t\u00e9rminos y condiciones en el sitio web del operador o ponerte en contacto con el servicio de atenci\u00f3n al cliente. El juego te est\u00e1 esperando, as\u00ed que no le hagas esperar.<\/p>\n","protected":false},"excerpt":{"rendered":"<p>Para saber elegir adecuadamente uno de los casinos en l\u00ednea que operan en Ecuador\u00a0que mejor se adapte a nuestras necesidades es importante valorar muchas cosas. Lo principal es la cantidad de juegos con la que cuente, la atenci\u00f3n al cliente que brinden o la seguridad que pueda dar a los usuarios. Sin embargo, hay algo [&hellip;]<\/p>\n","protected":false},"author":11,"featured_media":0,"parent":152134,"menu_order":0,"comment_status":"closed","ping_status":"closed","template":"single_codigo.php","meta":{"_acf_changed":false,"footnotes":""},"class_list":["post-10060137","page","type-page","status-publish","hentry"],"acf":[],"_links":{"self":[{"href":"https:\/\/staging.casinoalto.com\/ec\/wp-json\/wp\/v2\/pages\/10060137","targetHints":{"allow":["GET"]}}],"collection":[{"href":"https:\/\/staging.casinoalto.com\/ec\/wp-json\/wp\/v2\/pages"}],"about":[{"href":"https:\/\/staging.casinoalto.com\/ec\/wp-json\/wp\/v2\/types\/page"}],"author":[{"embeddable":true,"href":"https:\/\/staging.casinoalto.com\/ec\/wp-json\/wp\/v2\/users\/11"}],"replies":[{"embeddable":true,"href":"https:\/\/staging.casinoalto.com\/ec\/wp-json\/wp\/v2\/comments?post=10060137"}],"version-history":[{"count":6,"href":"https:\/\/staging.casinoalto.com\/ec\/wp-json\/wp\/v2\/pages\/10060137\/revisions"}],"predecessor-version":[{"id":10062783,"href":"https:\/\/staging.casinoalto.com\/ec\/wp-json\/wp\/v2\/pages\/10060137\/revisions\/10062783"}],"up":[{"embeddable":true,"href":"https:\/\/staging.casinoalto.com\/ec\/wp-json\/wp\/v2\/pages\/152134"}],"wp:attachment":[{"href":"https:\/\/staging.casinoalto.com\/ec\/wp-json\/wp\/v2\/media?parent=10060137"}],"curies":[{"name":"wp","href":"https:\/\/api.w.org\/{rel}","templated":true}]}}