{"id":10060265,"date":"2023-02-13T04:51:39","date_gmt":"2023-02-13T04:51:39","guid":{"rendered":"https:\/\/casinoalto.com\/cl\/?page_id=152337"},"modified":"2026-01-22T02:49:10","modified_gmt":"2026-01-22T02:49:10","slug":"codigo-promocional-betsson","status":"publish","type":"page","link":"https:\/\/staging.casinoalto.com\/ec\/codigos\/codigo-promocional-betsson\/","title":{"rendered":"C\u00f3digo promocional Betsson"},"content":{"rendered":"<p>Dentro de las amplias posibilidades a la hora de elegir uno de los <a href=\"https:\/\/casinoalto.com\/ec\/casinos-online\/\" target=\"_blank\" rel=\"noopener\">casinos online disponibles en Ecuador<\/a> para empezar a jugar, hay que tener en cuenta muchos aspectos. Desde el cat\u00e1logo de juegos buscando los que m\u00e1s nos interesen, pasando por sus opciones de pago, atenci\u00f3n al cliente o seguridad.<\/p>\n<p>Otro de los motivos a estudiar detenidamente son las ofertas y promociones, en especial en forma de bonos de bienvenida. Y en este campo te traemos el espectacular c\u00f3digo promocional de <a href=\"\/ec\/casinos-online\/betsson\/\">casa de confianza de Betsson<\/a>, que ofrece <strong>hasta 100 d\u00f3lares extras por realizar tu primer dep\u00f3sito<\/strong> con ellos, adem\u00e1s de 75 jugadas para slots gratis.<\/p>\n<p><em>Pasos a seguir para conseguir la promoci\u00f3n:<\/em><\/p>\n<ul>\n<li>Reg\u00edstrate en Betsson a trav\u00e9s de nuestros enlaces<\/li>\n<li>Utiliza el c\u00f3digo promocional de Betsson \u00abCASINOALTO\u00bb<\/li>\n<li>Realiza un dep\u00f3sito de la cantidad que prefieras con los <a href=\"https:\/\/casinoalto.com\/ec\/metodos-de-pago\/\" target=\"_blank\" rel=\"noopener\">m\u00e9todos de pago ofrecidos en Ecuador<\/a><\/li>\n<li>El bono por valor del 100% de tu ingreso ser\u00e1 acreditado en tu cuenta<\/li>\n<\/ul>\n<p>Esta <a href=\"https:\/\/casinoalto.com\/ec\/bonos-de-bienvenida\/\" target=\"_blank\" rel=\"noopener\">promoci\u00f3n exclusiva para nuevos usuarios<\/a> de Betsson, est\u00e1 vigente <strong>desde el 1 de abril de 2019 de manera indefinida.<\/strong>\u00a0Nuestro consejo es que si tienes intenci\u00f3n de aventurarte al mundo del juego online, no dejes pasar esta buena oportunidad.<\/p>\n<p>La oferta concreta de Betsson es un <strong>bono del 100% del valor de tu primer dep\u00f3sito, hasta un m\u00e1ximo de 100 d\u00f3lares<\/strong>. Es decir, ingresa 50 d\u00f3lares y ll\u00e9vate otros 50 extra solo por haber realizado ese ingreso inicial con el c\u00f3digo promocional de Betsson.<\/p>\n<p>Este bono tiene una <strong>duraci\u00f3n de 30 d\u00edas<\/strong>. Pasada esa fecha, si no has liberado el dinero m\u00e1s las posibles ganancias quedar\u00e1 anulado. Para poder llevar a cabo la retirada del efectivo, el bono tiene un <strong>rollover (cantidad de apuesta m\u00ednima) de 40 veces la cuant\u00eda de este<\/strong>.<\/p>\n<p>Es decir, si has recibido por ejemplo un bono de primer ingreso de 20 d\u00f3lares, deber\u00e1s jugar un total de 800 d\u00f3lares en el juego que prefieras de Betsson salvo algunas excepciones. Eso s\u00ed, ten presente que no todos contribuyen de la misma forma al cumplimiento de este requisito.<\/p>\n<p>Para jugar esas 40 veces la cantidad del bono, las tragaperras contribuyen un 100%, mientras los juegos de ruleta en l\u00ednea y juegos de blackjack online lo hacen en un 25%. Quedan exentos de esta promoci\u00f3n las variedades Punto y Banca, Blackjack Surrender, Pontoon, Cashback Blackjack y las tragamonedas con botes progresivos.<\/p>\n<p>Esta promoci\u00f3n no es acumulable con otras disponibles en el casino online, por lo que deber\u00e1s hacer uso de ella y rentabilizar tu ingreso de forma exclusiva.<\/p>\n<p>De manera adicional a esta oferta exclusiva de <a href=\"https:\/\/casinoalto.com\/ec\/\" target=\"_blank\" rel=\"noopener\">Casino Alto Ecuador<\/a>, y tan solo por el hecho de completar tu registro, verificar tu identidad y depositar, podr\u00e1s hacerte con 75 giros gratuitos. Dinero gratis para casino, as\u00ed de f\u00e1cil y sencillo. Reg\u00edstrate, env\u00eda tu documentaci\u00f3n online, deposita y a disfrutar de Betsson casino con estas jugadas.<\/p>\n<p>En total <strong>hasta 100 d\u00f3lares m\u00e1s 75 tiradas gratis<\/strong>, una forma inmejorable de arrancar a jugar con el c\u00f3digo promocional de Betsson. Si tienes cualquier tipo de duda consulta la secci\u00f3n de t\u00e9rminos y condiciones del casino, o ponte en contacto con su servicio de atenci\u00f3n al cliente. Los juegos de este casino sueco te est\u00e1n esperando, junto a suculentos botes y premios. \u00bfA qu\u00e9 esperas?<\/p>\n","protected":false},"excerpt":{"rendered":"<p>Dentro de las amplias posibilidades a la hora de elegir uno de los casinos online disponibles en Ecuador para empezar a jugar, hay que tener en cuenta muchos aspectos. Desde el cat\u00e1logo de juegos buscando los que m\u00e1s nos interesen, pasando por sus opciones de pago, atenci\u00f3n al cliente o seguridad. Otro de los motivos [&hellip;]<\/p>\n","protected":false},"author":6,"featured_media":0,"parent":152134,"menu_order":0,"comment_status":"closed","ping_status":"closed","template":"single_codigo.php","meta":{"_acf_changed":false,"footnotes":""},"class_list":["post-10060265","page","type-page","status-publish","hentry"],"acf":[],"_links":{"self":[{"href":"https:\/\/staging.casinoalto.com\/ec\/wp-json\/wp\/v2\/pages\/10060265","targetHints":{"allow":["GET"]}}],"collection":[{"href":"https:\/\/staging.casinoalto.com\/ec\/wp-json\/wp\/v2\/pages"}],"about":[{"href":"https:\/\/staging.casinoalto.com\/ec\/wp-json\/wp\/v2\/types\/page"}],"author":[{"embeddable":true,"href":"https:\/\/staging.casinoalto.com\/ec\/wp-json\/wp\/v2\/users\/6"}],"replies":[{"embeddable":true,"href":"https:\/\/staging.casinoalto.com\/ec\/wp-json\/wp\/v2\/comments?post=10060265"}],"version-history":[{"count":4,"href":"https:\/\/staging.casinoalto.com\/ec\/wp-json\/wp\/v2\/pages\/10060265\/revisions"}],"predecessor-version":[{"id":10062771,"href":"https:\/\/staging.casinoalto.com\/ec\/wp-json\/wp\/v2\/pages\/10060265\/revisions\/10062771"}],"up":[{"embeddable":true,"href":"https:\/\/staging.casinoalto.com\/ec\/wp-json\/wp\/v2\/pages\/152134"}],"wp:attachment":[{"href":"https:\/\/staging.casinoalto.com\/ec\/wp-json\/wp\/v2\/media?parent=10060265"}],"curies":[{"name":"wp","href":"https:\/\/api.w.org\/{rel}","templated":true}]}}