{"id":10061419,"date":"2023-02-28T07:00:07","date_gmt":"2023-02-28T07:00:07","guid":{"rendered":"https:\/\/casinoalto.com\/cl\/?page_id=10061419"},"modified":"2026-03-04T17:59:43","modified_gmt":"2026-03-04T17:59:43","slug":"codigo-promocional-betwarrior","status":"publish","type":"page","link":"https:\/\/staging.casinoalto.com\/ec\/codigos\/codigo-promocional-betwarrior\/","title":{"rendered":"C\u00f3digo Promocional Betwarrior"},"content":{"rendered":"<p><strong>Betwarrior<\/strong> naci\u00f3 como un nuevo proyecto de Jos\u00e9 del Pino y Marten Tonnesen, exdirectivos de <strong>PokerStars<\/strong>, que desde 2019 no ha parado de crecer y ha llegado a muchos pa\u00edses de Latinoam\u00e9rica, incluidos Brasil, Per\u00fa, M\u00e9xico, Uruguay, Ecuador, Paraguay, Panam\u00e1, Costa Rica, Bolivia y, por supuesto, Ecuador.<\/p>\n<p>Este casino online avaliado por <a href=\"https:\/\/casinoalto.com\/ec\/\" target=\"_blank\" rel=\"noopener\">Casino Alto Ecuador<\/a><strong> cuenta con un excelente cat\u00e1logo de juegos<\/strong>, con m\u00e1s de 200 juegos en los que podr\u00e1s echar suerte, adem\u00e1s de que ofrece un casino en vivo espectacular.<\/p>\n<p>Los amantes de los deportes encontrar\u00e1n una gran ventaja en el hecho de que la plataforma brinda un excelente servicio en su casa de apuestas, con una gran variedad de eventos deportivos y las mejores ligas.<\/p>\n<p>El casino de Betwarrior <strong>ofrece un incre\u00edble <\/strong><a href=\"\/ec\/bonos-de-bienvenida\/\">bono de bienvenida para nuevos usuarios<\/a>, al activarlo recibir\u00e1s un regalo del <strong>200% en tu primer dep\u00f3sito de hasta 500 d\u00f3lares.<\/strong><\/p>\n<p>Pasos para obtener el bono, realiza lo siguiente:<\/p>\n<ul>\n<li>Ingresa a lo <a href=\"\/ec\/casinos-online\/betwarrior\/\">s\u00edtio web fiable de Betwarrior<\/a><\/li>\n<li>Dir\u00edgete al candado ubicado en la parte superior derecha y llena el formulario que aparecer\u00e1 para crear una cuenta.<\/li>\n<li>Has tu primer dep\u00f3sito, el monto m\u00ednimo depender\u00e1 de los <a href=\"https:\/\/casinoalto.com\/ec\/metodos-de-pago\/\" target=\"_blank\" rel=\"noopener\">m\u00e9todos de pago ofrecidos en Ecuador<\/a> que elijas para realizarlo.<\/li>\n<li>Una vez hecho esto, el casino te otorgar\u00e1 tu <strong>bono del 200%<\/strong> autom\u00e1ticamente.<\/li>\n<\/ul>\n<p>Por supuesto, tienes algunos puntos que considerar para disponer de tus ganancias, como el hecho de que <strong>deber\u00e1s cumplir con un rollover x35<\/strong>, es decir, que debes apostar 35 veces el valor del bono y as\u00ed podr\u00e1s liberar sus ganancias.<\/p>\n<p>Podr\u00e1s reclamar tu recompensa desde tu computadora, incluso puedes hacerlo desde cualquier dispositivo m\u00f3vil Android o iOS. En caso de ser usuario de Apple, <strong>deber\u00e1s ingresar directamente en tu navegador a la p\u00e1gina<\/strong> para obtener tu bono, ya que <strong>Betwarrior no cuenta con una app para ese sistema.<\/strong><\/p>\n<p>Recuerda que el bono s\u00f3lo puede ser usado en cualquiera de los siguientes juegos:<\/p>\n<p><strong>Slots:<\/strong><\/p>\n<p>Super 15 Stars (Red Rake), Fruits Collection 40 Lines (Spinomenal), Bull in a China Shop (Play\u2019nGo), Age of Pirates (Spinomenal), Bird of Thunder (Habanero), 9 Posts of Gold (Microgaming).<\/p>\n<p><strong>Juegos de casino:<\/strong><\/p>\n<p>Blackjack (SkyWind), Real Roulette with Sarati (Real Dealer), Auto-Roulette (Evolution Gaming), Lucky 7 (Ezugi), Galaxy Baccarat 1-4 (Vivo).<\/p>\n<p>Adem\u00e1s, solo se puede obtener un bono por persona, ya que, en caso de detectarse alguna irregularidad, <strong>Betwarrior<\/strong> puede cancelar las ganancias obtenidas. Esto tambi\u00e9n significa que <strong>solo se permite una direcci\u00f3n IP por domicilio<\/strong>, con el fin de evitar varias cuentas de una misma persona.<\/p>\n<p>Una vez que hayas hecho tu dep\u00f3sito y canjeado tu bono, podr\u00e1s empezar a disfrutar de uno de los <a href=\"https:\/\/casinoalto.com\/ec\/casinos-online\/\" target=\"_blank\" rel=\"noopener\">mejores casinos online de Ecuador<\/a> con un buen saldo de bonos.<\/p>\n","protected":false},"excerpt":{"rendered":"<p>Betwarrior naci\u00f3 como un nuevo proyecto de Jos\u00e9 del Pino y Marten Tonnesen, exdirectivos de PokerStars, que desde 2019 no ha parado de crecer y ha llegado a muchos pa\u00edses de Latinoam\u00e9rica, incluidos Brasil, Per\u00fa, M\u00e9xico, Uruguay, Ecuador, Paraguay, Panam\u00e1, Costa Rica, Bolivia y, por supuesto, Ecuador. Este casino online avaliado por Casino Alto Ecuador [&hellip;]<\/p>\n","protected":false},"author":11,"featured_media":0,"parent":152134,"menu_order":0,"comment_status":"closed","ping_status":"closed","template":"single_codigo.php","meta":{"_acf_changed":false,"footnotes":""},"class_list":["post-10061419","page","type-page","status-publish","hentry"],"acf":[],"_links":{"self":[{"href":"https:\/\/staging.casinoalto.com\/ec\/wp-json\/wp\/v2\/pages\/10061419","targetHints":{"allow":["GET"]}}],"collection":[{"href":"https:\/\/staging.casinoalto.com\/ec\/wp-json\/wp\/v2\/pages"}],"about":[{"href":"https:\/\/staging.casinoalto.com\/ec\/wp-json\/wp\/v2\/types\/page"}],"author":[{"embeddable":true,"href":"https:\/\/staging.casinoalto.com\/ec\/wp-json\/wp\/v2\/users\/11"}],"replies":[{"embeddable":true,"href":"https:\/\/staging.casinoalto.com\/ec\/wp-json\/wp\/v2\/comments?post=10061419"}],"version-history":[{"count":3,"href":"https:\/\/staging.casinoalto.com\/ec\/wp-json\/wp\/v2\/pages\/10061419\/revisions"}],"predecessor-version":[{"id":10062809,"href":"https:\/\/staging.casinoalto.com\/ec\/wp-json\/wp\/v2\/pages\/10061419\/revisions\/10062809"}],"up":[{"embeddable":true,"href":"https:\/\/staging.casinoalto.com\/ec\/wp-json\/wp\/v2\/pages\/152134"}],"wp:attachment":[{"href":"https:\/\/staging.casinoalto.com\/ec\/wp-json\/wp\/v2\/media?parent=10061419"}],"curies":[{"name":"wp","href":"https:\/\/api.w.org\/{rel}","templated":true}]}}