{"id":10062749,"date":"2025-09-15T15:31:35","date_gmt":"2025-09-15T15:31:35","guid":{"rendered":"https:\/\/casinoalto.com\/ec\/?page_id=10062749"},"modified":"2026-01-24T15:56:39","modified_gmt":"2026-01-24T15:56:39","slug":"codigo-promocional-micasino","status":"publish","type":"page","link":"https:\/\/staging.casinoalto.com\/ec\/codigos\/codigo-promocional-micasino\/","title":{"rendered":"C\u00f3digo promocional MiCasino.com"},"content":{"rendered":"<p><a href=\"\/ec\/bonos-de-bienvenida\/\"><u>Los bonos de bienvenida de los casinos online<\/u><\/a> sirven para consentir a los amantes del juego, pero tambi\u00e9n existen <strong>los c\u00f3digos promocionales<\/strong>, los cuales permiten acceder a ciertos beneficios. MiCasino.com tiene un apartado dedicado solo para regalos de su casino en l\u00ednea y casa de apuestas deportivas.<\/p>\n<p>El mencionado operador presume un cat\u00e1logo de juegos de casino\u00a0bastante completo, donde hallas blackjack, ruleta, p\u00f3ker, baccarat, m\u00e1quinas tragamonedas (tambi\u00e9n llamadas slots), loter\u00eda y bingo. <strong>Su casa de apuestas no se queda atr\u00e1s<\/strong>, porque hay mercados para todos los deportes (desde futbol, tenis, baloncesto y boxeo hasta automovilismo, futbol americano, rugby y atletismo).<\/p>\n<p>La seguridad es importante para MiCasino.com, por ello <strong>trabaja en Ecuador con la licencia internacional No. 365\/JAZ<\/strong>, expedida por\u00a0las autoridades de Cura\u00e7ao. Cabe destacar que la firma comenz\u00f3 a operar en Europa hace m\u00e1s de 15 a\u00f1os, y luego se traslad\u00f3 a Latinoam\u00e9rica.<\/p>\n<p>MiCasino.com es uno de <a href=\"\/ec\/casinos-online\/\"><u>los casinos en l\u00ednea de Ecuador<\/u><\/a> con bono de bienvenida por primer dep\u00f3sito; <strong>este no necesita un c\u00f3digo bonus para activarse<\/strong>, pero s\u00ed pide cumplir con los t\u00e9rminos y condiciones.<\/p>\n<p>El bono de bienvenida de Mi Casino est\u00e1 pensado para quienes se registran por primera vez y quieren comenzar a jugar con un saldo mayor desde el primer momento. <strong>La promoci\u00f3n consiste en duplicar el primer dep\u00f3sito en el casino<\/strong>, lo que significa que Mi Casino a\u00f1ade un bono equivalente al monto ingresado por el usuario. Para activar esta oferta es indispensable completar el perfil de la cuenta, seleccionar de forma expl\u00edcita el Bono Bienvenida Casino y realizar un primer dep\u00f3sito que cumpla con el m\u00ednimo requerido. Aunque el sistema indica un dep\u00f3sito m\u00ednimo general de $1, para aprovechar correctamente la promoci\u00f3n se recomienda ingresar al menos $2,50.<\/p>\n<p><strong>El bono m\u00e1ximo que se puede recibir con esta oferta es de hasta $400<\/strong>, lo que permite empezar con un saldo considerable para explorar los juegos disponibles. Una vez reclamado el bono desde la secci\u00f3n de promociones del perfil, este se acredita de forma inmediata en el balance de bono. En caso de no verlo reflejado, el usuario puede contactar al servicio de atenci\u00f3n al cliente v\u00eda chat. Es importante aclarar que <strong>esta promoci\u00f3n solo puede utilizarse una vez por cuenta<\/strong> y no es compatible con otras bonificaciones activas en la plataforma.<\/p>\n<p>Como ocurre con la mayor\u00eda de los bonos de casino, el saldo promocional est\u00e1 sujeto a un requisito de apuesta o rollover. <strong>En este caso, el rollover es de x35<\/strong> y se calcula sobre la suma del dep\u00f3sito inicial m\u00e1s el bono otorgado. Tanto el dinero real como el bono cuentan para cumplir este requisito. El jugador dispone de 10 d\u00edas desde la activaci\u00f3n del bono para completar el rollover; <strong>si no lo logra dentro de ese plazo, las ganancias generadas ser\u00e1n eliminadas<\/strong>. Durante este proceso, el monto m\u00e1ximo que se puede apostar por jugada es de $50, y no se permiten retiros hasta cumplir completamente con el requisito de apuesta.<\/p>\n","protected":false},"excerpt":{"rendered":"<p>Los bonos de bienvenida de los casinos online sirven para consentir a los amantes del juego, pero tambi\u00e9n existen los c\u00f3digos promocionales, los cuales permiten acceder a ciertos beneficios. MiCasino.com tiene un apartado dedicado solo para regalos de su casino en l\u00ednea y casa de apuestas deportivas. El mencionado operador presume un cat\u00e1logo de juegos [&hellip;]<\/p>\n","protected":false},"author":18,"featured_media":0,"parent":152134,"menu_order":0,"comment_status":"closed","ping_status":"closed","template":"single_codigo.php","meta":{"_acf_changed":false,"footnotes":""},"class_list":["post-10062749","page","type-page","status-publish","hentry"],"acf":[],"_links":{"self":[{"href":"https:\/\/staging.casinoalto.com\/ec\/wp-json\/wp\/v2\/pages\/10062749","targetHints":{"allow":["GET"]}}],"collection":[{"href":"https:\/\/staging.casinoalto.com\/ec\/wp-json\/wp\/v2\/pages"}],"about":[{"href":"https:\/\/staging.casinoalto.com\/ec\/wp-json\/wp\/v2\/types\/page"}],"author":[{"embeddable":true,"href":"https:\/\/staging.casinoalto.com\/ec\/wp-json\/wp\/v2\/users\/18"}],"replies":[{"embeddable":true,"href":"https:\/\/staging.casinoalto.com\/ec\/wp-json\/wp\/v2\/comments?post=10062749"}],"version-history":[{"count":3,"href":"https:\/\/staging.casinoalto.com\/ec\/wp-json\/wp\/v2\/pages\/10062749\/revisions"}],"predecessor-version":[{"id":10062786,"href":"https:\/\/staging.casinoalto.com\/ec\/wp-json\/wp\/v2\/pages\/10062749\/revisions\/10062786"}],"up":[{"embeddable":true,"href":"https:\/\/staging.casinoalto.com\/ec\/wp-json\/wp\/v2\/pages\/152134"}],"wp:attachment":[{"href":"https:\/\/staging.casinoalto.com\/ec\/wp-json\/wp\/v2\/media?parent=10062749"}],"curies":[{"name":"wp","href":"https:\/\/api.w.org\/{rel}","templated":true}]}}