{"id":135258,"date":"2017-10-16T14:36:15","date_gmt":"2017-10-16T14:36:15","guid":{"rendered":"https:\/\/casinoalto.com\/?page_id=135258"},"modified":"2024-04-10T12:25:54","modified_gmt":"2024-04-10T12:25:54","slug":"contacto","status":"publish","type":"page","link":"https:\/\/staging.casinoalto.com\/ec\/contacto\/","title":{"rendered":"Contacto"},"content":{"rendered":"<section class=\"entry-content\">Si deseas ponerte en contacto con nosotros, puedes enviarnos un email a <em><a href=\"mailto:contacto@casinoalto.com\">contacto@casinoalto.com<\/a>.<\/em><\/section>\n<section><\/section>\n<section class=\"entry-content\"><em>Si nos env\u00edas un email, est\u00e1s aceptando la pol\u00edtica de privacidad, as\u00ed como la inclusi\u00f3n de tus datos en un fichero de casinoalto.com. Puedes ejercitar tus derechos de informaci\u00f3n, acceso, rectificaci\u00f3n y supresi\u00f3n, de limitaci\u00f3n al tratamiento, de portabilidad y de oposici\u00f3n de los datos personales facilitados, remitiendo un correo electr\u00f3nico a la direcci\u00f3n contacto @ casinoalto.com.<\/em><\/section>\n","protected":false},"excerpt":{"rendered":"<p>Si deseas ponerte en contacto con nosotros, puedes enviarnos un email a contacto@casinoalto.com. Si nos env\u00edas un email, est\u00e1s aceptando la pol\u00edtica de privacidad, as\u00ed como la inclusi\u00f3n de tus datos en un fichero de casinoalto.com. Puedes ejercitar tus derechos de informaci\u00f3n, acceso, rectificaci\u00f3n y supresi\u00f3n, de limitaci\u00f3n al tratamiento, de portabilidad y de oposici\u00f3n [&hellip;]<\/p>\n","protected":false},"author":1,"featured_media":0,"parent":0,"menu_order":0,"comment_status":"closed","ping_status":"closed","template":"","meta":{"_acf_changed":false,"footnotes":""},"class_list":["post-135258","page","type-page","status-publish","hentry"],"acf":[],"_links":{"self":[{"href":"https:\/\/staging.casinoalto.com\/ec\/wp-json\/wp\/v2\/pages\/135258","targetHints":{"allow":["GET"]}}],"collection":[{"href":"https:\/\/staging.casinoalto.com\/ec\/wp-json\/wp\/v2\/pages"}],"about":[{"href":"https:\/\/staging.casinoalto.com\/ec\/wp-json\/wp\/v2\/types\/page"}],"author":[{"embeddable":true,"href":"https:\/\/staging.casinoalto.com\/ec\/wp-json\/wp\/v2\/users\/1"}],"replies":[{"embeddable":true,"href":"https:\/\/staging.casinoalto.com\/ec\/wp-json\/wp\/v2\/comments?post=135258"}],"version-history":[{"count":1,"href":"https:\/\/staging.casinoalto.com\/ec\/wp-json\/wp\/v2\/pages\/135258\/revisions"}],"predecessor-version":[{"id":10062526,"href":"https:\/\/staging.casinoalto.com\/ec\/wp-json\/wp\/v2\/pages\/135258\/revisions\/10062526"}],"wp:attachment":[{"href":"https:\/\/staging.casinoalto.com\/ec\/wp-json\/wp\/v2\/media?parent=135258"}],"curies":[{"name":"wp","href":"https:\/\/api.w.org\/{rel}","templated":true}]}}