{"id":135260,"date":"2017-10-16T14:36:32","date_gmt":"2017-10-16T14:36:32","guid":{"rendered":"https:\/\/casinoalto.com\/?page_id=135260"},"modified":"2017-10-16T14:36:32","modified_gmt":"2017-10-16T14:36:32","slug":"cookies","status":"publish","type":"page","link":"https:\/\/staging.casinoalto.com\/ec\/cookies\/","title":{"rendered":"Cookies"},"content":{"rendered":"<p>La presente pol\u00edtica de cookies forma parte de la pol\u00edtica de privacidad que se encuentra publicada en el sitio web y que puedes encontrar <a href=\"\/ec\/privacidad\/\">aqu\u00ed<\/a><strong>.<\/strong><\/p>\n<p><strong>1. Identificaci\u00f3n del Responsable de Tratamiento: <\/strong>La responsable del tratamiento de los datos recabados es Leon Digital Marketing Ltd., con domicilio social en 310 Stafford Road, Croydon, Surrey, Reino Unido, CR0 4NH, que consta registrada con el n\u00famero de compa\u00f1\u00eda 10699118 en Companies House con n\u00famero de VAT GB270922603, en adelante, CASINOALTO, as\u00ed como leg\u00edtima titular del Sitio Web y de todos los subdominios y directorios incluidos en este (en adelante conjuntamente denominados como el \u201cSitio Web\u201d).<\/p>\n<p>Puedes ponerte en contacto con CASINOALTO, para cualquier aspecto relacionado con esta pol\u00edtica de cookies, en la direcci\u00f3n de correo electr\u00f3nico: contacto[arroba]casinoalto.com<\/p>\n<p><strong>2. \u00bfQu\u00e9 son las cookies?<\/strong>: Una cookie es un dispositivo o peque\u00f1o archivo que el servidor de este Sitio Web env\u00eda al navegador del terminal (ordenador, <em>smartphone, tablet,<\/em> etc.) desde el que te conectas, con la finalidad de almacenar informaci\u00f3n sobre la navegaci\u00f3n que efect\u00faas desde dicho terminal, que podr\u00e1, en su caso, ser recuperada con posterioridad.<\/p>\n<p><strong>2.1. \u00bfQu\u00e9 tipos de cookies existen?: <\/strong>Existen diferentes categor\u00edas de cookies, pero una misma cookie puede estar incluida en m\u00e1s de una categor\u00eda.<\/p>\n<p><strong>2.1.1. Tipos de cookies afectadas por la norma de aplicaci\u00f3n:<\/strong><\/p>\n<p>Podemos distinguir entre cookies \u201cexceptuadas\u201d y \u201cno exceptuadas\u201d:<\/p>\n<p><strong>Cookies \u201cexceptuadas\u201d: <\/strong>Ser\u00edan imprescindibles y estrictamente necesarias para el correcto funcionamiento del Sitio Web y para la utilizaci\u00f3n de las diferentes opciones y servicios que ofrece. As\u00ed pues, puede entenderse que estas cookies quedan excluidas del \u00e1mbito de aplicaci\u00f3n del art\u00edculo 22.2 de la LSSI, y por lo tanto, no ser\u00eda necesario informar ni obtener el consentimiento sobre su uso. Entre las cookies exceptuadas podemos distinguir:<\/p>\n<p>Cookies de \u201centrada del usuario\u201d<\/p>\n<p>Cookies de autenticaci\u00f3n o identificaci\u00f3n de usuario (\u00fanicamente de sesi\u00f3n)<\/p>\n<p>Cookies de seguridad del usuario<\/p>\n<p>Cookies de sesi\u00f3n de reproductor multimedia<\/p>\n<p>Cookies de sesi\u00f3n para equilibrar la carga<\/p>\n<p>Cookies de personalizaci\u00f3n de la interfaz de usuario<\/p>\n<p>Cookies de complemento (plug-in) para intercambiar contenidos sociales.<\/p>\n<p><strong>Cookies \u201cno exceptuadas\u201d: <\/strong>Ser\u00edan aquellas sujetas al \u00e1mbito de aplicaci\u00f3n del art\u00edculo 22.2 de la LSSI-CE y por lo tanto es preceptivo informar de su utilizaci\u00f3n y obtener el consentimiento del usuario sobre su uso. Se tratar\u00eda de cualquier otro tipo de cookies no descritas como cookies exceptuadas en el apartado anterior.<\/p>\n<p><strong>2.1.2. Tipos de cookies seg\u00fan la entidad que las gestione: <\/strong>Seg\u00fan quien sea la entidad que gestione el equipo o dominio desde donde se env\u00edan las cookies y trate los datos que se obtengan, podemos distinguir:<\/p>\n<p><strong>&#8211; Cookies propias: <\/strong>Son aqu\u00e9llas que se env\u00edan al equipo terminal del usuario desde un equipo o dominio gestionado por el titular\/editor del Sitio Web y desde el que se presta el servicio solicitado por el usuario.<\/p>\n<p><strong>&#8211; Cookies de tercero: <\/strong>Son aqu\u00e9llas que se env\u00edan al equipo terminal del usuario desde un equipo o dominio que no es gestionado por el titular\/editor del Sitio Web, sino por otra entidad que trata los datos obtenidos trav\u00e9s de las cookies.<\/p>\n<p>En caso de que las cookies sean instaladas desde un equipo o dominio gestionado por el propio titular\/editor del Sitio Web pero la informaci\u00f3n que se recoja mediante \u00e9stas sea gestionada por un tercero, no pueden ser consideradas como cookies propias.<\/p>\n<p><strong>2.1.3. Tipos de cookie seg\u00fan el plazo de tiempo que permanecen activadas:<\/strong><\/p>\n<p><strong>&#8211; Cookies de sesi\u00f3n: <\/strong>Son un tipo de cookies dise\u00f1adas para recabar y almacenar datos mientras el usuario accede a una p\u00e1gina web. Se suelen emplear para almacenar informaci\u00f3n que solo interesa conservar para la prestaci\u00f3n del servicio solicitado por el usuario en una sola ocasi\u00f3n.<\/p>\n<p><strong>&#8211; Cookies persistentes: <\/strong>Son un tipo de cookies en el que los datos siguen almacenados en el terminal y pueden ser accedidos y tratados durante un periodo definido por el responsable de la cookie, y que puede ir de unos minutos a varios a\u00f1os.<\/p>\n<p><strong>2.1.4. Tipo de cookies seg\u00fan su finalidad: <\/strong>Seg\u00fan la finalidad para la que se traten los datos obtenidos a trav\u00e9s de las cookies, podemos distinguir entre:<\/p>\n<p><strong>&#8211; Cookies t\u00e9cnicas:<\/strong> Son aqu\u00e9llas que permiten al usuario la navegaci\u00f3n a trav\u00e9s de una p\u00e1gina web, plataforma o aplicaci\u00f3n y la utilizaci\u00f3n de las diferentes opciones o servicios que en ella existan como, por ejemplo, controlar el tr\u00e1fico y la comunicaci\u00f3n de datos, identificar la sesi\u00f3n, acceder a partes de acceso restringido, recordar los elementos que integran un pedido, realizar el proceso de compra de un pedido, realizar la solicitud de inscripci\u00f3n o participaci\u00f3n en un evento, almacenar contenidos para la difusi\u00f3n de videos o sonido o compartir contenidos a trav\u00e9s de redes sociales.<\/p>\n<p><strong>&#8211; Cookies de seguridad:<\/strong> Aquellas que permiten utilizar elementos de seguridad durante la navegaci\u00f3n.<\/p>\n<p><strong>&#8211; Cookies de personalizaci\u00f3n: <\/strong>Son aqu\u00e9llas que permiten al usuario acceder al servicio con algunas caracter\u00edsticas de car\u00e1cter general predefinidas en funci\u00f3n de una serie de criterios en el terminal del usuario como por ejemplo serian el idioma, el tipo de navegador a trav\u00e9s del cual accede al servicio, la configuraci\u00f3n regional desde donde accede al servicio, etc.<\/p>\n<p><strong>&#8211; Cookies de an\u00e1lisis: <\/strong>Son aqu\u00e9llas que permiten al responsable de las mismas, el seguimiento y an\u00e1lisis del comportamiento de los usuarios de los sitios web a los que est\u00e1n vinculadas. La informaci\u00f3n recogida mediante este tipo de cookies se utiliza en la medici\u00f3n de la actividad de los sitios web, aplicaci\u00f3n o plataforma y para la elaboraci\u00f3n de perfiles de navegaci\u00f3n de los usuarios de dichos sitios, aplicaciones y plataformas, con el fin de introducir mejoras en funci\u00f3n del an\u00e1lisis de los datos de uso que hacen los usuarios del servicio.<\/p>\n<p><strong>&#8211; Cookies publicitarias: <\/strong>Son aqu\u00e9llas que permiten la gesti\u00f3n, de la forma m\u00e1s eficaz posible, de los espacios publicitarios que, en su caso, el editor haya incluido en una p\u00e1gina web, aplicaci\u00f3n o plataforma desde la que presta el servicio solicitado en base a criterios como el contenido editado o la frecuencia en la que se muestran los anuncios.<\/p>\n<p><strong>&#8211; Cookies de publicidad comportamental: <\/strong>Son aqu\u00e9llas que permiten la gesti\u00f3n, de la forma m\u00e1s eficaz posible, de los espacios publicitarios que, en su caso, el editor haya incluido en una p\u00e1gina web, aplicaci\u00f3n o plataforma desde la que presta el servicio solicitado. Estas cookies almacenan informaci\u00f3n del comportamiento de los usuarios obtenida a trav\u00e9s de la observaci\u00f3n continuada de sus h\u00e1bitos de navegaci\u00f3n, lo que permite desarrollar un perfil espec\u00edfico para mostrar publicidad en funci\u00f3n de este.<\/p>\n<p><strong>3. \u00bfQu\u00e9 cookies utilizamos en CASINOALTO?:<\/strong><\/p>\n<p>En CASINOALTO utilizamos las siguientes cookies:<\/p>\n<p><img loading=\"lazy\" decoding=\"async\" class=\"alignnone size-full wp-image-150473\" src=\"\/ec\/wp-content\/uploads\/sites\/7\/2019\/04\/0001-1.webp\" alt=\"Cookies\" width=\"1975\" height=\"2951\" \/><\/p>\n<p><em>Puedes acceder a los enlaces de m\u00e1s informaci\u00f3n desde aqu\u00ed: <a href=\"https:\/\/policies.google.com\/privacy?hl=en\" target=\"_blank\" rel=\"noopener\">https:\/\/policies.google.com\/privacy?hl=en<\/a>\u00a0\/\u00a0<a href=\"https:\/\/www.hotjar.com\/privacy\" target=\"_blank\" rel=\"noopener\">https:\/\/www.hotjar.com\/privacy<\/a>\u00a0\/\u00a0<a href=\"https:\/\/automattic.com\/privacy\/\" target=\"_blank\" rel=\"noopener\">https:\/\/automattic.com\/privacy\/<\/a><\/em><\/p>\n<p><strong>En este Sitio Web se utiliza Google Tag Manager:<\/strong> Google Tag Manager es un sistema de administraci\u00f3n de etiquetas que permite actualizar de forma f\u00e1cil y r\u00e1pida las etiquetas y los fragmentos de c\u00f3digo de un sitio web o de sus aplicaciones m\u00f3viles, como los destinados al an\u00e1lisis del tr\u00e1fico y a optimizar las campa\u00f1as de marketing. Puede a\u00f1adir y actualizar etiquetas personalizadas, de terceros o de AdWords, Google Analytics, Firebase Analytics y Floodlight desde la interfaz de usuario de Tag Manager en lugar de cambiar el c\u00f3digo de los sitios web.<\/p>\n<p><strong>4. Informaci\u00f3n sobre c\u00f3mo bloquear las cookies, como desactivarlas y\/o bloquearlas:<\/strong> El usuario podr\u00e1 -en cualquier momento- gestionar el uso de cookies a trav\u00e9s del navegador instalado en su terminal. En los enlaces siguientes puede encontrarse informaci\u00f3n sobre qu\u00e9 cookies tiene el usuario instaladas en su navegador, permitir su instalaci\u00f3n, bloquearlas o eliminarlas de su equipo:<\/p>\n<p>Chrome, desde:<\/p>\n<p><a href=\"http:\/\/support.google.com\/chrome\/bin\/answer.py?hl=es&amp;answer=95647\" target=\"_blank\" rel=\"noopener\">http:\/\/support.google.com\/chrome\/bin\/answer.py?hl=es&amp;answer=95647<\/a><\/p>\n<p>Explorer, desde:<\/p>\n<p><a href=\"https:\/\/support.microsoft.com\/es-es\/help\/17442\/windows-internet-explorer-delete-manage-cookies\" target=\"_blank\" rel=\"noopener\">https:\/\/support.microsoft.com\/es-es\/help\/17442\/windows-internet-explorer-delete-manage-cookies<\/a><\/p>\n<p>Firefox, desde:<\/p>\n<p><a href=\"http:\/\/support.mozilla.org\/es\/kb\/habilitar-y-deshabilitar-cookies-que-los-sitios-we\" target=\"_blank\" rel=\"noopener\">http:\/\/support.mozilla.org\/es\/kb\/habilitar-y-deshabilitar-cookies-que-los-sitios-we<\/a><\/p>\n<p>Safari, desde:<\/p>\n<p><a href=\"https:\/\/support.apple.com\/kb\/PH19214?viewlocale=es_ES&amp;locale=es_ES\" target=\"_blank\" rel=\"noopener\">https:\/\/support.apple.com\/kb\/PH19214?viewlocale=es_ES&amp;locale=es_ES<\/a><\/p>\n<p>Opera, desde: <a href=\"http:\/\/help.opera.com\/Windows\/11.50\/es-ES\/cookies.html\" target=\"_blank\" rel=\"noopener\">http:\/\/help.opera.com\/Windows\/11.50\/es-ES\/cookies.html<\/a><\/p>\n<p>Existen herramientas de terceros, disponibles on line, que permiten a los usuarios detectar las cookies en cada sitio web que visita y gestionar su desactivaci\u00f3n, como por ejemplo Ghostery (<a href=\"https:\/\/www.ghostery.com\/\" target=\"_blank\" rel=\"noopener\">https:\/\/www.ghostery.com\/<\/a>).<\/p>\n<p>Los navegadores web son las herramientas encargadas de almacenar las cookies y desde este lugar el usuario puede ejercitar su derecho a eliminaci\u00f3n o desactivaci\u00f3n de estas. Este Sitio Web no puede garantizar la correcta o incorrecta manipulaci\u00f3n de las cookies por parte de los mencionados navegadores.<\/p>\n<p>En algunos casos es necesario instalar cookies para que el navegador no olvide la decisi\u00f3n del usuario de no aceptaci\u00f3n de estas.<\/p>\n","protected":false},"excerpt":{"rendered":"<p>La presente pol\u00edtica de cookies forma parte de la pol\u00edtica de privacidad que se encuentra publicada en el sitio web y que puedes encontrar aqu\u00ed. 1. Identificaci\u00f3n del Responsable de Tratamiento: La responsable del tratamiento de los datos recabados es Leon Digital Marketing Ltd., con domicilio social en 310 Stafford Road, Croydon, Surrey, Reino Unido, [&hellip;]<\/p>\n","protected":false},"author":1,"featured_media":0,"parent":0,"menu_order":0,"comment_status":"closed","ping_status":"closed","template":"","meta":{"_acf_changed":false,"footnotes":""},"class_list":["post-135260","page","type-page","status-publish","hentry"],"acf":[],"_links":{"self":[{"href":"https:\/\/staging.casinoalto.com\/ec\/wp-json\/wp\/v2\/pages\/135260","targetHints":{"allow":["GET"]}}],"collection":[{"href":"https:\/\/staging.casinoalto.com\/ec\/wp-json\/wp\/v2\/pages"}],"about":[{"href":"https:\/\/staging.casinoalto.com\/ec\/wp-json\/wp\/v2\/types\/page"}],"author":[{"embeddable":true,"href":"https:\/\/staging.casinoalto.com\/ec\/wp-json\/wp\/v2\/users\/1"}],"replies":[{"embeddable":true,"href":"https:\/\/staging.casinoalto.com\/ec\/wp-json\/wp\/v2\/comments?post=135260"}],"version-history":[{"count":0,"href":"https:\/\/staging.casinoalto.com\/ec\/wp-json\/wp\/v2\/pages\/135260\/revisions"}],"wp:attachment":[{"href":"https:\/\/staging.casinoalto.com\/ec\/wp-json\/wp\/v2\/media?parent=135260"}],"curies":[{"name":"wp","href":"https:\/\/api.w.org\/{rel}","templated":true}]}}