{"id":140860,"date":"2023-02-13T11:15:00","date_gmt":"2023-02-13T11:15:00","guid":{"rendered":"https:\/\/casinoalto.com\/?page_id=140860"},"modified":"2026-01-27T15:49:41","modified_gmt":"2026-01-27T15:49:41","slug":"baccarat","status":"publish","type":"page","link":"https:\/\/staging.casinoalto.com\/ec\/casino-en-vivo\/baccarat\/","title":{"rendered":"Baccarat en vivo"},"content":{"rendered":"<p>Uno de los juegos en vivo m\u00e1s emocionantes de ver y practicar es el <strong>Baccarat en vivo<\/strong>. Se trata de un juego de cartas donde deber\u00e1s sumar 9 o lo m\u00e1s cerca posible para vencer a la banca (en este caso el dealer).<\/p>\n<p>Seguro que has podido disfrutar de la emoci\u00f3n de las partidas de Baccarat en pel\u00edculas como la de James Bond, y ahora podr\u00e1s hacerlo en carne y hueso gracias al <a href=\"\/ec\/casino-en-vivo\/\">casino en vivo<\/a>. Sum\u00e9rgete en la partida y que la suerte est\u00e9 de tu parte.<\/p>\n<div id=\"ez-toc-container\" class=\"ez-toc-v2_0_82_2 counter-hierarchy ez-toc-counter ez-toc-custom ez-toc-container-direction\">\n<p class=\"ez-toc-title\" style=\"cursor:inherit\">Tabla de contenidos<\/p>\n<label for=\"ez-toc-cssicon-toggle-item-69d6ae8777f19\" class=\"ez-toc-cssicon-toggle-label\"><span class=\"\"><span class=\"eztoc-hide\" style=\"display:none;\">Toggle<\/span><span class=\"ez-toc-icon-toggle-span\"><svg style=\"fill: #999;color:#999\" xmlns=\"http:\/\/www.w3.org\/2000\/svg\" class=\"list-377408\" width=\"20px\" height=\"20px\" viewBox=\"0 0 24 24\" fill=\"none\"><path d=\"M6 6H4v2h2V6zm14 0H8v2h12V6zM4 11h2v2H4v-2zm16 0H8v2h12v-2zM4 16h2v2H4v-2zm16 0H8v2h12v-2z\" fill=\"currentColor\"><\/path><\/svg><svg style=\"fill: #999;color:#999\" class=\"arrow-unsorted-368013\" xmlns=\"http:\/\/www.w3.org\/2000\/svg\" width=\"10px\" height=\"10px\" viewBox=\"0 0 24 24\" version=\"1.2\" baseProfile=\"tiny\"><path d=\"M18.2 9.3l-6.2-6.3-6.2 6.3c-.2.2-.3.4-.3.7s.1.5.3.7c.2.2.4.3.7.3h11c.3 0 .5-.1.7-.3.2-.2.3-.5.3-.7s-.1-.5-.3-.7zM5.8 14.7l6.2 6.3 6.2-6.3c.2-.2.3-.5.3-.7s-.1-.5-.3-.7c-.2-.2-.4-.3-.7-.3h-11c-.3 0-.5.1-.7.3-.2.2-.3.5-.3.7s.1.5.3.7z\"\/><\/svg><\/span><\/span><\/label><input type=\"checkbox\"  id=\"ez-toc-cssicon-toggle-item-69d6ae8777f19\" checked aria-label=\"Toggle\" \/><nav><ul class='ez-toc-list ez-toc-list-level-1 ' ><li class='ez-toc-page-1 ez-toc-heading-level-2'><a class=\"ez-toc-link ez-toc-heading-1\" href=\"https:\/\/staging.casinoalto.com\/ec\/casino-en-vivo\/baccarat\/#Que-es-el-Baccarat-en-vivo\" >Qu\u00e9 es el Baccarat en vivo<\/a><\/li><li class='ez-toc-page-1 ez-toc-heading-level-2'><a class=\"ez-toc-link ez-toc-heading-2\" href=\"https:\/\/staging.casinoalto.com\/ec\/casino-en-vivo\/baccarat\/#Como-se-juega-al-Baccarat-en-vivo\" >C\u00f3mo se juega al Baccarat en vivo<\/a><ul class='ez-toc-list-level-3' ><li class='ez-toc-heading-level-3'><a class=\"ez-toc-link ez-toc-heading-3\" href=\"https:\/\/staging.casinoalto.com\/ec\/casino-en-vivo\/baccarat\/#Reglas-del-Baccarat-en-vivo\" >Reglas del Baccarat en vivo<\/a><\/li><\/ul><\/li><li class='ez-toc-page-1 ez-toc-heading-level-2'><a class=\"ez-toc-link ez-toc-heading-4\" href=\"https:\/\/staging.casinoalto.com\/ec\/casino-en-vivo\/baccarat\/#%C2%BFHay-Baccarat-en-vivo-gratis\" >\u00bfHay Baccarat en vivo gratis?<\/a><\/li><\/ul><\/nav><\/div>\n<h2><span class=\"ez-toc-section\" id=\"Que-es-el-Baccarat-en-vivo\"><\/span>Qu\u00e9 es el Baccarat en vivo<span class=\"ez-toc-section-end\"><\/span><\/h2>\n<p>El Baccarat en vivo es el juego del <strong>Baccarat en directo<\/strong>, con crupieres de carne y hueso y una mesa f\u00edsica donde se producir\u00e1n las partidas. Disfruta de toda la emoci\u00f3n como si estuvieras en un casino f\u00edsico, pero sin moverte de la pantalla de tu ordenador, tablet o dispositivo m\u00f3vil.<\/p>\n<p>Es la gran ventaja del <strong>casino en vivo<\/strong>, todo comodidad pero con la experiencia de casino real, pudiendo ver al dealer mezclar y repartir o conversar con los otros jugadores mediante el chat.<\/p>\n<p>Para ello, se utiliza o bien la se\u00f1al desde un casino f\u00edsico real en directo o una sala acondicionada especialmente para llevar a cabo las partidas de Baccarat en vivo, todo mediante <strong>streaming<\/strong>.<\/p>\n<h2><span class=\"ez-toc-section\" id=\"Como-se-juega-al-Baccarat-en-vivo\"><\/span>C\u00f3mo se juega al Baccarat en vivo<span class=\"ez-toc-section-end\"><\/span><\/h2>\n<p>Para poder jugar al Baccarat lo primero ser\u00e1 conocer las reglas, as\u00ed como el funcionamiento de las <strong>partidas en vivo<\/strong> y los requisitos necesarios del juego.<\/p>\n<h3><span class=\"ez-toc-section\" id=\"Reglas-del-Baccarat-en-vivo\"><\/span>Reglas del Baccarat en vivo<span class=\"ez-toc-section-end\"><\/span><\/h3>\n<p>Las reglas son bastante parecidas a las del Baccarat cl\u00e1sico. Para empezar tendr\u00e1s ante ti la mesa de juego, con el crupier repartiendo y barajando cartas a ti y al resto de jugadores.<\/p>\n<p>Los jugadores colocar\u00e1n sus apuestas sobre la mesa, pudiendo hacerlo para determinar si ganar\u00e1 la mano de la banca (<strong>el crupier en este caso<\/strong>) o la mano del propio jugador. El premio variar\u00e1 en funci\u00f3n de la cantidad apostada.<\/p>\n<p>El objetivo ser\u00e1 sumar 9 o lo m\u00e1s cercano a esta cifra mediante la combinaci\u00f3n de las <strong>cartas en la mano<\/strong>. El crupier reparte dos cartas, y en funci\u00f3n del valor de estas ocurrir\u00e1n diferentes jugadas.<\/p>\n<p>Para tenerlo en cuenta, el valor de las cartas en el <strong>Baccarat en vivo<\/strong> es el normal reflejado en la propia carta del 1 al 9. Las cartas 10, J, Q y K tienen valor 0. Una vez visto esto, vayamos con la mec\u00e1nica de la partida.<\/p>\n<p>Si el jugador recibe cartas por valor de 0 a 5 el crupier le repartir\u00e1 otra carta m\u00e1s, en esta caso una tercera, que se sumar\u00e1 al valor de las anteriores. En caso de que las cartas valgan 6 o 7 el jugador se plantar\u00e1, teniendo opci\u00f3n entonces el crupier de pedir otra carta. Si la mano con las dos primeras cartas vale 8 o 9 no se reparten m\u00e1s cartas, y se lleva la partida el que posea la mano de m\u00e1s valor.<\/p>\n<p>Para el crupier del Baccarat en vivo <strong>se aplican las mismas reglas<\/strong>, siempre teniendo en cuenta que depender\u00e1n de lo ocurrido anteriormente con las manos de los jugadores.<\/p>\n<p>Una vez hecho el recuento se repartir\u00e1n los premios en funci\u00f3n de la mano ganadora y la cantidad de dinero apostada al inicio, para empezar con una nueva ronda despu\u00e9s.<\/p>\n<p>Lo que hace especial estas partidas es poder observar en directo las <strong>reacciones del crupier o del resto de jugadores<\/strong>, ya sea con las expresiones o mediante el chat.<\/p>\n<p>No te quedes sin probar esta experiencia, pero recuerda hacerlo siempre con responsabilidad y primando la diversi\u00f3n por encima de todo.<\/p>\n<h2><span class=\"ez-toc-section\" id=\"%C2%BFHay-Baccarat-en-vivo-gratis\"><\/span>\u00bfHay Baccarat en vivo gratis?<span class=\"ez-toc-section-end\"><\/span><\/h2>\n<p>Debido al coste que tiene la realizaci\u00f3n de este tipo de partidas no hay opci\u00f3n de jugar gratis al Baccarat en vivo.<\/p>\n<p>Sin embargo, puedes aprovechar los <a href=\"\/ec\/casinos-sin-deposito\/\">bonos de casino sin dep\u00f3sito<\/a> que ofrecen algunas casas de juego. Recibir\u00e1s un <strong>bono gratis<\/strong> por el simple hecho de registrarte, que seg\u00fan las condiciones de cada casino podr\u00e1s utilizar para jugar al casino en vivo.<\/p>\n<p>Tambi\u00e9n tienes la opci\u00f3n de jugar al Baccarat gratis<\/a> con la versi\u00f3n demo que te ofrecemos en <strong><em>Casino Alto<\/em><\/strong>, una alternativa si eres principiante para familiarizarte con este juego.<\/p>\n<p>Es una de las mejores opciones para probar la emoci\u00f3n del Baccarat en vivo sin poner en juego tu propio dinero. Podr\u00e1s comprobar c\u00f3mo se juega y practicar para mejorar tus habilidades antes de <strong>empezar a apostar<\/strong> dinero real.<\/p>\n","protected":false},"excerpt":{"rendered":"<p>Uno de los juegos en vivo m\u00e1s emocionantes de ver y practicar es el Baccarat en vivo. Se trata de un juego de cartas donde deber\u00e1s sumar 9 o lo m\u00e1s cerca posible para vencer a la banca (en este caso el dealer). Seguro que has podido disfrutar de la emoci\u00f3n de las partidas de [&hellip;]<\/p>\n","protected":false},"author":18,"featured_media":0,"parent":140849,"menu_order":0,"comment_status":"closed","ping_status":"closed","template":"page-casinos.php","meta":{"_acf_changed":false,"footnotes":""},"class_list":["post-140860","page","type-page","status-publish","hentry"],"acf":[],"_links":{"self":[{"href":"https:\/\/staging.casinoalto.com\/ec\/wp-json\/wp\/v2\/pages\/140860","targetHints":{"allow":["GET"]}}],"collection":[{"href":"https:\/\/staging.casinoalto.com\/ec\/wp-json\/wp\/v2\/pages"}],"about":[{"href":"https:\/\/staging.casinoalto.com\/ec\/wp-json\/wp\/v2\/types\/page"}],"author":[{"embeddable":true,"href":"https:\/\/staging.casinoalto.com\/ec\/wp-json\/wp\/v2\/users\/18"}],"replies":[{"embeddable":true,"href":"https:\/\/staging.casinoalto.com\/ec\/wp-json\/wp\/v2\/comments?post=140860"}],"version-history":[{"count":2,"href":"https:\/\/staging.casinoalto.com\/ec\/wp-json\/wp\/v2\/pages\/140860\/revisions"}],"predecessor-version":[{"id":10062795,"href":"https:\/\/staging.casinoalto.com\/ec\/wp-json\/wp\/v2\/pages\/140860\/revisions\/10062795"}],"up":[{"embeddable":true,"href":"https:\/\/staging.casinoalto.com\/ec\/wp-json\/wp\/v2\/pages\/140849"}],"wp:attachment":[{"href":"https:\/\/staging.casinoalto.com\/ec\/wp-json\/wp\/v2\/media?parent=140860"}],"curies":[{"name":"wp","href":"https:\/\/api.w.org\/{rel}","templated":true}]}}