{"id":148115,"date":"2023-02-13T23:41:34","date_gmt":"2023-02-13T23:41:34","guid":{"rendered":"https:\/\/casinoalto.com\/?page_id=148115"},"modified":"2026-03-23T18:07:11","modified_gmt":"2026-03-23T18:07:11","slug":"esports","status":"publish","type":"page","link":"https:\/\/staging.casinoalto.com\/ec\/esports\/","title":{"rendered":"eSports"},"content":{"rendered":"<p>Dentro del mundo de los <strong>casinos online<\/strong> y las apuestas deportivas, lleva varios a\u00f1os surgiendo con fuerza un nombre de los eSports.<\/p>\n<p><strong>Descubre en <em>Casino Alto<\/em> las mejores casas de apuestas o casinos donde apostar en eSports.<\/strong><\/p>\n<div id=\"ez-toc-container\" class=\"ez-toc-v2_0_82_2 counter-hierarchy ez-toc-counter ez-toc-custom ez-toc-container-direction\">\n<p class=\"ez-toc-title\" style=\"cursor:inherit\">Tabla de contenidos<\/p>\n<label for=\"ez-toc-cssicon-toggle-item-69d6796e1a74e\" class=\"ez-toc-cssicon-toggle-label\"><span class=\"\"><span class=\"eztoc-hide\" style=\"display:none;\">Toggle<\/span><span class=\"ez-toc-icon-toggle-span\"><svg style=\"fill: #999;color:#999\" xmlns=\"http:\/\/www.w3.org\/2000\/svg\" class=\"list-377408\" width=\"20px\" height=\"20px\" viewBox=\"0 0 24 24\" fill=\"none\"><path d=\"M6 6H4v2h2V6zm14 0H8v2h12V6zM4 11h2v2H4v-2zm16 0H8v2h12v-2zM4 16h2v2H4v-2zm16 0H8v2h12v-2z\" fill=\"currentColor\"><\/path><\/svg><svg style=\"fill: #999;color:#999\" class=\"arrow-unsorted-368013\" xmlns=\"http:\/\/www.w3.org\/2000\/svg\" width=\"10px\" height=\"10px\" viewBox=\"0 0 24 24\" version=\"1.2\" baseProfile=\"tiny\"><path d=\"M18.2 9.3l-6.2-6.3-6.2 6.3c-.2.2-.3.4-.3.7s.1.5.3.7c.2.2.4.3.7.3h11c.3 0 .5-.1.7-.3.2-.2.3-.5.3-.7s-.1-.5-.3-.7zM5.8 14.7l6.2 6.3 6.2-6.3c.2-.2.3-.5.3-.7s-.1-.5-.3-.7c-.2-.2-.4-.3-.7-.3h-11c-.3 0-.5.1-.7.3-.2.2-.3.5-.3.7s.1.5.3.7z\"\/><\/svg><\/span><\/span><\/label><input type=\"checkbox\"  id=\"ez-toc-cssicon-toggle-item-69d6796e1a74e\" checked aria-label=\"Toggle\" \/><nav><ul class='ez-toc-list ez-toc-list-level-1 ' ><li class='ez-toc-page-1 ez-toc-heading-level-2'><a class=\"ez-toc-link ez-toc-heading-1\" href=\"https:\/\/staging.casinoalto.com\/ec\/esports\/#%C2%BFQue-son-los-eSports\" >\u00bfQu\u00e9 son los eSports?<\/a><\/li><li class='ez-toc-page-1 ez-toc-heading-level-2'><a class=\"ez-toc-link ez-toc-heading-2\" href=\"https:\/\/staging.casinoalto.com\/ec\/esports\/#Apuestas-en-LOL-%E2%80%93-League-of-Legends\" >Apuestas en LOL &#8211; League of Legends<\/a><\/li><li class='ez-toc-page-1 ez-toc-heading-level-2'><a class=\"ez-toc-link ez-toc-heading-3\" href=\"https:\/\/staging.casinoalto.com\/ec\/esports\/#Apuestas-en-CS-GO-%E2%80%93-Counter-Strike-Global-Offensive\" >Apuestas en CS:GO &#8211; Counter Strike: Global Offensive<\/a><\/li><li class='ez-toc-page-1 ez-toc-heading-level-2'><a class=\"ez-toc-link ez-toc-heading-4\" href=\"https:\/\/staging.casinoalto.com\/ec\/esports\/#Apuestas-en-Overwatch\" >Apuestas en Overwatch<\/a><\/li><li class='ez-toc-page-1 ez-toc-heading-level-2'><a class=\"ez-toc-link ez-toc-heading-5\" href=\"https:\/\/staging.casinoalto.com\/ec\/esports\/#Apuestas-en-Dota-2\" >Apuestas en Dota 2<\/a><\/li><li class='ez-toc-page-1 ez-toc-heading-level-2'><a class=\"ez-toc-link ez-toc-heading-6\" href=\"https:\/\/staging.casinoalto.com\/ec\/esports\/#Apuestas-en-Starcraft-2\" >Apuestas en Starcraft 2<\/a><\/li><\/ul><\/nav><\/div>\n<h2><span class=\"ez-toc-section\" id=\"%C2%BFQue-son-los-eSports\"><\/span>\u00bfQu\u00e9 son los eSports?<span class=\"ez-toc-section-end\"><\/span><\/h2>\n<p>Los eSports, o deportes electr\u00f3nicos, son <strong>competiciones de videojuegos que han adquirido una enorme popularidad en los \u00faltimos a\u00f1os<\/strong>, con la creaci\u00f3n de equipos profesionales y el movimiento de muchos espectadores y dinero alrededor. Existen torneos de eSports de gran fama a nivel mundial.<\/p>\n<p><img loading=\"lazy\" decoding=\"async\" class=\"alignnone size-full wp-image-148127\" src=\"\/ec\/wp-content\/uploads\/2018\/10\/Torneos-eSports.webp\" alt=\"Torneos eSports\" width=\"800\" height=\"475\" \/><\/p>\n<p>Tanto es as\u00ed que las principales casas de apuestas y <a href=\"\/ec\/casinos-online\/\">casinos online<\/a>\u00a0no se han quedado atr\u00e1s, y est\u00e1n incluyendo secciones dedicadas a <strong>apuestas en eSports en Ecuador<\/strong>.<\/p>\n<p>No en vano los mejores torneos de <strong>eSports<\/strong> son retransmitidos ya por cadenas privadas de televisi\u00f3n, adem\u00e1s del formato online por plataformas como Youtube, Twitch o Mixer.<\/p>\n<p>Los estilos de juegos que generan m\u00e1s contenido en eSports son los de <strong>acci\u00f3n en primera persona<\/strong> (shooter), como CS:GO o Call of Duty, los <strong>MOBA<\/strong> (multiple online battle arena) como League of Legends o Dota 2, y los de estrategia como Starcraft 2.<\/p>\n<p>Siguen apareciendo nuevas tendencias en los \u00faltimos tiempos en apuestas como los <strong>Battle Royale<\/strong> al estilo Fortnite o los <strong>juegos deportivos<\/strong> estilo FIFA, PES y NBA, que tambi\u00e9n mueven grandes masas de fans y en los que ya se organizan torneos de gran envergadura.<\/p>\n<p>Hay algunos <strong>videojuegos<\/strong> que tienen una relevancia mayor a la hora de realizar apuestas en eSports, ofreci\u00e9ndose mercados muy amplios de cuotas.<\/p>\n<h2><span class=\"ez-toc-section\" id=\"Apuestas-en-LOL-%E2%80%93-League-of-Legends\"><\/span>Apuestas en LOL &#8211; League of Legends<span class=\"ez-toc-section-end\"><\/span><\/h2>\n<p><img loading=\"lazy\" decoding=\"async\" class=\"alignnone size-full wp-image-148116\" src=\"\/ec\/wp-content\/uploads\/2018\/10\/Apuestas-LOL.webp\" alt=\"Apuestas LOL\" width=\"800\" height=\"475\" \/><\/p>\n<p>Probablemente el m\u00e1s famoso de todos a nivel mundial, convertido en <strong>eSport<\/strong> de forma profesional desde hace pr\u00e1cticamente una d\u00e9cada. El juego fue estrenado en el a\u00f1o 2009 y es del estilo MOBA, una arena de batalla multijugador online.<\/p>\n<p>El juego se desarrolla con el <strong>combate entre dos equipos enemigos de cinco jugadores cada uno<\/strong>, con el objetivo principal de destruir en la base del rival la estructura principal, llamada nexo.<\/p>\n<p>Para ello, cada jugador maneja su propio campe\u00f3n, cada uno de ellos con unas caracter\u00edsticas propias, en una lucha basada en la habilidad pero tambi\u00e9n con un componente estrat\u00e9gico fundamental.<\/p>\n<p>Existen numerosos <strong>torneos de LOL eSports<\/strong>, destacando el Campeonato Mundial (League of Legends World Championship). Lo organiza <strong>Riot Games<\/strong>, donde equipos de representantes de las distintas regiones geogr\u00e1ficas se enfrentan entre s\u00ed, con posibilidades de apostar en LOL en todos los enfrentamientos.<\/p>\n<p>Otro de los aspectos fundamentales son los equipos, compuestos por los jugadores, entrenador y director. En los \u00faltimos tiempos los grandes dominadores de los principales torneos de LOL son los representantes coreanos.<\/p>\n<p>Los millones de fans y jugadores de este juego hacen que las<strong> apuestas en LOL<\/strong> est\u00e9n a la orden del d\u00eda<\/p>\n<h2><span class=\"ez-toc-section\" id=\"Apuestas-en-CS-GO-%E2%80%93-Counter-Strike-Global-Offensive\"><\/span>Apuestas en CS:GO &#8211; Counter Strike: Global Offensive<span class=\"ez-toc-section-end\"><\/span><\/h2>\n<p><img loading=\"lazy\" decoding=\"async\" class=\"alignnone size-full wp-image-148118\" src=\"\/ec\/wp-content\/uploads\/2018\/10\/Apuestas-CSGO.webp\" alt=\"Apuestas CSGO\" width=\"800\" height=\"475\" \/><\/p>\n<p>El otro gran juego de eSports, de un estilo totalmente diferente, es el <strong>Counter Strike<\/strong>. Lanzado en 2012, lleva desde entonces entre los primeros puestos en ingresos, introduci\u00e9ndose de forma firme en el mundo de las apuestas.<\/p>\n<p>Este juego desarrollado por la compa\u00f1\u00eda estadounidense Valve, es un <strong>shooter en primera persona de aspecto realista<\/strong>, un juego donde se puede jugar en solitario o por equipos y la misi\u00f3n principal es conseguir m\u00e1s puntos que el enemigo, habitualmente consiguiendo eliminarlo m\u00e1s veces.<\/p>\n<p>Dentro de los principales torneos de CSGO se encuentran Eleague Major, Dreamhack, PGL Major y ESL One, todas ellas con posibilidades de realizar apuestas en <strong>CSGO online<\/strong>.<\/p>\n<p>Los premios son millonarios, y ello lleva a los equipos a prepararse de forma concienzuda a lo largo del a\u00f1o para el evento y a realizar fichajes de gran desembolso para llevarse a los mejores jugadores del planeta.<\/p>\n<p>Es ya habitual ver <strong>p\u00e1ginas de apuestas de CSGO<\/strong> de forma exclusiva, dada la gran reputaci\u00f3n de este juego.<\/p>\n<h2><span class=\"ez-toc-section\" id=\"Apuestas-en-Overwatch\"><\/span>Apuestas en Overwatch<span class=\"ez-toc-section-end\"><\/span><\/h2>\n<p><img loading=\"lazy\" decoding=\"async\" class=\"alignnone size-full wp-image-148120\" src=\"\/ec\/wp-content\/uploads\/2018\/10\/Apuestas-Overwatch.webp\" alt=\"Apuestas Overwatch\" width=\"800\" height=\"475\" \/><\/p>\n<p>Uno de los m\u00e1s recientes en entrar en el mundo de los eSports es Overwatch, creado por Blizzard en 2016 y con una gran comunidad de jugadores y seguidores detr\u00e1s.<\/p>\n<p>Al igual que CSGO, se trata de un <strong>shooter en primera persona aunque en esta ocasi\u00f3n con un aspecto m\u00e1s animado<\/strong> y menos realista. Equipos de seis jugadores cada uno se enfrentan entre si en diferentes modalidades de juego en un mapa cerrado, cada jugador con un rol asignado con caracter\u00edsticas concretas.<\/p>\n<p>La presencia de <strong>Overwatch eSports<\/strong> es todav\u00eda algo limitada, con una gran competici\u00f3n profesional como la Overwatch World Cup, organizado por la propia desarrolladora Blizzard. Lo atractivo es que cualquier jugador de PC puede participar a trav\u00e9s de las fases clasificatorias, abiertas al p\u00fablico.<\/p>\n<p>Diversas p\u00e1ginas ofrecen ya apuestas en Overwatch, siendo el principal mercado elegir al equipo campe\u00f3n del pr\u00f3ximo <strong>Mundial de Overwatch<\/strong>.<\/p>\n<h2><span class=\"ez-toc-section\" id=\"Apuestas-en-Dota-2\"><\/span>Apuestas en Dota 2<span class=\"ez-toc-section-end\"><\/span><\/h2>\n<p><img loading=\"lazy\" decoding=\"async\" class=\"alignnone size-full wp-image-148121\" src=\"\/ec\/wp-content\/uploads\/2018\/10\/Apuestas-Dota-2.webp\" alt=\"Apuestas Dota 2\" width=\"800\" height=\"475\" \/><\/p>\n<p>Al igual que CSGO, Dota 2 es un juego desarrollado por Valve que fue lanzado en el a\u00f1o 2013, siendo del g\u00e9nero MOBA.<\/p>\n<p>Su desarrollo de partidas se podr\u00eda considerar similar a LOL, con <strong>dos equipos enfrentados entre s\u00ed que deben destruir la estructura principal de la base enemiga<\/strong>, en esta ocasi\u00f3n llamada ancestro. Sin embargo, Dota 2 eSports es un juego de muchos m\u00e1s control y estrategia, quiz\u00e1s algo m\u00e1s dif\u00edcil de jugar que su principal competidor del g\u00e9nero.<\/p>\n<p>En cuanto a torneos existen los Minor, competiciones menores, y los Major donde se reparten los mayores premios. Adem\u00e1s est\u00e1 The International, el principal torneo de Dota 2 organizado por Valve con 18 equipos compitiendo por el primer puesto. En esta competici\u00f3n se centran las <strong>apuestas de Dota 2<\/strong>.<\/p>\n<p>Los equipos europeos y asi\u00e1ticos son los de mayor importancia en Dota 2 eSports, dominando los principales torneos a nivel mundial.<\/p>\n<h2><span class=\"ez-toc-section\" id=\"Apuestas-en-Starcraft-2\"><\/span>Apuestas en Starcraft 2<span class=\"ez-toc-section-end\"><\/span><\/h2>\n<p><img loading=\"lazy\" decoding=\"async\" class=\"alignnone size-full wp-image-148122\" src=\"\/ec\/wp-content\/uploads\/2018\/10\/Apuestas-Starcraft-2.webp\" alt=\"Apuestas Starcraft 2\" width=\"800\" height=\"475\" \/><\/p>\n<p>De nuevo con Blizzard como creadora y desarrolladora llega ahora Starcarft 2, un <strong>juego de pura estrategia donde dos equipos luchan por vencer al rival<\/strong>. Para ello deben construirse una base e idear una t\u00e1ctica para destruir la de su rival.<\/p>\n<p>Cada jugador tiene marcada una funci\u00f3n dentro de la partida para llevar a cabo la estrategia ganadora, en competiciones que requieren de paciencia y una visi\u00f3n general amplia de la situaci\u00f3n.<\/p>\n<p>Por encima de todos destacan en <strong>Starcraft 2 eSports<\/strong> los jugadores surcoreanos, con su propio circuito competitivo diferente del resto. Son tremendamente dominantes en <strong>Global Starcraft 2 League (GSL)<\/strong> y las Starcraft 2 World Championship Series, las principales competiciones de este juego y donde se concentran los focos de las apuestas en Starcraft 2.<\/p>\n","protected":false},"excerpt":{"rendered":"<p>Dentro del mundo de los casinos online y las apuestas deportivas, lleva varios a\u00f1os surgiendo con fuerza un nombre de los eSports. Descubre en Casino Alto las mejores casas de apuestas o casinos donde apostar en eSports. \u00bfQu\u00e9 son los eSports? Los eSports, o deportes electr\u00f3nicos, son competiciones de videojuegos que han adquirido una enorme [&hellip;]<\/p>\n","protected":false},"author":11,"featured_media":148127,"parent":0,"menu_order":0,"comment_status":"closed","ping_status":"closed","template":"page-casinos.php","meta":{"_acf_changed":false,"footnotes":""},"class_list":["post-148115","page","type-page","status-publish","has-post-thumbnail","hentry"],"acf":[],"_links":{"self":[{"href":"https:\/\/staging.casinoalto.com\/ec\/wp-json\/wp\/v2\/pages\/148115","targetHints":{"allow":["GET"]}}],"collection":[{"href":"https:\/\/staging.casinoalto.com\/ec\/wp-json\/wp\/v2\/pages"}],"about":[{"href":"https:\/\/staging.casinoalto.com\/ec\/wp-json\/wp\/v2\/types\/page"}],"author":[{"embeddable":true,"href":"https:\/\/staging.casinoalto.com\/ec\/wp-json\/wp\/v2\/users\/11"}],"replies":[{"embeddable":true,"href":"https:\/\/staging.casinoalto.com\/ec\/wp-json\/wp\/v2\/comments?post=148115"}],"version-history":[{"count":1,"href":"https:\/\/staging.casinoalto.com\/ec\/wp-json\/wp\/v2\/pages\/148115\/revisions"}],"predecessor-version":[{"id":10062544,"href":"https:\/\/staging.casinoalto.com\/ec\/wp-json\/wp\/v2\/pages\/148115\/revisions\/10062544"}],"wp:featuredmedia":[{"embeddable":true,"href":"https:\/\/staging.casinoalto.com\/ec\/wp-json\/wp\/v2\/media\/148127"}],"wp:attachment":[{"href":"https:\/\/staging.casinoalto.com\/ec\/wp-json\/wp\/v2\/media?parent=148115"}],"curies":[{"name":"wp","href":"https:\/\/api.w.org\/{rel}","templated":true}]}}