{"id":10054521,"date":"2020-12-21T19:35:29","date_gmt":"2020-12-21T19:35:29","guid":{"rendered":"https:\/\/casinoalto.com\/mx\/?page_id=10054521"},"modified":"2025-09-12T15:36:01","modified_gmt":"2025-09-12T15:36:01","slug":"codigo-promocional-instabet","status":"publish","type":"page","link":"https:\/\/staging.casinoalto.com\/mx\/codigos\/codigo-promocional-instabet\/","title":{"rendered":"C\u00f3digo promocional Instabet MX"},"content":{"rendered":"<p>Instabet o Instabet M\u00e9xico, uno de los <a href=\"https:\/\/casinoalto.com\/mx\/casinos-online\/\" target=\"_blank\" rel=\"noopener\">casinos online que cuentan con licencia SEGOB en M\u00e9xico<\/a>, <strong>no cuenta con un bono de bienvenida para su secci\u00f3n de casino<\/strong>, pero lo que puedes hacer es utilizar un <strong>bono sin dep\u00f3sito para su apartado de apuestas deportivas.<\/strong><\/p>\n<p>Para que comiences tu experiencia en la plataforma de la mejor manera, <strong>Instabet te regala $500 MXN con solo activar una cuenta en su plataforma.<\/strong> No hace falta que hagas un ingreso de ning\u00fan peso para obtenerla, lo cual lo hace atractivo para los jugadores nuevos.<\/p>\n<p><strong>Para la promoci\u00f3n inicial de 500 pesos sin dep\u00f3sito<\/strong><\/p>\n<ul>\n<li>Utiliza nuestros enlaces de <a href=\"https:\/\/casinoalto.com\/mx\/\" target=\"_blank\" rel=\"noopener\">Casino Alto M\u00e9xico<\/a> para ingresar en Instabet.<\/li>\n<li>Reg\u00edstrate indicando todos los datos necesarios.<\/li>\n<li>Recibir\u00e1s los 500 pesos en tu cuenta de forma gratuita.<\/li>\n<\/ul>\n<p><strong>Para el <a href=\"https:\/\/casinoalto.com\/mx\/bonos-de-bienvenida\/\" target=\"_blank\" rel=\"noopener\">bono de bienvenida para nuevos jugadores<\/a> de Instabet Apuestas<\/strong><\/p>\n<ul>\n<li>Reg\u00edstrate o inicia sesi\u00f3n a trav\u00e9s de nuestros enlaces.<\/li>\n<li>Haz un dep\u00f3sito m\u00ednimo de $400 pesos con el c\u00f3digo <b>DEPORTES100<\/b><\/li>\n<li>Selecciona el\u00a0<a href=\"\/mx\/metodos-de-pago\/\">m\u00e9todo de pago del casino<\/a>\u00a0deseado para depositar.<\/li>\n<li>Recibir\u00e1s el 100% de lo depositado en forma de bono de bienvenida.<\/li>\n<li>Tu bono de bienvenida es por un m\u00e1ximo de $18,500<\/li>\n<\/ul>\n<p>Para poder acceder a esta promoci\u00f3n, tendr\u00e1s que registrarte en su sitio web a trav\u00e9s de nuestros enlaces y rellenar el formulario con tu nombre completo, edad, direcci\u00f3n, ciudad, c\u00f3digo postal y toda la informaci\u00f3n que se te solicite, esto por motivos de seguridad.<\/p>\n<p>Una vez hecho esto, <strong>tendr\u00e1s que verificar tu tel\u00e9fono m\u00f3vil<\/strong> y recibir\u00e1s tus $500 de forma autom\u00e1tica en tu cuenta, para que puedas realizar tus apuestas..<\/p>\n<p>Tal y como lo mencionamos arriba, los $500 pesos se pueden apostar \u00fanicamente en el Sportsbook y solo puede utilizarse en apuesta simple o en apuestas m\u00faltiples.<\/p>\n<p><strong>El bono debe apostarse siete veces su valor (rollover), <\/strong>es decir, tienes que jugar el valor del bono siete veces en apuestas, adem\u00e1s de que no puede utilizarse en carreras de caballos, juegos de azar o casino en vivo, solo en apuestas deportivas.<\/p>\n<p>Asimismo, debes cumplir con el rollover en un periodo de siete d\u00edas desde la apertura de la cuenta para poder aprovechar la apuesta, o de lo contrario ser\u00e1 retirada de tu cuenta.<\/p>\n<p>Este bono sin dep\u00f3sito <strong>solo funciona para jugadores nuevos que ingresen a Instabet MX por primera vez<\/strong>, por lo que aquellos jugadores que ya tienen una cuenta en el casino online\/casa de apuestas, no pueden aplicar a esta promoci\u00f3n.<\/p>\n<p>Recuerda que la informaci\u00f3n que proporciones debe ser ver\u00eddica, pues las m\u00faltiples cuentas no son permitidas en <a href=\"\/mx\/casinos-online\/instabet\/\">casino confiable de Instabet<\/a> y en caso de que se identifique a un jugador con m\u00e1s de una cuenta que intente tener m\u00e1s de una promoci\u00f3n, perder\u00e1n todas las ganancias obtenidas y quedar\u00e1 excluido del casino online.<\/p>\n<p>Adem\u00e1s tambi\u00e9n est\u00e1 disponible el bono de bienvenida, igualmente exclusivo para apuestas, y al que podr\u00e1s acceder gracias al c\u00f3digo promocional de Instabet.<\/p>\n<p>Deposita al menos 200 pesos, introduce el c\u00f3digo promocional o c\u00f3digo de registro <b>DEPORTES100 <\/b>y recibir\u00e1s un bono por valor del 100% de tu dep\u00f3sito, hasta un m\u00e1ximo de $18.500 pesos.<\/p>\n<p>\u00bfA qu\u00e9 esperas? Empieza a apostar ya en Instabet en los mejores deportes y eventos gracias a su doble bono, con el que conseguir\u00e1s pesos gratis por registrarte y un bono por depositar.<\/p>\n","protected":false},"excerpt":{"rendered":"<p>Instabet o Instabet M\u00e9xico, uno de los casinos online que cuentan con licencia SEGOB en M\u00e9xico, no cuenta con un bono de bienvenida para su secci\u00f3n de casino, pero lo que puedes hacer es utilizar un bono sin dep\u00f3sito para su apartado de apuestas deportivas. Para que comiences tu experiencia en la plataforma de la [&hellip;]<\/p>\n","protected":false},"author":18,"featured_media":0,"parent":10061091,"menu_order":0,"comment_status":"closed","ping_status":"closed","template":"single_codigo.php","meta":{"_acf_changed":false,"footnotes":""},"class_list":["post-10054521","page","type-page","status-publish","hentry"],"acf":[],"_links":{"self":[{"href":"https:\/\/staging.casinoalto.com\/mx\/wp-json\/wp\/v2\/pages\/10054521","targetHints":{"allow":["GET"]}}],"collection":[{"href":"https:\/\/staging.casinoalto.com\/mx\/wp-json\/wp\/v2\/pages"}],"about":[{"href":"https:\/\/staging.casinoalto.com\/mx\/wp-json\/wp\/v2\/types\/page"}],"author":[{"embeddable":true,"href":"https:\/\/staging.casinoalto.com\/mx\/wp-json\/wp\/v2\/users\/18"}],"replies":[{"embeddable":true,"href":"https:\/\/staging.casinoalto.com\/mx\/wp-json\/wp\/v2\/comments?post=10054521"}],"version-history":[{"count":3,"href":"https:\/\/staging.casinoalto.com\/mx\/wp-json\/wp\/v2\/pages\/10054521\/revisions"}],"predecessor-version":[{"id":10061678,"href":"https:\/\/staging.casinoalto.com\/mx\/wp-json\/wp\/v2\/pages\/10054521\/revisions\/10061678"}],"up":[{"embeddable":true,"href":"https:\/\/staging.casinoalto.com\/mx\/wp-json\/wp\/v2\/pages\/10061091"}],"wp:attachment":[{"href":"https:\/\/staging.casinoalto.com\/mx\/wp-json\/wp\/v2\/media?parent=10054521"}],"curies":[{"name":"wp","href":"https:\/\/api.w.org\/{rel}","templated":true}]}}