{"id":10060163,"date":"2022-01-11T16:53:52","date_gmt":"2022-01-11T16:53:52","guid":{"rendered":"https:\/\/casinoalto.com\/mx\/?page_id=10060163"},"modified":"2026-01-24T17:29:19","modified_gmt":"2026-01-24T17:29:19","slug":"codigo-promocional-playuzu","status":"publish","type":"page","link":"https:\/\/staging.casinoalto.com\/mx\/codigos\/codigo-promocional-playuzu\/","title":{"rendered":"C\u00f3digo Promocional PlayUZU"},"content":{"rendered":"<p>Desde su llegada al mercado mexicano en diciembre de 2021 y con la promesa de ser transparentes con los premios, <a href=\"\/mx\/casinos-online\/playuzu\/\">el casino seguro como Playuzu<\/a> se presenta como una <strong>excelente opci\u00f3n para el p\u00fablico mexicano<\/strong> y puede llegar a convertirse en el <a href=\"https:\/\/casinoalto.com\/mx\/casinos-online\/\" target=\"_blank\" rel=\"noopener\">casino favorito de muchos usuarios<\/a>.<\/p>\n<p>Playuzu se encuentra disponible en el mercado desde febrero de 2017, cuando fue lanzado en Reino Unido, y desde ese momento no ha dejado de crecer, ingresando a algunos pa\u00edses como Espa\u00f1a, Suecia, Canad\u00e1 y a Latinoam\u00e9rica.<\/p>\n<p>Cuenta con un <strong>vasto cat\u00e1logo de juegos, con m\u00e1s de 3000<\/strong>, lo que asegura muchas horas de diversi\u00f3n, y un excelente sabor de boca al permitir a los jugadores sentir que est\u00e1n en un casino real, si la necesidad de salir del hogar.<\/p>\n<p>El casino online te Playuzu ofrece un bono el cual puedes obtener cuando realices tu primer dep\u00f3sito, que consiste en un regalo de 80 giros gratis, que s\u00f3lo pueden ser usados en el juego <strong>\u201cThor the trials os Asgard\u201d<\/strong>, y cada uno tiene un valor de $2 MXN.<\/p>\n<p>Sigue los siguientes pasos para obtener el bono con la ayuda de <a href=\"https:\/\/casinoalto.com\/mx\/\" target=\"_blank\" rel=\"noopener\">Casino Alto<\/a>:<\/p>\n<ul>\n<li>Debes ingresar a la p\u00e1gina web de Playuzu<\/li>\n<li>Para crear una cuenta debes seleccionar el recuadro amarillo \u201c\u00danete ahora\u201d e ingresar los datos que te solicitan.<\/li>\n<li>Una vez que tengas tu cuenta, deber\u00e1s realizar tu primer dep\u00f3sito con las buenas <a href=\"https:\/\/casinoalto.com\/mx\/bonos-de-bienvenida\/\" target=\"_blank\" rel=\"noopener\">opciones para pagos<\/a> de al menos<strong> $100 MXN.<\/strong><\/li>\n<li>Autom\u00e1ticamente <strong>el casino online te regalar\u00e1 80 giros con los que puedes comenzar a jugar<\/strong> y ganar miles de presos en premios.<\/li>\n<\/ul>\n<p>Los giros de regalo no est\u00e1n sujetos a rollover, es decir, que no debes jugar un n\u00famero determinado de veces para obtener el premio, por lo que los premios que obtengas ser\u00e1n tuyas desde el comienzo, <strong>no hay \u201cletra chiquita\u201d para recibir tus recompensas<\/strong>, por lo que los usuarios determinar\u00e1n si desean jugarlo o retirarlo de su cuenta.<\/p>\n<p>Podr\u00e1s reclamar el <a href=\"\/mx\/bonos-de-bienvenida\/\">bono de bienvenida para nuevos usuarios<\/a> desde tu computadora, incluso puedes hacerlo desde el navegador de cualquier dispositivo m\u00f3vil con sistema operativo iOS o Android, lo que permitir\u00e1 que puedas jugar desde cualquier sitio.<\/p>\n","protected":false},"excerpt":{"rendered":"<p>Desde su llegada al mercado mexicano en diciembre de 2021 y con la promesa de ser transparentes con los premios, el casino seguro como Playuzu se presenta como una excelente opci\u00f3n para el p\u00fablico mexicano y puede llegar a convertirse en el casino favorito de muchos usuarios. Playuzu se encuentra disponible en el mercado desde [&hellip;]<\/p>\n","protected":false},"author":18,"featured_media":0,"parent":10061091,"menu_order":0,"comment_status":"closed","ping_status":"closed","template":"single_codigo.php","meta":{"_acf_changed":false,"footnotes":""},"class_list":["post-10060163","page","type-page","status-publish","hentry"],"acf":[],"_links":{"self":[{"href":"https:\/\/staging.casinoalto.com\/mx\/wp-json\/wp\/v2\/pages\/10060163","targetHints":{"allow":["GET"]}}],"collection":[{"href":"https:\/\/staging.casinoalto.com\/mx\/wp-json\/wp\/v2\/pages"}],"about":[{"href":"https:\/\/staging.casinoalto.com\/mx\/wp-json\/wp\/v2\/types\/page"}],"author":[{"embeddable":true,"href":"https:\/\/staging.casinoalto.com\/mx\/wp-json\/wp\/v2\/users\/18"}],"replies":[{"embeddable":true,"href":"https:\/\/staging.casinoalto.com\/mx\/wp-json\/wp\/v2\/comments?post=10060163"}],"version-history":[{"count":3,"href":"https:\/\/staging.casinoalto.com\/mx\/wp-json\/wp\/v2\/pages\/10060163\/revisions"}],"predecessor-version":[{"id":10061654,"href":"https:\/\/staging.casinoalto.com\/mx\/wp-json\/wp\/v2\/pages\/10060163\/revisions\/10061654"}],"up":[{"embeddable":true,"href":"https:\/\/staging.casinoalto.com\/mx\/wp-json\/wp\/v2\/pages\/10061091"}],"wp:attachment":[{"href":"https:\/\/staging.casinoalto.com\/mx\/wp-json\/wp\/v2\/media?parent=10060163"}],"curies":[{"name":"wp","href":"https:\/\/api.w.org\/{rel}","templated":true}]}}