{"id":10060224,"date":"2022-01-28T18:12:18","date_gmt":"2022-01-28T18:12:18","guid":{"rendered":"https:\/\/casinoalto.com\/mx\/?page_id=10060224"},"modified":"2026-03-04T17:59:43","modified_gmt":"2026-03-04T17:59:43","slug":"codigo-promocional-betwarrior","status":"publish","type":"page","link":"https:\/\/staging.casinoalto.com\/mx\/codigos\/codigo-promocional-betwarrior\/","title":{"rendered":"C\u00f3digo Promocional Betwarrior"},"content":{"rendered":"<p><strong>Betwarrior<\/strong> naci\u00f3 como un nuevo proyecto de Jos\u00e9 del Pino y Marten Tonnesen, exdirectivos de <strong>PokerStars<\/strong>, que desde 2019 no ha parado de crecer y ha llegado a muchos pa\u00edses de Latinoam\u00e9rica, incluidos Brasil, Per\u00fa, Chile, Uruguay, Ecuador, Paraguay, Panam\u00e1, Costa Rica, Bolivia y, por supuesto, M\u00e9xico.<\/p>\n<p>Este <a href=\"\/mx\/casinos-online\/\">casino online seguro y legalizado<\/a><strong>\u00a0cuenta con un excelente cat\u00e1logo de juegos<\/strong>, con m\u00e1s de 200 juegos en su haber, adem\u00e1s de que ofrece casino en vivo, y para los amantes del deporte, la plataforma brinda un excelente servicio en su casa de apuestas, con una gran variedad de eventos deportivos y las mejores ligas.<\/p>\n<p>El casino de Betwarrior <strong>ofrece un incre\u00edble <a href=\"\/mx\/bonos-de-bienvenida\/\">bono de bienvenida para sus usuarios<\/a><\/strong>, al activarlo recibir\u00e1s un regalo del <strong>200% en tu primer dep\u00f3sito de hasta $10,000 MXN.<\/strong><\/p>\n<p>Pasos para obtener el bono con la ayuda de <a href=\"https:\/\/casinoalto.com\/mx\/\" target=\"_blank\" rel=\"noopener\">Casino Alto<\/a>:<\/p>\n<ul>\n<li>Debes ingresar a la p\u00e1gina web de <a href=\"\/mx\/casinos-online\/betwarrior\/\">un casino seguro como Betwarrior<\/a><\/li>\n<li>Para crear una cuenta debes hacer clic en el candado ubicado en la parte superior derecha y llenar el formulario que aparecer\u00e1.<\/li>\n<li>Realiza tu primer dep\u00f3sito con las <a href=\"https:\/\/casinoalto.com\/mx\/metodos-de-pago\/\" target=\"_blank\" rel=\"noopener\">opciones para hacer pagos con seguridad<\/a>, el monto m\u00ednimo depender\u00e1 del m\u00e9todo que elijas para realizarlo.<\/li>\n<li>Autom\u00e1ticamente el casino te otorgar\u00e1 tu bono del 200%.<\/li>\n<\/ul>\n<p>Para poder disponer de tus ganancias <strong>deber\u00e1s cumplir con un rollover x35<\/strong>, es decir, que debes apostar 35 veces el valor del bono.<\/p>\n<p>Podr\u00e1s reclamar tu recompensa desde tu computadora, incluso puedes hacerlo desde cualquier dispositivo m\u00f3vil Android o iOS. En caso de ser usuario de Apple, <strong>deber\u00e1s ingresar directamente en tu navegador a la p\u00e1gina<\/strong> para obtener tu bono, ya que <strong>Betwarrior no cuenta con una app para dicho sistema operativo.<\/strong><\/p>\n<p>Recuerda que el bono s\u00f3lo puede ser usado en cualquiera de los siguientes juegos:<\/p>\n<p>Slots:<\/p>\n<ul>\n<li>Super 15 Stars (Red Rake)<\/li>\n<li>Fruits Collection 40 Lines (Spinomenal)<\/li>\n<li>Bull in a China Shop (Play\u2019nGo)<\/li>\n<li>Age of Pirates (Spinomenal)<\/li>\n<li>Bird of Thunder (Habanero)<\/li>\n<li>9 Posts of Gold (Microgaming)<\/li>\n<\/ul>\n<p>Juegos de casino:<\/p>\n<ul>\n<li>Blackjack (SkyWind)<\/li>\n<li>Real Roulette with Sarati (Real Dealer)<\/li>\n<li>Auto-Roulette (Evolution Gaming)<\/li>\n<li>Lucky 7 (Ezugi)<\/li>\n<li>Galaxy Baccarat 1-4 (Vivo)<\/li>\n<\/ul>\n<p>No olvides que solo se puede obtener un bono por persona, ya que, en caso de detectarse alguna irregularidad, Betwarrior puede cancelar las ganancias obtenidas. De igual forma, <strong>solo se permite una direcci\u00f3n IP por domicilio<\/strong>, en caso contrario, podr\u00eda detectarse una irregularidad y anularse las ganancias obtenidas.<\/p>\n","protected":false},"excerpt":{"rendered":"<p>Betwarrior naci\u00f3 como un nuevo proyecto de Jos\u00e9 del Pino y Marten Tonnesen, exdirectivos de PokerStars, que desde 2019 no ha parado de crecer y ha llegado a muchos pa\u00edses de Latinoam\u00e9rica, incluidos Brasil, Per\u00fa, Chile, Uruguay, Ecuador, Paraguay, Panam\u00e1, Costa Rica, Bolivia y, por supuesto, M\u00e9xico. Este casino online seguro y legalizado\u00a0cuenta con un [&hellip;]<\/p>\n","protected":false},"author":18,"featured_media":0,"parent":10061091,"menu_order":0,"comment_status":"closed","ping_status":"closed","template":"single_codigo.php","meta":{"_acf_changed":false,"footnotes":""},"class_list":["post-10060224","page","type-page","status-publish","hentry"],"acf":[],"_links":{"self":[{"href":"https:\/\/staging.casinoalto.com\/mx\/wp-json\/wp\/v2\/pages\/10060224","targetHints":{"allow":["GET"]}}],"collection":[{"href":"https:\/\/staging.casinoalto.com\/mx\/wp-json\/wp\/v2\/pages"}],"about":[{"href":"https:\/\/staging.casinoalto.com\/mx\/wp-json\/wp\/v2\/types\/page"}],"author":[{"embeddable":true,"href":"https:\/\/staging.casinoalto.com\/mx\/wp-json\/wp\/v2\/users\/18"}],"replies":[{"embeddable":true,"href":"https:\/\/staging.casinoalto.com\/mx\/wp-json\/wp\/v2\/comments?post=10060224"}],"version-history":[{"count":3,"href":"https:\/\/staging.casinoalto.com\/mx\/wp-json\/wp\/v2\/pages\/10060224\/revisions"}],"predecessor-version":[{"id":10061676,"href":"https:\/\/staging.casinoalto.com\/mx\/wp-json\/wp\/v2\/pages\/10060224\/revisions\/10061676"}],"up":[{"embeddable":true,"href":"https:\/\/staging.casinoalto.com\/mx\/wp-json\/wp\/v2\/pages\/10061091"}],"wp:attachment":[{"href":"https:\/\/staging.casinoalto.com\/mx\/wp-json\/wp\/v2\/media?parent=10060224"}],"curies":[{"name":"wp","href":"https:\/\/api.w.org\/{rel}","templated":true}]}}