{"id":10060620,"date":"2022-07-04T17:55:25","date_gmt":"2022-07-04T17:55:25","guid":{"rendered":"https:\/\/casinoalto.com\/mx\/?page_id=10060620"},"modified":"2025-09-12T15:36:16","modified_gmt":"2025-09-12T15:36:16","slug":"codigo-promocional-winner-mx","status":"publish","type":"page","link":"https:\/\/staging.casinoalto.com\/mx\/codigos\/codigo-promocional-winner-mx\/","title":{"rendered":"C\u00f3digo Promocional Winner.mx"},"content":{"rendered":"<p><a href=\"\/mx\/casinos-online\/winner-mx\/\">Un sitio confiable como Winner M\u00e9xico<\/a> es una buena opci\u00f3n que puedes utilizar para comenzar a jugar en <a href=\"\/mx\/casinos-online\/\">casinos online legalizados en el pa\u00eds<\/a>. Y para darte la bienvenida,<strong> este casino en l\u00ednea te ofrece $700 MXN de Regalo<\/strong> con solo verificar su cuenta en el casino online.<\/p>\n<p>Solo debes crear tu cuenta y verificarla mediante un mensaje SMS que te llegar\u00e1 al tel\u00e9fono celular<strong>.<\/strong> Su bono para la apuesta gratuita expirar\u00e1 tras 24 horas desde su emisi\u00f3n y tendr\u00e1s que cumplir con el rollover y apostar 50 veces el valor del bono (x50).<\/p>\n<p><strong>Por ejemplo:<\/strong><\/p>\n<ul>\n<li>50 x $700 MXN = $35,000 MXN. Esto significa que deber\u00e1s apostar al menos esta cantidad para poder retirar tus ganancias generadas con el bono.<\/li>\n<\/ul>\n<p>Si ya usaste el bono de registro sin dep\u00f3sito, puedes seguir con su <strong>bono de bienvenida por primer dep\u00f3sito, el cual triplica tu primer ingreso por hasta $3,600 MXN.<\/strong> El dep\u00f3sito m\u00ednimo es de $100 MXN y un m\u00e1ximo de $1,800 MXN para que se active la promoci\u00f3n.<\/p>\n<p>Para poder cobrar ganancias, deber\u00e1s cumplir con el rollover y jugarlo 40 veces. La cantidad m\u00e1xima que puedes retirar es de $30,000 MXN y solo contar\u00e1s con siete d\u00edas para cumplir con sus t\u00e9rminos y condiciones del <a href=\"\/mx\/bonos-de-bienvenida\/\">bono de bienvenida ao registrarse<\/a>.<\/p>\n<p><strong>Por ejemplo:<\/strong><\/p>\n<ul>\n<li>Si depositas $100 MXN, Winner.mx te dar\u00e1 $200 MXN, con lo que tendr\u00e1s $300 MXN para apostar en el casino online.<\/li>\n<\/ul>\n<p>Para tu segundo dep\u00f3sito, <strong>Winner.mx te ofrece bono de segundo dep\u00f3sito del 100% por hasta $1,000 MXN<\/strong> si haces un ingreso de por lo menos $100 MXN. Este bono de bienvenida tiene validez por 72 horas. Para cobrar ganancias, tendr\u00e1s que apostar tu bono m\u00e1s el dep\u00f3sito\/transferencia al menos 35 veces (rollover x35).<\/p>\n<p>Adem\u00e1s, <strong>Winner.mx te recompensa tu tercer dep\u00f3sito con un bono de bienvenida del 50% por hasta $500 MXN<\/strong>, con realizar un dep\u00f3sito m\u00ednimo de $100 MXN. Contar\u00e1s con 72 horas para cumplir con los requisitos de este bono de bienvenida.<\/p>\n<p><strong>Por ejemplo:<\/strong><\/p>\n<ul>\n<li>Si depositas con una de las <a href=\"https:\/\/casinoalto.com\/mx\/casinos-online\/\" target=\"_blank\" rel=\"noopener\">opciones de pago para depositar<\/a> $100 MXN, recibir\u00e1s $50 MXN gratis, con lo que podr\u00e1s jugar en el casino online de Winner.mx con $150 MXN.<\/li>\n<\/ul>\n<p>Para cobrar las ganancias del bono, tienes que cumplir con el rollover x35.\u00a0 Adem\u00e1s, todas las ganancias obtenidas con el bono de tercer dep\u00f3sito est\u00e1n limitadas a un m\u00e1ximo de diez veces (x10) la cantidad de tu dep\u00f3sito.<\/p>\n<p>Todo un conjunto de bonos de bienvenida con Winner MX para que arranques a jugar con todas las posibilidades. Mira otras recomendaciones hechas por <a href=\"https:\/\/casinoalto.com\/mx\/\" target=\"_blank\" rel=\"noopener\">Casino Alto<\/a>.<\/p>\n","protected":false},"excerpt":{"rendered":"<p>Un sitio confiable como Winner M\u00e9xico es una buena opci\u00f3n que puedes utilizar para comenzar a jugar en casinos online legalizados en el pa\u00eds. Y para darte la bienvenida, este casino en l\u00ednea te ofrece $700 MXN de Regalo con solo verificar su cuenta en el casino online. Solo debes crear tu cuenta y verificarla [&hellip;]<\/p>\n","protected":false},"author":18,"featured_media":0,"parent":10061091,"menu_order":0,"comment_status":"closed","ping_status":"closed","template":"single_codigo.php","meta":{"_acf_changed":false,"footnotes":""},"class_list":["post-10060620","page","type-page","status-publish","hentry"],"acf":[],"_links":{"self":[{"href":"https:\/\/staging.casinoalto.com\/mx\/wp-json\/wp\/v2\/pages\/10060620","targetHints":{"allow":["GET"]}}],"collection":[{"href":"https:\/\/staging.casinoalto.com\/mx\/wp-json\/wp\/v2\/pages"}],"about":[{"href":"https:\/\/staging.casinoalto.com\/mx\/wp-json\/wp\/v2\/types\/page"}],"author":[{"embeddable":true,"href":"https:\/\/staging.casinoalto.com\/mx\/wp-json\/wp\/v2\/users\/18"}],"replies":[{"embeddable":true,"href":"https:\/\/staging.casinoalto.com\/mx\/wp-json\/wp\/v2\/comments?post=10060620"}],"version-history":[{"count":2,"href":"https:\/\/staging.casinoalto.com\/mx\/wp-json\/wp\/v2\/pages\/10060620\/revisions"}],"predecessor-version":[{"id":10061659,"href":"https:\/\/staging.casinoalto.com\/mx\/wp-json\/wp\/v2\/pages\/10060620\/revisions\/10061659"}],"up":[{"embeddable":true,"href":"https:\/\/staging.casinoalto.com\/mx\/wp-json\/wp\/v2\/pages\/10061091"}],"wp:attachment":[{"href":"https:\/\/staging.casinoalto.com\/mx\/wp-json\/wp\/v2\/media?parent=10060620"}],"curies":[{"name":"wp","href":"https:\/\/api.w.org\/{rel}","templated":true}]}}