{"id":10060857,"date":"2023-02-03T17:54:16","date_gmt":"2023-02-03T17:54:16","guid":{"rendered":"https:\/\/casinoalto.com\/mx\/?page_id=10060857"},"modified":"2025-09-12T15:36:23","modified_gmt":"2025-09-12T15:36:23","slug":"codigo-promocional-winpot-casino","status":"publish","type":"page","link":"https:\/\/staging.casinoalto.com\/mx\/codigos\/codigo-promocional-winpot-casino\/","title":{"rendered":"C\u00f3digo promocional Winpot Casino"},"content":{"rendered":"<p><a href=\"\/mx\/casinos-online\/winpot\/\">La marca de Winpot <\/a>es uno de los <a href=\"https:\/\/casinoalto.com\/mx\/metodos-de-pago\/\" target=\"_blank\" rel=\"noopener\">casinos online que puedes encontrar en M\u00e9xico<\/a> y que destaca por contar con la licencia SEGOB, con la que se garantiza que su servicio es completamente seguro y podr\u00e1s tener calma para divertirte en tus juegos favoritos de forma responsable.<\/p>\n<p>Una de sus mejores caracter\u00edsticas es que cuenta con un cat\u00e1logo extenso de juegos de mesa, con cartas, blackjack, ruletas y p\u00f3ker, as\u00ed como las cl\u00e1sicas m\u00e1quinas tragamonedas. Para comenzar a jugar en su casino online, Winpot te ofrece dos bonos que puedes aprovechar.<\/p>\n<p>En primera instancia, Winpot <strong>pone a tu disposici\u00f3n un bono sin dep\u00f3sito de $500 MXN<\/strong>, que podr\u00e1s usar tanto en juegos de mesa como en las m\u00e1quinas tragamonedas.<\/p>\n<p>Para conseguirlo, debes registrarte en el casino online, iniciar sesi\u00f3n y verificar tu tel\u00e9fono celular a trav\u00e9s de un c\u00f3digo, para que el bono sin dep\u00f3sito sea activado en tu balance de bono.<\/p>\n<p>Solo podr\u00e1s acceder a este bono sin registro si eres usuario nuevo y deber\u00e1s apostarlo en su totalidad en juegos de la secci\u00f3n Promo, en Casino o en Slots. Tendr\u00e1s siete d\u00edas para cumplir con el rollover x50 para liberar el bono.<\/p>\n<p>Las ganancias de este bono est\u00e1n limitadas a $2,500 MXN y no son retirables, pues se a\u00f1adir\u00e1n a tu saldo de ganancias pendientes y podr\u00e1n ser utilizadas para completar el rollover en el bono de bienvenida por tu primer dep\u00f3sito.<\/p>\n<p>Este <a href=\"\/mx\/bonos-de-bienvenida\/\">bono de bienvenida para nuevos jugadores<\/a> es del 100% de tu primer dep\u00f3sito por hasta<strong> $10,000 MXN,<\/strong> el cual se activa con un dep\u00f3sito<strong> de $80 MXN,<\/strong> y solo puede aplicar en juegos de la secci\u00f3n <strong>\u201cCasino\u201d<\/strong> y\/o<strong> \u201cSlots\u201d<\/strong>.<\/p>\n<p>Al igual que con el bono de registro, tendr\u00e1s siete d\u00edas para que liberes el bono de bienvenida de Winpot por tu primer dep\u00f3sito con las <a href=\"https:\/\/casinoalto.com\/mx\/casinos-online\/\" target=\"_blank\" rel=\"noopener\">formas para hacer pagos<\/a>. Si no cumples con esta regla, tu bono y las ganancias generadas ser\u00e1n canceladas sin excepci\u00f3n.<\/p>\n<p>Asimismo, las ganancias del dinero del bono de bienvenida quedan limitadas a cinco veces la cantidad del bono obtenido. El monto de la bonificaci\u00f3n requiere que cumplas con un <strong>rollover x30<\/strong> para su liberaci\u00f3n.<\/p>\n<p>Recuerda que esta promoci\u00f3n solo es aplicable en caso de que seas un usuario nuevo y que jam\u00e1s tuviste una cuenta en este casino online, o de lo contrario, no ser\u00e1 aplicada la promoci\u00f3n.<\/p>\n<p>En t\u00e9rminos generales <strong>son dos buenos bonos de bienvenida<\/strong>, con cantidades razonables e interesantes, quiz\u00e1s solo con la observaci\u00f3n de que <strong>los rollover son m\u00e1s altos al promedio<\/strong> y que solo contar\u00e1s con una semana para las respectivas liberaciones conforme los consejos de <a href=\"https:\/\/casinoalto.com\/mx\/\" target=\"_blank\" rel=\"noopener\">Casino Alto M\u00e9xico<\/a>.<\/p>\n","protected":false},"excerpt":{"rendered":"<p>La marca de Winpot es uno de los casinos online que puedes encontrar en M\u00e9xico y que destaca por contar con la licencia SEGOB, con la que se garantiza que su servicio es completamente seguro y podr\u00e1s tener calma para divertirte en tus juegos favoritos de forma responsable. Una de sus mejores caracter\u00edsticas es que [&hellip;]<\/p>\n","protected":false},"author":18,"featured_media":0,"parent":10061091,"menu_order":0,"comment_status":"closed","ping_status":"closed","template":"single_codigo.php","meta":{"_acf_changed":false,"footnotes":""},"class_list":["post-10060857","page","type-page","status-publish","hentry"],"acf":[],"_links":{"self":[{"href":"https:\/\/staging.casinoalto.com\/mx\/wp-json\/wp\/v2\/pages\/10060857","targetHints":{"allow":["GET"]}}],"collection":[{"href":"https:\/\/staging.casinoalto.com\/mx\/wp-json\/wp\/v2\/pages"}],"about":[{"href":"https:\/\/staging.casinoalto.com\/mx\/wp-json\/wp\/v2\/types\/page"}],"author":[{"embeddable":true,"href":"https:\/\/staging.casinoalto.com\/mx\/wp-json\/wp\/v2\/users\/18"}],"replies":[{"embeddable":true,"href":"https:\/\/staging.casinoalto.com\/mx\/wp-json\/wp\/v2\/comments?post=10060857"}],"version-history":[{"count":2,"href":"https:\/\/staging.casinoalto.com\/mx\/wp-json\/wp\/v2\/pages\/10060857\/revisions"}],"predecessor-version":[{"id":10061674,"href":"https:\/\/staging.casinoalto.com\/mx\/wp-json\/wp\/v2\/pages\/10060857\/revisions\/10061674"}],"up":[{"embeddable":true,"href":"https:\/\/staging.casinoalto.com\/mx\/wp-json\/wp\/v2\/pages\/10061091"}],"wp:attachment":[{"href":"https:\/\/staging.casinoalto.com\/mx\/wp-json\/wp\/v2\/media?parent=10060857"}],"curies":[{"name":"wp","href":"https:\/\/api.w.org\/{rel}","templated":true}]}}