{"id":10061095,"date":"2022-11-15T15:59:45","date_gmt":"2022-11-15T15:59:45","guid":{"rendered":"https:\/\/casinoalto.com\/mx\/?page_id=10060756"},"modified":"2026-01-27T16:02:20","modified_gmt":"2026-01-27T16:02:20","slug":"codigo-promocional-novibet","status":"publish","type":"page","link":"https:\/\/staging.casinoalto.com\/mx\/codigos\/codigo-promocional-novibet\/","title":{"rendered":"C\u00f3digo Promocional Novibet"},"content":{"rendered":"<p>El gran cat\u00e1logo de juegos con el que cuenta <a href=\"\/mx\/casinos-online\/novibet\/\">un casino fiable Novibet <\/a>es una buena opci\u00f3n en el mercado para todos los amantes de los juegos de apuestas, pero lo es sobre todo para aquellos nuevos usuarios de estos sitios y que quieren incursionar en el mundo de los juegos de azar con mayor frecuencia con la ayuda de <a href=\"https:\/\/casinoalto.com\/mx\/\" target=\"_blank\" rel=\"noopener\">Casino Alto M\u00e9xico<\/a>.<\/p>\n<p>Este\u00a0<a href=\"\/mx\/casinos-online\/\">casino en l\u00ednea registrado en M\u00e9xico<\/a>\u00a0tiene su origen en Gran Breta\u00f1a y tiene presencia a nivel mundial gracias a la gran capacidad de personalizaci\u00f3n, con hasta 4 idiomas disponibles. La oferta de Novibet incluye apuestas deportivas y casino, adem\u00e1s de que cuenta con los <a href=\"https:\/\/casinoalto.com\/mx\/metodos-de-pago\/\" target=\"_blank\" rel=\"noopener\">m\u00e9todos de pago m\u00e1s sencillos y frecuentes en el mercado<\/a>.<\/p>\n<p>Novibet cuenta con un dise\u00f1o sencillo, por lo que su uso es recomendable para todos aquellos que reci\u00e9n comienzan en los juegos de azar. Este sitio web cuenta con una licencia otorgada para M\u00e9xico, por lo que es un hecho que los datos personales y bancarios, as\u00ed como tu dinero estar\u00e1n seguros en este sitio web; otra cosa a destacar es que cuentan con aplicaci\u00f3n para smartphones, los links de descarga para Android y iOS puedes encontrarlos en la p\u00e1gina.<\/p>\n<p><strong>El bono de bienvenida de Novibet consta de recibir hasta 20.000 pesos para usar en el casino, as\u00ed como 500 giros gratis para juegos seleccionados; una oportunidad que no puedes dejar pasar y aqu\u00ed te decimos como obtener.<\/strong><\/p>\n<p><em>Pasos a seguir para obtener el bono:<\/em><\/p>\n<ul>\n<li>Reg\u00edstrate en la plataforma y completa todos tus datos a trav\u00e9s de nuestros enlaces.<\/li>\n<li>Realiza tu primer dep\u00f3sito a trav\u00e9s del c\u00f3digo promocional de Novibet.<\/li>\n<li>Recibe el bono de bienvenida de hasta 20.000 pesos.<\/li>\n<li>Dicha promoci\u00f3n ser\u00e1 ingresada de forma autom\u00e1tica en tu cuenta, una vez hecho el dep\u00f3sito.<\/li>\n<\/ul>\n<p>Para poder tener este\u00a0<a href=\"\/mx\/bonos-de-bienvenida\/\">bono de bienvenida ao registrarse<\/a>, primero tendr\u00e1s que crear una cuenta en Novibet y tendr\u00e1s que hacer un primer dep\u00f3sito de al menos 200 pesos, despu\u00e9s de eso, la bonificaci\u00f3n se ingresar\u00e1 de manera autom\u00e1tica a tu cuenta.<\/p>\n<p>Los <strong>m\u00e9todos de pago que aceptan dep\u00f3sitos m\u00ednimos de 200 pesos<\/strong> son las tarjetas de cr\u00e9dito y d\u00e9bito de Visa y Mastercard, las transferencias SPEI y los dep\u00f3sitos bancarios.<\/p>\n<p>Las reglas que tiene Novibet acerca de su bono son varias y si cumples con todas, no tendr\u00e1s ning\u00fan problema con conseguirla. El bono se ingresar\u00e1 solamente en las cuentas con los perfiles debidamente cumplidos. Este bono de dep\u00f3sito debe canjearse reinvirtiendo\u00a0<strong>el importe del bono x35 veces en un plazo de 30 d\u00edas<\/strong>.<\/p>\n","protected":false},"excerpt":{"rendered":"<p>El gran cat\u00e1logo de juegos con el que cuenta un casino fiable Novibet es una buena opci\u00f3n en el mercado para todos los amantes de los juegos de apuestas, pero lo es sobre todo para aquellos nuevos usuarios de estos sitios y que quieren incursionar en el mundo de los juegos de azar con mayor [&hellip;]<\/p>\n","protected":false},"author":18,"featured_media":0,"parent":10061091,"menu_order":0,"comment_status":"closed","ping_status":"closed","template":"single_codigo.php","meta":{"_acf_changed":false,"footnotes":""},"class_list":["post-10061095","page","type-page","status-publish","hentry"],"acf":[],"_links":{"self":[{"href":"https:\/\/staging.casinoalto.com\/mx\/wp-json\/wp\/v2\/pages\/10061095","targetHints":{"allow":["GET"]}}],"collection":[{"href":"https:\/\/staging.casinoalto.com\/mx\/wp-json\/wp\/v2\/pages"}],"about":[{"href":"https:\/\/staging.casinoalto.com\/mx\/wp-json\/wp\/v2\/types\/page"}],"author":[{"embeddable":true,"href":"https:\/\/staging.casinoalto.com\/mx\/wp-json\/wp\/v2\/users\/18"}],"replies":[{"embeddable":true,"href":"https:\/\/staging.casinoalto.com\/mx\/wp-json\/wp\/v2\/comments?post=10061095"}],"version-history":[{"count":6,"href":"https:\/\/staging.casinoalto.com\/mx\/wp-json\/wp\/v2\/pages\/10061095\/revisions"}],"predecessor-version":[{"id":10061884,"href":"https:\/\/staging.casinoalto.com\/mx\/wp-json\/wp\/v2\/pages\/10061095\/revisions\/10061884"}],"up":[{"embeddable":true,"href":"https:\/\/staging.casinoalto.com\/mx\/wp-json\/wp\/v2\/pages\/10061091"}],"wp:attachment":[{"href":"https:\/\/staging.casinoalto.com\/mx\/wp-json\/wp\/v2\/media?parent=10061095"}],"curies":[{"name":"wp","href":"https:\/\/api.w.org\/{rel}","templated":true}]}}