{"id":10061096,"date":"2022-11-30T14:20:01","date_gmt":"2022-11-30T14:20:01","guid":{"rendered":"https:\/\/casinoalto.com\/mx\/?page_id=10060779"},"modified":"2026-01-27T16:02:07","modified_gmt":"2026-01-27T16:02:07","slug":"codigo-promocional-betsson","status":"publish","type":"page","link":"https:\/\/staging.casinoalto.com\/mx\/codigos\/codigo-promocional-betsson\/","title":{"rendered":"C\u00f3digo Promocional Betsson"},"content":{"rendered":"<p>Para saber elegir adecuadamente el\u00a0<a href=\"\/mx\/casinos-online\/\">casino online seguro disponible en M\u00e9xico<\/a> que mejor se adapte a nuestras necesidades es importante valorar muchas cosas. Lo principal es la cantidad de juegos con la que cuente, la atenci\u00f3n al cliente que brinden o la seguridad que pueda dar a los usuarios.<\/p>\n<p>Sin embargo, hay algo que puede ser a\u00fan m\u00e1s determinante que son las <a href=\"https:\/\/casinoalto.com\/mx\/bonos-de-bienvenida\/\" target=\"_blank\" rel=\"noopener\">ofertas y promociones de bienvenida<\/a>. Las que surgen en forma de bonos de bienvenida son especialmente importantes y por eso es que presentamos este c\u00f3digo promocional de <a href=\"\/mx\/casinos-online\/betsson\/\">una marca como Betsson Casino<\/a>, basado en su promo para nuevos usuarios. Con este vas a poder conseguir hasta 15.000 pesos y 200 giros gratis por realizar un primer dep\u00f3sito.<\/p>\n<p><em>Pasos a seguir para conseguir la promoci\u00f3n:<\/em><\/p>\n<ul>\n<li>Reg\u00edstrate en Betsson Casino a trav\u00e9s de uno de nuestros enlaces de <a href=\"https:\/\/casinoalto.com\/mx\/\" target=\"_blank\" rel=\"noopener\">Casino Alto M\u00e9xico<\/a>.<\/li>\n<li>Utiliza el c\u00f3digo promocional de Betsson Casino.<\/li>\n<li>Realiza un dep\u00f3sito de al menos 200 pesos con las <a href=\"https:\/\/casinoalto.com\/mx\/metodos-de-pago\/\" target=\"_blank\" rel=\"noopener\">formas disponibles para hacer pagos<\/a>.<\/li>\n<li>Selecciona el bono en la ventana de bonos de la cuenta.<\/li>\n<li>El bono por valor del 100% de tu ingreso ser\u00e1 acreditado en tu cuenta.<\/li>\n<\/ul>\n<p>La promo de Betsson Casino incluye un\u00a0<strong>bono del 100% del valor de tu primer dep\u00f3sito hasta un m\u00e1ximo de 15.000 pesos mexicanos y 200 giros gratis<\/strong>. Eso quiere decir que si ingresas 1.000 pesos te llevar\u00e1s otros 1.000 extra y 200 tiradas en forma de bono solo por haber utilizado este c\u00f3digo promocional de Betsson Casino y haber realizado ese primer dep\u00f3sito.<\/p>\n<p>El bono tiene una\u00a0<strong>caducidad de 10 d\u00edas<\/strong>. Una vez que concluya esa fecha, todas las ganancias que queden por liberar ser\u00e1n canceladas. Y es que el bono contiene un\u00a0<strong>rollover (cantidad de apuesta m\u00ednima) a liberar de 35 veces la cuant\u00eda del mismo<\/strong>.<\/p>\n<p>Por tanto, si te has hecho con un bono de 5.000 pesos, deber\u00e1s jugar una cantidad total de 175.000 pesos en los juegos que m\u00e1s te gusten de Betsson Casino. Aunque hay que tener en cuenta que hay algunos juegos que no contar\u00e1n para la liberaci\u00f3n del bono y no todos contribuyen de la misma manera a cumplir los requisitos de apuesta.<\/p>\n<p>En este caso, las\u00a0tragamonedas\u00a0contribuyen en un 100%, los juegos del casino en vivo en un 15%, los de poker en un 10%, los juegos de\u00a0<a href=\"\/mx\/juego\/blackjack-online\/\">blackjack para jugar en l\u00ednea<\/a>,\u00a0<a href=\"\/mx\/juego\/baccarat\/\">un juego como baccarat<\/a>, videopoker, pontoon, beat me y punto banco lo hacen en un 5%, y otras variedades como\u00a0<a href=\"\/mx\/juego\/ruleta\/\">ruleta para jugar online<\/a>\u00a0o\u00a0<a href=\"\/mx\/reglas\/sic-bo\/\">Sic Bo para jogar con seguridad<\/a>\u00a0no podr\u00e1n utilizarse para esta promoci\u00f3n.<\/p>\n<p>Esta oferta no es acumulable junto a ninguna otra de las existentes en el casino online, por lo que si decides apuntarte a ella ser\u00e1 para utilizarla de forma exclusiva.<\/p>\n<p>En total\u00a0<strong>hasta 15.000 pesos mexicanos y 200 giros gratis<\/strong>, una forma muy buena de empezar a jugar con el c\u00f3digo promocional de Betsson Casino. Si te surge cualquier tipo de duda puedes revisar la secci\u00f3n de t\u00e9rminos y condiciones en el sitio web del operador o ponerte en contacto con el servicio de atenci\u00f3n al cliente. El juego te est\u00e1 esperando, as\u00ed que no le hagas esperar.<\/p>\n","protected":false},"excerpt":{"rendered":"<p>Para saber elegir adecuadamente el\u00a0casino online seguro disponible en M\u00e9xico que mejor se adapte a nuestras necesidades es importante valorar muchas cosas. Lo principal es la cantidad de juegos con la que cuente, la atenci\u00f3n al cliente que brinden o la seguridad que pueda dar a los usuarios. Sin embargo, hay algo que puede ser [&hellip;]<\/p>\n","protected":false},"author":18,"featured_media":0,"parent":10061091,"menu_order":0,"comment_status":"closed","ping_status":"closed","template":"single_codigo.php","meta":{"_acf_changed":false,"footnotes":""},"class_list":["post-10061096","page","type-page","status-publish","hentry"],"acf":[],"_links":{"self":[{"href":"https:\/\/staging.casinoalto.com\/mx\/wp-json\/wp\/v2\/pages\/10061096","targetHints":{"allow":["GET"]}}],"collection":[{"href":"https:\/\/staging.casinoalto.com\/mx\/wp-json\/wp\/v2\/pages"}],"about":[{"href":"https:\/\/staging.casinoalto.com\/mx\/wp-json\/wp\/v2\/types\/page"}],"author":[{"embeddable":true,"href":"https:\/\/staging.casinoalto.com\/mx\/wp-json\/wp\/v2\/users\/18"}],"replies":[{"embeddable":true,"href":"https:\/\/staging.casinoalto.com\/mx\/wp-json\/wp\/v2\/comments?post=10061096"}],"version-history":[{"count":7,"href":"https:\/\/staging.casinoalto.com\/mx\/wp-json\/wp\/v2\/pages\/10061096\/revisions"}],"predecessor-version":[{"id":10061887,"href":"https:\/\/staging.casinoalto.com\/mx\/wp-json\/wp\/v2\/pages\/10061096\/revisions\/10061887"}],"up":[{"embeddable":true,"href":"https:\/\/staging.casinoalto.com\/mx\/wp-json\/wp\/v2\/pages\/10061091"}],"wp:attachment":[{"href":"https:\/\/staging.casinoalto.com\/mx\/wp-json\/wp\/v2\/media?parent=10061096"}],"curies":[{"name":"wp","href":"https:\/\/api.w.org\/{rel}","templated":true}]}}