{"id":10061097,"date":"2023-10-17T18:08:33","date_gmt":"2023-10-17T18:08:33","guid":{"rendered":"https:\/\/casinoalto.com\/mx\/?page_id=10061097"},"modified":"2025-09-12T15:35:56","modified_gmt":"2025-09-12T15:35:56","slug":"codigo-promocional-brazino777","status":"publish","type":"page","link":"https:\/\/staging.casinoalto.com\/mx\/codigos\/codigo-promocional-brazino777\/","title":{"rendered":"C\u00f3digo Promocional Brazino777"},"content":{"rendered":"<p>Con un cat\u00e1logo de m\u00e1s de 2 mil juegos, entre m\u00e1quinas tragamonedas, poker, ruletas y blackjack, <a href=\"\/mx\/casinos-online\/brazino777\/\">una marca como Brazino777<\/a> es una opci\u00f3n que ya debes tener en consideraci\u00f3n para comenzar a divertirte en el mundo de los <a href=\"https:\/\/casinoalto.com\/mx\/casinos-online\/\" target=\"_blank\" rel=\"noopener\">casinos online que hay en M\u00e9xico<\/a>.<\/p>\n<p>Este casino en l\u00ednea, que inici\u00f3 con una buena campa\u00f1a en televisi\u00f3n e internet ya ha dado de qu\u00e9 hablar y no se diga sobre su\u00a0<a href=\"\/mx\/bonos-de-bienvenida\/\">bono de bienvenida para nuevos usuarios<\/a>, el cual se divide por el 225 por ciento de tus tres primeros dep\u00f3sitos y que te puede dar hasta $15,500 pesos mexicanos en el proceso.<\/p>\n<p>La promoci\u00f3n funciona de la siguiente manera: Brazino777 M\u00e9xico te recompensa con <strong>el 100 por ciento de tu primer dep\u00f3sito, m\u00e1s un 75 por ciento con el segundo ingreso que haga y\u00a0 hasta el 50 por ciento con el tercer dep\u00f3sito.<\/strong><\/p>\n<p>Si quieres aprovechar este gran bono de bienvenida, reg\u00edstrate en Brazino777 y selecciona el <strong>\u201cPaquete de Bono de Bienvenida\u201d<\/strong> sin olvidarte de realizar los respectivos dep\u00f3sitos y pasar a la siguiente parte conforme vayas cumpliendo con los t\u00e9rminos y condiciones que veremos m\u00e1s adelante.<\/p>\n<p>Cada uno de los bonos de este bono de tres partes se activa con un m\u00ednimo de 100 pesos mexicanos con las <a href=\"https:\/\/casinoalto.com\/mx\/casinos-online\/\" target=\"_blank\" rel=\"noopener\">formas para hacer dep\u00f3sitos<\/a> y de la siguiente manera en cuanto a los m\u00e1ximos:<\/p>\n<ul>\n<li>El primer dep\u00f3sito del 100% es por hasta $4,000 MXN<\/li>\n<li>El segundo dep\u00f3sito es del 75% con un m\u00e1ximo de $4,000 MXN<\/li>\n<li>El tercer dep\u00f3sito es del 50% por hasta $7,500 MXN<\/li>\n<\/ul>\n<p>Esto nos da el total del 225% por hasta $15,500 MXN que puedes comenzar a probar en Brazino777 Casino.<\/p>\n<h3>Requisitos que debes cumplir<\/h3>\n<p>Este bono de bienvenida por tus primeros tres dep\u00f3sitos maneja un<strong> rollover de x30 en casino<\/strong>, es decir, necesita que juegues 30 veces el valor de cada uno de los bonos para la respectiva liberaci\u00f3n de cada uno.<\/p>\n<p>Los siguientes juegos no pueden usarse para cumplir con los t\u00e9rminos y condiciones que exige este bono de bienvenida:<\/p>\n<ul>\n<li>Crupiers en vivo<\/li>\n<li>Deportes Virtuales<\/li>\n<li>Juegos Crash<\/li>\n<\/ul>\n<p>Por el contrario, estos juegos te sirven para contribuir con el 5 por ciento de la liberaci\u00f3n en el bono de bienvenida:<\/p>\n<ul>\n<li>Ruleta<\/li>\n<li>Video Poker<\/li>\n<li>Juegos de Cartas<\/li>\n<li>Dados<\/li>\n<li>Arcade<\/li>\n<li>Blackjack<\/li>\n<li>Baccarat<\/li>\n<\/ul>\n<p>Lo que nos llam\u00f3 la atenci\u00f3n fue el hecho de que <strong>las apuestas deportivas se tienen en cuenta con un 400% de la apuesta. <\/strong>Para ello, se debe apostar en momios de 1.35 o superiores y cuatro eventos como m\u00ednimo en el ticket.<\/p>\n<p>En este sentido, nos pareci\u00f3 un bono de bienvenida bastante competitivo, con una buena cantidad y en el que <strong>no hay fecha l\u00edmite fijada para cumplirse. <\/strong>Si est\u00e1s buscando otra opci\u00f3n, en <a href=\"https:\/\/casinoalto.com\/mx\/\" target=\"_blank\" rel=\"noopener\">Casino Alto<\/a> encontrar\u00e1s m\u00e1s rese\u00f1as de bonos.<\/p>\n","protected":false},"excerpt":{"rendered":"<p>Con un cat\u00e1logo de m\u00e1s de 2 mil juegos, entre m\u00e1quinas tragamonedas, poker, ruletas y blackjack, una marca como Brazino777 es una opci\u00f3n que ya debes tener en consideraci\u00f3n para comenzar a divertirte en el mundo de los casinos online que hay en M\u00e9xico. Este casino en l\u00ednea, que inici\u00f3 con una buena campa\u00f1a en [&hellip;]<\/p>\n","protected":false},"author":18,"featured_media":0,"parent":10061091,"menu_order":0,"comment_status":"closed","ping_status":"closed","template":"single_codigo.php","meta":{"_acf_changed":false,"footnotes":""},"class_list":["post-10061097","page","type-page","status-publish","hentry"],"acf":[],"_links":{"self":[{"href":"https:\/\/staging.casinoalto.com\/mx\/wp-json\/wp\/v2\/pages\/10061097","targetHints":{"allow":["GET"]}}],"collection":[{"href":"https:\/\/staging.casinoalto.com\/mx\/wp-json\/wp\/v2\/pages"}],"about":[{"href":"https:\/\/staging.casinoalto.com\/mx\/wp-json\/wp\/v2\/types\/page"}],"author":[{"embeddable":true,"href":"https:\/\/staging.casinoalto.com\/mx\/wp-json\/wp\/v2\/users\/18"}],"replies":[{"embeddable":true,"href":"https:\/\/staging.casinoalto.com\/mx\/wp-json\/wp\/v2\/comments?post=10061097"}],"version-history":[{"count":3,"href":"https:\/\/staging.casinoalto.com\/mx\/wp-json\/wp\/v2\/pages\/10061097\/revisions"}],"predecessor-version":[{"id":10061670,"href":"https:\/\/staging.casinoalto.com\/mx\/wp-json\/wp\/v2\/pages\/10061097\/revisions\/10061670"}],"up":[{"embeddable":true,"href":"https:\/\/staging.casinoalto.com\/mx\/wp-json\/wp\/v2\/pages\/10061091"}],"wp:attachment":[{"href":"https:\/\/staging.casinoalto.com\/mx\/wp-json\/wp\/v2\/media?parent=10061097"}],"curies":[{"name":"wp","href":"https:\/\/api.w.org\/{rel}","templated":true}]}}