{"id":135328,"date":"2017-10-18T11:13:56","date_gmt":"2017-10-18T11:13:56","guid":{"rendered":"https:\/\/casinoalto.com\/?page_id=135328"},"modified":"2026-01-27T15:54:47","modified_gmt":"2026-01-27T15:54:47","slug":"blackjack","status":"publish","type":"page","link":"https:\/\/staging.casinoalto.com\/mx\/reglas\/blackjack\/","title":{"rendered":"Blackjack"},"content":{"rendered":"<p><img loading=\"lazy\" decoding=\"async\" class=\"alignnone size-full wp-image-148362\" src=\"\/mx\/wp-content\/uploads\/2018\/11\/casino-alto_covers_blackjack.webp\" alt=\"blackjack\" width=\"800\" height=\"475\" \/><\/p>\n<p>Aprender a jugar al Blackjack o 21 es muy sencillo con estas reglas b\u00e1sicas para principiantes.<\/p>\n<div id=\"ez-toc-container\" class=\"ez-toc-v2_0_82_2 counter-hierarchy ez-toc-counter ez-toc-custom ez-toc-container-direction\">\n<p class=\"ez-toc-title\" style=\"cursor:inherit\">Tabla de contenidos<\/p>\n<label for=\"ez-toc-cssicon-toggle-item-69d679321c587\" class=\"ez-toc-cssicon-toggle-label\"><span class=\"\"><span class=\"eztoc-hide\" style=\"display:none;\">Toggle<\/span><span class=\"ez-toc-icon-toggle-span\"><svg style=\"fill: #999;color:#999\" xmlns=\"http:\/\/www.w3.org\/2000\/svg\" class=\"list-377408\" width=\"20px\" height=\"20px\" viewBox=\"0 0 24 24\" fill=\"none\"><path d=\"M6 6H4v2h2V6zm14 0H8v2h12V6zM4 11h2v2H4v-2zm16 0H8v2h12v-2zM4 16h2v2H4v-2zm16 0H8v2h12v-2z\" fill=\"currentColor\"><\/path><\/svg><svg style=\"fill: #999;color:#999\" class=\"arrow-unsorted-368013\" xmlns=\"http:\/\/www.w3.org\/2000\/svg\" width=\"10px\" height=\"10px\" viewBox=\"0 0 24 24\" version=\"1.2\" baseProfile=\"tiny\"><path d=\"M18.2 9.3l-6.2-6.3-6.2 6.3c-.2.2-.3.4-.3.7s.1.5.3.7c.2.2.4.3.7.3h11c.3 0 .5-.1.7-.3.2-.2.3-.5.3-.7s-.1-.5-.3-.7zM5.8 14.7l6.2 6.3 6.2-6.3c.2-.2.3-.5.3-.7s-.1-.5-.3-.7c-.2-.2-.4-.3-.7-.3h-11c-.3 0-.5.1-.7.3-.2.2-.3.5-.3.7s.1.5.3.7z\"\/><\/svg><\/span><\/span><\/label><input type=\"checkbox\"  id=\"ez-toc-cssicon-toggle-item-69d679321c587\" checked aria-label=\"Alternar\" \/><nav><ul class='ez-toc-list ez-toc-list-level-1 ' ><li class='ez-toc-page-1 ez-toc-heading-level-2'><a class=\"ez-toc-link ez-toc-heading-1\" href=\"https:\/\/staging.casinoalto.com\/mx\/reglas\/blackjack\/#Introduccion-al-Blackjack\" >Introducci\u00f3n al Blackjack<\/a><\/li><li class='ez-toc-page-1 ez-toc-heading-level-2'><a class=\"ez-toc-link ez-toc-heading-2\" href=\"https:\/\/staging.casinoalto.com\/mx\/reglas\/blackjack\/#Objetivo-del-juego\" >Objetivo del juego<\/a><\/li><li class='ez-toc-page-1 ez-toc-heading-level-2'><a class=\"ez-toc-link ez-toc-heading-3\" href=\"https:\/\/staging.casinoalto.com\/mx\/reglas\/blackjack\/#Valor-de-las-cartas-en-el-Blackjack\" >Valor de las cartas en el Blackjack<\/a><\/li><li class='ez-toc-page-1 ez-toc-heading-level-2'><a class=\"ez-toc-link ez-toc-heading-4\" href=\"https:\/\/staging.casinoalto.com\/mx\/reglas\/blackjack\/#Mecanica-del-juego\" >Mec\u00e1nica del juego<\/a><ul class='ez-toc-list-level-3' ><li class='ez-toc-heading-level-3'><a class=\"ez-toc-link ez-toc-heading-5\" href=\"https:\/\/staging.casinoalto.com\/mx\/reglas\/blackjack\/#Mesa-asientos-y-crupier\" >Mesa, asientos y crupier<\/a><\/li><li class='ez-toc-page-1 ez-toc-heading-level-3'><a class=\"ez-toc-link ez-toc-heading-6\" href=\"https:\/\/staging.casinoalto.com\/mx\/reglas\/blackjack\/#Ronda-de-apuestas\" >Ronda de apuestas<\/a><\/li><li class='ez-toc-page-1 ez-toc-heading-level-3'><a class=\"ez-toc-link ez-toc-heading-7\" href=\"https:\/\/staging.casinoalto.com\/mx\/reglas\/blackjack\/#Reparto-de-cartas\" >Reparto de cartas<\/a><\/li><li class='ez-toc-page-1 ez-toc-heading-level-3'><a class=\"ez-toc-link ez-toc-heading-8\" href=\"https:\/\/staging.casinoalto.com\/mx\/reglas\/blackjack\/#Asegurar\" >Asegurar<\/a><\/li><li class='ez-toc-page-1 ez-toc-heading-level-3'><a class=\"ez-toc-link ez-toc-heading-9\" href=\"https:\/\/staging.casinoalto.com\/mx\/reglas\/blackjack\/#Turno-de-los-jugadores\" >Turno de los jugadores.<\/a><\/li><li class='ez-toc-page-1 ez-toc-heading-level-3'><a class=\"ez-toc-link ez-toc-heading-10\" href=\"https:\/\/staging.casinoalto.com\/mx\/reglas\/blackjack\/#Turno-del-crupier\" >Turno del crupier<\/a><\/li><li class='ez-toc-page-1 ez-toc-heading-level-3'><a class=\"ez-toc-link ez-toc-heading-11\" href=\"https:\/\/staging.casinoalto.com\/mx\/reglas\/blackjack\/#Reparto-de-premios\" >Reparto de premios<\/a><\/li><\/ul><\/li><\/ul><\/nav><\/div>\n<h2><span class=\"ez-toc-section\" id=\"Introduccion-al-Blackjack\"><\/span><strong>Introducci\u00f3n al Blackjack<\/strong><span class=\"ez-toc-section-end\"><\/span><\/h2>\n<p>El Blackjack es uno de los m\u00e1s extendidos juegos de casino debido a su larga historia en la que su fama ha ido en aumento desde que el juego originario, La Veintiuna, se disfrutara ya hace m\u00e1s de 500 a\u00f1os.<\/p>\n<p>El juego viaj\u00f3 por todo el mundo haciendo que, de todas sus variaciones, se hicieran especialmente famosos el <a href=\"\/mx\/juego\/blackjack-americano\/\">blackjack americano para jugar<\/a> y el europeo.<\/p>\n<p>Para jugar al Blackjack se debe utilizar al menos una baraja francesa de 52 naipes, desechando los joker. En los casinos, el mazo de cartas que se utiliza suele contener 6 barajas completas, pero este n\u00famero depende del casino o de la regulaci\u00f3n existente en el lugar donde se juegue.<\/p>\n<h2><span class=\"ez-toc-section\" id=\"Objetivo-del-juego\"><\/span><strong>Objetivo del juego<\/strong><span class=\"ez-toc-section-end\"><\/span><\/h2>\n<p>Como ocurre en La Veintiuna, los jugadores de Blackjack, de forma individual, intentan conseguir con una jugada sumar 21 puntos o en su defecto, acercarse lo posible, sin pasar de esos 21 puntos, para ganar a la jugada de la Banca.<\/p>\n<p>Cada jugador que participe en una mano de Blackjack recibe dos cartas cuyos valores son sumados, cuando el jugador considera que su jugada inicial puede mejorar para acercarse a los 21 puntos puede ir solicitando cartas adicionales al crupier hasta que obtenga 21 puntos justos o decida plantarse.<\/p>\n<p>Cuando la suma de puntos resulta superior a los 21 puntos la jugada queda anulada.<\/p>\n<p><img loading=\"lazy\" decoding=\"async\" class=\"alignnone wp-image-140882 size-full\" src=\"\/mx\/wp-content\/uploads\/2017\/10\/blackjack-1.webp\" alt=\"blackjack dispoci\u00f3n de la mesa\" width=\"800\" height=\"475\" \/><\/p>\n<p>Por su parte la Banca tambi\u00e9n recibe dos cartas y juega para defenderse siguiendo unas normas establecidas para plantarse o pedir carta en todo momento. Si su jugada suma 16 puntos o menos est\u00e1 obligada a pedir carta y si son m\u00e1s de 16 puntos tendr\u00e1 que plantarse.<\/p>\n<p>Adem\u00e1s de ser el nombre del juego, Blackjack es el nombre que recibe la mejor jugada: cuando las dos cartas iniciales suman 21 puntos.<\/p>\n<p>Para ganar a la Banca el jugador debe tener una puntuaci\u00f3n mejor que \u00e9sta, si fuera la misma quedar\u00edan empatados y si fuera menor perder\u00eda.<\/p>\n<h2><span class=\"ez-toc-section\" id=\"Valor-de-las-cartas-en-el-Blackjack\"><\/span>Valor de las cartas en el Blackjack<span class=\"ez-toc-section-end\"><\/span><\/h2>\n<p>Las cartas de la baraja tienen un determinado valor que servir\u00e1 para intentar sumar la mejor jugada posible.<\/p>\n<p>En el Blackjack todas las cartas con figuras dibujadas en su anverso (J, Q y K) comparten el mismo valor, 10 puntos.<\/p>\n<p>El As tiene la peculiaridad de tener un valor variable a elecci\u00f3n del jugador que lo juega, pudiendo optar por 1 \u00f3 11 puntos.<\/p>\n<p>El resto de cartas de la baraja tienen el mismo valor que indican en su anverso.<\/p>\n<p><img loading=\"lazy\" decoding=\"async\" class=\"alignnone size-full wp-image-148750\" src=\"\/mx\/wp-content\/uploads\/2018\/12\/casino-alto_images_blackjack.webp\" alt=\"valor cartas blackjack\" width=\"800\" height=\"475\" \/><\/p>\n<h2><span class=\"ez-toc-section\" id=\"Mecanica-del-juego\"><\/span><strong>Mec\u00e1nica del juego<\/strong><span class=\"ez-toc-section-end\"><\/span><\/h2>\n<h3><span class=\"ez-toc-section\" id=\"Mesa-asientos-y-crupier\"><\/span><strong>Mesa, asientos y crupier<\/strong><span class=\"ez-toc-section-end\"><\/span><\/h3>\n<p>Para jugar al Blackjack existe una mesa dise\u00f1ada espec\u00edficamente para ello, en la que se delimitan las zonas de juego de cada participante, de la banca, y se indican las normas b\u00e1sicas del juego.<\/p>\n<p>La mesa tiene forma de abanico en la que se reserva la zona curva a los jugadores y la zona recta para el crupier que ser\u00e1 quien se encargue de gestionar el desarrollo de las manos y representa a la Banca.<\/p>\n<p>En una mesa de Blackjack pueden participar hasta 7 jugadores de forma simult\u00e1nea.<\/p>\n<h3><span class=\"ez-toc-section\" id=\"Ronda-de-apuestas\"><\/span><strong>Ronda de apuestas<\/strong><span class=\"ez-toc-section-end\"><\/span><\/h3>\n<p>Cuando un jugador empieza una mano de Blackjack debe hacer una apuesta inicial para participar, la cantidad que se apuesta de inicio debe tener un volumen comprendido entre los l\u00edmites m\u00ednimo y m\u00e1ximo establecidos por el casino online.<\/p>\n<p>Es normal que dentro del mismo casino existan mesas de Blackjack con distintos l\u00edmites para que puedan participar en ellas jugadores de todo tipo.<\/p>\n<p>La apuesta inicial se efect\u00faa depositando las fichas de casino correspondientes a la cantidad deseada en la zona de la mesa que corresponda a cada jugador.<\/p>\n<h3><span class=\"ez-toc-section\" id=\"Reparto-de-cartas\"><\/span><strong>Reparto de cartas<\/strong><span class=\"ez-toc-section-end\"><\/span><\/h3>\n<p>La siguiente fase de la mano comienza cuando el crupier cierra el turno de apuestas, repartiendo dos cartas, de una en una y mostrando su valor, a cada jugador que haya hecho su apuesta inicial, mientras que la Banca s\u00f3lo recibe una carta.<\/p>\n<p>El reparto de cartas se hace siguiendo el sentido horario comenzando por aquel jugador que se encuentre colocado m\u00e1s cerca del crupier por su lado izquierdo.<\/p>\n<p>Antes de que prosiga la mano y s\u00f3lo cuando la Banca recibe un As, los jugadores tienen la posibilidad de asegurar, en los dem\u00e1s casos la mano prosigue con normalidad.<\/p>\n<p><img loading=\"lazy\" decoding=\"async\" class=\"alignnone wp-image-140885 size-full\" src=\"\/mx\/wp-content\/uploads\/2017\/10\/blackjack-orden-de-juego.webp\" alt=\"blackjack orden de juego\" width=\"800\" height=\"475\" \/><\/p>\n<h3><span class=\"ez-toc-section\" id=\"Asegurar\"><\/span><strong>Asegurar<\/strong><span class=\"ez-toc-section-end\"><\/span><\/h3>\n<p>Se trata de apostar a que la mano de la Banca obtendr\u00e1 la jugada de Blackjack con su segunda carta, que tendr\u00e1 que ser de 10 puntos. La cantidad m\u00e1xima que se apuesta en el seguro ser\u00e1 la mitad de la apuesta inicial y en caso de ganar se pagar\u00e1 2 a 1. Asegurar es totalmente opcional.<\/p>\n<h3><span class=\"ez-toc-section\" id=\"Turno-de-los-jugadores\"><\/span><strong>Turno de los jugadores<\/strong>.<span class=\"ez-toc-section-end\"><\/span><\/h3>\n<p>Llegado este punto, son los jugadores los que pasan a la acci\u00f3n siguiendo el mismo orden en el que fueron repartidas las cartas. En el turno de cada jugador podr\u00e1 optar por tres acciones: Dividir (s\u00f3lo si las dos cartas iniciales tienen el mismo valor), pedir carta o plantarse.<\/p>\n<p><strong>Dividir o separar<\/strong><\/p>\n<p>En el caso de tener dos cartas con el mismo valor, el jugador puede optar por dividir su mano, pasando a jugar dos en vez de una. Al hacer esto, debe apostar la misma cantidad en la nueva mano para seguidamente, recibir una segunda carta en cada una de las cartas separadas. Si recibe una nueva carta igual a la primera, podr\u00e1 volver a dividir hasta el n\u00famero de veces m\u00e1ximo establecido por el <a href=\"\/mx\/casinos-online\/\">casino online<\/a>.<\/p>\n<p>Una vez se tengan dos cartas en cada una de las manos divididas, cada una de ellas se juega de forma independiente y de una en una.<\/p>\n<p>Al hacer una divisi\u00f3n teniendo una pareja de ases, el jugador recibe una segunda carta para cada una de las jugadas pero no podr\u00e1 pedir m\u00e1s cartas para ninguna de sus dos manos, finalizando as\u00ed su turno.<\/p>\n<p>Si se consigue sumar 21 puntos con las dos cartas de una mano dividida no ser\u00e1 considerado Blackjack a la hora de realizar el pago.<\/p>\n<p><img loading=\"lazy\" decoding=\"async\" class=\"alignnone wp-image-140886 size-full\" src=\"\/mx\/wp-content\/uploads\/2017\/10\/blackjack-dividir-1.webp\" alt=\"blackjack dividir\" width=\"800\" height=\"475\" \/><\/p>\n<p><strong>Pedir carta<\/strong><\/p>\n<p>Cuando el jugador cree que puede mejorar su jugada inicial, tiene la posibilidad de a\u00f1adir m\u00e1s cartas. El valor de las cartas a\u00f1adidas se ir\u00e1 sumando progresivamente al de las anteriores hasta que decida no pedir m\u00e1s cartas, consiga sumar 21 puntos o su jugada quede anulada por sobrepasar esos 21 puntos.<\/p>\n<p><strong>Plantarse<\/strong><\/p>\n<p>Un jugador puede cerrar su turno en cualquier momento si su jugada no ha quedado anulada. Puede plantarse con sus cartas iniciales o despu\u00e9s de haber pedido cartas. Al plantarse, la puntuaci\u00f3n obtenida ser\u00e1 la que se enfrente a la puntuaci\u00f3n de la Banca.<\/p>\n<p><strong>Doblar o duplicar la apuesta<\/strong><\/p>\n<p>Al comienzo de su turno, si un jugador considera que pidiendo una sola carta puede mejorar, tiene opci\u00f3n de doblar su apuesta inicial. Haciendo esto, no podr\u00e1 pedir m\u00e1s cartas y tendr\u00e1 que plantarse con el resultado obtenido. Si su jugada llegara a sumar m\u00e1s de 21 puntos ser\u00eda anulada como en el resto de casos.<\/p>\n<h3><span class=\"ez-toc-section\" id=\"Turno-del-crupier\"><\/span><strong>Turno del crupier<\/strong><span class=\"ez-toc-section-end\"><\/span><\/h3>\n<p>Una vez han acabado los turnos de todos los jugadores y si quedara alguno con una jugada activa (no anulada), la Banca jugar\u00eda su mano a trav\u00e9s del crupier. En caso de no quedar jugadores activos, se proceder\u00eda sacar su segunda carta para dirimir si las apuestas del seguro para luego concluir la mano y comenzar una nueva.<\/p>\n<p>Para jugar su mano, la Banca recibe su segunda carta y en base a la suma actuar\u00e1 siguiendo las normas establecidas, siempre pedir carta si suma 16 puntos o menos y plantarse si esa suma es de 17 puntos o m\u00e1s. Si su jugada suma m\u00e1s de 21 puntos, ser\u00e1 anulada como si fuera un jugador m\u00e1s.<\/p>\n<p>Una vez la Banca haya terminado de jugar se pasa a comparar su mano con las de los jugadores.<\/p>\n<h3><span class=\"ez-toc-section\" id=\"Reparto-de-premios\"><\/span><strong>Reparto de premios<\/strong><span class=\"ez-toc-section-end\"><\/span><\/h3>\n<p>Los primeros premios en ser repartidos son los correspondientes a los seguros, aquellos jugadores que apostaron por el seguro reciben una ganancia de 2 a 1 respecto a la apuesta efectuada si la Banca hubiera conseguido Blackjack. En caso contrario pierden su apuesta.<\/p>\n<p>Despu\u00e9s se procede a la comparaci\u00f3n de las jugadas entre la Banca y cada uno de los jugadores.<\/p>\n<p>Si la mano de la Banca ha sido anulada, todos los jugadores que estuvieran activos ganar\u00edan su apuesta.<\/p>\n<p>La mano de la Banca gana a todos aquellos jugadores cuya mano sume menos puntos que la suya de forma que el crupier podr\u00e1 recoger sus apuestas.<\/p>\n<p>En cambio el crupier pagara a los jugadores cuya jugada sea superior a la de la Banca, que ganar\u00e1n una cantidad igual a la que apostaron, excepto si se gana teniendo Blackjack (sumando 21 puntos con las dos cartas iniciales), en cuyo caso se pagar\u00e1 la apuesta con una relaci\u00f3n 3 a 2.<\/p>\n<p>Los jugadores que empaten con la Banca recuperan su apuesta.<\/p>\n<p>Terminado el pago y cobro de apuestas, el crupier pasar\u00e1 a recoger la mesa para dar comienzo a una nueva mano.<\/p>\n<p class=\"caja\">\u00bfQuieres practicar antes? Juega a nuestro <strong><a href=\"\/mx\/juego\/blackjack-online\/\">Blackjack o 21 gratis<\/a><\/strong> para que cuando quieras jugar con dinero real saques el m\u00e1ximo rendimiento a tus apuestas. Y si quieres convertirte en un aut\u00e9ntico PRO, te recomendamos que estudies nuestra\u00a0<a href=\"\/mx\/estrategia\/blackjack\/\"><strong>g<\/strong><b>u\u00eda de estrategia para Blackjack<\/b><\/a>. \u00a1Buena suerte en las mesas de juego!.<\/p>\n","protected":false},"excerpt":{"rendered":"<p>Aprender a jugar al Blackjack o 21 es muy sencillo con estas reglas b\u00e1sicas para principiantes. Introducci\u00f3n al Blackjack El Blackjack es uno de los m\u00e1s extendidos juegos de casino debido a su larga historia en la que su fama ha ido en aumento desde que el juego originario, La Veintiuna, se disfrutara ya hace [&hellip;]<\/p>\n","protected":false},"author":11,"featured_media":10059439,"parent":134669,"menu_order":0,"comment_status":"closed","ping_status":"closed","template":"page_author_sidebar.php","meta":{"_acf_changed":false,"footnotes":""},"class_list":["post-135328","page","type-page","status-publish","has-post-thumbnail","hentry"],"acf":[],"_links":{"self":[{"href":"https:\/\/staging.casinoalto.com\/mx\/wp-json\/wp\/v2\/pages\/135328","targetHints":{"allow":["GET"]}}],"collection":[{"href":"https:\/\/staging.casinoalto.com\/mx\/wp-json\/wp\/v2\/pages"}],"about":[{"href":"https:\/\/staging.casinoalto.com\/mx\/wp-json\/wp\/v2\/types\/page"}],"author":[{"embeddable":true,"href":"https:\/\/staging.casinoalto.com\/mx\/wp-json\/wp\/v2\/users\/11"}],"replies":[{"embeddable":true,"href":"https:\/\/staging.casinoalto.com\/mx\/wp-json\/wp\/v2\/comments?post=135328"}],"version-history":[{"count":3,"href":"https:\/\/staging.casinoalto.com\/mx\/wp-json\/wp\/v2\/pages\/135328\/revisions"}],"predecessor-version":[{"id":10061707,"href":"https:\/\/staging.casinoalto.com\/mx\/wp-json\/wp\/v2\/pages\/135328\/revisions\/10061707"}],"up":[{"embeddable":true,"href":"https:\/\/staging.casinoalto.com\/mx\/wp-json\/wp\/v2\/pages\/134669"}],"wp:featuredmedia":[{"embeddable":true,"href":"https:\/\/staging.casinoalto.com\/mx\/wp-json\/wp\/v2\/media\/10059439"}],"wp:attachment":[{"href":"https:\/\/staging.casinoalto.com\/mx\/wp-json\/wp\/v2\/media?parent=135328"}],"curies":[{"name":"wp","href":"https:\/\/api.w.org\/{rel}","templated":true}]}}