{"id":140855,"date":"2017-10-19T11:42:46","date_gmt":"2017-10-19T11:42:46","guid":{"rendered":"https:\/\/casinoalto.com\/?page_id=140855"},"modified":"2026-01-27T15:54:05","modified_gmt":"2026-01-27T15:54:05","slug":"blackjack","status":"publish","type":"page","link":"https:\/\/staging.casinoalto.com\/mx\/casino-en-vivo\/blackjack\/","title":{"rendered":"Blackjack en vivo"},"content":{"rendered":"<p>\u00bfQui\u00e9n dijo que no se puede disfrutar del blackjack desde casa? Vive toda la emoci\u00f3n de este famoso juego con la variante de <a href=\"\/mx\/casino-en-vivo\/\">casino en vivo<\/a>, y disfruta como si te encontraras en un casino f\u00edsico.<\/p>\n<p>En el blackjack deber\u00e1s buscar sumar 21 puntos o lo m\u00e1s cerca posible de esta cantidad con las cartas que reparte el crupier. Con el blackjack en vivo vivir\u00e1s la sensaci\u00f3n de estar en un casino, poniendo cara a tu oponente que en este caso es el propio crupier de la partida.<\/p>\n<div id=\"ez-toc-container\" class=\"ez-toc-v2_0_82_2 counter-hierarchy ez-toc-counter ez-toc-custom ez-toc-container-direction\">\n<p class=\"ez-toc-title\" style=\"cursor:inherit\">Tabla de contenidos<\/p>\n<label for=\"ez-toc-cssicon-toggle-item-69d6ab6b9f163\" class=\"ez-toc-cssicon-toggle-label\"><span class=\"\"><span class=\"eztoc-hide\" style=\"display:none;\">Toggle<\/span><span class=\"ez-toc-icon-toggle-span\"><svg style=\"fill: #999;color:#999\" xmlns=\"http:\/\/www.w3.org\/2000\/svg\" class=\"list-377408\" width=\"20px\" height=\"20px\" viewBox=\"0 0 24 24\" fill=\"none\"><path d=\"M6 6H4v2h2V6zm14 0H8v2h12V6zM4 11h2v2H4v-2zm16 0H8v2h12v-2zM4 16h2v2H4v-2zm16 0H8v2h12v-2z\" fill=\"currentColor\"><\/path><\/svg><svg style=\"fill: #999;color:#999\" class=\"arrow-unsorted-368013\" xmlns=\"http:\/\/www.w3.org\/2000\/svg\" width=\"10px\" height=\"10px\" viewBox=\"0 0 24 24\" version=\"1.2\" baseProfile=\"tiny\"><path d=\"M18.2 9.3l-6.2-6.3-6.2 6.3c-.2.2-.3.4-.3.7s.1.5.3.7c.2.2.4.3.7.3h11c.3 0 .5-.1.7-.3.2-.2.3-.5.3-.7s-.1-.5-.3-.7zM5.8 14.7l6.2 6.3 6.2-6.3c.2-.2.3-.5.3-.7s-.1-.5-.3-.7c-.2-.2-.4-.3-.7-.3h-11c-.3 0-.5.1-.7.3-.2.2-.3.5-.3.7s.1.5.3.7z\"\/><\/svg><\/span><\/span><\/label><input type=\"checkbox\"  id=\"ez-toc-cssicon-toggle-item-69d6ab6b9f163\" checked aria-label=\"Alternar\" \/><nav><ul class='ez-toc-list ez-toc-list-level-1 ' ><li class='ez-toc-page-1 ez-toc-heading-level-2'><a class=\"ez-toc-link ez-toc-heading-1\" href=\"https:\/\/staging.casinoalto.com\/mx\/casino-en-vivo\/blackjack\/#Que-es-el-Blackjack-en-vivo\" >Qu\u00e9 es el Blackjack en vivo<\/a><\/li><li class='ez-toc-page-1 ez-toc-heading-level-2'><a class=\"ez-toc-link ez-toc-heading-2\" href=\"https:\/\/staging.casinoalto.com\/mx\/casino-en-vivo\/blackjack\/#Como-se-juega-al-Blackjack-en-vivo\" >C\u00f3mo se juega al Blackjack en vivo<\/a><ul class='ez-toc-list-level-3' ><li class='ez-toc-heading-level-3'><a class=\"ez-toc-link ez-toc-heading-3\" href=\"https:\/\/staging.casinoalto.com\/mx\/casino-en-vivo\/blackjack\/#Reglas-del-Blackjack-en-vivo\" >Reglas del Blackjack en vivo<\/a><\/li><\/ul><\/li><li class='ez-toc-page-1 ez-toc-heading-level-2'><a class=\"ez-toc-link ez-toc-heading-4\" href=\"https:\/\/staging.casinoalto.com\/mx\/casino-en-vivo\/blackjack\/#%C2%BFHay-Blackjack-en-vivo-gratis\" >\u00bfHay Blackjack en vivo gratis?<\/a><\/li><\/ul><\/nav><\/div>\n<h2><span class=\"ez-toc-section\" id=\"Que-es-el-Blackjack-en-vivo\"><\/span>Qu\u00e9 es el Blackjack en vivo<span class=\"ez-toc-section-end\"><\/span><\/h2>\n<p>El blackjack en vivo no es m\u00e1s que jugar una partida de blackjack en directo, enfrent\u00e1ndote a un crupier de carne y hueso.<\/p>\n<p>Esta persona ser\u00e1 la encargada de llevar a cabo la partida, mediante el barajeo de las cartas y el reparto de las mismas. Adem\u00e1s ser\u00e1 tu rival en la partida, haciendo la funci\u00f3n de banca. Deber\u00e1s superar su mano para poder ganar.<\/p>\n<p>Con los crupieres en vivo consigues sumergirte en un entorno realista y que te hace sentir como en un casino de verdad, todo ello sin moverte del lugar que escojas para jugar. As\u00ed consigues sumar la emoci\u00f3n de un casino real a la comodidad de la versi\u00f3n online, que te permite disfrutar de tus juegos sin horarios y sin tener que desplazarte a ning\u00fan lado.<\/p>\n<p>Podr\u00e1s jugar a trav\u00e9s de la pantalla de tu ordenador, tablet o m\u00f3vil gracias a la tecnolog\u00eda disponible en los <a href=\"\/mx\/casinos-online\/\">casinos online<\/a>. Con un sofisticado software te har\u00e1n llegar la partida con toda la emoci\u00f3n de un casino f\u00edsico.<\/p>\n<p>Esto se hace mediante la se\u00f1al en directo desde un casino f\u00edsico o una sala especialmente dise\u00f1ada para las partidas de blackjack en vivo, retransmiti\u00e9ndose cada detalle para que no te pierdas nada.<\/p>\n<h2><span class=\"ez-toc-section\" id=\"Como-se-juega-al-Blackjack-en-vivo\"><\/span>C\u00f3mo se juega al Blackjack en vivo<span class=\"ez-toc-section-end\"><\/span><\/h2>\n<p>Las partidas de blackjack en vivo se desarrollan de la misma manera que cualquiera de blackjack online, con la gran ventaja del ambiente de casino real. Pero antes que nada, veamos las caracter\u00edsticas espec\u00edficas de una partida de este tipo de juego.<\/p>\n<h3><span class=\"ez-toc-section\" id=\"Reglas-del-Blackjack-en-vivo\"><\/span>Reglas del Blackjack en vivo<span class=\"ez-toc-section-end\"><\/span><\/h3>\n<p>El objetivo no es otro que sumar 21 con tus cartas, o acercarte a esta cifra siempre sin pasarte. Tu rival ser\u00e1 el crupier, por lo que deber\u00e1s analizar cada uno de los pasos que de para llevar a cabo una estrategia \u00f3ptima durante la partida.<\/p>\n<p>Esta es una de las grandes ventajas del blackjack en vivo, poder ver la cara del crupier, sus gestos, reacciones y, sobre todo, poder entablar una conversaci\u00f3n en tiempo real con \u00e9l o ella. Adem\u00e1s, en los casinos que dispongan de esta opci\u00f3n, podr\u00e1s hablar tambi\u00e9n con el resto de jugadores de la partida.<\/p>\n<p>Y no solo eso, ya que si decides estar presente en la partida de blackjack en vivo sin jugar, podr\u00e1s apostar a la victoria o derrota de las manos del resto de jugadores frente al crupier.<\/p>\n<p>Centr\u00e1ndonos en la propia partida, el inicio es realizar tu apuesta, llamada ante. Deber\u00e1s situarla en la mesa y marcar\u00e1 las posibles ganancias futuras que consigas si ganas la mano. Como es l\u00f3gico, a mayor apuesta mayor ser\u00e1 tambi\u00e9n el premio.<\/p>\n<p>A continuaci\u00f3n llega el momento del reparto de cartas. El dealer (o crupier) te repartir\u00e1 dos cartas boca arriba. A s\u00ed mismo se repartir\u00e1 tambi\u00e9n dos cartas, una boca arriba y otra boca abajo.<\/p>\n<p>Entonces llega el momento de decidir. Puedes plantarte si crees que tu mano es lo suficientemente buena como para batir la del crupier. Tambi\u00e9n puedes pedir otra carta si crees que todav\u00eda no es suficiente.<\/p>\n<p>Otra opci\u00f3n es doblar tu apuesta realizada, recibiendo una carta m\u00e1s en la mano. Por \u00faltimo, y en caso de tener pareja de cartas con valor 10, puedes dividir la mano en dos y recibir\u00e1s dos cartas m\u00e1s, una para cada mano.<\/p>\n<p>Una vez terminada tu jugada el dealer decidir\u00e1 con la suya, y saldr\u00e1 el ganador de la partida.<\/p>\n<p>Es importante saber el valor de cada una de las cartas, siendo este su valor num\u00e9rico real del 2 al 9, diez si se trata de J, Q, o K y si hablamos del as valdr\u00e1 11 \u00f3 1, seg\u00fan te convenga m\u00e1s.<\/p>\n<p>Adem\u00e1s existen diferentes circunstancias que pueden variar el desarrollo del juego, como los valores de las cartas del crupier que pueden obligarle a pedir carta extra o a plantarse directamente.<\/p>\n<p>Revisa bien cada uno de los comandos disponibles en la partida y, por supuesto, las reglas del juego. Pueden existir distintas salas de blackjack en vivo donde se practique una u otra variante de este famoso juego de cartas.<\/p>\n<h2><span class=\"ez-toc-section\" id=\"%C2%BFHay-Blackjack-en-vivo-gratis\"><\/span>\u00bfHay Blackjack en vivo gratis?<span class=\"ez-toc-section-end\"><\/span><\/h2>\n<p>La modalidad de blackjack en vivo gratis no existe, dado el coste que supone la organizaci\u00f3n y realizaci\u00f3n de estas partidas (crupier real, casino f\u00edsico, retransmisi\u00f3n en directo&#8230;).<\/p>\n<p>Una buena alternativa si quieres comenzar a practicar es probar el<a href=\"\/mx\/juego\/blackjack-online\/\"> blackjack gratis<\/a> con la versi\u00f3n demo de <em>Casino Alto<\/em>. Aqu\u00ed no correr\u00e1s ning\u00fan tipo de riesgo y podr\u00e1s mejorar tus habilidades.<\/p>\n<p>Una vez sientas que controlas el juego, te aconsejamos aprovechar alguno de los <a href=\"\/mx\/casinos-sin-deposito\/\">bonos sin dep\u00f3sito de casino<\/a>. Estos no son m\u00e1s que dinero gratis por el simple hecho de registrarte, y que podr\u00e1s utilizar en tus partidas de blackjack en vivo. Recuerda ir siempre paso a paso y no precipitarte a la hora de apostar tu propio dinero.<\/p>\n<p>Una vez domines el juego no queda otra que disfrutar, pero siempre con cabeza y responsabilidad. Y por supuesto, que la suerte te acompa\u00f1e en las mesas de juego.<\/p>\n","protected":false},"excerpt":{"rendered":"<p>\u00bfQui\u00e9n dijo que no se puede disfrutar del blackjack desde casa? Vive toda la emoci\u00f3n de este famoso juego con la variante de casino en vivo, y disfruta como si te encontraras en un casino f\u00edsico. En el blackjack deber\u00e1s buscar sumar 21 puntos o lo m\u00e1s cerca posible de esta cantidad con las cartas [&hellip;]<\/p>\n","protected":false},"author":11,"featured_media":0,"parent":140849,"menu_order":0,"comment_status":"closed","ping_status":"closed","template":"page-casinos.php","meta":{"_acf_changed":false,"footnotes":""},"class_list":["post-140855","page","type-page","status-publish","hentry"],"acf":[],"_links":{"self":[{"href":"https:\/\/staging.casinoalto.com\/mx\/wp-json\/wp\/v2\/pages\/140855","targetHints":{"allow":["GET"]}}],"collection":[{"href":"https:\/\/staging.casinoalto.com\/mx\/wp-json\/wp\/v2\/pages"}],"about":[{"href":"https:\/\/staging.casinoalto.com\/mx\/wp-json\/wp\/v2\/types\/page"}],"author":[{"embeddable":true,"href":"https:\/\/staging.casinoalto.com\/mx\/wp-json\/wp\/v2\/users\/11"}],"replies":[{"embeddable":true,"href":"https:\/\/staging.casinoalto.com\/mx\/wp-json\/wp\/v2\/comments?post=140855"}],"version-history":[{"count":2,"href":"https:\/\/staging.casinoalto.com\/mx\/wp-json\/wp\/v2\/pages\/140855\/revisions"}],"predecessor-version":[{"id":10061380,"href":"https:\/\/staging.casinoalto.com\/mx\/wp-json\/wp\/v2\/pages\/140855\/revisions\/10061380"}],"up":[{"embeddable":true,"href":"https:\/\/staging.casinoalto.com\/mx\/wp-json\/wp\/v2\/pages\/140849"}],"wp:attachment":[{"href":"https:\/\/staging.casinoalto.com\/mx\/wp-json\/wp\/v2\/media?parent=140855"}],"curies":[{"name":"wp","href":"https:\/\/api.w.org\/{rel}","templated":true}]}}