{"id":144094,"date":"2017-12-20T14:26:14","date_gmt":"2017-12-20T14:26:14","guid":{"rendered":"https:\/\/casinoalto.com\/?page_id=144094"},"modified":"2026-01-27T15:58:34","modified_gmt":"2026-01-27T15:58:34","slug":"hi-lo","status":"publish","type":"page","link":"https:\/\/staging.casinoalto.com\/mx\/reglas\/hi-lo\/","title":{"rendered":"Hi Lo"},"content":{"rendered":"<p><img loading=\"lazy\" decoding=\"async\" class=\"alignnone size-full wp-image-148374\" src=\"\/mx\/wp-content\/uploads\/2018\/11\/casino-alto_covers_hi-lo.webp\" alt=\"hi lo\" width=\"800\" height=\"475\" \/><\/p>\n<p>Aprender este juego de cartas va a resultarte sencillo gracias a la gu\u00eda que te vamos a preparar.<\/p>\n<div id=\"ez-toc-container\" class=\"ez-toc-v2_0_82_2 counter-hierarchy ez-toc-counter ez-toc-custom ez-toc-container-direction\">\n<p class=\"ez-toc-title\" style=\"cursor:inherit\">Tabla de contenidos<\/p>\n<label for=\"ez-toc-cssicon-toggle-item-69d690532e2e6\" class=\"ez-toc-cssicon-toggle-label\"><span class=\"\"><span class=\"eztoc-hide\" style=\"display:none;\">Toggle<\/span><span class=\"ez-toc-icon-toggle-span\"><svg style=\"fill: #999;color:#999\" xmlns=\"http:\/\/www.w3.org\/2000\/svg\" class=\"list-377408\" width=\"20px\" height=\"20px\" viewBox=\"0 0 24 24\" fill=\"none\"><path d=\"M6 6H4v2h2V6zm14 0H8v2h12V6zM4 11h2v2H4v-2zm16 0H8v2h12v-2zM4 16h2v2H4v-2zm16 0H8v2h12v-2z\" fill=\"currentColor\"><\/path><\/svg><svg style=\"fill: #999;color:#999\" class=\"arrow-unsorted-368013\" xmlns=\"http:\/\/www.w3.org\/2000\/svg\" width=\"10px\" height=\"10px\" viewBox=\"0 0 24 24\" version=\"1.2\" baseProfile=\"tiny\"><path d=\"M18.2 9.3l-6.2-6.3-6.2 6.3c-.2.2-.3.4-.3.7s.1.5.3.7c.2.2.4.3.7.3h11c.3 0 .5-.1.7-.3.2-.2.3-.5.3-.7s-.1-.5-.3-.7zM5.8 14.7l6.2 6.3 6.2-6.3c.2-.2.3-.5.3-.7s-.1-.5-.3-.7c-.2-.2-.4-.3-.7-.3h-11c-.3 0-.5.1-.7.3-.2.2-.3.5-.3.7s.1.5.3.7z\"\/><\/svg><\/span><\/span><\/label><input type=\"checkbox\"  id=\"ez-toc-cssicon-toggle-item-69d690532e2e6\" checked aria-label=\"Alternar\" \/><nav><ul class='ez-toc-list ez-toc-list-level-1 ' ><li class='ez-toc-page-1 ez-toc-heading-level-2'><a class=\"ez-toc-link ez-toc-heading-1\" href=\"https:\/\/staging.casinoalto.com\/mx\/reglas\/hi-lo\/#Introduccion\" >Introducci\u00f3n<\/a><\/li><li class='ez-toc-page-1 ez-toc-heading-level-2'><a class=\"ez-toc-link ez-toc-heading-2\" href=\"https:\/\/staging.casinoalto.com\/mx\/reglas\/hi-lo\/#Objetivo-del-juego\" >Objetivo del juego<\/a><\/li><li class='ez-toc-page-1 ez-toc-heading-level-2'><a class=\"ez-toc-link ez-toc-heading-3\" href=\"https:\/\/staging.casinoalto.com\/mx\/reglas\/hi-lo\/#Como-jugar-al-Hi-Lo\" >C\u00f3mo jugar al Hi Lo<\/a><ul class='ez-toc-list-level-3' ><li class='ez-toc-heading-level-3'><a class=\"ez-toc-link ez-toc-heading-4\" href=\"https:\/\/staging.casinoalto.com\/mx\/reglas\/hi-lo\/#Como-se-determina-la-mano-baja\" >C\u00f3mo se determina la mano baja<\/a><\/li><li class='ez-toc-page-1 ez-toc-heading-level-3'><a class=\"ez-toc-link ez-toc-heading-5\" href=\"https:\/\/staging.casinoalto.com\/mx\/reglas\/hi-lo\/#Como-se-determina-la-mano-mas-alta\" >C\u00f3mo se determina la mano m\u00e1s alta<\/a><\/li><li class='ez-toc-page-1 ez-toc-heading-level-3'><a class=\"ez-toc-link ez-toc-heading-6\" href=\"https:\/\/staging.casinoalto.com\/mx\/reglas\/hi-lo\/#Reglas-generales\" >Reglas generales<\/a><\/li><\/ul><\/li><\/ul><\/nav><\/div>\n<h2><span class=\"ez-toc-section\" id=\"Introduccion\"><\/span>Introducci\u00f3n<span class=\"ez-toc-section-end\"><\/span><\/h2>\n<p>El Hi Lo, conocido normalmente como Omaha Hi Lo, est\u00e1 presente en multitud de casinos, ya sean f\u00edsicos u online. Igual no suena tanto su nombre como el <a href=\"\/mx\/juego\/baccarat\/\">Baccarat para la demo<\/a> o el <a href=\"\/mx\/reglas\/blackjack\/\">juego en l\u00ednea de Blackjack <\/a>pero lo cierto es que tiene muchos aficionados.<\/p>\n<p>Se trata de un juego en donde son dos las manos que ganan, la m\u00e1s alta y la m\u00e1s baja, y conseguirlas depende de la suerte al repartir las cartas y de tu capacidad para hacer combinaciones con las mismas. Se juega con una baraja o mazo de cartas.<\/p>\n<h2><span class=\"ez-toc-section\" id=\"Objetivo-del-juego\"><\/span>Objetivo del juego<span class=\"ez-toc-section-end\"><\/span><\/h2>\n<p>En el Hi Lo aspiras a conseguir la mano m\u00e1s alta o la mano m\u00e1s baja con ayuda de tus cartas y de las cartas que se reparten en el centro.<\/p>\n<p>Para ello contar\u00e1s con las cuatro cartas que se te reparten a ti en exclusiva y boca abajo. En el centro se reparten cinco cartas boca arriba. Obligatoriamente debes usar dos de tus cartas y tres de las cartas del centro de la mesa para formar una combinaci\u00f3n ganadora.<\/p>\n<p>El dinero o las fichas para apostar disponibles para el ganador se reparten entre dos jugadores, es la principal curiosidad de este juego. Su nombre mismo deriva de esta peculiaridad, ya que Hi Lo es un ap\u00f3cope de High (alto) y Low (bajo).<\/p>\n<p>La mano m\u00e1s baja debe de empezar por un ocho, es una regla fija de este juego. La mano alta en cambio ser\u00e1 aquella que contenga combinaciones como las del <a href=\"\/mx\/reglas\/texas-holdem\/\">Texas Hold&#8217;em para jugar con seguridad<\/a>.<\/p>\n<h2><span class=\"ez-toc-section\" id=\"Como-jugar-al-Hi-Lo\"><\/span>C\u00f3mo jugar al Hi Lo<span class=\"ez-toc-section-end\"><\/span><\/h2>\n<p><img loading=\"lazy\" decoding=\"async\" class=\"size-full wp-image-148760 aligncenter\" src=\"\/mx\/wp-content\/uploads\/2018\/12\/casino-alto_images_hi-lo.webp\" alt=\"valor cartas omaha hi lo\" width=\"800\" height=\"1179\" \/><\/p>\n<h3><span class=\"ez-toc-section\" id=\"Como-se-determina-la-mano-baja\"><\/span>C\u00f3mo se determina la mano baja<span class=\"ez-toc-section-end\"><\/span><\/h3>\n<p>Debes obtener una combinaci\u00f3n de cartas que contenga un ocho, ninguna pareja de n\u00fameros, y todas ellas iguales o menores a ocho. Si tu mano incumple alguna de estas normas, no cualifica para jugar. Los ases en este caso cuentan como cartas bajas (si est\u00e1s buscando ganar el Low).<\/p>\n<p>Entre dos combinaciones ganadoras, se prefiere siempre a la que tiene la carta superior m\u00e1s baja. Recuerda que tu combinaci\u00f3n debe contener dos de tus cartas personales y tres de las que quedan sobre la mesa para todos los jugadores.<\/p>\n<p>Un ejemplo perfecto de la mano m\u00e1s baja posible ser\u00eda esta:<\/p>\n<ul>\n<li>As<\/li>\n<li>2<\/li>\n<li>3<\/li>\n<li>4<\/li>\n<li>5<\/li>\n<\/ul>\n<h3><span class=\"ez-toc-section\" id=\"Como-se-determina-la-mano-mas-alta\"><\/span>C\u00f3mo se determina la mano m\u00e1s alta<span class=\"ez-toc-section-end\"><\/span><\/h3>\n<p>La manos m\u00e1s alta no tiene tantas complicaciones ni especificaciones como la baja. De ese modo, ser\u00eda ganadora una mano alta que puede contener parejas, e incluso tr\u00edos o poker.<\/p>\n<p>Estar\u00edamos hablando de combinaciones como la escalera real, la escalera real de color, poker, full, color, escalera, tr\u00edo, dobles parejas, parejas o simplemente la carta m\u00e1s alta.<\/p>\n<h3><span class=\"ez-toc-section\" id=\"Reglas-generales\"><\/span>Reglas generales<span class=\"ez-toc-section-end\"><\/span><\/h3>\n<ul>\n<li>A la hora de repartir el bote en dos mitades, puede pasar que \u00e9ste no sea divisible por dos. En ese caso, la ficha que sobra se dejar\u00eda para bote ganador de la mano m\u00e1s alta.<\/li>\n<li>Si no hay ninguna mano baja cualificada, todo el bote ir\u00e1 a parar a la mano m\u00e1s alta (a su ganador).<\/li>\n<li>Los jugadores pueden ganar una o dos mitades, ya que podr\u00eda pasar que al combinar sus cartas consiguieran ambas posiciones (alta y baja).<\/li>\n<li>No es necesario que un jugador \u00abvaya\u00bb o anuncie qu\u00e9 mano es la que pretende conseguir.<\/li>\n<li>Tras una ronda inicial de apuestas, se reparten tres de las cinco cartas centrales boca arriba (conocido como Flop).<\/li>\n<li>Tras la siguiente ronda, se reparte la cuarta carta que ser\u00eda el Turn.<\/li>\n<li>Se vuelve a hacer una ronda de apuestas y se reparte la quinta de las cartas centrales, llamada River.<\/li>\n<li>Despu\u00e9s de esta quinta carta se hace la \u00faltima ronda de apuestas y, si no se ha retirado todo el mundo, se muestran las cartas.<\/li>\n<li>Si hubiera empate para una de las dos manos, los jugadores implicados se repartir\u00edan equitativamente su parte del bote.<\/li>\n<\/ul>\n","protected":false},"excerpt":{"rendered":"<p>Aprender este juego de cartas va a resultarte sencillo gracias a la gu\u00eda que te vamos a preparar. Introducci\u00f3n El Hi Lo, conocido normalmente como Omaha Hi Lo, est\u00e1 presente en multitud de casinos, ya sean f\u00edsicos u online. Igual no suena tanto su nombre como el Baccarat para la demo o el juego en [&hellip;]<\/p>\n","protected":false},"author":18,"featured_media":0,"parent":134669,"menu_order":0,"comment_status":"closed","ping_status":"closed","template":"page_author_sidebar.php","meta":{"_acf_changed":false,"footnotes":""},"class_list":["post-144094","page","type-page","status-publish","hentry"],"acf":[],"_links":{"self":[{"href":"https:\/\/staging.casinoalto.com\/mx\/wp-json\/wp\/v2\/pages\/144094","targetHints":{"allow":["GET"]}}],"collection":[{"href":"https:\/\/staging.casinoalto.com\/mx\/wp-json\/wp\/v2\/pages"}],"about":[{"href":"https:\/\/staging.casinoalto.com\/mx\/wp-json\/wp\/v2\/types\/page"}],"author":[{"embeddable":true,"href":"https:\/\/staging.casinoalto.com\/mx\/wp-json\/wp\/v2\/users\/18"}],"replies":[{"embeddable":true,"href":"https:\/\/staging.casinoalto.com\/mx\/wp-json\/wp\/v2\/comments?post=144094"}],"version-history":[{"count":4,"href":"https:\/\/staging.casinoalto.com\/mx\/wp-json\/wp\/v2\/pages\/144094\/revisions"}],"predecessor-version":[{"id":10061731,"href":"https:\/\/staging.casinoalto.com\/mx\/wp-json\/wp\/v2\/pages\/144094\/revisions\/10061731"}],"up":[{"embeddable":true,"href":"https:\/\/staging.casinoalto.com\/mx\/wp-json\/wp\/v2\/pages\/134669"}],"wp:attachment":[{"href":"https:\/\/staging.casinoalto.com\/mx\/wp-json\/wp\/v2\/media?parent=144094"}],"curies":[{"name":"wp","href":"https:\/\/api.w.org\/{rel}","templated":true}]}}