{"id":144800,"date":"2018-02-20T16:53:06","date_gmt":"2018-02-20T16:53:06","guid":{"rendered":"https:\/\/casinoalto.com\/?page_id=144800"},"modified":"2025-05-21T15:20:07","modified_gmt":"2025-05-21T15:20:07","slug":"bonos-sin-deposito-ruleta","status":"publish","type":"page","link":"https:\/\/staging.casinoalto.com\/mx\/bonos-de-bienvenida\/bonos-sin-deposito-ruleta\/","title":{"rendered":"Bonos sin dep\u00f3sito para Ruleta"},"content":{"rendered":"<h2>C\u00f3mo se consigue un bono sin dep\u00f3sito para ruleta<\/h2>\n<p><img loading=\"lazy\" decoding=\"async\" class=\"alignleft wp-image-147693\" style=\"padding: 0.5rem\" src=\"\/mx\/wp-content\/uploads\/sites\/8\/2017\/08\/004-roulette.webp\" alt=\"ruleta\" width=\"50\" height=\"50\" \/>Los <a href=\"https:\/\/casinoalto.com\/mx\/bonos-de-bienvenida\/\" target=\"_blank\" rel=\"noopener\">bonos con que los casinos obsequian a sus usuarios<\/a> son una mezcla de incentivo y recompensa. Incentivo, porque con el \u00abdinero\u00bb de bono el jugador que quiz\u00e1 no conoce muy bien todav\u00eda las mec\u00e1nicas de juego puede atreverse a ir un poco m\u00e1s all\u00e1 y probar nuevos juegos o apuestas m\u00e1s altas.<\/p>\n<p>Y tambi\u00e9n es una recompensa a la confianza depositada en un <a href=\"https:\/\/casinoalto.com\/mx\/casinos-online\/\" target=\"_blank\" rel=\"noopener\">casino online seguro y confiable<\/a> para jugar, puesto que constituyen aut\u00e9nticos regalos.<\/p>\n<p>Dentro de los bonos, <strong>nuestros favoritos son los bonos sin dep\u00f3sito<\/strong>, puesto que por lo general, conseguir un bono suele implicar un desembolso, apuesta o dep\u00f3sito m\u00ednimo por parte del usuario o jugador.<\/p>\n<p>Los bonos sin dep\u00f3sito suelen darse al iniciar la andadura del nuevo jugador, justo antes de efectuar su primer dep\u00f3sito con las <a href=\"https:\/\/casinoalto.com\/mx\/metodos-de-pago\/\" target=\"_blank\" rel=\"noopener\">formas m\u00e1s reconocidas de pago<\/a> y recompensando as\u00ed el mero hecho de completar el registro correctamente. Hoy queremos hacer hincapi\u00e9 en bonos que se puedan usar en uno de los juegos m\u00e1s populares y por ello hemos preparado para ti un <strong>recopilatorio de los mejores bonos sin dep\u00f3sito para <a href=\"\/mx\/juego\/ruleta\/\">ruleta online en M\u00e9xico<\/a><\/strong>.<\/p>\n<p>Antes que nada, te recordamos que <strong>en los casinos online vais a encontrar distintas modalidades de ruleta<\/strong>: ruleta francesa, ruleta americana, <a href=\"\/mx\/juego\/ruleta-europea\/\">ruleta europea para jugar<\/a>&#8230; y algunos juegos muy sencillos pero inspirados en el funcionamiento de este cl\u00e1sico de los casinos.<\/p>\n<p>Las diferencias entre las distintas variedades no son muchas, pero es cierto que cada una de ellas suele tener apuestas previstas propias, que abarcan varios n\u00fameros a la vez. Con todo, la principal diferencia radica en el doble cero de la ruleta americana.<\/p>\n<p>Con la ruleta, sea del tipo que sea, el secreto est\u00e1 en elegir un n\u00famero o conjunto de n\u00fameros y apostar a que la bola, tras el giro, se detendr\u00e1 en alguno de los escogidos.<\/p>\n<p>Adem\u00e1s gracias a la ruleta en vivo puedes vivir la experiencia m\u00e1s al natural posible que te puede proporcionar un casino online: con una ruleta real y un crupier de carne y hueso que haga el aviso del \u00abno va m\u00e1s\u00bb tan t\u00edpico.<\/p>\n<p>Tras buscar en cada uno de nuestros casinos, hemos encontrado estos tres en los que podr\u00e1s jugar a la ruleta online sin necesidad de hacer un desembolso previo y con la ayuda de <a href=\"https:\/\/casinoalto.com\/mx\/\" target=\"_blank\" rel=\"noopener\">Casino Alto<\/a>.<\/p>\n","protected":false},"excerpt":{"rendered":"<p>C\u00f3mo se consigue un bono sin dep\u00f3sito para ruleta Los bonos con que los casinos obsequian a sus usuarios son una mezcla de incentivo y recompensa. Incentivo, porque con el \u00abdinero\u00bb de bono el jugador que quiz\u00e1 no conoce muy bien todav\u00eda las mec\u00e1nicas de juego puede atreverse a ir un poco m\u00e1s all\u00e1 y [&hellip;]<\/p>\n","protected":false},"author":1,"featured_media":10059426,"parent":135082,"menu_order":0,"comment_status":"closed","ping_status":"closed","template":"","meta":{"_acf_changed":false,"footnotes":""},"class_list":["post-144800","page","type-page","status-publish","has-post-thumbnail","hentry"],"acf":[],"_links":{"self":[{"href":"https:\/\/staging.casinoalto.com\/mx\/wp-json\/wp\/v2\/pages\/144800","targetHints":{"allow":["GET"]}}],"collection":[{"href":"https:\/\/staging.casinoalto.com\/mx\/wp-json\/wp\/v2\/pages"}],"about":[{"href":"https:\/\/staging.casinoalto.com\/mx\/wp-json\/wp\/v2\/types\/page"}],"author":[{"embeddable":true,"href":"https:\/\/staging.casinoalto.com\/mx\/wp-json\/wp\/v2\/users\/1"}],"replies":[{"embeddable":true,"href":"https:\/\/staging.casinoalto.com\/mx\/wp-json\/wp\/v2\/comments?post=144800"}],"version-history":[{"count":10,"href":"https:\/\/staging.casinoalto.com\/mx\/wp-json\/wp\/v2\/pages\/144800\/revisions"}],"predecessor-version":[{"id":10061704,"href":"https:\/\/staging.casinoalto.com\/mx\/wp-json\/wp\/v2\/pages\/144800\/revisions\/10061704"}],"up":[{"embeddable":true,"href":"https:\/\/staging.casinoalto.com\/mx\/wp-json\/wp\/v2\/pages\/135082"}],"wp:featuredmedia":[{"embeddable":true,"href":"https:\/\/staging.casinoalto.com\/mx\/wp-json\/wp\/v2\/media\/10059426"}],"wp:attachment":[{"href":"https:\/\/staging.casinoalto.com\/mx\/wp-json\/wp\/v2\/media?parent=144800"}],"curies":[{"name":"wp","href":"https:\/\/api.w.org\/{rel}","templated":true}]}}