{"id":145907,"date":"2018-05-02T14:44:49","date_gmt":"2018-05-02T14:44:49","guid":{"rendered":"https:\/\/casinoalto.com\/?page_id=145907"},"modified":"2026-01-27T15:58:47","modified_gmt":"2026-01-27T15:58:47","slug":"brisca","status":"publish","type":"page","link":"https:\/\/staging.casinoalto.com\/mx\/reglas\/brisca\/","title":{"rendered":"La brisca"},"content":{"rendered":"<p><img loading=\"lazy\" decoding=\"async\" class=\"alignnone size-full wp-image-148395\" src=\"\/mx\/wp-content\/uploads\/2018\/11\/casino-alto_covers_brisca.webp\" alt=\"brisca\" width=\"800\" height=\"475\" \/><\/p>\n<p>Otro juego del que hoy tenemos que hablar y que <strong>ya no se practica en la mayor\u00eda de casinos presenciales<\/strong> actuales es la brisca.<\/p>\n<p>Un juego de cartas que estuvo incluso perseguido y que form\u00f3 mucha controversia a su alrededor.<\/p>\n<p>En los siglos XVII y XVIII, sobre todo, tuvo su mayor auge, pero ya para cuando se produjo el boom de las casas de juego estaba fuera de la oferta.<\/p>\n<p>En algunos <a href=\"\/mx\/casinos-online\/\">casinos online para jugar con confianza<\/a> todav\u00eda se incluye dentro del cat\u00e1logo de juegos y por ello vamos a explicar c\u00f3mo se juega y que papel desempe\u00f1aba.<\/p>\n<div id=\"ez-toc-container\" class=\"ez-toc-v2_0_82_2 counter-hierarchy ez-toc-counter ez-toc-custom ez-toc-container-direction\">\n<p class=\"ez-toc-title\" style=\"cursor:inherit\">Tabla de contenidos<\/p>\n<label for=\"ez-toc-cssicon-toggle-item-69d6905295b48\" class=\"ez-toc-cssicon-toggle-label\"><span class=\"\"><span class=\"eztoc-hide\" style=\"display:none;\">Toggle<\/span><span class=\"ez-toc-icon-toggle-span\"><svg style=\"fill: #999;color:#999\" xmlns=\"http:\/\/www.w3.org\/2000\/svg\" class=\"list-377408\" width=\"20px\" height=\"20px\" viewBox=\"0 0 24 24\" fill=\"none\"><path d=\"M6 6H4v2h2V6zm14 0H8v2h12V6zM4 11h2v2H4v-2zm16 0H8v2h12v-2zM4 16h2v2H4v-2zm16 0H8v2h12v-2z\" fill=\"currentColor\"><\/path><\/svg><svg style=\"fill: #999;color:#999\" class=\"arrow-unsorted-368013\" xmlns=\"http:\/\/www.w3.org\/2000\/svg\" width=\"10px\" height=\"10px\" viewBox=\"0 0 24 24\" version=\"1.2\" baseProfile=\"tiny\"><path d=\"M18.2 9.3l-6.2-6.3-6.2 6.3c-.2.2-.3.4-.3.7s.1.5.3.7c.2.2.4.3.7.3h11c.3 0 .5-.1.7-.3.2-.2.3-.5.3-.7s-.1-.5-.3-.7zM5.8 14.7l6.2 6.3 6.2-6.3c.2-.2.3-.5.3-.7s-.1-.5-.3-.7c-.2-.2-.4-.3-.7-.3h-11c-.3 0-.5.1-.7.3-.2.2-.3.5-.3.7s.1.5.3.7z\"\/><\/svg><\/span><\/span><\/label><input type=\"checkbox\"  id=\"ez-toc-cssicon-toggle-item-69d6905295b48\" checked aria-label=\"Alternar\" \/><nav><ul class='ez-toc-list ez-toc-list-level-1 ' ><li class='ez-toc-page-1 ez-toc-heading-level-2'><a class=\"ez-toc-link ez-toc-heading-1\" href=\"https:\/\/staging.casinoalto.com\/mx\/reglas\/brisca\/#Historia-de-la-brisca\" >Historia de la brisca<\/a><\/li><li class='ez-toc-page-1 ez-toc-heading-level-2'><a class=\"ez-toc-link ez-toc-heading-2\" href=\"https:\/\/staging.casinoalto.com\/mx\/reglas\/brisca\/#Objetivo-del-juego\" >Objetivo del juego<\/a><\/li><li class='ez-toc-page-1 ez-toc-heading-level-2'><a class=\"ez-toc-link ez-toc-heading-3\" href=\"https:\/\/staging.casinoalto.com\/mx\/reglas\/brisca\/#Elementos-del-juego\" >Elementos del juego<\/a><\/li><li class='ez-toc-page-1 ez-toc-heading-level-2'><a class=\"ez-toc-link ez-toc-heading-4\" href=\"https:\/\/staging.casinoalto.com\/mx\/reglas\/brisca\/#Como-se-juega-a-la-brisca\" >C\u00f3mo se juega a la brisca<\/a><ul class='ez-toc-list-level-3' ><li class='ez-toc-heading-level-3'><a class=\"ez-toc-link ez-toc-heading-5\" href=\"https:\/\/staging.casinoalto.com\/mx\/reglas\/brisca\/#Valor-de-las-cartas\" >Valor de las cartas<\/a><\/li><\/ul><\/li><li class='ez-toc-page-1 ez-toc-heading-level-2'><a class=\"ez-toc-link ez-toc-heading-6\" href=\"https:\/\/staging.casinoalto.com\/mx\/reglas\/brisca\/#En-otras-versiones\" >En otras versiones<\/a><\/li><\/ul><\/nav><\/div>\n<h2><span class=\"ez-toc-section\" id=\"Historia-de-la-brisca\"><\/span>Historia de la brisca<span class=\"ez-toc-section-end\"><\/span><\/h2>\n<p>La brisca tiene distintas ra\u00edces, sobre todo en cuanto a su denominaci\u00f3n que var\u00eda seg\u00fan el pa\u00eds en el que nos situemos. Parece que <strong>este juego podr\u00eda haber tenido su origen en Francia<\/strong> y que se deriva de la palabra \u201cbrisque\u201d.<\/p>\n<p>\u00c9sta a su vez proviene de la palabra Briscambrille, que era el nombre de un famoso jugador de la \u00e9poca medieval.<\/p>\n<p>La leyenda cuenta que este apostador ten\u00eda como profesi\u00f3n la de actor, pero que era muy malo como tal.<\/p>\n<p>Finalmente se dieron cuenta de que se le daba bien el juego y de ah\u00ed se gan\u00f3 que las burlas fueran menos crueles contra su persona.<\/p>\n<p>Debido a este origen, el juego se llama hoy en d\u00eda bescambrilla en catal\u00e1n, biscambra en Am\u00e9rica y briscola en italiano.<\/p>\n<p><strong>Otros famosos historiadores aseguran que el juego tiene origen en Espa\u00f1a<\/strong>, en torno al siglo XIII. Se dice que en la Corona de Arag\u00f3n se jugaba a un famoso juego llamado gresca y que ten\u00eda muy mala reputaci\u00f3n.<\/p>\n<p>Las personas que lo practicaban eran consideradas como peligrosas y maleantes, tanto as\u00ed que el juego lleg\u00f3 a estar perseguido por las m\u00e1ximas autoridades de la \u00e9poca. El nombre vendr\u00eda a significar algo como \u201cri\u00f1a\u201d o \u201cpelea\u201d.<\/p>\n<p>Tambi\u00e9n la palabra nos derivar\u00eda del franc\u00e9s e incluso del griego \u201cgraeciscus\u201d, lo que tambi\u00e9n refuerza esta idea, ya que la civilizaci\u00f3n griega ten\u00eda fama de viciosa y jugadora.<\/p>\n<p>Aun as\u00ed, aunque a Espa\u00f1a pudiera llegar por medio de los franceses, <strong>las ra\u00edces del juego de cartas y su desarrollo parecen provenir de Holanda<\/strong>, del siglo XVI. La versi\u00f3n m\u00e1s actual con se\u00f1as y c\u00f3digos es fruto de los jugadores italianos, que modificaron la versi\u00f3n holandesa.<\/p>\n<h2><span class=\"ez-toc-section\" id=\"Objetivo-del-juego\"><\/span>Objetivo del juego<span class=\"ez-toc-section-end\"><\/span><\/h2>\n<p>El fin del juego es ganar el mayor n\u00famero de manos posibles y sumar al final del juego m\u00e1s puntos que tu rival en el recuento de cartas.<\/p>\n<p>No es necesario ganar muchas manos, sino las realmente importantes.<\/p>\n<p>Estas suelen ser las \u00faltimas en las que se lanzan las figuras y los ases, as\u00ed como las cartas del palo de triunfo.<\/p>\n<h2><span class=\"ez-toc-section\" id=\"Elementos-del-juego\"><\/span>Elementos del juego<span class=\"ez-toc-section-end\"><\/span><\/h2>\n<ul>\n<li>Baraja espa\u00f1ola de 40 cartas (oros, copas, espadas y bastos).<\/li>\n<li>Tapete de tela (opcional).<\/li>\n<li>Fichas de las de apostar (opcional).<\/li>\n<li>De 2 a 6 jugadores, de forma individual o por parejas.<\/li>\n<\/ul>\n<h2><span class=\"ez-toc-section\" id=\"Como-se-juega-a-la-brisca\"><\/span>C\u00f3mo se juega a la brisca<span class=\"ez-toc-section-end\"><\/span><\/h2>\n<p>Aunque hay muchas variantes y todas ellas tienen ciertos cambios a la hora de jugar, puesto que en Espa\u00f1a la brisca ha tenido hist\u00f3ricamente mucho tir\u00f3n, vamos a hablar de c\u00f3mo es el desarrollo en las salas de juego de la pen\u00ednsula.<\/p>\n<p>El juego trata de conseguir m\u00e1s puntos que el rival, <strong>un rival que en el casino puede ser la banca u otra pareja<\/strong> en el caso de que se trate de un torneo.<\/p>\n<p>El crupier baraja las cartas y entrega tres a cada jugador.<\/p>\n<p>Puede que el juego vaya en parejas o de forma individual, pero no hay mayores diferencias m\u00e1s all\u00e1 de que el juego dura m\u00e1s cuando es uno contra uno.<\/p>\n<p>Tras haber entregado los tres primeros naipes, destapa una carta y la pone en el centro del tapete. El palo de la carta ser\u00e1 el de triunfo.<\/p>\n<p><strong>Las cartas que sean del palo de triunfo ganar\u00e1n a cualquier otra carta de otro palo<\/strong>.<\/p>\n<p>Una vez que \u00e9ste ya se conoce se empiezan a jugar las bazas en el sentido contrario a las agujas del reloj.<\/p>\n<p>Es decir, que se juega a derechas. En este punto es importante resaltar el orden de las cartas de mayor a menor valor, para poder saber que echar en cada baza:<\/p>\n<ul>\n<li>As<\/li>\n<li>Tres<\/li>\n<li>Rey<\/li>\n<li>Caballo<\/li>\n<li>Sota<\/li>\n<li>Siete<\/li>\n<li>Seis<\/li>\n<li>Cinco<\/li>\n<li>Cuatro<\/li>\n<li>Dos<\/li>\n<\/ul>\n<p>Cada uno de los jugadores lanza una carta, el que eche la mejor es el que se las lleva y las acumula en un mont\u00f3n que va dejando a su lado.<\/p>\n<p><strong>Esas ser\u00e1n las cartas que despu\u00e9s se contar\u00e1n en su puntuaci\u00f3n<\/strong>, pero antes debe haber ganado las bazas.<\/p>\n<p>Dentro de las manos hay algunas consideraciones a tener en cuenta para saber quien se lleva las cartas.<\/p>\n<p>En el caso de que se lance una carta del palo de triunfo y otra de un palo diferente, gana el jugador que haya tirado la del palo de triunfo; en el caso de que las dos sean del palo de triunfo gana la que sea m\u00e1s alta; y si ninguna de ellas es del palo de triunfo tambi\u00e9n gana la que sea m\u00e1s alta. Es importante saber que <strong>no hay obligaci\u00f3n de ir a ning\u00fan palo concreto<\/strong> como en <a href=\"\/mx\/reglas\/bridge\/\">el bridge<\/a>, ni tampoco de ir a ganar la baza.<\/p>\n<p>Un jugador puede ir a perderla y guardarse sus mejores naipes para las \u00faltimas rondas, que es en las que se suele decidir el ganador.<\/p>\n<p><strong>Despu\u00e9s de lanzar cada baza, cada jugador debe robar una carta<\/strong>.<\/p>\n<p>El primero en hacerlo ser\u00e1 el que haya ganado la \u00faltima mano y tambi\u00e9n ser\u00e1 el primero en empezar la siguiente baza.<\/p>\n<p>El resto de jugadores actuar\u00e1n despu\u00e9s de \u00e9l y siempre a derechas, es decir y como ya hemos mencionado, en el sentido contrario a las agujas del reloj.<\/p>\n<p>Cuando todas las bazas han terminado, cada jugador cuenta las cartas seg\u00fan su puntuaci\u00f3n y la va cantando.<\/p>\n<h3><span class=\"ez-toc-section\" id=\"Valor-de-las-cartas\"><\/span>Valor de las cartas<span class=\"ez-toc-section-end\"><\/span><\/h3>\n<p><img loading=\"lazy\" decoding=\"async\" class=\"alignnone size-full wp-image-148480\" src=\"\/mx\/wp-content\/uploads\/2018\/11\/casino-alto_images_brisca.webp\" alt=\"valores cartas brisca\" width=\"800\" height=\"475\" \/><\/p>\n<p>Las puntuaciones son:<\/p>\n<ul>\n<li>Tener un as: 11 puntos<\/li>\n<li>Tener un tres: 10 puntos<\/li>\n<li>Tener un rey: 4 puntos<\/li>\n<li>Tener un caballo: 3 puntos<\/li>\n<li>Tener una sota: 2 puntos<\/li>\n<li>Tener un siete, seis, cinco, cuatro o dos: 0 puntos<\/li>\n<\/ul>\n<p>Normalmente es el crupier el que hace el recuento o el que comprueba, al menos, que los jugadores hayan dicho su puntuaci\u00f3n correcta.<\/p>\n<p>Si sumamos la puntuaci\u00f3n de todos los naipes observamos que da un total de 120 puntos.<\/p>\n<p>Ese es el m\u00e1ximo que puede obtener un jugador y <strong>por tanto para ganar debe hacer como m\u00ednimo 61 puntos<\/strong>.<\/p>\n<p>El vencedor es el que se lleva la cantidad que haya apostado y sin empatan se deja la posibilidad de doblar la apuesta o dejar sobre la mesa lo que hay y jugarlo en la siguiente partida.<\/p>\n<p>Hay que decir que en los torneos de brisca el ambiente es m\u00e1s distendido.<\/p>\n<p><strong>Se permite hablar en todas las manos a excepci\u00f3n de la primera y la \u00faltima<\/strong>.<\/p>\n<p>Adem\u00e1s, en esa \u00faltima baza, si el juego va por parejas, se suele permitir a los d\u00faos conversar entre ellos y hacer un recuento general para ver que hacer en la \u00faltima mano.<\/p>\n<p>En algunas versiones tambi\u00e9n <strong>existen se\u00f1ales establecidas<\/strong> que los jugadores pueden hacerse para saber lo que van a lanzar en una baza.<\/p>\n<p>Esto se hace cuando se juega en parejas o grupos y las suele hacer al que se considere el capit\u00e1n.<\/p>\n<p>Eso s\u00ed, los otros jugadores tambi\u00e9n estar\u00e1n atentos a las se\u00f1ales de otros equipos para interceptarlas, con lo cual esto debe hacerse con cautela. Estas se\u00f1ales pueden ser:<\/p>\n<ul>\n<li>Llevar un as de triunfo: labios cerrados apretados<\/li>\n<li>Llevar un tres de triunfo: deformar la boca ligeramente<\/li>\n<li>Llevar un rey de triunfo: mirar al cielo<\/li>\n<li>Llevar un caballo o sota de triunfo: levantar el hombro<\/li>\n<li>Llevar varias figuras de triunfo: poner la punta de la lengua en la esquina del labio<\/li>\n<li>Llevar un siete, seis, cinco, cuatro o dos de triunfo: frotar los dedos de la mano<\/li>\n<li>Llevar figuras de no triunfo: hinchar las mejillas<\/li>\n<li>No llevar palos de triunfo: gui\u00f1ar el ojo<\/li>\n<\/ul>\n<h2><span class=\"ez-toc-section\" id=\"En-otras-versiones\"><\/span>En otras versiones<span class=\"ez-toc-section-end\"><\/span><\/h2>\n<p>Como en todos los lugares, cada juego tiene unas determinaciones exclusivas de cada territorio.<\/p>\n<p>En algunos lugares es costumbre que se puedan repartir m\u00e1s de 120 puntos entre los jugadores porque <strong>se hagan los llamados \u201ccantes\u201d o \u201cacusaciones\u201d<\/strong>.<\/p>\n<p>Estos se producen, por ejemplo, cuando al final de la partida un jugador tiene un caballo y un rey del mismo palo.<\/p>\n<p>En ese caso se contar\u00edan veinte puntos adicionales y si adem\u00e1s los dos son del palo de triunfo se cuentan cuarenta.<\/p>\n<p><img loading=\"lazy\" decoding=\"async\" class=\"alignnone wp-image-145896 size-full\" src=\"\/mx\/wp-content\/uploads\/2018\/04\/La-brisca-en-casino-online.webp\" alt=\"La brisca en casino online\" width=\"800\" height=\"475\" \/><\/p>\n<p>No siempre se hace el cante al final de la partida, sino que se puede hacer durante el desarrollo de las bazas.<\/p>\n<p>Principalmente se hace para avisar al otro jugador y ponerle nervioso, indicando que va a tener que ganar m\u00e1s puntos de los esperados.<\/p>\n<p>En algunos lugares los torneos se juegan al primero que llegue a tres victorias y en otros se van calculando los puntos obtenidos para luego hacer una suma total y determinar el ganador.<\/p>\n<p><strong>Lo bueno que tiene este juego es que se puede modificar<\/strong>, aunque siempre llegando a acuerdos concretos entre los jugadores.<\/p>\n<p>En cada casino se juega de una manera y las reglas las puede imponer el sal\u00f3n de apuestas.<\/p>\n<p>Cuando se realizan torneos los jugadores juegan los unos frente a los otros.<\/p>\n<p>Sin embargo, en el pasado, cuando el juego todav\u00eda ten\u00eda tir\u00f3n en los casinos, <strong>si la mesa estaba vac\u00eda pod\u00eda ser el crupier el que jugara frente al apostador<\/strong>.<\/p>\n<p>Si no, el repartidor actuaba simplemente de juez adem\u00e1s de realizar su funci\u00f3n dando los naipes a los jugadores y baraj\u00e1ndolos.<\/p>\n<p>Tambi\u00e9n hay salas de juego en las que se utiliza la baraja francesa, en lugar de la espa\u00f1ola.<\/p>\n<p>En ese caso el as y el tres siguen teniendo sus mismos valores; el valor del rey se lo atribuyen la K y el diez; el valor del caballo queda para la Q y el 9; y el valor de la sota lo ganan la J y el 8.<\/p>\n<p>Incluso en otros sitios se intercambian las puntuaciones del siete y del tres.<\/p>\n<p>De esta forma el siete pasar\u00eda a ser la segunda carta con m\u00e1s valor del juego y el tres se marchar\u00eda entre el cuatro y el dos, y adem\u00e1s valdr\u00eda cero puntos.<\/p>\n","protected":false},"excerpt":{"rendered":"<p>Otro juego del que hoy tenemos que hablar y que ya no se practica en la mayor\u00eda de casinos presenciales actuales es la brisca. Un juego de cartas que estuvo incluso perseguido y que form\u00f3 mucha controversia a su alrededor. En los siglos XVII y XVIII, sobre todo, tuvo su mayor auge, pero ya para [&hellip;]<\/p>\n","protected":false},"author":18,"featured_media":0,"parent":134669,"menu_order":0,"comment_status":"closed","ping_status":"closed","template":"page_author_sidebar.php","meta":{"_acf_changed":false,"footnotes":""},"class_list":["post-145907","page","type-page","status-publish","hentry"],"acf":[],"_links":{"self":[{"href":"https:\/\/staging.casinoalto.com\/mx\/wp-json\/wp\/v2\/pages\/145907","targetHints":{"allow":["GET"]}}],"collection":[{"href":"https:\/\/staging.casinoalto.com\/mx\/wp-json\/wp\/v2\/pages"}],"about":[{"href":"https:\/\/staging.casinoalto.com\/mx\/wp-json\/wp\/v2\/types\/page"}],"author":[{"embeddable":true,"href":"https:\/\/staging.casinoalto.com\/mx\/wp-json\/wp\/v2\/users\/18"}],"replies":[{"embeddable":true,"href":"https:\/\/staging.casinoalto.com\/mx\/wp-json\/wp\/v2\/comments?post=145907"}],"version-history":[{"count":4,"href":"https:\/\/staging.casinoalto.com\/mx\/wp-json\/wp\/v2\/pages\/145907\/revisions"}],"predecessor-version":[{"id":10061733,"href":"https:\/\/staging.casinoalto.com\/mx\/wp-json\/wp\/v2\/pages\/145907\/revisions\/10061733"}],"up":[{"embeddable":true,"href":"https:\/\/staging.casinoalto.com\/mx\/wp-json\/wp\/v2\/pages\/134669"}],"wp:attachment":[{"href":"https:\/\/staging.casinoalto.com\/mx\/wp-json\/wp\/v2\/media?parent=145907"}],"curies":[{"name":"wp","href":"https:\/\/api.w.org\/{rel}","templated":true}]}}