{"id":145929,"date":"2018-05-02T17:06:30","date_gmt":"2018-05-02T17:06:30","guid":{"rendered":"https:\/\/casinoalto.com\/?page_id=145929"},"modified":"2026-01-27T15:59:21","modified_gmt":"2026-01-27T15:59:21","slug":"poker-mentiroso","status":"publish","type":"page","link":"https:\/\/staging.casinoalto.com\/mx\/reglas\/poker-mentiroso\/","title":{"rendered":"Poker Mentiroso"},"content":{"rendered":"<p><img loading=\"lazy\" decoding=\"async\" class=\"alignnone size-full wp-image-148415\" src=\"\/mx\/wp-content\/uploads\/2018\/11\/casino-alto_covers_poker-mentiroso.webp\" alt=\"poker mentiroso\" width=\"800\" height=\"475\" \/><\/p>\n<p>El tiempo juega malas pasadas en casi todos los aspectos de la vida y los juegos no son una excepci\u00f3n. Hay algunos pasatiempos que se popularizan durante unos cuantos a\u00f1os y despu\u00e9s poco a poco van perdiendo su relevancia.<\/p>\n<p>Los casinos van renovando su oferta seg\u00fan los gustos del consumidor, mientras que las versiones online, al ser relativamente j\u00f3venes, no incluyen juegos de \u00e9pocas muy pasadas.<\/p>\n<p>Es lo que ocurre con el poker mentiroso. Un juego de dados al que se juega con las combinaciones que son t\u00edpicas del poker.<\/p>\n<p>En la \u00e9poca de los 90 alcanz\u00f3 su m\u00e1ximo esplendor en Argentina, donde tambi\u00e9n se le conoce como el desconf\u00edo, y despu\u00e9s fue perdiendo fuelle hasta quedar obsoleto en la mayor\u00eda de casinos del pa\u00eds y del resto del mundo.<\/p>\n<div id=\"ez-toc-container\" class=\"ez-toc-v2_0_82_2 counter-hierarchy ez-toc-counter ez-toc-custom ez-toc-container-direction\">\n<p class=\"ez-toc-title\" style=\"cursor:inherit\">Tabla de contenidos<\/p>\n<label for=\"ez-toc-cssicon-toggle-item-69d6ab7d5e996\" class=\"ez-toc-cssicon-toggle-label\"><span class=\"\"><span class=\"eztoc-hide\" style=\"display:none;\">Toggle<\/span><span class=\"ez-toc-icon-toggle-span\"><svg style=\"fill: #999;color:#999\" xmlns=\"http:\/\/www.w3.org\/2000\/svg\" class=\"list-377408\" width=\"20px\" height=\"20px\" viewBox=\"0 0 24 24\" fill=\"none\"><path d=\"M6 6H4v2h2V6zm14 0H8v2h12V6zM4 11h2v2H4v-2zm16 0H8v2h12v-2zM4 16h2v2H4v-2zm16 0H8v2h12v-2z\" fill=\"currentColor\"><\/path><\/svg><svg style=\"fill: #999;color:#999\" class=\"arrow-unsorted-368013\" xmlns=\"http:\/\/www.w3.org\/2000\/svg\" width=\"10px\" height=\"10px\" viewBox=\"0 0 24 24\" version=\"1.2\" baseProfile=\"tiny\"><path d=\"M18.2 9.3l-6.2-6.3-6.2 6.3c-.2.2-.3.4-.3.7s.1.5.3.7c.2.2.4.3.7.3h11c.3 0 .5-.1.7-.3.2-.2.3-.5.3-.7s-.1-.5-.3-.7zM5.8 14.7l6.2 6.3 6.2-6.3c.2-.2.3-.5.3-.7s-.1-.5-.3-.7c-.2-.2-.4-.3-.7-.3h-11c-.3 0-.5.1-.7.3-.2.2-.3.5-.3.7s.1.5.3.7z\"\/><\/svg><\/span><\/span><\/label><input type=\"checkbox\"  id=\"ez-toc-cssicon-toggle-item-69d6ab7d5e996\" checked aria-label=\"Alternar\" \/><nav><ul class='ez-toc-list ez-toc-list-level-1 ' ><li class='ez-toc-page-1 ez-toc-heading-level-2'><a class=\"ez-toc-link ez-toc-heading-1\" href=\"https:\/\/staging.casinoalto.com\/mx\/reglas\/poker-mentiroso\/#Historia-del-poker-mentiroso\" >Historia del poker mentiroso<\/a><\/li><li class='ez-toc-page-1 ez-toc-heading-level-2'><a class=\"ez-toc-link ez-toc-heading-2\" href=\"https:\/\/staging.casinoalto.com\/mx\/reglas\/poker-mentiroso\/#Objetivo-del-juego\" >Objetivo del juego<\/a><\/li><li class='ez-toc-page-1 ez-toc-heading-level-2'><a class=\"ez-toc-link ez-toc-heading-3\" href=\"https:\/\/staging.casinoalto.com\/mx\/reglas\/poker-mentiroso\/#Elementos-del-juego\" >Elementos del juego<\/a><\/li><li class='ez-toc-page-1 ez-toc-heading-level-2'><a class=\"ez-toc-link ez-toc-heading-4\" href=\"https:\/\/staging.casinoalto.com\/mx\/reglas\/poker-mentiroso\/#Jerarquia-de-las-combinaciones\" >Jerarqu\u00eda de las combinaciones<\/a><\/li><li class='ez-toc-page-1 ez-toc-heading-level-2'><a class=\"ez-toc-link ez-toc-heading-5\" href=\"https:\/\/staging.casinoalto.com\/mx\/reglas\/poker-mentiroso\/#Como-se-juega-al-poker-mentiroso\" >C\u00f3mo se juega al poker mentiroso<\/a><\/li><\/ul><\/nav><\/div>\n<h2><span class=\"ez-toc-section\" id=\"Historia-del-poker-mentiroso\"><\/span>Historia del poker mentiroso<span class=\"ez-toc-section-end\"><\/span><\/h2>\n<p>Se trata de un juego de dados que tiene muchas variantes y que se empez\u00f3 a practicar en Espa\u00f1a. En la \u00e9poca medieval ya se empieza a conocer este juego entre los apostadores habituales.<\/p>\n<p>Las primeras referencias se encuentran en el \u2018<strong>Libro de los juegos<\/strong>\u2019 o \u2018Libro de ajedrez, tablas y dados\u2019.<\/p>\n<p>Un documento de 98 p\u00e1ginas de extensi\u00f3n que fue encargado por Alfonso X \u2018El Sabio\u2019 en el siglo XIX y en el que se exponen de d\u00f3nde provienen la mayor\u00eda de juegos que se practicaban en la \u00e9poca.<\/p>\n<p>En esta escritura se iban reflejando todos los tratados que se iban aprobando sobre las diferentes disciplinas.<\/p>\n<p>De hecho, actualmente, el \u00fanico ejemplar disponible se encuentra en la biblioteca del Monasterio de El Escorial y tambi\u00e9n existe una copia en la biblioteca de la Real Academia Espa\u00f1ola. Pero iba a ser en 1591 cuando aparece la primera referencia al poker mentiroso.<\/p>\n<p>Va a ser en esta d\u00e9cada cuando este juego se hace muy popular. En los siguientes a\u00f1os <strong>se extiende entre los batallones de militares<\/strong> y entre los hombres que deb\u00edan realizar el servicio militar obligatorio en nuestro pa\u00eds.<\/p>\n<p>Tambi\u00e9n en Francia se llega a jugar bajo la denominaci\u00f3n de \u201cpoker menteur\u201d aunque en menor medida. Sin embargo va a ser en la d\u00e9cada de los 90 cuando m\u00e1s difusi\u00f3n llega a tener.<\/p>\n<p>Los universitarios comienzan a practicarlo en cafeter\u00edas, bares y universidades, ya que era muy sencillo de aprender en cuanto a la t\u00e9cnica.<\/p>\n<p>Incluso se llegan a realizar <strong>torneos entre diferentes universidades<\/strong> de poker mentiroso, en ocasiones denominado como \u201cpoker embustero\u201d. Valencia, Madrid, Andaluc\u00eda y Pa\u00eds Vasco son las comunidades en las que m\u00e1s repercusi\u00f3n tiene.<\/p>\n<p>Tanto que en esta \u00faltima se desarrolla la variante \u201ckiriki\u201d de entre dos y ocho jugadores. Su pr\u00e1ctica se extiende a los mejores casinos de Espa\u00f1a en los que las partidas sol\u00edan ser de cinco jugadores.<\/p>\n<p>Con el tiempo otros juegos de mesa fueron desplaz\u00e1ndolo a un papel secundario, aunque en la actualidad todav\u00eda se puede jugar online en alg\u00fan casino espec\u00edfico.<\/p>\n<h2><span class=\"ez-toc-section\" id=\"Objetivo-del-juego\"><\/span>Objetivo del juego<span class=\"ez-toc-section-end\"><\/span><\/h2>\n<p>El fin del juego es m\u00e1s complejo de lo que parece. Previamente se determinan los puntos a los que se va a jugar la partida y en cada mano habr\u00e1 un perdedor que suma un punto.<\/p>\n<p>Cuando el jugador alcance los puntos necesarios ser\u00e1 eliminado hasta que queden dos y resulte un ganador.<\/p>\n<p>En \u00faltima instancia se trata de intentar sacar la combinaci\u00f3n m\u00e1s alta posible y present\u00e1rsela al adversario.<\/p>\n<p>\u00c9ste debe decidir, sin verla, si cre\u00e9rsela o no; si toma la mano como cierta debe sacar una combinaci\u00f3n superior y entreg\u00e1rsela al siguiente; y si toma la mano como falsa debe levantar para comprobarla. Si era cierta pierde \u00e9l y si era falsa pierde el que hab\u00eda lanzado la mentira.<\/p>\n<h2><span class=\"ez-toc-section\" id=\"Elementos-del-juego\"><\/span>Elementos del juego<span class=\"ez-toc-section-end\"><\/span><\/h2>\n<p><img loading=\"lazy\" decoding=\"async\" class=\"alignnone size-full wp-image-145248\" src=\"\/mx\/wp-content\/uploads\/2018\/03\/dados-del-poker-mentiroso.webp\" alt=\"dados del poker mentiroso\" width=\"800\" height=\"475\" \/><\/p>\n<ul>\n<li>Dados de poker (se utilizan cinco). El dado tiene un valor en cada cara: As, K, Q, J, rojo (ocho) y negro (siete).<\/li>\n<li>Un cubilete.<\/li>\n<li>Una mesa de forma ovalada como las utilizadas en el poker <a href=\"\/mx\/reglas\/texas-holdem\/\">Texas Holdem para jugar con seguridad<\/a>.<\/li>\n<li>El tapete en el que se lanzan los dados.<\/li>\n<li>Fichas de poker para apostar (opcional).<\/li>\n<li>De 1 a 8 jugadores.<\/li>\n<\/ul>\n<h2><span class=\"ez-toc-section\" id=\"Jerarquia-de-las-combinaciones\"><\/span>Jerarqu\u00eda de las combinaciones<span class=\"ez-toc-section-end\"><\/span><\/h2>\n<p>Antes de pasar a la din\u00e1mica y desarrollo del juego hay que explicar las posibles combinaciones y su orden. La mayor\u00eda de estas reglas son heredadas del poker que se practica con la baraja de naipes habitual. Estas son las bazas de mayor a menor valor:<\/p>\n<p><img loading=\"lazy\" decoding=\"async\" class=\"alignnone size-full wp-image-148780\" src=\"\/mx\/wp-content\/uploads\/2018\/12\/casino-alto_images_poker-mentiroso.webp\" alt=\"valor dados poker mentiroso\" width=\"800\" height=\"475\" \/><\/p>\n<ul>\n<li><strong>Repoker<\/strong>: combinaci\u00f3n en la que los cinco dados son id\u00e9nticos. En caso de empate vence el jugador que saque el repoker de n\u00famero m\u00e1s alto. Por ejemplo: cinco ases.<\/li>\n<li><strong>Poker<\/strong>: combinaci\u00f3n en la que cuatro dados son id\u00e9nticos. En caso de empate vence el jugador que saque el poker de n\u00famero m\u00e1s alto. Si ambos sacan el poker del mismo n\u00famero vencer\u00e1 el que saque el n\u00famero m\u00e1s alto en el dado restante. Por ejemplo: cuatro K y una J.<\/li>\n<li><strong>Full<\/strong>: combinaci\u00f3n en la que hay un tr\u00edo de dados del mismo n\u00famero y a la vez los otros dados restantes forman una pareja. En caso de empate vence el jugador que saque el full de n\u00famero m\u00e1s alto. Por ejemplo: tres Q y dos rojos.<\/li>\n<li><strong>Tr\u00edo<\/strong>: combinaci\u00f3n en la que tres dados son id\u00e9nticos. En caso de empate vence el jugador que saque el tr\u00edo de n\u00famero m\u00e1s alto. Si ambos sacan el tr\u00edo del mismo n\u00famero vencer\u00e1 el que saque el n\u00famero m\u00e1s alto en los dados restantes. Por ejemplo: tres J, un as y un negro.<\/li>\n<li><strong>Doble pareja<\/strong>: combinaci\u00f3n en la que el jugador obtiene dos parejas de n\u00fameros diferentes. En caso de empate vence el jugador que saque la doble pareja de n\u00famero m\u00e1s alto. Si ambos sacan la doble pareja de los mismos n\u00fameros vencer\u00e1 el que saque el n\u00famero m\u00e1s alto del dado restante. Por ejemplo: dos rojos, dos negros y un K.<\/li>\n<li><strong>Pareja<\/strong>: combinaci\u00f3n en la que solo dos dados son id\u00e9nticos. En caso de empate vence el jugador que saque la pareja de n\u00famero m\u00e1s alto. Si ambos sacan la misma pareja vencer\u00e1 el que saque el n\u00famero m\u00e1s alto en los dados restantes. Por ejemplo: dos Q, un as, una K y un negro.<\/li>\n<\/ul>\n<h2><span class=\"ez-toc-section\" id=\"Como-se-juega-al-poker-mentiroso\"><\/span>C\u00f3mo se juega al poker mentiroso<span class=\"ez-toc-section-end\"><\/span><\/h2>\n<p>En primer lugar se echa a suertes quien ser\u00e1 el que inicia el juego y se va pasando la mano en el sentido contrario de las agujas del reloj, es decir, a derechas.<\/p>\n<p>El primer jugador lanza los cinco dados con ayuda del cubilete y entonces se le abren varias opciones. Puede lanzar todos los dados a la vez, de uno en uno, o en series, pero en cualquier caso <strong>solo puede arrojar cada dado una vez<\/strong>.<\/p>\n<p>Y adem\u00e1s debe dejar al menos dos dados al descubierto para que los vean el resto de jugadores, mientras que los dados restantes solo los observa el propio jugador.<\/p>\n<p>Tambi\u00e9n puede tirar al centro de la mesa y ense\u00f1arlos todos, aunque en ese caso el juego pierde su encanto. Esto \u00faltimo suele hacerse cuando el jugador anterior ha logrado un repoker y ya solo existe la opci\u00f3n para el siguiente de sacar un repoker mayor o igualarlo.<\/p>\n<p>Una vez que este primer jugador ha lanzado los dados, pasa el cubilete al siguiente e indica la jugada que lleva. Entonces el segundo jugador, sin verla, debe <strong>decidir si la mano de su rival es verdadera o falsa<\/strong>.<\/p>\n<p>Si decide que es falsa debe levantar el cubilete y dejar todos los dados al descubierto. Si realmente era falsa significa que el primer jugador ha intentado enga\u00f1ar y por tanto acumula el primer punto; y si es verdadera el que se lleva la primera sanci\u00f3n es el segundo jugador, que ha levantado siendo cierto.<\/p>\n<p>As\u00ed terminar\u00eda la mano y se empezar\u00eda de cero con el tercer jugador.<\/p>\n<p>La otra opci\u00f3n es que el segundo jugador crea que el primero dice la verdad o que puede conseguir una mano superior a la suya.<\/p>\n<p>Entonces tomar\u00e1 el cubilete y volver\u00e1 a lanzar los dados. La novedad en este punto es que puede lanzar los dados que quiera y tambi\u00e9n <strong>quedarse con los dados que hab\u00eda obtenido el anterior jugador<\/strong>.<\/p>\n<p>Es decir, podr\u00eda quedarse con dos dados de su adversario anterior y lanzar los tres restantes. Eso s\u00ed, siempre debe indicar que lleva una mano mejor a la del primer jugador.<\/p>\n<p>No ser\u00eda v\u00e1lido indicar que se lleva una baza menor (si el primer jugador dice que lleva un tr\u00edo, el siguiente no podr\u00e1 decir que lleva una doble pareja. Como m\u00ednimo debe llevar un tr\u00edo de mayor n\u00famero que el del primero).<\/p>\n<div id=\"attachment_145249\" style=\"width: 800px\" class=\"wp-caption alignnone\"><img loading=\"lazy\" decoding=\"async\" aria-describedby=\"caption-attachment-145249\" class=\"size-full wp-image-145249\" src=\"\/mx\/wp-content\/uploads\/2018\/03\/version-online-del-poker-mentiroso.webp\" alt=\"versi\u00f3n online del poker mentiroso\" width=\"800\" height=\"475\" \/><p id=\"caption-attachment-145249\" class=\"wp-caption-text\">Fuente: rockstargames.com<\/p><\/div>\n<p>El final de la mano llega cuando uno de los jugadores cree que el anterior va de farol y descubre la jugada, como anteriormente se ha dicho, o cuando uno de los jugadores obtiene un <strong>repoker de ases<\/strong>.<\/p>\n<p>Esta jugada es la m\u00e1xima posible y por tanto el jugador siguiente solo podr\u00e1 hacer dos cosas; primero puede descubrir porque no se lo crea, pero si se lo cree debe igualar la jugada de su rival y despu\u00e9s tomar uno de los dados y sacar un as.<\/p>\n<p>De esa manera superar\u00eda la jugada del anterior y el punto se le adjudicar\u00eda a este. Sino el que suma el punto a su casillero es el que lanza.<\/p>\n<p>El poker mentiroso combina las bazas del poker con la din\u00e1mica del mentiroso. La importancia de <strong>\u2018cazar\u2019 los faroles<\/strong> es muy parecido al de ambos juegos, pero cobra una especial relevancia en esta modalidad.<\/p>\n<p>Lo mismo que la fortuna, ya que la suerte puede hacer que nunca sea necesario mentir porque tus jugadas sean siempre muy buenas. Tambi\u00e9n es importante saber que <strong>puedes \u2018engordar\u2019 tu baza<\/strong>. Es decir, que aunque lleves una pareja puedes decir que llevas una doble pareja para pon\u00e9rselo m\u00e1s dif\u00edcil al siguiente jugador.<\/p>\n<p>Cuando se es el que inicia la mano esta pr\u00e1ctica suele ser muy habitual, puesto que el pensamiento general es que mentir sin obligaci\u00f3n es jug\u00e1rsela sin motivo.<\/p>\n<p>En los a\u00f1os 90 era muy habitual que se jugara a esta modalidad en los casinos. Con el tiempo se ha ido marchitando y no todos <a href=\"\/mx\/casinos-online\/\">los casinos online m\u00e1s reconocidos<\/a> lo incluyen en su oferta. Hay algunos en los que s\u00ed y en los que se puede seguir disfrutando de este electrizante juego.<\/p>\n","protected":false},"excerpt":{"rendered":"<p>El tiempo juega malas pasadas en casi todos los aspectos de la vida y los juegos no son una excepci\u00f3n. Hay algunos pasatiempos que se popularizan durante unos cuantos a\u00f1os y despu\u00e9s poco a poco van perdiendo su relevancia. Los casinos van renovando su oferta seg\u00fan los gustos del consumidor, mientras que las versiones online, [&hellip;]<\/p>\n","protected":false},"author":11,"featured_media":0,"parent":134669,"menu_order":0,"comment_status":"closed","ping_status":"closed","template":"page_author_sidebar.php","meta":{"_acf_changed":false,"footnotes":""},"class_list":["post-145929","page","type-page","status-publish","hentry"],"acf":[],"_links":{"self":[{"href":"https:\/\/staging.casinoalto.com\/mx\/wp-json\/wp\/v2\/pages\/145929","targetHints":{"allow":["GET"]}}],"collection":[{"href":"https:\/\/staging.casinoalto.com\/mx\/wp-json\/wp\/v2\/pages"}],"about":[{"href":"https:\/\/staging.casinoalto.com\/mx\/wp-json\/wp\/v2\/types\/page"}],"author":[{"embeddable":true,"href":"https:\/\/staging.casinoalto.com\/mx\/wp-json\/wp\/v2\/users\/11"}],"replies":[{"embeddable":true,"href":"https:\/\/staging.casinoalto.com\/mx\/wp-json\/wp\/v2\/comments?post=145929"}],"version-history":[{"count":4,"href":"https:\/\/staging.casinoalto.com\/mx\/wp-json\/wp\/v2\/pages\/145929\/revisions"}],"predecessor-version":[{"id":10061739,"href":"https:\/\/staging.casinoalto.com\/mx\/wp-json\/wp\/v2\/pages\/145929\/revisions\/10061739"}],"up":[{"embeddable":true,"href":"https:\/\/staging.casinoalto.com\/mx\/wp-json\/wp\/v2\/pages\/134669"}],"wp:attachment":[{"href":"https:\/\/staging.casinoalto.com\/mx\/wp-json\/wp\/v2\/media?parent=145929"}],"curies":[{"name":"wp","href":"https:\/\/api.w.org\/{rel}","templated":true}]}}