{"id":145959,"date":"2018-05-05T19:35:06","date_gmt":"2018-05-05T19:35:06","guid":{"rendered":"https:\/\/casinoalto.com\/?page_id=145959"},"modified":"2026-01-27T16:00:28","modified_gmt":"2026-01-27T16:00:28","slug":"sic-bo","status":"publish","type":"page","link":"https:\/\/staging.casinoalto.com\/mx\/reglas\/sic-bo\/","title":{"rendered":"Sic Bo"},"content":{"rendered":"<p><img loading=\"lazy\" decoding=\"async\" class=\"alignnone size-full wp-image-148422\" src=\"\/mx\/wp-content\/uploads\/2018\/11\/casino-alto_covers_sic-bo.webp\" alt=\"sic bo juego\" width=\"800\" height=\"475\" \/><\/p>\n<p>Todos los jugadores que normalmente acuden a los casinos europeos conocen la mayor\u00eda de juegos que se practican en ellos. Algunos son muy sencillos de jugar y enganchan bastante f\u00e1cil al cliente.<\/p>\n<p>Otros, sin embargo, entra\u00f1an m\u00e1s dificultad y exigen trazar una estrategia previa para obtener ganancias.<\/p>\n<p>Pero tambi\u00e9n <strong>existen juegos de los que poco hemos o\u00eddo hablar<\/strong>; en ocasiones porque son exclusivos de algunas regiones y otras veces porque se dejaron de jugar en el pasado.<\/p>\n<p>Pero hoy en d\u00eda, con los <a href=\"\/mx\/casinos-online\/\">casinos online para jugar en 2025<\/a>, pr\u00e1cticamente la oferta se amplia todo lo que se puede.<\/p>\n<p>La intenci\u00f3n es atraer a clientes de todas las partes del mundo y por ello estos deben tener las diversiones m\u00e1s populares en todos los pa\u00edses.<\/p>\n<p><strong>El Sic Bo es un juego de dados que se suele practicar en el continente asi\u00e1tico<\/strong>, pero que tambi\u00e9n en Europa y Am\u00e9rica ha tenido su repercusi\u00f3n. Ahora no todas las salas de juego lo incluyen porque no todos los jugadores lo conocen.<\/p>\n<p>Lo cierto es que es un juego muy interesante, parecido en cierta forma a la <a href=\"\/mx\/juego\/ruleta\/\">ruleta para jugar la demo<\/a>, y merece la pena saber m\u00e1s sobre \u00e9l para poder practicarlo en los casinos a los que acudamos.<\/p>\n<p>Esta pr\u00e1ctica ofrece bastantes opciones de ganancia y por tanto no se debe descartar tan r\u00e1pido como lo har\u00edan algunos usuarios.<\/p>\n<div id=\"ez-toc-container\" class=\"ez-toc-v2_0_82_2 counter-hierarchy ez-toc-counter ez-toc-custom ez-toc-container-direction\">\n<p class=\"ez-toc-title\" style=\"cursor:inherit\">Tabla de contenidos<\/p>\n<label for=\"ez-toc-cssicon-toggle-item-69d6904178a22\" class=\"ez-toc-cssicon-toggle-label\"><span class=\"\"><span class=\"eztoc-hide\" style=\"display:none;\">Toggle<\/span><span class=\"ez-toc-icon-toggle-span\"><svg style=\"fill: #999;color:#999\" xmlns=\"http:\/\/www.w3.org\/2000\/svg\" class=\"list-377408\" width=\"20px\" height=\"20px\" viewBox=\"0 0 24 24\" fill=\"none\"><path d=\"M6 6H4v2h2V6zm14 0H8v2h12V6zM4 11h2v2H4v-2zm16 0H8v2h12v-2zM4 16h2v2H4v-2zm16 0H8v2h12v-2z\" fill=\"currentColor\"><\/path><\/svg><svg style=\"fill: #999;color:#999\" class=\"arrow-unsorted-368013\" xmlns=\"http:\/\/www.w3.org\/2000\/svg\" width=\"10px\" height=\"10px\" viewBox=\"0 0 24 24\" version=\"1.2\" baseProfile=\"tiny\"><path d=\"M18.2 9.3l-6.2-6.3-6.2 6.3c-.2.2-.3.4-.3.7s.1.5.3.7c.2.2.4.3.7.3h11c.3 0 .5-.1.7-.3.2-.2.3-.5.3-.7s-.1-.5-.3-.7zM5.8 14.7l6.2 6.3 6.2-6.3c.2-.2.3-.5.3-.7s-.1-.5-.3-.7c-.2-.2-.4-.3-.7-.3h-11c-.3 0-.5.1-.7.3-.2.2-.3.5-.3.7s.1.5.3.7z\"\/><\/svg><\/span><\/span><\/label><input type=\"checkbox\"  id=\"ez-toc-cssicon-toggle-item-69d6904178a22\" checked aria-label=\"Alternar\" \/><nav><ul class='ez-toc-list ez-toc-list-level-1 ' ><li class='ez-toc-page-1 ez-toc-heading-level-2'><a class=\"ez-toc-link ez-toc-heading-1\" href=\"https:\/\/staging.casinoalto.com\/mx\/reglas\/sic-bo\/#Historia-del-Sic-Bo\" >Historia del Sic Bo<\/a><\/li><li class='ez-toc-page-1 ez-toc-heading-level-2'><a class=\"ez-toc-link ez-toc-heading-2\" href=\"https:\/\/staging.casinoalto.com\/mx\/reglas\/sic-bo\/#Objetivo-del-juego\" >Objetivo del juego<\/a><\/li><li class='ez-toc-page-1 ez-toc-heading-level-2'><a class=\"ez-toc-link ez-toc-heading-3\" href=\"https:\/\/staging.casinoalto.com\/mx\/reglas\/sic-bo\/#Elementos-del-juego\" >Elementos del juego<\/a><\/li><li class='ez-toc-page-1 ez-toc-heading-level-2'><a class=\"ez-toc-link ez-toc-heading-4\" href=\"https:\/\/staging.casinoalto.com\/mx\/reglas\/sic-bo\/#Como-se-juega-al-Sic-Bo\" >C\u00f3mo se juega al Sic Bo<\/a><\/li><li class='ez-toc-page-1 ez-toc-heading-level-2'><a class=\"ez-toc-link ez-toc-heading-5\" href=\"https:\/\/staging.casinoalto.com\/mx\/reglas\/sic-bo\/#Apuestas-del-Sic-Bo\" >Apuestas del Sic Bo<\/a><\/li><\/ul><\/nav><\/div>\n<h2><span class=\"ez-toc-section\" id=\"Historia-del-Sic-Bo\"><\/span>Historia del Sic Bo<span class=\"ez-toc-section-end\"><\/span><\/h2>\n<p>Para entender el desarrollo de este juego <strong>nos tenemos que remontar hasta hace casi 2000 a\u00f1os atr\u00e1s<\/strong>. La civilizaci\u00f3n china es una de las m\u00e1s antiguas del mundo. De hecho, algunos historiadores consideran que ya habr\u00edan vivido hace 5000 o 6000 a\u00f1os.<\/p>\n<p>Sin embargo, antiguos escritos afirman que hace unos 3500 a\u00f1os fue cuando se produjo el verdadero desarrollo de las primeras dinast\u00edas orientales.<\/p>\n<p>Por aquella \u00e9poca los chinos ya ten\u00edan fama de inventar juegos para pasar el tiempo usando lo que ten\u00edan en su vida diaria. Huesos, piedras o ladrillos era lo que utilizaban como fichas para poder competir unos frente a otros.<\/p>\n<p>El Sic Bo fue <strong>uno de esos juegos de azar a los que China vio nacer<\/strong>. Un juego que se empez\u00f3 a hacer muy popular en sus regiones a ra\u00edz de que se abrieran varios casinos asi\u00e1ticos en la regi\u00f3n de Macao. Sus salas de juego son muy famosas y atraen a muchos turistas. Lo mismo que su capital, Ciudad de Macao, una de las ciudades m\u00e1s ricas del mundo en la actualidad.<\/p>\n<p>El juego tambi\u00e9n fue bautizado como Tai Sai, Hi-Lo o Dai Siu y cuyo significado es algo parecido a \u201cgrande o peque\u00f1o\u201d. En sus inicios solo se jugaba en China y especialmente en la regi\u00f3n de Macao donde pronto fue uno de los juegos que m\u00e1s ingresos proporcionaba a los magnates del pa\u00eds.<\/p>\n<p><strong>A principios del siglo XX fue cuando comenz\u00f3 su expansi\u00f3n hacia occidente<\/strong> y concretamente hasta Estados Unidos. Los inmigrantes chinos tuvieron mucha culpa de ello y al final los casinos de Las Vegas y del resto del pa\u00eds americano tuvieron que incluirlo en su oferta.<\/p>\n<p>Para poder adaptarlo a los jugadores americanos <strong>se crearon varias versiones del juego llamadas Chuck-a-Luck o Birdcage envolved<\/strong>. Tambi\u00e9n Reino Unido se iba a hacer eco de este interesante juego y lo iba a combinar con las reglas del Hazard. Este complicado juego fue introducido en las islas por el legendario Bernard de Marigny, primer padre de los craps.<\/p>\n<p>Precisamente este juego es el antecedente de lo que despu\u00e9s acabar\u00edan siendo los populares craps en tierras inglesas y en el resto del mundo. El Hazard se jugaba con dos dados \u00fanicamente, pero para poder adaptarse al Sic Bo se cre\u00f3 una versi\u00f3n llamada Gran Hazard en la que ya si que se utilizaban las tres piezas.<\/p>\n<p>En el a\u00f1o 2002 se logr\u00f3 la licencia para que los casinos de Reino Unido pudieran ofrecer este juego, aunque para entonces ya se hab\u00eda hecho muy popular en otras zonas como Estados Unidos o Filipinas, donde se conoce como Hi-Lo.<\/p>\n<p>A d\u00eda de hoy todav\u00eda sigue siendo el juego que m\u00e1s reclaman los apostadores orientales y el que m\u00e1s ganancias da a los directores de las salas de juego.<\/p>\n<h2><span class=\"ez-toc-section\" id=\"Objetivo-del-juego\"><\/span>Objetivo del juego<span class=\"ez-toc-section-end\"><\/span><\/h2>\n<p>La finalidad del juego es muy sencilla y como ya hemos dicho se parece bastante al de la ruleta. Los jugadores deben hacer sus apuestas en las diferentes secciones del tablero de juego.<\/p>\n<p>Se trata de <strong>adivinar la combinaci\u00f3n de dados que va a salir y seg\u00fan las apuestas obtendr\u00e1s m\u00e1s ganancias o menos<\/strong>.<\/p>\n<h2><span class=\"ez-toc-section\" id=\"Elementos-del-juego\"><\/span>Elementos del juego<span class=\"ez-toc-section-end\"><\/span><\/h2>\n<ul>\n<li>Tablero de Sic Bo.<\/li>\n<li>Dos dados de casino.<\/li>\n<li>Cofre (en el que se guardan los dados y se agitan).<\/li>\n<li>Fichas de casino para apostar.<\/li>\n<li>De 1 a 8 jugadores.<\/li>\n<\/ul>\n<h2><span class=\"ez-toc-section\" id=\"Como-se-juega-al-Sic-Bo\"><\/span>C\u00f3mo se juega al Sic Bo<span class=\"ez-toc-section-end\"><\/span><\/h2>\n<p>El juego consiste en intentar adivinar el n\u00famero que se va a obtener de los tres dados que se lanzan. Los jugadores deben hacer sus apuestas antes de que se haga el lanzamiento, como parte fundamental de las reglas del Sic Bo.<\/p>\n<p>Para ello tienen un <strong>tablero lleno de posibilidades en el que posar\u00e1n las fichas antes de que el tiempo finalice<\/strong>. En el caso de tratarse de un casino presencial, ser\u00e1 el crupier el que indique que ya no se admiten m\u00e1s apuestas. Tambi\u00e9n se encargar\u00e1 de repartir las fichas a los ganadores y de agitar los dados.<\/p>\n<p>Si hablamos de <strong>un casino online hay varias opciones<\/strong>. Puede haber un repartidor virtual detr\u00e1s de la pantalla que vaya haciendo los movimientos.<\/p>\n<p>Tambi\u00e9n puede darse el caso de que seas tu mismo el que haga mover los dados con el rat\u00f3n y autom\u00e1ticamente se te den las fichas que hayas ganado o se te retiren las perdidas. Hay otra diferencia fundamental que se debe mencionar y es que un jugador puede jugar contra otro o contra el crupier.<\/p>\n<p>La forma m\u00e1s habitual es la primera, pero a veces en las versiones online no hay crupier y se puede apostar contra el otro jugador y a su favor. Son diferentes formas de entender el juego.<\/p>\n<p>Es lo mismo que ocurre con las opciones de apuesta. Algunos mercados tienen m\u00e1s ventaja respecto a la casa que en otros. Por eso es necesario mencionarlas.<\/p>\n<h2><span class=\"ez-toc-section\" id=\"Apuestas-del-Sic-Bo\"><\/span>Apuestas del Sic Bo<span class=\"ez-toc-section-end\"><\/span><\/h2>\n<ul>\n<li><strong>Grande<\/strong>: la apuesta es ganadora si el total de la suma de los tres dados est\u00e1 entre el 11 y el 17. Hay una excepci\u00f3n, que es que salga un triple. En ese caso el casino resulta ganador. Las probabilidades de ganancia son de un 48,6% y la ventaja de la banca de 2,78%.<\/li>\n<li><strong>Peque\u00f1o<\/strong>: la apuesta es ganadora si el total de la suma de los dados est\u00e1 entre el 4 y el 10. Hay una excepci\u00f3n, que es que salga un triple. En ese caso el casino resulta ganador. Las probabilidades de ganancia son de un 48,6% y la ventaja de la banca de 2,78%.<\/li>\n<li><strong>Impar<\/strong>: la apuesta es ganadora si el total de la suma de los dados da un n\u00famero impar. Hay una excepci\u00f3n, que es que salga un triple. En ese caso el casino resulta ganador. Las probabilidades de ganancia son de un 48,6% y la ventaja de la banca de 2,78%.<\/li>\n<li><strong>Par<\/strong>: la apuesta es ganadora si el total de la suma de los dados da un n\u00famero par. Hay una excepci\u00f3n, que es que salga un triple. En ese caso el casino resulta ganador. Las probabilidades de ganancia son de un 48,6% y la ventaja de la banca de 2,78%.<\/li>\n<li><strong>Triple<\/strong>: la apuesta es ganadora si sale el mismo n\u00famero espec\u00edfico que usted indique en los tres dados. Las probabilidades de ganancia son de un 0,46% y la ventaja de la casa de 30,1%.<\/li>\n<li><strong>Cualquier triple<\/strong>: la apuesta es ganadora si sale el mismo n\u00famero en los tres dados sea cual sea. Las probabilidades de ganancia son de un 2,8% y la ventaja de la casa de 30%.<\/li>\n<li><strong>Cualquier par<\/strong>: la apuesta es ganadora si sale el mismo n\u00famero que usted indique en al menos dos de los tres dados. Las probabilidades de ganancia son de un 7,41% y la ventaja de la casa de 33,3%.<\/li>\n<li><strong>Total de los tres dados<\/strong>: la apuesta es ganadora si sale un n\u00famero que est\u00e9 dentro del intervalo que usted seleccione. Existen: 4 o 17, con una ventaja de la casa de un 29,1%; 5 o 16, con una ventaja de la casa de un 47,2%; 6 o 15, con una ventaja de la casa de un 30,5%; 7 o 14, con una ventaja de la casa de un 9,7%; 8 o 13, con una ventaja de la casa de un 12,5%; 9 o 12, con una ventaja de la casa de un 18,9%; 10 u 11, con una ventaja de la casa del 12,5%.<\/li>\n<li><strong>N\u00famero de dos dados<\/strong>: la apuesta es ganadora si en dos de los tres dados salen dos n\u00fameros espec\u00edficos que usted indique. Las probabilidades de ganancia son de un 13,9% y la ventaja de la casa de 16,7%.<\/li>\n<li><strong>Individuales<\/strong>: la apuesta es ganadora si sale un n\u00famero espec\u00edfico de entre uno y seis en uno de los dados, en dos o en los tres. Las probabilidades de ganancia en el primer caso son de un 34,7%, en el segundo de un 6,94% y en el tercero de un 0,46%. La ventaja de la casa es de 7,9%.<\/li>\n<li><strong>Cuatro n\u00fameros<\/strong>: la apuesta es ganadora si salen tres de los cuatro n\u00fameros de una de las siguientes combinaciones; del 6 al 3, del 4 al 1, del 5 al 2, o del 6 al 2 sin incluir el 4. Las probabilidades de ganancia son de un 11,1% y la ventaja de la casa tambi\u00e9n del 11,1%.<\/li>\n<li><strong>Tres n\u00fameros \u00fanicos<\/strong>: la apuesta es ganadora si salen tres n\u00fameros espec\u00edficos diferentes en cada uno de los dados. Las probabilidades de ganancia son de un 2,8% y la venta de la casa de 14%.<\/li>\n<li><strong>Doble e individual<\/strong>: la apuesta es ganadora si sale un doble de un n\u00famero espec\u00edfico que usted indique y el otro dado mostrar\u00e1 otro n\u00famero espec\u00edfico tambi\u00e9n indicado por usted. Las probabilidades de ganancia son de un 1,4% y la ventaja de la casa de 15,3%.<\/li>\n<\/ul>\n","protected":false},"excerpt":{"rendered":"<p>Todos los jugadores que normalmente acuden a los casinos europeos conocen la mayor\u00eda de juegos que se practican en ellos. Algunos son muy sencillos de jugar y enganchan bastante f\u00e1cil al cliente. Otros, sin embargo, entra\u00f1an m\u00e1s dificultad y exigen trazar una estrategia previa para obtener ganancias. Pero tambi\u00e9n existen juegos de los que poco [&hellip;]<\/p>\n","protected":false},"author":18,"featured_media":0,"parent":134669,"menu_order":0,"comment_status":"closed","ping_status":"closed","template":"page_author_sidebar.php","meta":{"_acf_changed":false,"footnotes":""},"class_list":["post-145959","page","type-page","status-publish","hentry"],"acf":[],"_links":{"self":[{"href":"https:\/\/staging.casinoalto.com\/mx\/wp-json\/wp\/v2\/pages\/145959","targetHints":{"allow":["GET"]}}],"collection":[{"href":"https:\/\/staging.casinoalto.com\/mx\/wp-json\/wp\/v2\/pages"}],"about":[{"href":"https:\/\/staging.casinoalto.com\/mx\/wp-json\/wp\/v2\/types\/page"}],"author":[{"embeddable":true,"href":"https:\/\/staging.casinoalto.com\/mx\/wp-json\/wp\/v2\/users\/18"}],"replies":[{"embeddable":true,"href":"https:\/\/staging.casinoalto.com\/mx\/wp-json\/wp\/v2\/comments?post=145959"}],"version-history":[{"count":2,"href":"https:\/\/staging.casinoalto.com\/mx\/wp-json\/wp\/v2\/pages\/145959\/revisions"}],"predecessor-version":[{"id":10061756,"href":"https:\/\/staging.casinoalto.com\/mx\/wp-json\/wp\/v2\/pages\/145959\/revisions\/10061756"}],"up":[{"embeddable":true,"href":"https:\/\/staging.casinoalto.com\/mx\/wp-json\/wp\/v2\/pages\/134669"}],"wp:attachment":[{"href":"https:\/\/staging.casinoalto.com\/mx\/wp-json\/wp\/v2\/media?parent=145959"}],"curies":[{"name":"wp","href":"https:\/\/api.w.org\/{rel}","templated":true}]}}