{"id":146329,"date":"2018-06-01T11:27:53","date_gmt":"2018-06-01T11:27:53","guid":{"rendered":"https:\/\/casinoalto.com\/?page_id=146329"},"modified":"2026-01-27T15:55:55","modified_gmt":"2026-01-27T15:55:55","slug":"continental","status":"publish","type":"page","link":"https:\/\/staging.casinoalto.com\/mx\/reglas\/continental\/","title":{"rendered":"Continental"},"content":{"rendered":"<p><img loading=\"lazy\" decoding=\"async\" class=\"alignnone size-full wp-image-148401\" src=\"\/mx\/wp-content\/uploads\/2018\/11\/casino-alto_covers_continental.webp\" alt=\"continental juego\" width=\"800\" height=\"475\" \/><\/p>\n<p>La mayor\u00eda de juegos que hoy encontramos en los casinos son r\u00e1pidos y muy din\u00e1micos.<\/p>\n<p><strong>Los juegos que requieren mucho tiempo han ido siendo eliminados conforme pasaba el tiempo<\/strong>, ya que los magnates de los casinos buscan que los apostadores vayan rotando, cuanto m\u00e1s mejor.<\/p>\n<p>Entre esos juegos se qued\u00f3 el continental, una pr\u00e1ctica bastante divertida pero que requer\u00eda su tiempo y estrategia.<\/p>\n<div id=\"ez-toc-container\" class=\"ez-toc-v2_0_82_2 counter-hierarchy ez-toc-counter ez-toc-custom ez-toc-container-direction\">\n<p class=\"ez-toc-title\" style=\"cursor:inherit\">Tabla de contenidos<\/p>\n<label for=\"ez-toc-cssicon-toggle-item-69d69041ad29f\" class=\"ez-toc-cssicon-toggle-label\"><span class=\"\"><span class=\"eztoc-hide\" style=\"display:none;\">Toggle<\/span><span class=\"ez-toc-icon-toggle-span\"><svg style=\"fill: #999;color:#999\" xmlns=\"http:\/\/www.w3.org\/2000\/svg\" class=\"list-377408\" width=\"20px\" height=\"20px\" viewBox=\"0 0 24 24\" fill=\"none\"><path d=\"M6 6H4v2h2V6zm14 0H8v2h12V6zM4 11h2v2H4v-2zm16 0H8v2h12v-2zM4 16h2v2H4v-2zm16 0H8v2h12v-2z\" fill=\"currentColor\"><\/path><\/svg><svg style=\"fill: #999;color:#999\" class=\"arrow-unsorted-368013\" xmlns=\"http:\/\/www.w3.org\/2000\/svg\" width=\"10px\" height=\"10px\" viewBox=\"0 0 24 24\" version=\"1.2\" baseProfile=\"tiny\"><path d=\"M18.2 9.3l-6.2-6.3-6.2 6.3c-.2.2-.3.4-.3.7s.1.5.3.7c.2.2.4.3.7.3h11c.3 0 .5-.1.7-.3.2-.2.3-.5.3-.7s-.1-.5-.3-.7zM5.8 14.7l6.2 6.3 6.2-6.3c.2-.2.3-.5.3-.7s-.1-.5-.3-.7c-.2-.2-.4-.3-.7-.3h-11c-.3 0-.5.1-.7.3-.2.2-.3.5-.3.7s.1.5.3.7z\"\/><\/svg><\/span><\/span><\/label><input type=\"checkbox\"  id=\"ez-toc-cssicon-toggle-item-69d69041ad29f\" checked aria-label=\"Alternar\" \/><nav><ul class='ez-toc-list ez-toc-list-level-1 ' ><li class='ez-toc-page-1 ez-toc-heading-level-2'><a class=\"ez-toc-link ez-toc-heading-1\" href=\"https:\/\/staging.casinoalto.com\/mx\/reglas\/continental\/#Historia-del-continental\" >Historia del continental<\/a><\/li><li class='ez-toc-page-1 ez-toc-heading-level-2'><a class=\"ez-toc-link ez-toc-heading-2\" href=\"https:\/\/staging.casinoalto.com\/mx\/reglas\/continental\/#Objetivo-del-juego\" >Objetivo del juego<\/a><\/li><li class='ez-toc-page-1 ez-toc-heading-level-2'><a class=\"ez-toc-link ez-toc-heading-3\" href=\"https:\/\/staging.casinoalto.com\/mx\/reglas\/continental\/#Elementos-del-juego\" >Elementos del juego<\/a><\/li><li class='ez-toc-page-1 ez-toc-heading-level-2'><a class=\"ez-toc-link ez-toc-heading-4\" href=\"https:\/\/staging.casinoalto.com\/mx\/reglas\/continental\/#Como-se-juega-al-continental\" >C\u00f3mo se juega al continental<\/a><ul class='ez-toc-list-level-3' ><li class='ez-toc-heading-level-3'><a class=\"ez-toc-link ez-toc-heading-5\" href=\"https:\/\/staging.casinoalto.com\/mx\/reglas\/continental\/#Valor-de-las-cartas\" >Valor de las cartas<\/a><\/li><li class='ez-toc-page-1 ez-toc-heading-level-3'><a class=\"ez-toc-link ez-toc-heading-6\" href=\"https:\/\/staging.casinoalto.com\/mx\/reglas\/continental\/#Cerrando-la-partida\" >Cerrando la partida<\/a><\/li><\/ul><\/li><\/ul><\/nav><\/div>\n<h2><span class=\"ez-toc-section\" id=\"Historia-del-continental\"><\/span>Historia del continental<span class=\"ez-toc-section-end\"><\/span><\/h2>\n<p>El continental es un juego que <strong>tuvo su origen en Espa\u00f1a en la primera mitad del siglo XX<\/strong>.<\/p>\n<p>Se trata de una adaptaci\u00f3n de otro juego americano llamado rummy y que es el precursor de muchos de los juegos de naipes que se han desarrollado en la pen\u00ednsula ib\u00e9rica.<\/p>\n<p>El rummy se propag\u00f3 por Estados Unidos con bastante facilidad, en \u00e9pocas anteriores a su formaci\u00f3n en tierras espa\u00f1olas.<\/p>\n<p>De hecho, <strong>en M\u00e9xico y en Canad\u00e1 tambi\u00e9n se hizo muy popular hasta que se expandi\u00f3 a Am\u00e9rica del Sur<\/strong>.<\/p>\n<p>De ah\u00ed se acabar\u00eda trasladando a Europa, como fruto de la relaci\u00f3n de los pa\u00edses del viejo continente con los de la parte baja americana.<\/p>\n<p>Muchos de ellos hab\u00edan sido colonias de antiguos imperios europeos, de ah\u00ed que muchas cosas se propagaran.<\/p>\n<p>Los juegos de naipes no iban a ser menos y entre ellos estaba el rummy. Con el tiempo se adapt\u00f3 a la forma de jugar en nuestro pa\u00eds y se acab\u00f3 poniendo de moda entre las clases medias.<\/p>\n<p>Esto llam\u00f3 la atenci\u00f3n de muchos casinos de prestigio que lo llegaron a incluir dentro de su oferta.<\/p>\n<p>Sin embargo, el continental es un juego que se tarda mucho en practicar y tiene su dificultad.<\/p>\n<p><strong>Los magnates decidieron retirarlo para dar entrada a otros juegos m\u00e1s din\u00e1micos<\/strong> y con menos recorrido.<\/p>\n<p>En el continental los jugadores pagaban una cantidad por jugar durante un periodo bastante largo de tiempo.<\/p>\n<p>A las casas de juego no les interesaba esto, prefer\u00edan que los apostadores se deslizaran con rapidez sobre las tablas.<\/p>\n<p>Al final, <strong>se puso de moda entre las amas de casa<\/strong>, que se reun\u00edan en los hogares para hacer vida social.<\/p>\n<h2><span class=\"ez-toc-section\" id=\"Objetivo-del-juego\"><\/span>Objetivo del juego<span class=\"ez-toc-section-end\"><\/span><\/h2>\n<p>El fin de este juego es el de intentar formar las combinaciones que se exigen en cada ronda en el menor n\u00famero de turnos posibles.<\/p>\n<p>Adem\u00e1s, hacerlo antes que tus adversarios te da la posibilidad de no sumar puntos o de restarlos.<\/p>\n<p>Cuantas m\u00e1s rondas ganes menos puntos se te sumar\u00e1n en la clasificaci\u00f3n final.<\/p>\n<p>Una clasificaci\u00f3n final en la que vence el que menos puntos tenga, asique ese es el objetivo principal del continental.<\/p>\n<h2><span class=\"ez-toc-section\" id=\"Elementos-del-juego\"><\/span>Elementos del juego<span class=\"ez-toc-section-end\"><\/span><\/h2>\n<ul>\n<li>Dos barajas inglesas de 52 cartas m\u00e1s comodines (corazones, diamantes, picas y tr\u00e9boles).<\/li>\n<li>Tapete (opcional).<\/li>\n<li>Fichas de poker para apostar (opcionales).<\/li>\n<li>De 2 a 8 jugadores. A partir de 5 jugadores son necesarias dos barajas.<\/li>\n<\/ul>\n<h2><span class=\"ez-toc-section\" id=\"Como-se-juega-al-continental\"><\/span>C\u00f3mo se juega al continental<span class=\"ez-toc-section-end\"><\/span><\/h2>\n<p>El continental fue un juego que sol\u00eda funcionar bastante bien en los casinos, ya que es muy din\u00e1mico y requiere de una participaci\u00f3n activa de los jugadores.<\/p>\n<p>El crupier se encarga de barajar los naipes y entrega una carta a cada uno de los jugadores.<\/p>\n<p><strong>El que tenga la carta m\u00e1s alta es el que comienza la partida<\/strong> y el resto de los jugadores ir\u00e1n saliendo a derechas.<\/p>\n<p>Si hay un empate entre dos o m\u00e1s jugadores, se les vuelve a entregar una carta a cada uno y el que tenga la m\u00e1s alta sale.<\/p>\n<p>Una vez definidas las posiciones, <strong>el crupier reparte siete cartas a cada jugador, deja otra descubierta en el centro de la mesa, m\u00e1s el resto del mazo<\/strong> que queda boca abajo para que no se vea.<\/p>\n<p>Ese naipe ser\u00e1 el primero que puedan coger los jugadores del mazo de descartes o pozo.<\/p>\n<p>El primer jugador que sale debe robar una carta y luego desprenderse de otra, ya sea la misma que ha cogido o una que tuviera en su mano.<\/p>\n<p>El naipe que coja puede ser el que est\u00e1 en el pozo o extraerlo del mazo cubierto.<\/p>\n<p><img loading=\"lazy\" decoding=\"async\" class=\"wp-image-146327 size-full\" src=\"\/mx\/wp-content\/uploads\/2018\/05\/Continental-online.webp\" alt=\"Continental online\" width=\"800\" height=\"475\" \/><\/p>\n<p>Tras ello <strong>se descarta de una carta y la deposita en el pozo<\/strong>, encima de la que ya estaba (si no la ha cogido) o deposit\u00e1ndola en el mazo vac\u00edo de descartes (si la ha cogido).<\/p>\n<p>Si no coge la primera carta del pozo y coloca la suya encima, el siguiente jugador ya no podr\u00e1 coger esa primera carta, sino que solo podr\u00eda coger la que ha desechado su contrincante.<\/p>\n<p>As\u00ed van actuando los jugadores en esta primera ronda hasta que puedan cerrar la partida.<\/p>\n<p>En el continental <strong>hay siete rondas en las que se deben ir haciendo una serie de combinaciones<\/strong>, que ya est\u00e1n predeterminadas, con las cartas.<\/p>\n<p>Cada ronda es diferente a la otra y se van exigiendo bazas cada vez m\u00e1s complicadas de conseguir. El orden es el siguiente:<\/p>\n<ul>\n<li><strong>Primera ronda<\/strong>: conseguir dos tr\u00edos<\/li>\n<li><strong>Segunda ronda<\/strong>: conseguir un tr\u00edo y una escalera<\/li>\n<li><strong>Tercera ronda<\/strong>: conseguir dos escaleras<\/li>\n<li><strong>Cuarta ronda<\/strong>: conseguir tres tr\u00edos<\/li>\n<li><strong>Quinta ronda<\/strong>: conseguir dos tr\u00edos y una escalera<\/li>\n<li><strong>Sexta ronda<\/strong>: conseguir un tr\u00edo y dos escaleras<\/li>\n<li><strong>S\u00e9ptima ronda<\/strong>: conseguir tres escaleras<\/li>\n<\/ul>\n<p>Como es l\u00f3gico en cada ronda se va aumentando el n\u00famero de cartas a repartir para poder cumplir con las exigencias del juego. Como vemos <strong>hay dos tipos de combinaciones: el tr\u00edo y la escalera<\/strong>.<\/p>\n<p>El tr\u00edo lo componen tres cartas o m\u00e1s que tienen el mismo \u00edndice o n\u00famero (por ejemplo, tres reyes).<\/p>\n<p>Si se consiguen m\u00e1s de tres cartas se sigue considerando tr\u00edo, ya que en este juego no ocurre como en el poker en el que existen manos superiores al tr\u00edo.<\/p>\n<p>Por otro lado, una escalera la componen al menos cuatro cartas de valor consecutivo (por ejemplo, tres, cuatro, cinco y seis).<\/p>\n<p>Lo especial de este juego es que<strong> el orden de las cartas es el m\u00e1s conocido por todos los jugadores<\/strong> familiarizados con la baraja inglesa. Es decir:<\/p>\n<ul>\n<li>As<\/li>\n<li>Rey<\/li>\n<li>Dama<\/li>\n<li>Jota<\/li>\n<li>Diez<\/li>\n<li>Nueve<\/li>\n<li>Ocho<\/li>\n<li>Siete<\/li>\n<li>Seis<\/li>\n<li>Cinco<\/li>\n<li>Cuatro<\/li>\n<li>Tres<\/li>\n<li>Dos<\/li>\n<\/ul>\n<p>Sin embargo, <strong>en una escalera el as no es la figura m\u00e1s alta<\/strong>. Es decir, si queremos formar una escalera y tenemos solo tres cartas unidas, por ejemplo, as, rey y dama, podemos unir un dos para que sean cuatro cartas.<\/p>\n<p>En el continental no hay cartas m\u00e1s altas que otras a la hora de formar las combinaciones, sino que lo importante es que sean cartas consecutivas o del mismo \u00edndice. Se puede formar una escalera que sea: tres, dos, as, rey y dama.<\/p>\n<p>En base a esto los jugadores tienen que formar sus manos, seg\u00fan la ronda en la que se encuentren inmersos, y hasta que no tengan toda la baza completa no se debe parar el juego, lo que se llama t\u00e9cnicamente \u201cbajarse\u201d.<\/p>\n<p>Cuando un jugador quiere bajarse debe poner la mano sobre el pozo y dejar sus cartas sobre la mesa, y entonces se podr\u00eda dar por concluida la ronda.<\/p>\n<p><strong>Si el jugador tiene las combinaciones que se ped\u00edan se le considera ganador de la ronda<\/strong> y en ese momento se pasa al conteo de puntuaciones.<\/p>\n<p>Si ocurre que el jugador se ha confundido y no lleva lo que se requer\u00eda, tendr\u00e1 que seguir jugando pero con sus cartas boca arriba.<\/p>\n<p><strong>Una vez que un jugador decide bajarse ya no puede \u201csubirse\u201d de nuevo<\/strong>. Por eso es importante estar seguro de dar por acabada la manga.<\/p>\n<p>Si los c\u00e1lculos son correctos y las combinaciones est\u00e1n presentes, <strong>a ese jugador se le dan -10 si se ha bajado en la mano ganadora, o 0 si lo ha hecho en manos posteriores<\/strong> al momento de bajarse.<\/p>\n<p>El resto de apostadores deben contabilizar los puntos de todas sus cartas, independientemente de que est\u00e9n combinadas o no.<\/p>\n<h3><span class=\"ez-toc-section\" id=\"Valor-de-las-cartas\"><\/span>Valor de las cartas<span class=\"ez-toc-section-end\"><\/span><\/h3>\n<p><img loading=\"lazy\" decoding=\"async\" class=\"alignnone size-full wp-image-148739\" src=\"\/mx\/wp-content\/uploads\/2018\/12\/casino-alto_images_continental.webp\" alt=\"valor cartas continental\" width=\"800\" height=\"475\" \/><\/p>\n<p>Las puntuaciones son las siguientes:<\/p>\n<ul>\n<li><strong>Comod\u00edn<\/strong>: cincuenta puntos<\/li>\n<li><strong>As<\/strong>: veinte puntos<\/li>\n<li><strong>Rey<\/strong>: diez puntos<\/li>\n<li><strong>Dama<\/strong>: diez puntos<\/li>\n<li><strong>Jota<\/strong>: diez puntos<\/li>\n<li><strong>Diez<\/strong>: diez puntos<\/li>\n<li><strong>Nueve<\/strong>: nueve puntos<\/li>\n<li><strong>Ocho<\/strong>: ocho puntos<\/li>\n<li><strong>Siete<\/strong>: siete puntos<\/li>\n<li><strong>Seis<\/strong>: seis puntos<\/li>\n<li><strong>Cinco<\/strong>: cinco puntos<\/li>\n<li><strong>Cuatro<\/strong>: cuatro puntos<\/li>\n<li><strong>Tres<\/strong>: tres puntos<\/li>\n<li><strong>Dos<\/strong>: dos puntos<\/li>\n<\/ul>\n<h3><span class=\"ez-toc-section\" id=\"Cerrando-la-partida\"><\/span>Cerrando la partida<span class=\"ez-toc-section-end\"><\/span><\/h3>\n<p>Se apunta <strong>el total con el que se queda cada jugador y se va haciendo un ranking de posiciones<\/strong>.<\/p>\n<p>En cada mano puede ganar un jugador diferente, lo importante es ser el que menos puntos tiene al final de la \u00faltima ronda.<\/p>\n<p>El crupier debe barajar al final de cada una de las rondas y el orden de reparto y de turnos pasar\u00e1 a derechas.<\/p>\n<p>El n\u00famero de cartas a repartir es de siete en la primera ronda, ocho en la segunda, nueve en la tercera, diez en la cuarta, once en la quinta, doce en la sexta y trece en la s\u00e9ptima y \u00faltima ronda.<\/p>\n<p>Hay que tener en cuenta algunas especialidades en torno a los comodines.<\/p>\n<p><strong>Un tr\u00edo puede estar formado por los comodines que se prefiera, incluso que sea un tr\u00edo de comodines. <\/strong><\/p>\n<p><strong>No ocurre as\u00ed en la escalera<\/strong> en la que tampoco hay l\u00edmite de estos naipes, pero lo que no se permite es que sustituyan a dos cartas consecutivas.<\/p>\n<p>Es decir, una escalera formada por rey, comod\u00edn que hace de dama, jota y diez, es v\u00e1lido.<\/p>\n<p>Una escalera formada por cuatro, comod\u00edn que hace de tres, comod\u00edn que hace de dos y as, no es v\u00e1lida. Siempre deben ir intercalados.<\/p>\n<p>El juego es siempre individual y nunca se juega en parejas, por lo que al final de la \u00faltima ronda el crupier hace el pago de fichas correspondiente a cada jugador.<\/p>\n<p>La cantidad de fichas a repartir y a qu\u00e9 jugadores hacerlo dependen de cada sala de juegos y de cada mesa, no hay un criterio \u00fanico para ello.<\/p>\n<p>Adem\u00e1s, el juego puede durar bastante tiempo y no est\u00e1 permitido que alguien se reenganche en mitad de alguna ronda.<\/p>\n<p>En algunas versiones se juega con dos comodines y en otras con tres, eso tambi\u00e9n depende del casino presencial, o <a href=\"\/mx\/casinos-online\/\">casino online para jugar<\/a> en el que se practique.<\/p>\n","protected":false},"excerpt":{"rendered":"<p>La mayor\u00eda de juegos que hoy encontramos en los casinos son r\u00e1pidos y muy din\u00e1micos. Los juegos que requieren mucho tiempo han ido siendo eliminados conforme pasaba el tiempo, ya que los magnates de los casinos buscan que los apostadores vayan rotando, cuanto m\u00e1s mejor. Entre esos juegos se qued\u00f3 el continental, una pr\u00e1ctica bastante [&hellip;]<\/p>\n","protected":false},"author":11,"featured_media":0,"parent":134669,"menu_order":0,"comment_status":"closed","ping_status":"closed","template":"page_author_sidebar.php","meta":{"_acf_changed":false,"footnotes":""},"class_list":["post-146329","page","type-page","status-publish","hentry"],"acf":[],"_links":{"self":[{"href":"https:\/\/staging.casinoalto.com\/mx\/wp-json\/wp\/v2\/pages\/146329","targetHints":{"allow":["GET"]}}],"collection":[{"href":"https:\/\/staging.casinoalto.com\/mx\/wp-json\/wp\/v2\/pages"}],"about":[{"href":"https:\/\/staging.casinoalto.com\/mx\/wp-json\/wp\/v2\/types\/page"}],"author":[{"embeddable":true,"href":"https:\/\/staging.casinoalto.com\/mx\/wp-json\/wp\/v2\/users\/11"}],"replies":[{"embeddable":true,"href":"https:\/\/staging.casinoalto.com\/mx\/wp-json\/wp\/v2\/comments?post=146329"}],"version-history":[{"count":3,"href":"https:\/\/staging.casinoalto.com\/mx\/wp-json\/wp\/v2\/pages\/146329\/revisions"}],"predecessor-version":[{"id":10061719,"href":"https:\/\/staging.casinoalto.com\/mx\/wp-json\/wp\/v2\/pages\/146329\/revisions\/10061719"}],"up":[{"embeddable":true,"href":"https:\/\/staging.casinoalto.com\/mx\/wp-json\/wp\/v2\/pages\/134669"}],"wp:attachment":[{"href":"https:\/\/staging.casinoalto.com\/mx\/wp-json\/wp\/v2\/media?parent=146329"}],"curies":[{"name":"wp","href":"https:\/\/api.w.org\/{rel}","templated":true}]}}