{"id":148800,"date":"2018-12-21T14:34:29","date_gmt":"2018-12-21T14:34:29","guid":{"rendered":"https:\/\/casinoalto.com\/?page_id=148800"},"modified":"2025-08-17T19:05:19","modified_gmt":"2025-08-17T19:05:19","slug":"estrategia","status":"publish","type":"page","link":"https:\/\/staging.casinoalto.com\/mx\/estrategia\/","title":{"rendered":"Estrategia"},"content":{"rendered":"<p>Conoce las mejores estrategias de juegos de casino en <em><a href=\"https:\/\/casinoalto.com\/mx\/\" target=\"_blank\" rel=\"noopener\">Casino Alto<\/a>\u00a0<\/em>con nuestras exclusivas gu\u00edas. Ya seas principiante o un jugador experimentado, siempre podr\u00e1s encontrar algo que aprender. Y para poner en pr\u00e1ctica lo que aprendas, no olvides consultar el amplio cat\u00e1logo de <a href=\"\/mx\/juegos\/\">juegos gratis<\/a> que te ofrecemos.<\/p>\n<p>La gu\u00eda definitiva de <a href=\"\/mx\/estrategia\/blackjack\/\">estrategia para blackjack<\/a>:<\/p>\n<p><a href=\"\/mx\/estrategia\/blackjack\/\"><img loading=\"lazy\" decoding=\"async\" class=\"alignnone wp-image-149607\" src=\"\/mx\/wp-content\/uploads\/2019\/02\/casino-alto_estrategia-04.webp\" alt=\"Estrategia Blackjack\" width=\"802\" height=\"201\" \/><\/a><\/p>\n<p>La gu\u00eda definitiva de <a href=\"\/mx\/estrategia\/ruleta\/\">estrategia para ruleta<\/a>:<\/p>\n<p><a href=\"\/mx\/estrategia\/ruleta\/\"><img loading=\"lazy\" decoding=\"async\" class=\"alignnone wp-image-149608\" src=\"\/mx\/wp-content\/uploads\/2019\/02\/casino-alto_estrategia-03.webp\" alt=\"Estrategia Ruleta\" width=\"800\" height=\"201\" \/><\/a><\/p>\n<p>&nbsp;<\/p>\n<p>&nbsp;<\/p>\n","protected":false},"excerpt":{"rendered":"<p>Conoce las mejores estrategias de juegos de casino en Casino Alto\u00a0con nuestras exclusivas gu\u00edas. Ya seas principiante o un jugador experimentado, siempre podr\u00e1s encontrar algo que aprender. Y para poner en pr\u00e1ctica lo que aprendas, no olvides consultar el amplio cat\u00e1logo de juegos gratis que te ofrecemos. La gu\u00eda definitiva de estrategia para blackjack: La [&hellip;]<\/p>\n","protected":false},"author":6,"featured_media":0,"parent":0,"menu_order":0,"comment_status":"closed","ping_status":"closed","template":"","meta":{"_acf_changed":false,"footnotes":""},"class_list":["post-148800","page","type-page","status-publish","hentry"],"acf":[],"_links":{"self":[{"href":"https:\/\/staging.casinoalto.com\/mx\/wp-json\/wp\/v2\/pages\/148800","targetHints":{"allow":["GET"]}}],"collection":[{"href":"https:\/\/staging.casinoalto.com\/mx\/wp-json\/wp\/v2\/pages"}],"about":[{"href":"https:\/\/staging.casinoalto.com\/mx\/wp-json\/wp\/v2\/types\/page"}],"author":[{"embeddable":true,"href":"https:\/\/staging.casinoalto.com\/mx\/wp-json\/wp\/v2\/users\/6"}],"replies":[{"embeddable":true,"href":"https:\/\/staging.casinoalto.com\/mx\/wp-json\/wp\/v2\/comments?post=148800"}],"version-history":[{"count":5,"href":"https:\/\/staging.casinoalto.com\/mx\/wp-json\/wp\/v2\/pages\/148800\/revisions"}],"predecessor-version":[{"id":10061697,"href":"https:\/\/staging.casinoalto.com\/mx\/wp-json\/wp\/v2\/pages\/148800\/revisions\/10061697"}],"wp:attachment":[{"href":"https:\/\/staging.casinoalto.com\/mx\/wp-json\/wp\/v2\/media?parent=148800"}],"curies":[{"name":"wp","href":"https:\/\/api.w.org\/{rel}","templated":true}]}}