{"id":149268,"date":"2019-01-16T19:54:15","date_gmt":"2019-01-16T19:54:15","guid":{"rendered":"https:\/\/casinoalto.com\/?page_id=149268"},"modified":"2026-01-27T16:01:47","modified_gmt":"2026-01-27T16:01:47","slug":"zanga","status":"publish","type":"page","link":"https:\/\/staging.casinoalto.com\/mx\/reglas\/zanga\/","title":{"rendered":"Zanga"},"content":{"rendered":"<p><img loading=\"lazy\" decoding=\"async\" class=\"alignnone size-full wp-image-149603\" src=\"\/mx\/wp-content\/uploads\/2019\/02\/casino-alto_covers-11.webp\" alt=\"Reglas Zanga\" width=\"1667\" height=\"990\" \/><\/p>\n<p>Un nuevo juego de casino olvidado se presenta en el horizonte de la pen\u00ednsula ib\u00e9rica. Se trata de un juego que contiene unas reglas complicadas y que por ello ha sido dif\u00edcil que calara tantos en los casinos como en los <a href=\"\/mx\/casinos-online\/\">casinos online<\/a>.<\/p>\n<p>Su nombre es zanga y es un juego entretenido y que puede llevar un tiempo de ejecuci\u00f3n largo. Especialmente popular para torneos.<\/p>\n<div id=\"ez-toc-container\" class=\"ez-toc-v2_0_82_2 counter-hierarchy ez-toc-counter ez-toc-custom ez-toc-container-direction\">\n<p class=\"ez-toc-title\" style=\"cursor:inherit\">Tabla de contenidos<\/p>\n<label for=\"ez-toc-cssicon-toggle-item-69d690551bee7\" class=\"ez-toc-cssicon-toggle-label\"><span class=\"\"><span class=\"eztoc-hide\" style=\"display:none;\">Toggle<\/span><span class=\"ez-toc-icon-toggle-span\"><svg style=\"fill: #999;color:#999\" xmlns=\"http:\/\/www.w3.org\/2000\/svg\" class=\"list-377408\" width=\"20px\" height=\"20px\" viewBox=\"0 0 24 24\" fill=\"none\"><path d=\"M6 6H4v2h2V6zm14 0H8v2h12V6zM4 11h2v2H4v-2zm16 0H8v2h12v-2zM4 16h2v2H4v-2zm16 0H8v2h12v-2z\" fill=\"currentColor\"><\/path><\/svg><svg style=\"fill: #999;color:#999\" class=\"arrow-unsorted-368013\" xmlns=\"http:\/\/www.w3.org\/2000\/svg\" width=\"10px\" height=\"10px\" viewBox=\"0 0 24 24\" version=\"1.2\" baseProfile=\"tiny\"><path d=\"M18.2 9.3l-6.2-6.3-6.2 6.3c-.2.2-.3.4-.3.7s.1.5.3.7c.2.2.4.3.7.3h11c.3 0 .5-.1.7-.3.2-.2.3-.5.3-.7s-.1-.5-.3-.7zM5.8 14.7l6.2 6.3 6.2-6.3c.2-.2.3-.5.3-.7s-.1-.5-.3-.7c-.2-.2-.4-.3-.7-.3h-11c-.3 0-.5.1-.7.3-.2.2-.3.5-.3.7s.1.5.3.7z\"\/><\/svg><\/span><\/span><\/label><input type=\"checkbox\"  id=\"ez-toc-cssicon-toggle-item-69d690551bee7\" checked aria-label=\"Alternar\" \/><nav><ul class='ez-toc-list ez-toc-list-level-1 ' ><li class='ez-toc-page-1 ez-toc-heading-level-2'><a class=\"ez-toc-link ez-toc-heading-1\" href=\"https:\/\/staging.casinoalto.com\/mx\/reglas\/zanga\/#Historia-de-la-zanga\" >Historia de la zanga<\/a><\/li><li class='ez-toc-page-1 ez-toc-heading-level-2'><a class=\"ez-toc-link ez-toc-heading-2\" href=\"https:\/\/staging.casinoalto.com\/mx\/reglas\/zanga\/#Objetivo-del-juego\" >Objetivo del juego<\/a><\/li><li class='ez-toc-page-1 ez-toc-heading-level-2'><a class=\"ez-toc-link ez-toc-heading-3\" href=\"https:\/\/staging.casinoalto.com\/mx\/reglas\/zanga\/#Elementos-del-juego\" >Elementos del juego<\/a><\/li><li class='ez-toc-page-1 ez-toc-heading-level-2'><a class=\"ez-toc-link ez-toc-heading-4\" href=\"https:\/\/staging.casinoalto.com\/mx\/reglas\/zanga\/#Como-se-juega-a-la-zanga\" >C\u00f3mo se juega a la zanga<\/a><\/li><\/ul><\/nav><\/div>\n<h2><span class=\"ez-toc-section\" id=\"Historia-de-la-zanga\"><\/span>Historia de la zanga<span class=\"ez-toc-section-end\"><\/span><\/h2>\n<p>La zanga es otro de esos juegos que <strong>tiene su origen en Espa\u00f1a<\/strong>. Los art\u00edculos de los que se conservan copias originales referidos a manuales de juegos indican que podr\u00eda haber existido desde el siglo XVII.<\/p>\n<p>Al menos, sino la zanga como tal fue su antecesor denominado como juego del hombre. De este derivaron otros muchos juegos que se desarrollar\u00edan m\u00e1s adelante. Juegos sencillos y que no entra\u00f1an demasiada dificultad para aprender sus reglas.<\/p>\n<p>La zanga no cumple, sin embargo, esta condici\u00f3n y quiz\u00e1 por ello se practica hoy en d\u00eda en pocos lugares de la provincia. Se hizo popular en los siguientes siglos, pero nunca lleg\u00f3 a tener una gran repercusi\u00f3n en los casinos. Para realizar torneos si que fue \u00fatil, pero finalmente las salas de juego lo sacar\u00edan de su oferta.<\/p>\n<p><strong>Ahora se suele jugar sobre todo en la provincia de M\u00e1laga y en Canarias<\/strong>. En tierras andaluzas es el juego principal de una determinada zona llamada Cuenca del R\u00edo Campanillas. Un conjunto de cuatro localidades de peque\u00f1as dimensiones y en los que es muy habitual que sus vecinos lo practiquen.<\/p>\n<h2><span class=\"ez-toc-section\" id=\"Objetivo-del-juego\"><\/span>Objetivo del juego<span class=\"ez-toc-section-end\"><\/span><\/h2>\n<p>El fin de este juego es el de <strong>quedarse con los 32 vales de los que dispone una partida de zanga<\/strong>. Cada equipo tiene 16 de estos vales y un equipo debe arrebatarles todos los suyos al otro.<\/p>\n<p>Para eso hay que intentar ganar al menos cinco de las ocho bazas de las que corresponde una partida completa. Eso ayudar\u00e1 a sumar vales tanto reglamentarios como adicionales.<\/p>\n<h2><span class=\"ez-toc-section\" id=\"Elementos-del-juego\"><\/span>Elementos del juego<span class=\"ez-toc-section-end\"><\/span><\/h2>\n<ul>\n<li>Baraja espa\u00f1ola de 40 cartas.<\/li>\n<li>Tapete (opcional).<\/li>\n<li>Fichas de poker para apostar (opcional).<\/li>\n<li>Cuatro jugadores. Se juega por parejas y por tanto jugar\u00e1n dos duetos y lo har\u00e1n con una sola baraja.<\/li>\n<\/ul>\n<h2><span class=\"ez-toc-section\" id=\"Como-se-juega-a-la-zanga\"><\/span>C\u00f3mo se juega a la zanga<span class=\"ez-toc-section-end\"><\/span><\/h2>\n<p>La zanga es un juego parecido a la maquinaria y el pensamiento que tienen que tener los jugadores en el poker. Una vez que aprendes la mec\u00e1nica del juego es todo muy mec\u00e1nico, pero al principio cuesta pillarle el tranquillo.<\/p>\n<p>Este juego suele ser m\u00e1s v\u00e1lido para torneos de casino, m\u00e1s que para ofrecerlo en una mesa del sal\u00f3n principal de una sala de juegos.<\/p>\n<p>Es un juego que puede tener una duraci\u00f3n larga, ya que hasta que un equipo no le arrebata al otro todos los puntos no se finaliza el juego. Por ello lo m\u00e1s l\u00f3gico es que se organizaran torneos por parejas para que los clientes se apuntaran y despu\u00e9s organizar las eliminatorias correspondientes.<\/p>\n<p>En la zanga el crupier es el que baraja y reparte las cartas y tambi\u00e9n el que marca quien inicia cada jugada. En algunos casinos se hace asignando a cada apostador un palo y extraer una carta al azar.<\/p>\n<p>El jugador que tuviera asignado el palo del naipe que se ha descubierto ser\u00e1 el que inicie la partida. Tambi\u00e9n las parejas deben estar puestas una en frente de otra para que no se puedan ver las cartas entre unos y otros.<\/p>\n<p><strong>Se reparten 8 cartas a cada jugador, por lo que 32 estar\u00e1n en juego y las 8 restantes se dejar\u00e1n en el centro de la mesa apiladas y se les denominar\u00e1 zanga<\/strong>. Cada jugador mirar\u00e1 sus cartas y empezar\u00e1 la jugada, aunque para ello hay que tener en cuenta el valor de las cartas y la jerarqu\u00eda de las mismas. Es el siguiente:<\/p>\n<ul>\n<li>Como normal general, en oros y copas el orden es: siete (cuando es el palo de triunfo), as, rey, dama, jota, dos, tres, cuatro, cinco, seis y siete.<\/li>\n<li>Como normal general, en espadas el orden es: as, dos (cuando es el palo de triunfo), rey, dama, jota, siete, seis, cinco, cuatro y tres.<\/li>\n<li>Como normal general, es bastos el orden es: dos (cuando es el palo de triunfo), as, rey, dama, jota, siete, seis, cinco, cuatro y tres.<\/li>\n<\/ul>\n<p><strong>En la zanga el orden de las cartas en cada palo depende si es el palo de triunfo<\/strong>. En oros y copas tienen m\u00e1s valor las cartas cuyo n\u00famero sea m\u00e1s bajo a excepci\u00f3n de las figuras, mientras que en espadas y bastos tienen m\u00e1s valor las cartas cuyo n\u00famero sea m\u00e1s alto con la excepci\u00f3n de las figuras.<\/p>\n<p><strong>La espadilla es el uno de espadas<\/strong>, que es la carta m\u00e1s alta y la que gana a todas las dem\u00e1s. <strong>La malilla es la segunda que m\u00e1s vale<\/strong> y cambia depende en el palo que sea y siempre y cuando sea el de triunfo; en oros y copas es el siete y en bastos y espadas es el dos. Y por su parte <strong>el bastillo es el uno de bastos<\/strong> y en la escala ser\u00eda la tercera carta que m\u00e1s valor tiene.<\/p>\n<p><strong>El estuche ser\u00eda el resultado de poseer la espadilla, la malilla y el bastillo en una partida<\/strong> y da m\u00e1s puntos de cara al resultado final de la partida. Luego est\u00e1 el puntillo que son el uno de copas y el uno de oros cuando estos son el palo de triunfo y ser\u00eda la cuarta carta que m\u00e1s vale.<\/p>\n<p>Una vez entendido esto arrancar\u00eda el juego con un palo de triunfo que suele establecer el crupier. A veces lo hace extrayendo una carta al azar y en otras oportunidades se ofrece la posibilidad al jugador que arranca de decidir a que palo quiere ir el triunfo. Eso depender\u00e1 de la sala de juegos en la que nos encontremos.<\/p>\n<p>Antes de empezar a lanzar cartas se realiza una primera ronda de apuestas. <strong>Para las apuestas cada equipo consta de lo que se denominan como 16 vales y en total hay 32 vales<\/strong>.<\/p>\n<p>Los vales se representan a trav\u00e9s de fichas que tendr\u00e1 el crupier en su poder. Al final de cada partida y una vez finalizado el recuento pondr\u00e1 los vales de los que dispone cada uno. El objetivo de ambos equipos es hacerse con los 32 vales en juego, los suyos y los de sus rivales.<\/p>\n<p><strong>El jugador que arranca la partida debe decidir entre pasar o jugar; si juega pone cuatro de sus vales en juego y si se pasa pondr\u00e1 cinco<\/strong>. El siguiente jugador tendr\u00e1 que decidir tambi\u00e9n entre jugar o pasar y en el caso de que se pase tendr\u00e1 que poner uno de sus vales junto a los del anterior jugador. As\u00ed se har\u00e1 hasta que hablen los cuatro jugadores.<\/p>\n<p><strong>Si los tres primeros jugadores pasan, el cuarto estar\u00e1 obligado a jugar<\/strong> y en ese caso podr\u00e1 optar por jugar con sus cartas o con las que haya en la zanga. Adem\u00e1s, colocar\u00e1 dos vales a la derecha de la mesa y obligar\u00e1 al equipo rival a hacer lo mismo.<\/p>\n<p>Estos valen quedar\u00e1n como fianza. En caso de no disponer de tres vales, la pareja no podr\u00e1 optar a jugar con los naipes de la zanga.<\/p>\n<p>Esa fianza de la que hablamos implica que si el jugador que quiere jugar con las cartas de la zanga, las observa y finalmente decide jugar con sus cartas perder\u00e1 toda la fianza en favor del otro equipo. Es un pago por saber las cartas que hay en ese mont\u00f3n y que puede darle una ventaja estrat\u00e9gica a la hora de jugar las bazas.<\/p>\n<p>Una vez finalizada la ronda de apuestas se pasa al juego normal. El primer jugador echa una carta y el resto de jugadores tendr\u00e1n que responder con un naipe cada uno.<\/p>\n<p>En principio <strong>tendr\u00e1n que emplear una carta del mismo palo que el que haya lanzado el primer jugador<\/strong>. El que eche la carta m\u00e1s alta se lleva la baza y sale autom\u00e1ticamente en la siguiente.<\/p>\n<p>As\u00ed se har\u00e1 hasta que se jueguen las ocho bazas o hasta que uno de los equipos haya ganado el m\u00ednimo de bazas que son cinco. <strong>Puesto que hay ocho se necesitan cinco victorias para determinarse como ganador de la partida<\/strong>.<\/p>\n<p>Tambi\u00e9n puede ocurrir que un equipo decida ir a ocho bazas y en ese caso no hay m\u00e1s remedio que jugarlas todas.<\/p>\n<p>Una vez que se ha terminado, la pareja se quedar\u00e1 con los vales que hab\u00eda en el centro de la mesa, aunque adem\u00e1s podr\u00edan ambos equipos llevarse valen adicionales en funci\u00f3n de varias reglas que influyen en este juego.<\/p>\n<p>Cuando una pareja gane las cinco primeras bazas se llevar\u00e1 dos vales adicionales del otro equipo. Si un jugador del d\u00fao que se ha llevado las cinco primeras decide ir solo a por las ocho bazas y las consigue ganar se llevar\u00e1 otros dos vales m\u00e1s. Igualmente, un jugador que consiga cantar el estuche se sumar\u00e1 dos vales en su haber.<\/p>\n<p>Tambi\u00e9n puede ocurrir que el equipo que gana las cinco primeras y decida ir a todas no las gane y entonces tendr\u00e1 que devolver los dos vales de esas cinco primeras partidas al adversario.<\/p>\n","protected":false},"excerpt":{"rendered":"<p>Un nuevo juego de casino olvidado se presenta en el horizonte de la pen\u00ednsula ib\u00e9rica. Se trata de un juego que contiene unas reglas complicadas y que por ello ha sido dif\u00edcil que calara tantos en los casinos como en los casinos online. Su nombre es zanga y es un juego entretenido y que puede [&hellip;]<\/p>\n","protected":false},"author":11,"featured_media":0,"parent":134669,"menu_order":0,"comment_status":"closed","ping_status":"closed","template":"page_author_sidebar.php","meta":{"_acf_changed":false,"footnotes":""},"class_list":["post-149268","page","type-page","status-publish","hentry"],"acf":[],"_links":{"self":[{"href":"https:\/\/staging.casinoalto.com\/mx\/wp-json\/wp\/v2\/pages\/149268","targetHints":{"allow":["GET"]}}],"collection":[{"href":"https:\/\/staging.casinoalto.com\/mx\/wp-json\/wp\/v2\/pages"}],"about":[{"href":"https:\/\/staging.casinoalto.com\/mx\/wp-json\/wp\/v2\/types\/page"}],"author":[{"embeddable":true,"href":"https:\/\/staging.casinoalto.com\/mx\/wp-json\/wp\/v2\/users\/11"}],"replies":[{"embeddable":true,"href":"https:\/\/staging.casinoalto.com\/mx\/wp-json\/wp\/v2\/comments?post=149268"}],"version-history":[{"count":2,"href":"https:\/\/staging.casinoalto.com\/mx\/wp-json\/wp\/v2\/pages\/149268\/revisions"}],"predecessor-version":[{"id":10061604,"href":"https:\/\/staging.casinoalto.com\/mx\/wp-json\/wp\/v2\/pages\/149268\/revisions\/10061604"}],"up":[{"embeddable":true,"href":"https:\/\/staging.casinoalto.com\/mx\/wp-json\/wp\/v2\/pages\/134669"}],"wp:attachment":[{"href":"https:\/\/staging.casinoalto.com\/mx\/wp-json\/wp\/v2\/media?parent=149268"}],"curies":[{"name":"wp","href":"https:\/\/api.w.org\/{rel}","templated":true}]}}