{"id":152273,"date":"2020-02-24T16:45:22","date_gmt":"2020-02-24T16:45:22","guid":{"rendered":"https:\/\/casinoalto.com\/mx\/?page_id=152273"},"modified":"2026-03-25T15:19:28","modified_gmt":"2026-03-25T15:19:28","slug":"codigo-promocional-caliente-casino","status":"publish","type":"page","link":"https:\/\/staging.casinoalto.com\/mx\/codigos\/codigo-promocional-caliente-casino\/","title":{"rendered":"C\u00f3digo promocional Caliente Casino"},"content":{"rendered":"<p>En M\u00e9xico, <a href=\"\/mx\/casinos-online\/caliente-casino\/\">un casino seguro como Caliente<\/a> se alza como uno de los casinos favoritos de la gente. Esta plataforma ofrece diversos juegos en l\u00ednea como las m\u00e1quinas tragamonedas, juegos\u00a0 de mesa y una diversa selecci\u00f3n de juegos en vivo para aquellos usuarios que tengan preferencias por los juegos de bingo y las tarjetas de rasca y gana.<\/p>\n<p>Bajo el cobijo de la empresa Tecnolog\u00eda en Entretenimiento Caliplay y con Playtech como su proveedor de software en su <a href=\"\/mx\/juegos\/\">cat\u00e1logo de juegos de casino<\/a>, Caliente opera bajo la licencia que le otorga la Secretar\u00eda de Gobernaci\u00f3n para operar de forma legal en M\u00e9xico y garantizar la seguridad de sus clientes.<\/p>\n<p>Si te animas a probar sus servicios, <strong>el bono de bienvenida de Caliente Casino te ofrece $1,000 pesos por el simple hecho de registrarse en su plataforma, sin necesidad de depositar<\/strong>.<\/p>\n<p>Y si luego lo deseas, tambi\u00e9n podr\u00e1s aspirar por el <a href=\"https:\/\/casinoalto.com\/mx\/bonos-de-bienvenida\/\" target=\"_blank\" rel=\"noopener\">bono por primer dep\u00f3sito<\/a> por hasta $20,000 MXN. Aqu\u00ed te decimos todo lo que necesitas saber para ser acreedor a las promociones de bienvenida a trav\u00e9s del c\u00f3digo promocional de Caliente.<\/p>\n<p><em>Pasos a seguir para obtener el bono:<\/em><\/p>\n<p><strong>Para el bono de $1,000 pesos gratis sin dep\u00f3sito<\/strong><\/p>\n<ul>\n<li>Registra tu cuenta en Caliente Casino a trav\u00e9s de nuestros enlaces de <a href=\"https:\/\/casinoalto.com\/mx\/\" target=\"_blank\" rel=\"noopener\">Casino Alto M\u00e9xico<\/a>.<\/li>\n<li>Verifica tu cuenta a trav\u00e9s de un SMS que llegar\u00e1 a tu tel\u00e9fono celular.<\/li>\n<li>Ingresa el NIP de confirmaci\u00f3n.<\/li>\n<li>Disfruta de un bono gratis de $1,000 sin dep\u00f3sito.<\/li>\n<\/ul>\n<p><strong>Para el bono de Caliente de $20,000 pesos<\/strong><\/p>\n<ul>\n<li>Inicia sesi\u00f3n y accede a tu cuenta.<\/li>\n<li>Realiza un primer dep\u00f3sito de por lo menos $200 pesos con las <a href=\"https:\/\/casinoalto.com\/mx\/metodos-de-pago\/\" target=\"_blank\" rel=\"noopener\">mejores formas de pago para casinos<\/a>.<\/li>\n<li>Recibe tu bono de bienvenida de Caliente.<\/li>\n<\/ul>\n<p>El <a href=\"\/mx\/casinos-sin-deposito\/\">bono de casino gratis<\/a> de Caliente por $1,000 pesos es \u00fanicamente para clientes nuevos de la plataforma, quienes deber\u00e1n vivir dentro del pa\u00eds y tener 18 a\u00f1os de edad o m\u00e1s. Dicha promoci\u00f3n puede ser usada solo en los juegos de casino.<\/p>\n<p>Los <strong>requisitos de juego m\u00ednimos para un bono sin dep\u00f3sito equivalen a 50 veces m\u00e1s cantidad del bono<\/strong>, es decir, 50&#215;400= $20,000 pesos, por lo que el jugador debe apostar al menos esa cantidad para poder retirar sus ganancias.\u00a0Adem\u00e1s, la apuesta debe ser utilizada en su totalidad. En caso de que solo se utilice en parte, lo que quede del valor se perder\u00e1.<\/p>\n<p>El bono de Caliente para la apuesta gratuita tiene una vigencia de 30 d\u00edas. Si pasas este l\u00edmite de tiempo expirar\u00e1. En caso de que el jugador solicite un retiro antes de cumplir los requerimientos, el bono y las ganancias ser\u00e1n anuladas.<\/p>\n<p>Por otro lado, en cuanto hagas tu <strong>primer dep\u00f3sito se te depositar\u00e1 de forma instant\u00e1nea un bono <\/strong>\u00a0por el simple hecho de ser un jugador nuevo. La bonificaci\u00f3n tiene cuatro niveles:<\/p>\n<ul>\n<li>B\u00e1sica: deposita entre $200 y $999 para recibir una bonificaci\u00f3n del 100%.<\/li>\n<li>Plus: deposita entre $1,000 y $2,499 para recibir una bonificaci\u00f3n del 125%.<\/li>\n<li>Premium: deposita $2,500 o m\u00e1s para recibir una bonificaci\u00f3n del 150% hasta $7,000.<\/li>\n<li>VIP: si depositas $20,000 o m\u00e1s, recibir\u00e1s una bonificaci\u00f3n de $20,000 y un pase de 14 d\u00edas para su exclusivo Club VIP Caliente.<\/li>\n<\/ul>\n<p>Se debe tener en cuenta de que todos los bonos que se otorgan al realizar un dep\u00f3sito inicial, se hacen con el objetivo de que sean jugados. Los fondos obtenidos por bonos se deducir\u00e1n al solicitar un retiro.<\/p>\n<p>Caliente se toma la facultad de revisar los registros de las transacciones en cualquier momento y sin previo aviso. El <a href=\"\/mx\/casinos-online\/\">casino online seguro y confiable<\/a> se reserva el derecho de modificar los t\u00e9rminos y condiciones de sus promociones si as\u00ed lo ve necesario y, en caso de encontrar problemas o irregularidades, las decisiones tomadas por la plataforma son decisivas e irrevocables.<\/p>\n","protected":false},"excerpt":{"rendered":"<p>En M\u00e9xico, un casino seguro como Caliente se alza como uno de los casinos favoritos de la gente. Esta plataforma ofrece diversos juegos en l\u00ednea como las m\u00e1quinas tragamonedas, juegos\u00a0 de mesa y una diversa selecci\u00f3n de juegos en vivo para aquellos usuarios que tengan preferencias por los juegos de bingo y las tarjetas de [&hellip;]<\/p>\n","protected":false},"author":6,"featured_media":0,"parent":10061091,"menu_order":0,"comment_status":"closed","ping_status":"closed","template":"single_codigo.php","meta":{"_acf_changed":false,"footnotes":""},"class_list":["post-152273","page","type-page","status-publish","hentry"],"acf":[],"_links":{"self":[{"href":"https:\/\/staging.casinoalto.com\/mx\/wp-json\/wp\/v2\/pages\/152273","targetHints":{"allow":["GET"]}}],"collection":[{"href":"https:\/\/staging.casinoalto.com\/mx\/wp-json\/wp\/v2\/pages"}],"about":[{"href":"https:\/\/staging.casinoalto.com\/mx\/wp-json\/wp\/v2\/types\/page"}],"author":[{"embeddable":true,"href":"https:\/\/staging.casinoalto.com\/mx\/wp-json\/wp\/v2\/users\/6"}],"replies":[{"embeddable":true,"href":"https:\/\/staging.casinoalto.com\/mx\/wp-json\/wp\/v2\/comments?post=152273"}],"version-history":[{"count":3,"href":"https:\/\/staging.casinoalto.com\/mx\/wp-json\/wp\/v2\/pages\/152273\/revisions"}],"predecessor-version":[{"id":10061882,"href":"https:\/\/staging.casinoalto.com\/mx\/wp-json\/wp\/v2\/pages\/152273\/revisions\/10061882"}],"up":[{"embeddable":true,"href":"https:\/\/staging.casinoalto.com\/mx\/wp-json\/wp\/v2\/pages\/10061091"}],"wp:attachment":[{"href":"https:\/\/staging.casinoalto.com\/mx\/wp-json\/wp\/v2\/media?parent=152273"}],"curies":[{"name":"wp","href":"https:\/\/api.w.org\/{rel}","templated":true}]}}