{"id":152316,"date":"2020-02-29T21:42:11","date_gmt":"2020-02-29T21:42:11","guid":{"rendered":"https:\/\/casinoalto.com\/mx\/?page_id=152316"},"modified":"2026-01-23T19:41:03","modified_gmt":"2026-01-23T19:41:03","slug":"codigo-promocional-codere","status":"publish","type":"page","link":"https:\/\/staging.casinoalto.com\/mx\/codigos\/codigo-promocional-codere\/","title":{"rendered":"C\u00f3digo promocional Codere"},"content":{"rendered":"<p>En el negocio de las apuestas y el casino online, <a href=\"\/mx\/casinos-online\/codere-casino\/\">una marca como Codere<\/a> brilla por su presencia dentro y fuera de M\u00e9xico. Este operador de juegos, con funcionamiento en pa\u00edses como Espa\u00f1a, Argentina, Italia, Panam\u00e1, Colombia y Uruguay, comenz\u00f3 a cotizar en la bolsa de Madrid a partir de 2007 y se convirti\u00f3 en uno de los <a href=\"https:\/\/casinoalto.com\/mx\/casinos-online\/\" target=\"_blank\" rel=\"noopener\">casinos online preferidos de los jugadores<\/a>.<\/p>\n<p>Terminales de juego, bingos, salas de apuestas, casinos, hip\u00f3dromos y juego online son algunos de los servicios ofrecidos por esta casa de apuestas, que presume en su pagina un convenio oficial con el Real Madrid, uno de los equipos de f\u00fatbol m\u00e1s poderosos y seguidos a nivel mundial.<\/p>\n<p>El bono de bienvenida de casino de Codere e<strong>s una promoci\u00f3n pensada para nuevos jugadores en M\u00e9xico<\/strong> que quieren comenzar a jugar con un saldo extra desde su primer dep\u00f3sito. Durante el periodo promocional vigente, Codere ofrece un bono del 100% sobre el primer dep\u00f3sito, <strong>con un tope m\u00e1ximo de hasta $5,000 MXN en Fondos Disponibles (FD)<\/strong>. Este bono puede utilizarse tanto en el Casino como en el Casino en Vivo de Codere.mx y requiere un dep\u00f3sito m\u00ednimo de $200 MXN para activarse.<\/p>\n<p>El funcionamiento del bono es bastante sencillo. Una vez que el usuario crea su cuenta, acepta participar en la promoci\u00f3n y realiza su primer dep\u00f3sito, <strong>Codere duplica autom\u00e1ticamente el monto depositado hasta el l\u00edmite establecido.<\/strong> Por ejemplo, si depositas $1,000 MXN, recibir\u00e1s $1,000 MXN adicionales en fondos de bono; y si depositas $5,000 MXN, obtendr\u00e1s el m\u00e1ximo permitido por la promoci\u00f3n. Estos fondos permiten jugar con m\u00e1s dinero desde el inicio, aunque es importante tener en cuenta que no se pueden retirar de inmediato, ya que primero deben cumplir ciertos requisitos de apuesta.<\/p>\n<p>Para poder convertir los Fondos Disponibles en dinero real, <strong>el jugador debe cumplir con un requisito de apuesta de 30 veces el monto del bono m\u00e1s el dep\u00f3sito realizado<\/strong>. Este requisito debe completarse en un plazo m\u00e1ximo de 14 d\u00edas naturales a partir del momento en que se otorgan los FD. Si el usuario no completa el rollover dentro de este periodo o decide retirar dinero antes de cumplirlo, el bono y las ganancias generadas con \u00e9l se cancelar\u00e1n autom\u00e1ticamente. Adem\u00e1s, existe un l\u00edmite m\u00e1ximo de conversi\u00f3n, ya que el monto que se puede transferir al saldo real no puede superar los $60,000 MXN, y cualquier excedente se pierde.<\/p>\n<p>No todos los juegos contribuyen de la misma manera al cumplimiento del requisito de apuesta. <strong>Las tragamonedas son las m\u00e1s favorables, ya que aportan el 100% de las apuestas realizadas para liberar el bono<\/strong>. En cambio, juegos como el blackjack solo contribuyen con un 20%, mientras que la ruleta aporta un 25% \u00fanicamente en apuestas que no cubran m\u00e1s del 66% de la mesa. Adem\u00e1s, algunos t\u00edtulos espec\u00edficos no participan en el rollover, por lo que conviene revisar esta informaci\u00f3n antes de comenzar a jugar.<\/p>\n","protected":false},"excerpt":{"rendered":"<p>En el negocio de las apuestas y el casino online, una marca como Codere brilla por su presencia dentro y fuera de M\u00e9xico. Este operador de juegos, con funcionamiento en pa\u00edses como Espa\u00f1a, Argentina, Italia, Panam\u00e1, Colombia y Uruguay, comenz\u00f3 a cotizar en la bolsa de Madrid a partir de 2007 y se convirti\u00f3 en [&hellip;]<\/p>\n","protected":false},"author":6,"featured_media":0,"parent":10061091,"menu_order":0,"comment_status":"closed","ping_status":"closed","template":"single_codigo.php","meta":{"_acf_changed":false,"footnotes":""},"class_list":["post-152316","page","type-page","status-publish","hentry"],"acf":[],"_links":{"self":[{"href":"https:\/\/staging.casinoalto.com\/mx\/wp-json\/wp\/v2\/pages\/152316","targetHints":{"allow":["GET"]}}],"collection":[{"href":"https:\/\/staging.casinoalto.com\/mx\/wp-json\/wp\/v2\/pages"}],"about":[{"href":"https:\/\/staging.casinoalto.com\/mx\/wp-json\/wp\/v2\/types\/page"}],"author":[{"embeddable":true,"href":"https:\/\/staging.casinoalto.com\/mx\/wp-json\/wp\/v2\/users\/6"}],"replies":[{"embeddable":true,"href":"https:\/\/staging.casinoalto.com\/mx\/wp-json\/wp\/v2\/comments?post=152316"}],"version-history":[{"count":6,"href":"https:\/\/staging.casinoalto.com\/mx\/wp-json\/wp\/v2\/pages\/152316\/revisions"}],"predecessor-version":[{"id":10061895,"href":"https:\/\/staging.casinoalto.com\/mx\/wp-json\/wp\/v2\/pages\/152316\/revisions\/10061895"}],"up":[{"embeddable":true,"href":"https:\/\/staging.casinoalto.com\/mx\/wp-json\/wp\/v2\/pages\/10061091"}],"wp:attachment":[{"href":"https:\/\/staging.casinoalto.com\/mx\/wp-json\/wp\/v2\/media?parent=152316"}],"curies":[{"name":"wp","href":"https:\/\/api.w.org\/{rel}","templated":true}]}}