{"id":152455,"date":"2020-03-11T16:37:28","date_gmt":"2020-03-11T16:37:28","guid":{"rendered":"https:\/\/casinoalto.com\/mx\/?page_id=152455"},"modified":"2026-01-07T16:46:33","modified_gmt":"2026-01-07T16:46:33","slug":"codigo-promocional-strendus-casino","status":"publish","type":"page","link":"https:\/\/staging.casinoalto.com\/mx\/codigos\/codigo-promocional-strendus-casino\/","title":{"rendered":"C\u00f3digo promocional Strendus Casino"},"content":{"rendered":"<blockquote><p><strong>Esta promoci\u00f3n no se encuentra disponible en estos momentos<\/strong><\/p><\/blockquote>\n<p>Entre los casinos online de reciente creaci\u00f3n,\u00a0<a href=\"\/mx\/casinos-online\/strendus-casino\/\">un casino en l\u00ednea como Strendus<\/a>\u00a0se ha alzado como uno de los m\u00e1s atractivos para el p\u00fablico mexicano. Se encuentra en operaci\u00f3n desde 2017 por medio de News Ads y funciona bajo la autorizaci\u00f3n de la Secretar\u00eda de Gobernaci\u00f3n, lo cual garantiza un servicio de calidad para sus clientes.<\/p>\n<p>Concentrado en brindarle las mejores atenciones a sus clientes, la p\u00e1gina principal se encuentra en espa\u00f1ol y es gracias a este detalle que est\u00e1 alz\u00e1ndose como uno de los sitios m\u00e1s exitosos del pa\u00eds. Su trascendencia ha sido tanta, que algunos casinos f\u00edsicos del pa\u00eds lo toman de referencia para su secci\u00f3n de juegos. Un logro conseguido por el fascinante cat\u00e1logo con el que cuenta Strendus.<\/p>\n<p>De hecho, los <a href=\"\/mx\/juegos\/\">juegos de casino<\/a>\u00a0son su principal carta de presentaci\u00f3n, con una oferta que incluye 700 m\u00e1quinas, blackjack, baccarat, p\u00f3ker, ruleta, slots y mucho m\u00e1s. Todo bajo un estricto sistema de seguridad que est\u00e1 certificado por la empresa C\u00f3modo Secure, adem\u00e1s de contar con un entramado que previene intrusiones y que contiene protecci\u00f3n antivirus y un firewall personal. Sin duda alguna una excelente noticia para usuarios en computadoras como dispositivos m\u00f3viles.<\/p>\n<p>Para sus nuevos clientes,\u00a0<strong>Strendus Casino pone a disposici\u00f3n hasta $1000 pesos con el simple hecho de registrarse con el c\u00f3digo promocional del casino, adem\u00e1s de un bono de bienvenida del 100 por ciento por hasta $6,000 pesos<\/strong>. Es decir, que si depositas $500 pesos, recibir\u00e1s un total de $1,000 (500 de bono y los otros 500 que hayas depositado). Una cantidad bastante llamativa para comenzar a probar suerte en sus m\u00faltiples juegos y divertirte.<\/p>\n<p>Aqu\u00ed te decimos todo lo que necesitas para obtener el\u00a0<a href=\"\/mx\/bonos-de-bienvenida\/strendus-casino\/\">bono de bienvenida de Strendus Casino<\/a>:<\/p>\n<p><strong>Para la promoci\u00f3n inicial de hasta $1000<\/strong><\/p>\n<ul>\n<li>Utiliza nuestros enlaces de <a href=\"https:\/\/casinoalto.com\/mx\/\" target=\"_blank\" rel=\"noopener\">Casino Alto<\/a> para ingresar en Strendus Casino.<\/li>\n<li>Completa el registro activando el c\u00f3digo promocional para el <a href=\"https:\/\/casinoalto.com\/mx\/bonos-de-bienvenida\/\" target=\"_blank\" rel=\"noopener\">bono de bienvenida para jugar en el casino<\/a>.<\/li>\n<li>Activa tu cuenta. Una vez activada, se te brindar\u00e1n hasta 1000 pesos sin necesidad de un ingreso.<\/li>\n<\/ul>\n<p><strong>Para el bono de bienvenida de Strendus<\/strong><\/p>\n<ul>\n<li>Reg\u00edstrate o inicia sesi\u00f3n a trav\u00e9s de nuestros enlaces.<\/li>\n<li>Haz un dep\u00f3sito m\u00ednimo de $100 pesos.<\/li>\n<li>Selecciona el\u00a0<a href=\"\/mx\/metodos-de-pago\/\">m\u00e9todo de pago seguro y confiable<\/a>\u00a0deseado para depositar.<\/li>\n<li>Aparecer\u00e1 una lista con los bonos disponibles, por lo que tendr\u00e1s que elegir el de primer dep\u00f3sito.<\/li>\n<\/ul>\n<p>Debes tomar en cuenta que tendr\u00e1s de hasta 5 d\u00edas para aprovechar la promoci\u00f3n de registro sin dep\u00f3sito y de hasta 15 d\u00edas para el bono de bienvenida. Pasada la fecha l\u00edmite, la promoci\u00f3n dejar\u00e1 de tener validez y se perder\u00e1.<\/p>\n<p>Para liberar las ganancias del bono sin dep\u00f3sito,\u00a0<strong>deber\u00e1s cumplir el roll-over de x25, es decir, jugar los $1000 un total de 25 veces<\/strong>.<\/p>\n<p>En el caso de la promoci\u00f3n de bienvenida de Strendus, el\u00a0<strong>requisito m\u00ednimo de apuesta tambi\u00e9n es de x25<\/strong>, por lo que deber\u00e1s apostar 25 veces el valor del bono, tomando en cuenta que cada juego contribuye un porcentaje distinto para la liberaci\u00f3n. Slots, videobingo, loter\u00eda en vivo y virtuals lo hacen en un 100%, el rasca y gana, keno y varios juegos en un 50%, los raspaditos en un 30%, el videopoker en un 20%, blackjack, baccarat y dados en un 10% y la ruleta en un 5%.<\/p>\n<p>Adem\u00e1s, el importe m\u00e1ximo de conversi\u00f3n del bono es de $9.000 pesos.<\/p>\n<p>Cualquier uso indebido de las promociones puede suponer una anulaci\u00f3n de las ganancias o de la misma promoci\u00f3n por parte de Strendus Casino, as\u00ed como en otros <a href=\"https:\/\/casinoalto.com\/mx\/casinos-online\/\" target=\"_blank\" rel=\"noopener\">buenos sitios de juegos de casino en l\u00ednea en M\u00e9xico<\/a>.<\/p>\n","protected":false},"excerpt":{"rendered":"<p>Esta promoci\u00f3n no se encuentra disponible en estos momentos Entre los casinos online de reciente creaci\u00f3n,\u00a0un casino en l\u00ednea como Strendus\u00a0se ha alzado como uno de los m\u00e1s atractivos para el p\u00fablico mexicano. Se encuentra en operaci\u00f3n desde 2017 por medio de News Ads y funciona bajo la autorizaci\u00f3n de la Secretar\u00eda de Gobernaci\u00f3n, lo [&hellip;]<\/p>\n","protected":false},"author":6,"featured_media":0,"parent":10061091,"menu_order":0,"comment_status":"closed","ping_status":"closed","template":"single_codigo.php","meta":{"_acf_changed":false,"footnotes":""},"class_list":["post-152455","page","type-page","status-publish","hentry"],"acf":[],"_links":{"self":[{"href":"https:\/\/staging.casinoalto.com\/mx\/wp-json\/wp\/v2\/pages\/152455","targetHints":{"allow":["GET"]}}],"collection":[{"href":"https:\/\/staging.casinoalto.com\/mx\/wp-json\/wp\/v2\/pages"}],"about":[{"href":"https:\/\/staging.casinoalto.com\/mx\/wp-json\/wp\/v2\/types\/page"}],"author":[{"embeddable":true,"href":"https:\/\/staging.casinoalto.com\/mx\/wp-json\/wp\/v2\/users\/6"}],"replies":[{"embeddable":true,"href":"https:\/\/staging.casinoalto.com\/mx\/wp-json\/wp\/v2\/comments?post=152455"}],"version-history":[{"count":5,"href":"https:\/\/staging.casinoalto.com\/mx\/wp-json\/wp\/v2\/pages\/152455\/revisions"}],"predecessor-version":[{"id":10061877,"href":"https:\/\/staging.casinoalto.com\/mx\/wp-json\/wp\/v2\/pages\/152455\/revisions\/10061877"}],"up":[{"embeddable":true,"href":"https:\/\/staging.casinoalto.com\/mx\/wp-json\/wp\/v2\/pages\/10061091"}],"wp:attachment":[{"href":"https:\/\/staging.casinoalto.com\/mx\/wp-json\/wp\/v2\/media?parent=152455"}],"curies":[{"name":"wp","href":"https:\/\/api.w.org\/{rel}","templated":true}]}}