{"id":153134,"date":"2020-06-11T17:06:50","date_gmt":"2020-06-11T17:06:50","guid":{"rendered":"https:\/\/casinoalto.com\/mx\/?page_id=153134"},"modified":"2026-03-04T17:45:05","modified_gmt":"2026-03-04T17:45:05","slug":"codigo-promocional-betway","status":"publish","type":"page","link":"https:\/\/staging.casinoalto.com\/mx\/codigos\/codigo-promocional-betway\/","title":{"rendered":"C\u00f3digo promocional Betway Casino"},"content":{"rendered":"<p>Para saber elegir adecuadamente el <a href=\"\/mx\/casinos-online\/\">casino online disponible en M\u00e9xico<\/a> que mejor se adapte a nuestras necesidades es importante valorar muchas cosas. Lo principal es la cantidad de juegos con la que cuente, la atenci\u00f3n al cliente que brinden o la seguridad que pueda dar a los usuarios.<\/p>\n<p>Sin embargo, hay algo que puede ser a\u00fan m\u00e1s determinante que son las ofertas y promociones. Las que surgen en forma de <a href=\"https:\/\/casinoalto.com\/mx\/bonos-de-bienvenida\/\" target=\"_blank\" rel=\"noopener\">bonos de bienvenida para nuevos jugadores<\/a> son especialmente importantes y por eso es que presentamos este c\u00f3digo promocional de <a href=\"\/mx\/casinos-online\/betway-casino\/\">Betway Casino<\/a>, basado en su promo para nuevos usuarios. Con este vas a poder conseguir hasta 4.000 pesos por realizar un primer dep\u00f3sito.<\/p>\n<p><em>Pasos a seguir para conseguir la promoci\u00f3n:<\/em><\/p>\n<ul>\n<li>Reg\u00edstrate en Betway Casino a trav\u00e9s de uno de nuestros enlaces en <a href=\"https:\/\/casinoalto.com\/mx\/\" target=\"_blank\" rel=\"noopener\">Casino Alto M\u00e9xico<\/a>.<\/li>\n<li>Utiliza el c\u00f3digo promocional de Betway Casino.<\/li>\n<li>Realiza un dep\u00f3sito con las <a href=\"https:\/\/casinoalto.com\/mx\/metodos-de-pago\/\" target=\"_blank\" rel=\"noopener\">opciones para hacer pagos<\/a> de la cantidad que prefieras.<\/li>\n<li>El bono por valor del 100% de tu ingreso ser\u00e1 acreditado en tu cuenta.<\/li>\n<li>Recibe tambi\u00e9n 50 giros para slots en tu cuenta.<\/li>\n<\/ul>\n<p>La oferta est\u00e1 disponible <strong>desde el 4 de junio de 2019 de manera indefinida<\/strong>. Lo mejor es que si quieres iniciarte en el mundillo del juego en l\u00ednea te sumes a esta gran oportunidad.<\/p>\n<p>La promo de Betway Casino incluye un <strong>bono del 100% del valor de tu primer dep\u00f3sito hasta un m\u00e1ximo de 4.000 pesos mexicanos<\/strong>. Eso quiere decir que si ingresas 1.000 pesos te llevar\u00e1s otros 1.000 extra en forma de bono solo por haber utilizado este c\u00f3digo promocional de Betway Casino y haber realizado ese primer dep\u00f3sito, junto a las 50 tiradas gratis para tragamonedas.<\/p>\n<p>El bono tiene una <strong>caducidad de 7 d\u00edas<\/strong>. Una vez que concluya esa fecha, todas las ganancias que queden por liberar ser\u00e1n canceladas. Y es que el bono contiene un <strong>rollover (cantidad de apuesta m\u00ednima) a liberar de 30 veces la cuant\u00eda del mismo<\/strong>.<\/p>\n<p>Por tanto, si te has hecho con un bono de 2.000 pesos, deber\u00e1s jugar una cantidad total de 60.000 pesos en los juegos que m\u00e1s te gusten de Betway Casino. Aunque hay que tener en cuenta que hay algunos juegos que no contar\u00e1n para la liberaci\u00f3n del bono y no todos contribuyen de la misma manera a cumplir los requisitos de apuesta.<\/p>\n<p>En este caso, las tragamonedas contribuyen en un 100%, los <a href=\"\/mx\/juego\/ruleta\/\">juegos de ruleta<\/a>, <a href=\"\/mx\/juego\/blackjack-online\/\">blackjack para jugar gratis<\/a> y p\u00f3ker lo hacen en un 8%, y otras variedades como <a href=\"\/mx\/juego\/baccarat\/\">Baccarat para jugar la demo<\/a>, Blackjack cl\u00e1sico, <a href=\"\/mx\/reglas\/craps\/\">un jogo como craps<\/a> o <a href=\"\/mx\/reglas\/sic-bo\/\">Sic Bo para jugar en l\u00ednea<\/a> no podr\u00e1n utilizarse para esta promoci\u00f3n.<\/p>\n<p>Adem\u00e1s, la oferta no es acumulable junto a ninguna otra de las existentes en el casino online, por lo que si decides apuntarte a ella ser\u00e1 para utilizarla de forma exclusiva.<\/p>\n<p>En total <strong>hasta 4.000 pesos mexicanos<\/strong>, una forma muy buena de empezar a jugar con el c\u00f3digo promocional de Betway Casino. Si te surge cualquier tipo de duda puedes revisar la secci\u00f3n de t\u00e9rminos y condiciones en el sitio web del operador o ponerte en contacto con el servicio de atenci\u00f3n al cliente. El juego te est\u00e1 esperando, as\u00ed que no le hagas esperar.<\/p>\n","protected":false},"excerpt":{"rendered":"<p>Para saber elegir adecuadamente el casino online disponible en M\u00e9xico que mejor se adapte a nuestras necesidades es importante valorar muchas cosas. Lo principal es la cantidad de juegos con la que cuente, la atenci\u00f3n al cliente que brinden o la seguridad que pueda dar a los usuarios. Sin embargo, hay algo que puede ser [&hellip;]<\/p>\n","protected":false},"author":11,"featured_media":0,"parent":10061091,"menu_order":0,"comment_status":"closed","ping_status":"closed","template":"single_codigo.php","meta":{"_acf_changed":false,"footnotes":""},"class_list":["post-153134","page","type-page","status-publish","hentry"],"acf":[],"_links":{"self":[{"href":"https:\/\/staging.casinoalto.com\/mx\/wp-json\/wp\/v2\/pages\/153134","targetHints":{"allow":["GET"]}}],"collection":[{"href":"https:\/\/staging.casinoalto.com\/mx\/wp-json\/wp\/v2\/pages"}],"about":[{"href":"https:\/\/staging.casinoalto.com\/mx\/wp-json\/wp\/v2\/types\/page"}],"author":[{"embeddable":true,"href":"https:\/\/staging.casinoalto.com\/mx\/wp-json\/wp\/v2\/users\/11"}],"replies":[{"embeddable":true,"href":"https:\/\/staging.casinoalto.com\/mx\/wp-json\/wp\/v2\/comments?post=153134"}],"version-history":[{"count":3,"href":"https:\/\/staging.casinoalto.com\/mx\/wp-json\/wp\/v2\/pages\/153134\/revisions"}],"predecessor-version":[{"id":10061668,"href":"https:\/\/staging.casinoalto.com\/mx\/wp-json\/wp\/v2\/pages\/153134\/revisions\/10061668"}],"up":[{"embeddable":true,"href":"https:\/\/staging.casinoalto.com\/mx\/wp-json\/wp\/v2\/pages\/10061091"}],"wp:attachment":[{"href":"https:\/\/staging.casinoalto.com\/mx\/wp-json\/wp\/v2\/media?parent=153134"}],"curies":[{"name":"wp","href":"https:\/\/api.w.org\/{rel}","templated":true}]}}